{"id":1606,"date":"2024-10-25T14:08:35","date_gmt":"2024-10-25T11:08:35","guid":{"rendered":"https:\/\/sites.uwasa.fi\/kivanet\/?page_id=1606"},"modified":"2025-10-29T12:39:18","modified_gmt":"2025-10-29T10:39:18","slug":"ranska-6","status":"publish","type":"page","link":"https:\/\/sites.uwasa.fi\/kivanet\/kurssitarjonta\/kevat-2026\/ranska\/ranska-6\/","title":{"rendered":"Ranska 6"},"content":{"rendered":"<table style=\"border-collapse: collapse;width: 100%\" border=\"1\">\n<tbody>\n<tr style=\"height: 75px\">\n<td style=\"width: 100%;height: 75px\">\n<h2><b><span data-contrast=\"none\">Ranska 6\u00a0<\/span><\/b><\/h2>\n<\/td>\n<\/tr>\n<tr style=\"height: 24px\">\n<td style=\"width: 100%;height: 24px\"><strong>Opetuskieli:\u00a0<\/strong><\/td>\n<\/tr>\n<tr style=\"height: 24px\">\n<td style=\"width: 100%;height: 24px\"><strong><strong>Ajoitus: Ei j\u00e4rjestet\u00e4 kev\u00e4\u00e4ll\u00e4 2026<\/strong><\/strong><\/td>\n<\/tr>\n<tr style=\"height: 24px\">\n<td style=\"width: 100%;height: 24px\">&nbsp;<\/td>\n<\/tr>\n<tr style=\"height: 24px\">\n<td style=\"width: 100%;height: 24px\">\n<p><strong>Tentti Moodlessa:\u00a0<\/strong><\/p>\n<p>&nbsp;<\/td>\n<\/tr>\n<tr style=\"height: 24px\">\n<td style=\"width: 100%;height: 24px\"><b><span data-contrast=\"auto\">CEFR-taso:<\/span><\/b><span data-ccp-props=\"{&quot;201341983&quot;:0,&quot;335551550&quot;:6,&quot;335551620&quot;:6,&quot;335559739&quot;:240,&quot;335559740&quot;:276}\"> L\u00e4ht\u00f6taso B1.1<\/span> -&gt; Tavoitetaso B1.2<\/td>\n<\/tr>\n<tr style=\"height: 24px\">\n<td style=\"width: 100%;height: 24px\"><b><span data-contrast=\"auto\">Esitiedot: <\/span><\/b><span class=\"TextRun Highlight SCXW8381824 BCX8\" lang=\"FI-FI\" xml:lang=\"FI-FI\" data-contrast=\"none\"><span class=\"NormalTextRun SCXW8381824 BCX8\" data-ccp-charstyle=\"normaltextrun\" data-ccp-charstyle-defn=\"{&quot;ObjectId&quot;:&quot;f8c17feb-a094-4507-8c18-ca6fd231c639|228&quot;,&quot;ClassId&quot;:1073872969,&quot;Properties&quot;:[201342446,&quot;1&quot;,201342447,&quot;5&quot;,201342448,&quot;3&quot;,201342449,&quot;1&quot;,469777841,&quot;Calibri&quot;,469777842,&quot;&quot;,469777843,&quot;\u6e38\u660e\u671d&quot;,469777844,&quot;Calibri&quot;,201341986,&quot;1&quot;,469769226,&quot;Calibri,\u6e38\u660e\u671d&quot;,268442635,&quot;22&quot;,469775450,&quot;normaltextrun&quot;,201340122,&quot;1&quot;,134233614,&quot;true&quot;,469778129,&quot;normaltextrun&quot;,335572020,&quot;1&quot;,469778324,&quot;Default Paragraph Font&quot;]}\">Opintojakso edellytt\u00e4\u00e4 <\/span><span class=\"NormalTextRun SpellingErrorV2Themed SCXW8381824 BCX8\" data-ccp-charstyle=\"normaltextrun\">KiVANETin<\/span> <span class=\"NormalTextRun SCXW8381824 BCX8\" data-ccp-charstyle=\"normaltextrun\">Ranska<\/span> <span class=\"NormalTextRun ContextualSpellingAndGrammarErrorV2Themed SCXW8381824 BCX8\" data-ccp-charstyle=\"normaltextrun\">1-5<\/span><span class=\"NormalTextRun SCXW8381824 BCX8\" data-ccp-charstyle=\"normaltextrun\"> suorittamista tai vastaa<\/span><span class=\"NormalTextRun SCXW8381824 BCX8\" data-ccp-charstyle=\"normaltextrun\">vaa<\/span><span class=\"NormalTextRun SCXW8381824 BCX8\" data-ccp-charstyle=\"normaltextrun\"> osaamista <\/span><span class=\"NormalTextRun SCXW8381824 BCX8\" data-ccp-charstyle=\"normaltextrun\">ranskan <\/span><span class=\"NormalTextRun SCXW8381824 BCX8\" data-ccp-charstyle=\"normaltextrun\">kieless\u00e4<\/span><span class=\"NormalTextRun SCXW8381824 BCX8\" data-ccp-charstyle=\"normaltextrun\"> (<\/span><span class=\"NormalTextRun SCXW8381824 BCX8\" data-ccp-charstyle=\"normaltextrun\">taitotaso B1.1<\/span><span class=\"NormalTextRun SCXW8381824 BCX8\" data-ccp-charstyle=\"normaltextrun\">)<\/span><\/span><span class=\"TextRun Highlight SCXW8381824 BCX8\" lang=\"FI-FI\" xml:lang=\"FI-FI\" data-contrast=\"none\"><span class=\"NormalTextRun SCXW8381824 BCX8\" data-ccp-charstyle=\"normaltextrun\">.<\/span><\/span><\/td>\n<\/tr>\n<\/tbody>\n<\/table>\n<h2>Kurssikuvaus<\/h2>\n<p><b><span data-contrast=\"auto\">Sis\u00e4lt\u00f6 <\/span><\/b><span data-contrast=\"auto\">\u00a0<\/span><span data-ccp-props=\"{&quot;201341983&quot;:0,&quot;335551550&quot;:6,&quot;335551620&quot;:6,&quot;335559739&quot;:240,&quot;335559740&quot;:360}\">\u00a0<\/span><\/p>\n<p>Ranska 6 -kurssilla seuraat ranskalaisen Biotout-yrityksen henkil\u00f6kunnan valmistautumista yrityksen tuotteiden esittelyyn messuilla ja messujen jatkotoimiin saadun asiakaspalautteen pohjalta. Kurssi sopii erityisesti ty\u00f6el\u00e4m\u00e4n viestinn\u00e4st\u00e4 kiinnostuneille.<\/p>\n<p>Lis\u00e4ksi t\u00e4ll\u00e4 kurssilla seuraamme uutisia ja keskustelemme niist\u00e4 joka viikko ranskaksi.<\/p>\n<p>Kurssilla opit mm. puhuttua ja kirjoitettua ranskaa ty\u00f6el\u00e4m\u00e4n tyypillisiss\u00e4 tilanteissa, osallistumaan aktiivisesti kokouksiin ja ty\u00f6teht\u00e4vien jakamiseen, kertomaan yrityksen toiminnasta ja tuotteista sek\u00e4\u00a0 projektista, sen tavoitteista sek\u00e4 esteist\u00e4 ja esitt\u00e4m\u00e4\u00e4n tutkimuksen tuloksia kaavioiden avulla p\u00e4\u00e4t\u00f6ksenteon pohjaksi. \u201dPause caf\u00e9\u201d -osioissa tapaat yrityksen ty\u00f6ntekij\u00f6it\u00e4 ty\u00f6el\u00e4m\u00e4n v\u00e4hemm\u00e4n muodollisissa tilanteissa.<\/p>\n<p>Kurssimateriaaleina ovat dialogit, tekstit, \u00e4\u00e4nitteet, videot, rakenne- ja sanastoesitykset sek\u00e4 interaktiiviset teht\u00e4v\u00e4t kurssin MyCourses-alustalla. Kurssin opetuskielen\u00e4 on ranska ja\u00a0 teht\u00e4vien apukielen\u00e4 suomi.<\/p>\n<p><strong>Osaamistavoitteet <\/strong><\/p>\n<p>T\u00e4m\u00e4n opintojakson j\u00e4lkeen:<\/p>\n<ul>\n<li>pystyt osallistumaan sujuvasti keskusteluun ja ilmaisemaan itse\u00e4si ammattiin, vapaa-aikaan ja kulttuuriin liittyviss\u00e4 teemoissa.<\/li>\n<li>ymm\u00e4rr\u00e4t ty\u00f6h\u00f6n liittyv\u00e4\u00e4 keskustelua ja informaatiota.<\/li>\n<li>kykenet lukemaan ja ymm\u00e4rt\u00e4m\u00e4\u00e4n ajankohtaisiin teemoihin liittyvi\u00e4 tekstej\u00e4.<\/li>\n<li>osaat ilmaista itse\u00e4si sujuvasti eri tilanteissa sek\u00e4 suullisesti ett\u00e4 kirjallisesti.<\/li>\n<li>osaat pit\u00e4\u00e4 lyhyit\u00e4 esitelmi\u00e4.<\/li>\n<li>omaat valmiudet uutisten seuraamiseen ja niist\u00e4 keskustelemiseen ranskaksi.<\/li>\n<li>olet laajentanut tietojasi ranskankielisist\u00e4 medioista ja niiden kulttuurisista ominaisuuksista.<\/li>\n<\/ul>\n<p><strong>Oppimateriaali<\/strong><\/p>\n<p>Oppimateriaali on digitaalisella oppimisalustalla.<\/p>\n<p><strong>Opetus- ja arviointimenetelm\u00e4t<\/strong><\/p>\n<p>Kyseess\u00e4 on hybridikurssi. Opiskelijan on osallistuttava aktiivisesti keskusteluun ja teht\u00e4viin kurssin tunneilla. Kurssilla on 3 v\u00e4likoetta, ja sen suorittaminen hyv\u00e4ksytysti edellytt\u00e4\u00e4:<br \/>\n1) Kaikki harjoitukset on suoritettu 80 %: sesti<br \/>\n2) Ryhm\u00e4ty\u00f6video on suoritettu ja arvosteltu<br \/>\n3) Kirjoitusteht\u00e4v\u00e4 on suoritettu ja arvosteltu<\/p>\n<p>Kurssin arvosana m\u00e4\u00e4r\u00e4ytyy siit\u00e4, ett\u00e4 kaikki harjoitukset on suoritettu ja ett\u00e4 arvosteltujen teht\u00e4vien tulokset ovat vaadittavan kielitaitovaatimuksen mukaisia.<\/p>\n<p><strong>Arvosteluasteikko<\/strong>\u00a0<strong>ja arviointikriteerit<\/strong><\/p>\n<p>Asteikolla 0-5 toteutuksen mukaan.<\/p>\n<p><strong>Ty\u00f6m\u00e4\u00e4r\u00e4 toteutustavoittain<\/strong><\/p>\n<p>&#8211; itsen\u00e4inen opiskelu + teht\u00e4v\u00e4t\u00a057 h<br \/>\n&#8211; yhteiset verkkotapaamiset 24 h<\/p>\n<p>Yhteens\u00e4 81h. Yksi opintopiste vastaa 27h opiskelijan ty\u00f6t\u00e4 (3 x 27h = 81h).<\/p>\n<p>&nbsp;<\/p>\n","protected":false},"excerpt":{"rendered":"<p>Ranska 6\u00a0 Opetuskieli:\u00a0 Ajoitus: Ei j\u00e4rjestet\u00e4 kev\u00e4\u00e4ll\u00e4 2026 &nbsp; Tentti Moodlessa:\u00a0 &nbsp; CEFR-taso: L\u00e4ht\u00f6taso B1.1 -&gt; Tavoitetaso B1.2 Esitiedot: Opintojakso edellytt\u00e4\u00e4 KiVANETin Ranska 1-5 suorittamista tai vastaavaa osaamista ranskan kieless\u00e4 (taitotaso B1.1). Kurssikuvaus Sis\u00e4lt\u00f6 \u00a0\u00a0 Ranska 6 -kurssilla seuraat ranskalaisen Biotout-yrityksen henkil\u00f6kunnan valmistautumista yrityksen tuotteiden esittelyyn messuilla ja messujen jatkotoimiin saadun asiakaspalautteen pohjalta. Kurssi sopii [&hellip;]<\/p>\n","protected":false},"author":185,"featured_media":0,"parent":670,"menu_order":0,"comment_status":"closed","ping_status":"closed","template":"","meta":{"_acf_changed":false,"footnotes":""},"class_list":["post-1606","page","type-page","status-publish","hentry"],"acf":[],"lang":"fi","translations":{"fi":1606},"pll_sync_post":[],"_links":{"self":[{"href":"https:\/\/sites.uwasa.fi\/kivanet\/wp-json\/wp\/v2\/pages\/1606"}],"collection":[{"href":"https:\/\/sites.uwasa.fi\/kivanet\/wp-json\/wp\/v2\/pages"}],"about":[{"href":"https:\/\/sites.uwasa.fi\/kivanet\/wp-json\/wp\/v2\/types\/page"}],"author":[{"embeddable":true,"href":"https:\/\/sites.uwasa.fi\/kivanet\/wp-json\/wp\/v2\/users\/185"}],"replies":[{"embeddable":true,"href":"https:\/\/sites.uwasa.fi\/kivanet\/wp-json\/wp\/v2\/comments?post=1606"}],"version-history":[{"count":11,"href":"https:\/\/sites.uwasa.fi\/kivanet\/wp-json\/wp\/v2\/pages\/1606\/revisions"}],"predecessor-version":[{"id":3642,"href":"https:\/\/sites.uwasa.fi\/kivanet\/wp-json\/wp\/v2\/pages\/1606\/revisions\/3642"}],"up":[{"embeddable":true,"href":"https:\/\/sites.uwasa.fi\/kivanet\/wp-json\/wp\/v2\/pages\/670"}],"wp:attachment":[{"href":"https:\/\/sites.uwasa.fi\/kivanet\/wp-json\/wp\/v2\/media?parent=1606"}],"curies":[{"name":"wp","href":"https:\/\/api.w.org\/{rel}","templated":true}]}}