{"id":1603,"date":"2024-10-25T14:07:22","date_gmt":"2024-10-25T11:07:22","guid":{"rendered":"https:\/\/sites.uwasa.fi\/kivanet\/?page_id=1603"},"modified":"2025-11-21T14:31:31","modified_gmt":"2025-11-21T12:31:31","slug":"ranska-1","status":"publish","type":"page","link":"https:\/\/sites.uwasa.fi\/kivanet\/kurssitarjonta\/kevat-2026\/ranska\/ranska-1\/","title":{"rendered":"Ranska 1"},"content":{"rendered":"<table style=\"border-collapse: collapse;width: 100%\" border=\"1\">\n<tbody>\n<tr style=\"height: 24px\">\n<td style=\"width: 26.7939%;height: 24px\"><strong>\u00a0J\u00e4rjest\u00e4v\u00e4 korkeakoulu<\/strong><\/td>\n<td style=\"width: 65.3119%;height: 24px\">\u00a0<strong>Oulun yliopisto<\/strong><\/td>\n<\/tr>\n<tr style=\"height: 24px\">\n<td style=\"width: 26.7939%;height: 24px\"><strong>\u00a0Opetuskieli<\/strong><\/td>\n<td style=\"width: 65.3119%;height: 24px\"><strong>\u00a0suomi<\/strong><\/td>\n<\/tr>\n<tr style=\"height: 24px\">\n<td style=\"width: 26.7939%;height: 24px\"><strong>\u00a0Ajoitus<\/strong><\/td>\n<td style=\"width: 65.3119%;height: 24px\"><strong>\u00a0Kurssi auki Moodlessa: ke 28.1.-30.4.2026<\/strong><\/td>\n<\/tr>\n<tr style=\"height: 24px\">\n<td style=\"width: 26.7939%;height: 24px\"><strong>\u00a0Verkkotapaamisten aikataulu<\/strong><\/td>\n<td style=\"width: 65.3119%;height: 24px\">\n<p>\u00a0<strong>keskiviikkoisin 28.1.-22.4.2026 klo 12:30-14:30<\/strong><\/p>\n<p><strong>\u00a0HUOM. hiihtoloma 4.3.2026<\/strong><\/p>\n<p><strong>V\u00e4hint\u00e4\u00e4n puolelle tapaamisista tulee osallistua.<\/strong><\/td>\n<\/tr>\n<tr>\n<td style=\"width: 26.7939%\"><strong>\u00a0Tentti Moodlessa<\/strong><strong><br \/>\n<\/strong><\/td>\n<td style=\"width: 65.3119%\">\n<p>\u00a0<strong>Tentti 1: 19.-23.2.<\/strong><\/p>\n<p><strong>\u00a0Tentti 2: 2.-8.4.<\/strong><\/p>\n<p><strong>\u00a0Tentti 3: 23.-30.4.<\/strong><\/td>\n<\/tr>\n<tr style=\"height: 24px\">\n<td style=\"width: 26.7939%;height: 24px\"><strong>\u00a0CEFR-taso<\/strong><\/td>\n<td style=\"width: 65.3119%;height: 24px\"><strong>\u00a0L\u00e4ht\u00f6taso 0 &gt; tavoitetaso A1.1\u00a0<\/strong><\/td>\n<\/tr>\n<tr style=\"height: 24px\">\n<td style=\"width: 26.7939%;height: 25px\"><strong>\u00a0Opintopisteet<\/strong><\/td>\n<td style=\"width: 65.3119%;height: 25px\"><strong>\u00a03<\/strong><\/td>\n<\/tr>\n<tr style=\"height: 24px\">\n<td style=\"width: 26.7939%;height: 24px\"><strong>\u00a0Esitiedot<\/strong><\/td>\n<td style=\"width: 65.3119%;height: 24px\"><strong>\u00a0Opiskelijalta ei vaadita aikaisempaa ranskan osaamista.\u00a0<\/strong><\/td>\n<\/tr>\n<\/tbody>\n<\/table>\n<h2>Kurssikuvaus<\/h2>\n<p><b><span data-contrast=\"auto\">Sis\u00e4lt\u00f6<\/span><\/b><span data-contrast=\"auto\">\u202f<\/span><span data-ccp-props=\"{&quot;134233117&quot;:false,&quot;134233118&quot;:false,&quot;201341983&quot;:0,&quot;335551550&quot;:6,&quot;335551620&quot;:6,&quot;335559738&quot;:0,&quot;335559739&quot;:0,&quot;335559740&quot;:240}\">\u00a0<\/span><\/p>\n<p>Salut, \u00e7a va ? Bienvenue au cours de fran\u00e7ais !<\/p>\n<p>Opintojaksolla opit ranskan kielen perusasiat. Opit kertomaan itsest\u00e4si ja perheest\u00e4si sek\u00e4 tervehtim\u00e4\u00e4n ranskaksi. Opit kysym\u00e4\u00e4n tiet\u00e4 ja neuvomaan reitin. Opit keskustelemaan opinnoistasi ja harrastuksistasi. Opit puhumaan s\u00e4\u00e4st\u00e4 ja asioimaan kahvilassa.<\/p>\n<p>\u00b7 \u00e4\u00e4nt\u00e4minen ja kirjoitusasu<\/p>\n<p>\u00b7 verbitaivutus preesensiss\u00e4<\/p>\n<p>\u00b7 substantiivien suku ja luku<\/p>\n<p>\u00b7 m\u00e4\u00e4r\u00e4inen ja ep\u00e4m\u00e4\u00e4r\u00e4inen artikkeli<\/p>\n<p>\u00b7 persoona- ja omistuspronominit<\/p>\n<p>\u00b7 puhuttelumuodot<\/p>\n<p>\u00b7 numerot 0-100<\/p>\n<p>\u00b7 kysymyssanoja<\/p>\n<p><strong>Osaamistavoitteet<\/strong><\/p>\n<p>T\u00e4m\u00e4n opintojakson j\u00e4lkeen osaat<\/p>\n<p>\u00b7 kirjoittaa ja \u00e4\u00e4nt\u00e4\u00e4 ymm\u00e4rrett\u00e4v\u00e4sti yksitt\u00e4isi\u00e4 sanoja ja lyhyit\u00e4 lauseita<\/p>\n<p>\u00b7 soveltaa ranskan keskeisimpi\u00e4 kielioppis\u00e4\u00e4nt\u00f6j\u00e4<\/p>\n<p>\u00b7 esitell\u00e4 itsesi ja kertoa perheest\u00e4si<\/p>\n<p>\u00b7 kertoa opinnoistasi<\/p>\n<p>\u00b7 keskustella harrastuksista, s\u00e4\u00e4st\u00e4 ja l\u00e4hitulevaisuuden suunnitelmista<\/p>\n<p>\u00b7 asioida kahvilassa<\/p>\n<p><strong>Opiskelumateriaali<\/strong><\/p>\n<p>Kaikki oppimateriaali on digitaalisella oppimisalustalla.<\/p>\n<p><strong>Opetus- ja arviointimenetelm\u00e4t<\/strong><\/p>\n<p>Opiskelet itsen\u00e4isesti tekstien, nauhoitteiden, videoiden ja interaktiivisten harjoitusten avulla oppimisalustalla ja harjoittelet oppimaasi viikoittaisissa verkkotapaamisissa. Arviointi perustuu yhteen tai useampaan kokeeseen sek\u00e4 palautettuihin kirjallisiin ja suullisiin harjoituksiin.<\/p>\n<p><strong>Arvosteluasteikko ja arviointikriteerit<\/strong><\/p>\n<p>Kurssi arvioidaan asteikolla 0-5. Harjoitukset arvioidaan asteikolla hyv\u00e4ksytty\/hyl\u00e4tty.<\/p>\n<div class=\"elementToProof\">Ty\u00f6m\u00e4\u00e4r\u00e4<\/div>\n<ul>\n<li>itsen\u00e4inen opiskelu 30h<\/li>\n<li>teht\u00e4v\u00e4t 22h<\/li>\n<li>verkkotapaamiset 12 x 2h = 24h<\/li>\n<li>v\u00e4likokeet 5 h<\/li>\n<\/ul>\n<div class=\"elementToProof\">Yhteens\u00e4 81h. Yksi opintopiste vastaa 27h opiskelijan ty\u00f6t\u00e4 (3 x 27h = 81h).<\/div>\n<h2><strong>Ilmoittautuminen 1.12.2025-11.1.2026.<\/strong><\/h2>\n<h2><a href=\"https:\/\/link.webropol.com\/s\/kivanetkevat26\" target=\"_blank\" rel=\"noopener\">Linkki ilmoittautumislomakkeeseen.<\/a><\/h2>\n","protected":false},"excerpt":{"rendered":"<p>\u00a0J\u00e4rjest\u00e4v\u00e4 korkeakoulu \u00a0Oulun yliopisto \u00a0Opetuskieli \u00a0suomi \u00a0Ajoitus \u00a0Kurssi auki Moodlessa: ke 28.1.-30.4.2026 \u00a0Verkkotapaamisten aikataulu \u00a0keskiviikkoisin 28.1.-22.4.2026 klo 12:30-14:30 \u00a0HUOM. hiihtoloma 4.3.2026 V\u00e4hint\u00e4\u00e4n puolelle tapaamisista tulee osallistua. \u00a0Tentti Moodlessa \u00a0Tentti 1: 19.-23.2. \u00a0Tentti 2: 2.-8.4. \u00a0Tentti 3: 23.-30.4. \u00a0CEFR-taso \u00a0L\u00e4ht\u00f6taso 0 &gt; tavoitetaso A1.1\u00a0 \u00a0Opintopisteet \u00a03 \u00a0Esitiedot \u00a0Opiskelijalta ei vaadita aikaisempaa ranskan osaamista.\u00a0 Kurssikuvaus Sis\u00e4lt\u00f6\u202f\u00a0 Salut, [&hellip;]<\/p>\n","protected":false},"author":185,"featured_media":0,"parent":670,"menu_order":0,"comment_status":"closed","ping_status":"closed","template":"","meta":{"_acf_changed":false,"footnotes":""},"class_list":["post-1603","page","type-page","status-publish","hentry"],"acf":[],"lang":"fi","translations":{"fi":1603},"pll_sync_post":[],"_links":{"self":[{"href":"https:\/\/sites.uwasa.fi\/kivanet\/wp-json\/wp\/v2\/pages\/1603"}],"collection":[{"href":"https:\/\/sites.uwasa.fi\/kivanet\/wp-json\/wp\/v2\/pages"}],"about":[{"href":"https:\/\/sites.uwasa.fi\/kivanet\/wp-json\/wp\/v2\/types\/page"}],"author":[{"embeddable":true,"href":"https:\/\/sites.uwasa.fi\/kivanet\/wp-json\/wp\/v2\/users\/185"}],"replies":[{"embeddable":true,"href":"https:\/\/sites.uwasa.fi\/kivanet\/wp-json\/wp\/v2\/comments?post=1603"}],"version-history":[{"count":13,"href":"https:\/\/sites.uwasa.fi\/kivanet\/wp-json\/wp\/v2\/pages\/1603\/revisions"}],"predecessor-version":[{"id":3724,"href":"https:\/\/sites.uwasa.fi\/kivanet\/wp-json\/wp\/v2\/pages\/1603\/revisions\/3724"}],"up":[{"embeddable":true,"href":"https:\/\/sites.uwasa.fi\/kivanet\/wp-json\/wp\/v2\/pages\/670"}],"wp:attachment":[{"href":"https:\/\/sites.uwasa.fi\/kivanet\/wp-json\/wp\/v2\/media?parent=1603"}],"curies":[{"name":"wp","href":"https:\/\/api.w.org\/{rel}","templated":true}]}}