{"id":1585,"date":"2024-10-25T13:55:18","date_gmt":"2024-10-25T10:55:18","guid":{"rendered":"https:\/\/sites.uwasa.fi\/kivanet\/?page_id=1585"},"modified":"2025-11-21T14:25:58","modified_gmt":"2025-11-21T12:25:58","slug":"italia-4","status":"publish","type":"page","link":"https:\/\/sites.uwasa.fi\/kivanet\/kurssitarjonta\/kevat-2026\/italia\/italia-4\/","title":{"rendered":"Italia 4"},"content":{"rendered":"<table style=\"border-collapse: collapse;width: 100%\" border=\"1\">\n<tbody>\n<tr style=\"height: 24px\">\n<td style=\"width: 24.8549%;height: 24px\"><strong>\u00a0J\u00e4rjest\u00e4v\u00e4 korkeakoulu<\/strong><\/td>\n<td style=\"width: 67.7432%;height: 24px\"><strong>\u00a0Lapin yliopisto<\/strong><\/td>\n<\/tr>\n<tr style=\"height: 24px\">\n<td style=\"width: 24.8549%;height: 24px\"><strong>\u00a0Opetuskieli<\/strong><\/td>\n<td style=\"width: 67.7432%;height: 24px\"><strong>\u00a0suomi ja italia (englanti)<\/strong><\/td>\n<\/tr>\n<tr style=\"height: 24px\">\n<td style=\"width: 24.8549%;height: 24px\"><strong>\u00a0Ajoitus<\/strong><\/td>\n<td style=\"width: 67.7432%;height: 24px\"><strong>\u00a0Kurssi auki Moodlessa: 16.3. \u2013 6.5.2026<\/strong><\/td>\n<\/tr>\n<tr style=\"height: 24px\">\n<td style=\"width: 24.8549%;height: 24px\"><strong>\u00a0Verkkotapaamisten aikataulu<\/strong><\/td>\n<td style=\"width: 67.7432%;height: 24px\">\n<p>\u00a0Itsen\u00e4inen ty\u00f6skentelyjakso (Moodle): 16.3. \u2013 5.4.2026<\/p>\n<p>Kurssitapaamiset (pakollisia, 1 poissaolo sallittu)<\/p>\n<ul>\n<li>KE 8.4., 10-12<\/li>\n<li>MA 13.4., 10-12<\/li>\n<li>MA 20.4., 10-12<\/li>\n<li>KE 22.4., 10-12<\/li>\n<li>MA 27.4., 10-12<\/li>\n<li>KE 29.4., 10-12<\/li>\n<\/ul>\n<\/td>\n<\/tr>\n<tr style=\"height: 24px\">\n<td style=\"width: 24.8549%;height: 24px\"><strong>\u00a0Tentti Moodlessa<\/strong><strong><br \/>\n<\/strong><\/td>\n<td style=\"width: 67.7432%;height: 24px\"><strong> Tentti auki Moodlessa: 4. \u2013 6.5.2026<\/strong><\/td>\n<\/tr>\n<tr style=\"height: 24px\">\n<td style=\"width: 24.8549%;height: 24px\"><strong>\u00a0CEFR-taso<\/strong><\/td>\n<td style=\"width: 67.7432%;height: 24px\"><strong>\u00a0L\u00e4ht\u00f6taso A2.1 &gt; tavoitetaso A2.2\/B1.1<\/strong><\/td>\n<\/tr>\n<tr style=\"height: 24px\">\n<td style=\"width: 24.8549%;height: 24px\"><strong>\u00a0Opintopisteet<\/strong><\/td>\n<td style=\"width: 67.7432%;height: 24px\"><strong>\u00a03<\/strong><\/td>\n<\/tr>\n<tr style=\"height: 24px\">\n<td style=\"width: 24.8549%;height: 24px\"><strong>\u00a0Esitiedot<\/strong><\/td>\n<td style=\"width: 67.7432%;height: 24px\"><strong><span class=\"TextRun SCXW87690627 BCX8\" lang=\"EN-US\" xml:lang=\"EN-US\" data-contrast=\"none\"><span class=\"NormalTextRun SpellingErrorV2Themed SCXW87690627 BCX8\">Opintojakso<\/span> <span class=\"NormalTextRun SpellingErrorV2Themed SCXW87690627 BCX8\">edellytt\u00e4\u00e4<\/span> <span class=\"NormalTextRun SpellingErrorV2Themed SCXW87690627 BCX8\">KiVANET<\/span><span class=\"NormalTextRun SCXW87690627 BCX8\"> I<\/span><span class=\"NormalTextRun SpellingErrorV2Themed SCXW87690627 BCX8\">talia<\/span><span class=\"NormalTextRun SCXW87690627 BCX8\"> 1, <\/span><span class=\"NormalTextRun SpellingErrorV2Themed SCXW87690627 BCX8\">KiVANET<\/span><span class=\"NormalTextRun SCXW87690627 BCX8\"> I<\/span><span class=\"NormalTextRun SpellingErrorV2Themed SCXW87690627 BCX8\">talia<\/span><span class=\"NormalTextRun SCXW87690627 BCX8\"> 2 <\/span><span class=\"NormalTextRun SpellingErrorV2Themed SCXW87690627 BCX8\">sek\u00e4<\/span> <span class=\"NormalTextRun SpellingErrorV2Themed SCXW87690627 BCX8\">KiVANET<\/span><span class=\"NormalTextRun SCXW87690627 BCX8\"> I<\/span><span class=\"NormalTextRun SpellingErrorV2Themed SCXW87690627 BCX8\">talia<\/span><span class=\"NormalTextRun SCXW87690627 BCX8\"> 3 \u2013<\/span><span class=\"NormalTextRun SpellingErrorV2Themed SCXW87690627 BCX8\">opintojaksojen<\/span> <span class=\"NormalTextRun SpellingErrorV2Themed SCXW87690627 BCX8\">suorittamista<\/span><span class=\"NormalTextRun SCXW87690627 BCX8\"> tai <\/span><span class=\"NormalTextRun SpellingErrorV2Themed SCXW87690627 BCX8\">vastaavaa<\/span> <span class=\"NormalTextRun SpellingErrorV2Themed SCXW87690627 BCX8\">osaamista<\/span> <span class=\"NormalTextRun SpellingErrorV2Themed SCXW87690627 BCX8\">italian<\/span> <span class=\"NormalTextRun SpellingErrorV2Themed SCXW87690627 BCX8\">kieless\u00e4<\/span><span class=\"NormalTextRun SCXW87690627 BCX8\"> (CEFR A2).\u00a0<\/span><\/span><span class=\"EOP SCXW87690627 BCX8\" data-ccp-props=\"{&quot;134233117&quot;:false,&quot;134233118&quot;:false,&quot;335559738&quot;:0,&quot;335559739&quot;:0}\">\u00a0<\/span><\/strong><\/td>\n<\/tr>\n<\/tbody>\n<\/table>\n<h2>Kurssikuvaus<\/h2>\n<p><b><span data-contrast=\"none\">Sis\u00e4lt\u00f6<\/span><\/b><span data-contrast=\"none\">\u00a0<\/span><span data-ccp-props=\"{&quot;134233117&quot;:false,&quot;134233118&quot;:false,&quot;335559738&quot;:0,&quot;335559739&quot;:0}\">\u00a0<\/span><\/p>\n<p><i><span data-contrast=\"none\">La mia storia italiana<\/span><\/i><br \/>\n<span data-contrast=\"none\">\u00a0<\/span><br \/>\n<span data-contrast=\"none\">T\u00e4ll\u00e4 opintojaksolla alkaa opiskelijan oma italialainen tarina. Opiskelija on kuvitteellisesti muuttanut asumaan Italiaan ja etsii itselleen asunnon, tutustuu uusiin yst\u00e4viin ja ty\u00f6kavereihin, selaa ty\u00f6paikkailmoituksia ja hakee kes\u00e4t\u00f6it\u00e4. Opintojaksolla tutustutaan mm. erilaisiin tekstilajeihin ja italialaiseen puhekieleen. Lis\u00e4ksi keskustellaan Italian arkikulttuurista ja ty\u00f6paikkakulttuurista.\u00a0<\/span><span data-ccp-props=\"{&quot;134233117&quot;:false,&quot;134233118&quot;:false,&quot;335559738&quot;:0,&quot;335559739&quot;:0}\">\u00a0<\/span><\/p>\n<p><b><span data-contrast=\"none\">Osaamistavoitteet<\/span><\/b><span data-contrast=\"none\">\u00a0<\/span><span data-ccp-props=\"{&quot;134233117&quot;:false,&quot;134233118&quot;:false,&quot;335559738&quot;:0,&quot;335559739&quot;:0}\">\u00a0<\/span><\/p>\n<p><span data-contrast=\"none\">Opintojakson suoritettuaan opiskelija <\/span><br \/>\n<span data-contrast=\"none\"> 1. osaa kommunikoida sellaisissa vuorovaikutustilanteissa, jotka saattavat tulla vastaan vieraillessa Italiassa ty\u00f6n tai opiskelun takia <\/span><br \/>\n<span data-contrast=\"none\"> 2. osaa lukea ja ymm\u00e4rt\u00e4\u00e4 erilaisia italiankielisi\u00e4 tekstej\u00e4 <\/span><br \/>\n<span data-contrast=\"none\"> 3. ymm\u00e4rt\u00e4\u00e4 ja osaa k\u00e4ytt\u00e4\u00e4 monimutkaisempia lauserakenteita <\/span><br \/>\n<span data-contrast=\"none\"> 4. tuntee Italian kulttuurin ja arkiel\u00e4m\u00e4n keskeisimpi\u00e4 seikkoja\u00a0<\/span><span data-ccp-props=\"{&quot;134233117&quot;:false,&quot;134233118&quot;:false,&quot;335559738&quot;:0,&quot;335559739&quot;:0}\">\u00a0<\/span><\/p>\n<p><b><span data-contrast=\"none\">Oppimateriaali<\/span><\/b><span data-contrast=\"none\">\u00a0<\/span><span data-ccp-props=\"{&quot;134233117&quot;:false,&quot;134233118&quot;:false,&quot;335559738&quot;:0,&quot;335559739&quot;:0}\">\u00a0<\/span><\/p>\n<p><span data-contrast=\"none\">Kaikki oppimateriaalit ovat digitaalisella oppimisalustalla ja p\u00e4\u00e4moduulit on laadittu Kivanet\/Kivako-hankkeen puitteissa.\u00a0<\/span><span data-ccp-props=\"{&quot;134233117&quot;:false,&quot;134233118&quot;:false,&quot;335559738&quot;:0,&quot;335559739&quot;:0}\">\u00a0<\/span><span data-contrast=\"auto\">\u00a0<\/span><span data-ccp-props=\"{&quot;134233117&quot;:false,&quot;134233118&quot;:false,&quot;335559738&quot;:0,&quot;335559739&quot;:0}\">\u00a0<\/span><\/p>\n<p><span data-contrast=\"none\">Materiaalit koostuvat lyhyist\u00e4 videoista, interaktiivisista teht\u00e4vist\u00e4 ja PDF-muodossa olevista tulostettavista materiaaleista.\u00a0<\/span><span data-ccp-props=\"{&quot;134233117&quot;:false,&quot;134233118&quot;:false,&quot;335559738&quot;:0,&quot;335559739&quot;:0}\">\u00a0<\/span><\/p>\n<p><b><span data-contrast=\"none\">Opetus ja arviointimenetelm\u00e4t<\/span><\/b><span data-contrast=\"none\">\u00a0<\/span><span data-ccp-props=\"{&quot;134233117&quot;:false,&quot;134233118&quot;:false,&quot;335559738&quot;:0,&quot;335559739&quot;:0}\">\u00a0<\/span><\/p>\n<p><span data-contrast=\"none\">Opintojakso koostuu itsen\u00e4isest\u00e4 ty\u00f6skentelyjaksosta sek\u00e4 ohjatusta jaksosta. Kurssin alkutapaamisen j\u00e4lkeen itsen\u00e4isess\u00e4 jaksossa opiskelija tutustuu itsen\u00e4isesti kurssin aineistoihin ja teht\u00e4viin. Ohjatussa jaksossa kurssin sis\u00e4lt\u00f6j\u00e4 harjoitellaan ja syvennet\u00e4\u00e4n opettajan johdolla verkkotapaamisissa. Lopuksi opiskelija suorittaa loppukokeen.<\/span><span data-ccp-props=\"{&quot;134233117&quot;:false,&quot;134233118&quot;:false,&quot;335559738&quot;:0,&quot;335559739&quot;:0}\">\u00a0<\/span><\/p>\n<p><span data-contrast=\"none\">Arvioinnissa painopiste on aktiivisessa osallistumisessa kurssitapaamisiin sek\u00e4 s\u00e4\u00e4nn\u00f6llisess\u00e4 ty\u00f6skentelyss\u00e4 Moodlessa.<\/span><span data-ccp-props=\"{&quot;134233117&quot;:false,&quot;134233118&quot;:false,&quot;335559738&quot;:0,&quot;335559739&quot;:0}\">\u00a0<\/span><\/p>\n<p><b><span data-contrast=\"none\">Arviointi:<\/span><\/b><span data-contrast=\"none\"> hyv\u00e4ksytty\/hyl\u00e4tty\u00a0<\/span><span data-ccp-props=\"{&quot;134233117&quot;:false,&quot;134233118&quot;:false,&quot;335559738&quot;:0,&quot;335559739&quot;:0}\">\u00a0<\/span><\/p>\n<p><span data-contrast=\"none\">Opintojakson arviointikriteerit avataan tarkemmin opintojakson alussa.\u00a0<\/span><span data-ccp-props=\"{&quot;134233117&quot;:false,&quot;134233118&quot;:false,&quot;335559738&quot;:0,&quot;335559739&quot;:0}\">\u00a0<\/span><\/p>\n<p><b><span data-contrast=\"none\">Opiskelijan ty\u00f6kuorma:<\/span><\/b><span data-contrast=\"none\">\u00a0<\/span><span data-ccp-props=\"{&quot;134233117&quot;:false,&quot;134233118&quot;:false,&quot;335559738&quot;:0,&quot;335559739&quot;:0}\">\u00a0<\/span><\/p>\n<p><span data-contrast=\"none\">1 op x 27 tuntia opiskelijan ty\u00f6t\u00e4, sis\u00e4lt\u00e4en itsen\u00e4ist\u00e4 ty\u00f6skentely\u00e4 ja osallistumista verkkotapaamisiin; yhteens\u00e4 3 x 27 = 81t.\u00a0<\/span><span data-ccp-props=\"{&quot;134233117&quot;:false,&quot;134233118&quot;:false,&quot;335559738&quot;:0,&quot;335559739&quot;:0}\">\u00a0<\/span><\/p>\n<h2><strong>Ilmoittautuminen 1.12.2025-11.1.2026.<\/strong><\/h2>\n<h2><a href=\"https:\/\/link.webropol.com\/s\/kivanetkevat26\" target=\"_blank\" rel=\"noopener\">Linkki ilmoittautumislomakkeeseen.<\/a><\/h2>\n","protected":false},"excerpt":{"rendered":"<p>\u00a0J\u00e4rjest\u00e4v\u00e4 korkeakoulu \u00a0Lapin yliopisto \u00a0Opetuskieli \u00a0suomi ja italia (englanti) \u00a0Ajoitus \u00a0Kurssi auki Moodlessa: 16.3. \u2013 6.5.2026 \u00a0Verkkotapaamisten aikataulu \u00a0Itsen\u00e4inen ty\u00f6skentelyjakso (Moodle): 16.3. \u2013 5.4.2026 Kurssitapaamiset (pakollisia, 1 poissaolo sallittu) KE 8.4., 10-12 MA 13.4., 10-12 MA 20.4., 10-12 KE 22.4., 10-12 MA 27.4., 10-12 KE 29.4., 10-12 \u00a0Tentti Moodlessa Tentti auki Moodlessa: 4. \u2013 6.5.2026 [&hellip;]<\/p>\n","protected":false},"author":185,"featured_media":0,"parent":1492,"menu_order":0,"comment_status":"closed","ping_status":"closed","template":"","meta":{"_acf_changed":false,"footnotes":""},"class_list":["post-1585","page","type-page","status-publish","hentry"],"acf":[],"lang":"fi","translations":{"fi":1585},"pll_sync_post":[],"_links":{"self":[{"href":"https:\/\/sites.uwasa.fi\/kivanet\/wp-json\/wp\/v2\/pages\/1585"}],"collection":[{"href":"https:\/\/sites.uwasa.fi\/kivanet\/wp-json\/wp\/v2\/pages"}],"about":[{"href":"https:\/\/sites.uwasa.fi\/kivanet\/wp-json\/wp\/v2\/types\/page"}],"author":[{"embeddable":true,"href":"https:\/\/sites.uwasa.fi\/kivanet\/wp-json\/wp\/v2\/users\/185"}],"replies":[{"embeddable":true,"href":"https:\/\/sites.uwasa.fi\/kivanet\/wp-json\/wp\/v2\/comments?post=1585"}],"version-history":[{"count":15,"href":"https:\/\/sites.uwasa.fi\/kivanet\/wp-json\/wp\/v2\/pages\/1585\/revisions"}],"predecessor-version":[{"id":3714,"href":"https:\/\/sites.uwasa.fi\/kivanet\/wp-json\/wp\/v2\/pages\/1585\/revisions\/3714"}],"up":[{"embeddable":true,"href":"https:\/\/sites.uwasa.fi\/kivanet\/wp-json\/wp\/v2\/pages\/1492"}],"wp:attachment":[{"href":"https:\/\/sites.uwasa.fi\/kivanet\/wp-json\/wp\/v2\/media?parent=1585"}],"curies":[{"name":"wp","href":"https:\/\/api.w.org\/{rel}","templated":true}]}}