{"id":1579,"date":"2024-10-25T13:53:03","date_gmt":"2024-10-25T10:53:03","guid":{"rendered":"https:\/\/sites.uwasa.fi\/kivanet\/?page_id=1579"},"modified":"2025-11-21T14:25:15","modified_gmt":"2025-11-21T12:25:15","slug":"italia-2","status":"publish","type":"page","link":"https:\/\/sites.uwasa.fi\/kivanet\/kurssitarjonta\/kevat-2026\/italia\/italia-2\/","title":{"rendered":"Italia 2"},"content":{"rendered":"<table style=\"border-collapse: collapse;width: 100%\" border=\"1\">\n<tbody>\n<tr style=\"height: 24px\">\n<td style=\"width: 24.8549%;height: 24px\"><strong>\u00a0J\u00e4rjest\u00e4v\u00e4 korkeakoulu<\/strong><\/td>\n<td style=\"width: 67.7432%;height: 24px\"><strong>\u00a0XAMK<\/strong><\/td>\n<\/tr>\n<tr style=\"height: 24px\">\n<td style=\"width: 24.8549%;height: 24px\"><strong>\u00a0Opetuskieli<\/strong><\/td>\n<td style=\"width: 67.7432%;height: 24px\"><strong>\u00a0suomi, (italia)<\/strong><\/td>\n<\/tr>\n<tr style=\"height: 24px\">\n<td style=\"width: 24.8549%;height: 24px\"><strong>\u00a0Ajoitus<\/strong><\/td>\n<td style=\"width: 67.7432%;height: 24px\">\u00a0<strong>Kurssi auki Moodlessa 6.3.2026<\/strong><\/td>\n<\/tr>\n<tr style=\"height: 24px\">\n<td style=\"width: 24.8549%;height: 24px\"><strong>\u00a0Verkkotapaamisten aikataulu<\/strong><\/td>\n<td style=\"width: 67.7432%;height: 24px\">\n<p><strong>\u00a0Verkkotapaamisten aikataulu: <\/strong><\/p>\n<p><strong>\u00a012.3, 19.3, 26.3, 9.4, 16.4 ja 23.4 kl. 16-17.30<\/strong><\/p>\n<p><strong>\u00a0Vain kaksi poissaoloa sallitaan<\/strong><\/td>\n<\/tr>\n<tr style=\"height: 24px\">\n<td style=\"width: 24.8549%;height: 24px\"><strong>\u00a0Tentti Moodlessa<\/strong><\/td>\n<td style=\"width: 67.7432%;height: 24px\">\u00a0<strong>30.4.2026 klo 8-23.59.<\/strong><\/td>\n<\/tr>\n<tr style=\"height: 24px\">\n<td style=\"width: 24.8549%;height: 24px\"><strong>\u00a0CEFR-taso<\/strong><\/td>\n<td style=\"width: 67.7432%;height: 24px\"><strong>\u00a0L\u00e4ht\u00f6taso A1.1 &gt; tavoitetaso A1.2<\/strong><\/td>\n<\/tr>\n<tr style=\"height: 24px\">\n<td style=\"width: 24.8549%;height: 24px\"><strong>\u00a0Opintopisteet<\/strong><\/td>\n<td style=\"width: 67.7432%;height: 24px\"><strong>\u00a03<\/strong><\/td>\n<\/tr>\n<tr style=\"height: 24px\">\n<td style=\"width: 24.8549%;height: 24px\"><strong>\u00a0Esitiedot<\/strong><\/td>\n<td style=\"width: 67.7432%;height: 24px\"><strong><span class=\"TextRun SCXW99744192 BCX8\" lang=\"FI-FI\" xml:lang=\"FI-FI\" data-contrast=\"none\"><span class=\"NormalTextRun SCXW99744192 BCX8\">Opintojakso<\/span><span class=\"NormalTextRun SCXW99744192 BCX8\"> edellytt\u00e4\u00e4 <\/span><span class=\"NormalTextRun SpellingErrorV2Themed SCXW99744192 BCX8\">KiVANET<\/span><span class=\"NormalTextRun SCXW99744192 BCX8\"> Italia 1 \u2013<\/span><span class=\"NormalTextRun SCXW99744192 BCX8\">opintojakson<\/span><span class=\"NormalTextRun SCXW99744192 BCX8\"> suorittamista tai vastaavia opintoja italian kieless\u00e4 (CEFR\u00a0 A1). Jos italian opinnoista on kulunut paljon aikaa, t\u00e4m\u00e4 <\/span><span class=\"NormalTextRun SCXW99744192 BCX8\">opintojakso<\/span><span class=\"NormalTextRun SCXW99744192 BCX8\"> sopii my\u00f6s kertau<\/span><span class=\"NormalTextRun SCXW99744192 BCX8\">kseen<\/span><span class=\"NormalTextRun SCXW99744192 BCX8\">.\u00a0<\/span><\/span><span class=\"EOP SCXW99744192 BCX8\" data-ccp-props=\"{&quot;201341983&quot;:0,&quot;335559739&quot;:160,&quot;335559740&quot;:256}\">\u00a0<\/span><\/strong><\/td>\n<\/tr>\n<\/tbody>\n<\/table>\n<h2>Kurssikuvaus<\/h2>\n<p><b><span data-contrast=\"none\">Sis\u00e4lt\u00f6<\/span><\/b><span data-ccp-props=\"{&quot;201341983&quot;:0,&quot;335559739&quot;:160,&quot;335559740&quot;:256}\">\u00a0<\/span><\/p>\n<p><span data-contrast=\"none\">Opintojaksolla jatketaan italian kielen perusrakenteiden ja \u2013sanaston tarkastelua. Opit kertomaan enemm\u00e4n itsest\u00e4si, perheest\u00e4si, harrastuksistasi ja arkiel\u00e4m\u00e4st\u00e4si. Lis\u00e4ksi opit kommunikoimaan sellaisissa viestint\u00e4tilanteissa, jotka voisivat tulla vastaan, jos vierailet matkailijana Italiassa.<\/span><span data-ccp-props=\"{&quot;201341983&quot;:0,&quot;335559739&quot;:160,&quot;335559740&quot;:256}\">\u00a0<\/span><\/p>\n<p><span data-contrast=\"none\">Opintojakso koostuu kolmesta kokonaisuudesta:<\/span><br \/>\n<span data-contrast=\"none\">1. La mia vita quotidiana &gt; arkiel\u00e4m\u00e4st\u00e4, harrastuksista ja perheest\u00e4 kertominen.<\/span><br \/>\n<span data-contrast=\"none\">2. Destinazione paradiso &gt; matkustaminen Italiaan: lentokent\u00e4ll\u00e4, rautatieasemalla, hotellissa.<\/span><br \/>\n<span data-contrast=\"none\">3. Turisti per caso &gt; matkailijana italialaisessa kaupungissa: tien neuvominen, julkiset kulkuv\u00e4lineet, n\u00e4ht\u00e4vyyksi\u00e4.<\/span><\/p>\n<p><b><span data-contrast=\"none\">Osaamistavoitteet<\/span><\/b><span data-ccp-props=\"{&quot;201341983&quot;:0,&quot;335559739&quot;:160,&quot;335559740&quot;:256}\">\u00a0<\/span><\/p>\n<p><span data-contrast=\"none\">Opintojakson suoritettuasi:\u00a0<\/span><span data-ccp-props=\"{&quot;201341983&quot;:0,&quot;335559685&quot;:0,&quot;335559739&quot;:160,&quot;335559740&quot;:256}\">\u00a0<\/span><\/p>\n<ol>\n<li><span data-contrast=\"none\">tunnet italian kielen perusrakenteet ja osaat k\u00e4ytt\u00e4\u00e4 niit\u00e4 yksinkertaisissa lauseissa sek\u00e4 suullisessa ett\u00e4 kirjallisessa muodossa<\/span><\/li>\n<li><span data-contrast=\"none\">ymm\u00e4rr\u00e4t yksinkertaisia, hitaasti lausuttuja kysymyksi\u00e4 tutuista aiheista kuten perheest\u00e4, vapaa-ajasta ja arkiel\u00e4m\u00e4st\u00e4 ja osaat vastata kysymyksiin yksinkertaisilla lauseilla<\/span><\/li>\n<li><span data-contrast=\"none\">osaat toimia erilaisissa viestint\u00e4tilanteissa italiaksi, jotka voivat tulla vastaan vieraillessa Italiassa<\/span><span data-ccp-props=\"{&quot;201341983&quot;:0,&quot;335559685&quot;:0,&quot;335559739&quot;:160,&quot;335559740&quot;:256}\">\u00a0<\/span><\/li>\n<\/ol>\n<p><b><span data-contrast=\"none\">Oppimateriaali<\/span><\/b><span data-ccp-props=\"{&quot;201341983&quot;:0,&quot;335559739&quot;:160,&quot;335559740&quot;:256}\">\u00a0<\/span><\/p>\n<p><span data-contrast=\"none\">Kaikki oppimateriaalit ovat digitaalisella oppimisalustalla ja p\u00e4\u00e4moduulit on laadittu Kivanet\/Kivako-hankkeen puitteissa.<\/span><span data-ccp-props=\"{&quot;201341983&quot;:0,&quot;335559739&quot;:160,&quot;335559740&quot;:259}\">\u00a0<\/span><\/p>\n<p><span data-contrast=\"none\">Materiaalit koostuvat lyhyist\u00e4 videoista, interaktiivisista teht\u00e4vist\u00e4 ja PDF-muodossa olevista tulostettavista materiaaleista.<\/span><span data-ccp-props=\"{&quot;201341983&quot;:0,&quot;335559739&quot;:160,&quot;335559740&quot;:259}\">\u00a0<\/span><\/p>\n<p><b><span data-contrast=\"none\">Opetus ja arviointimenetelm\u00e4t<\/span><\/b><span data-ccp-props=\"{&quot;201341983&quot;:0,&quot;335559739&quot;:160,&quot;335559740&quot;:256}\">\u00a0<\/span><\/p>\n<p><span data-contrast=\"none\">Opintojaksolla ty\u00f6skentelet itsen\u00e4isesti melko vapaalla tahdilla. Lis\u00e4ksi suullista kielitaitoa harjoitellaan verkkotapaamisissa kerran viikossa.<\/span><span data-ccp-props=\"{&quot;201341983&quot;:0,&quot;335559739&quot;:160,&quot;335559740&quot;:259}\">\u00a0<\/span><\/p>\n<p><b><span data-contrast=\"none\">Arviointi:<\/span><\/b><span data-contrast=\"none\"> hyv\u00e4ksytty\/hyl\u00e4tty<\/span><span data-ccp-props=\"{&quot;201341983&quot;:0,&quot;335559739&quot;:160,&quot;335559740&quot;:256}\">\u00a0<\/span><\/p>\n<p><span data-contrast=\"none\">Opintojakson arviointikriteerit avataan tarkemmin opintojakson alussa.<\/span><span data-ccp-props=\"{&quot;201341983&quot;:0,&quot;335559739&quot;:160,&quot;335559740&quot;:256}\">\u00a0<\/span><\/p>\n<p><b><span data-contrast=\"none\">Opiskelijan ty\u00f6kuorma:<\/span><\/b><span data-ccp-props=\"{&quot;201341983&quot;:0,&quot;335559739&quot;:160,&quot;335559740&quot;:256}\">\u00a0<\/span><\/p>\n<p><span data-contrast=\"none\">1 op x 27 tuntia opiskelijan itsen\u00e4ist\u00e4 ty\u00f6t\u00e4, yhteens\u00e4 3 x 27 = 81t.<\/span><span data-ccp-props=\"{&quot;201341983&quot;:0,&quot;335559739&quot;:160,&quot;335559740&quot;:256}\">\u00a0<\/span><\/p>\n<h2><strong>Ilmoittautuminen 1.12.2025-11.1.2026.<\/strong><\/h2>\n<h2><a href=\"https:\/\/link.webropol.com\/s\/kivanetkevat26\" target=\"_blank\" rel=\"noopener\">Linkki ilmoittautumislomakkeeseen.<\/a><\/h2>\n","protected":false},"excerpt":{"rendered":"<p>\u00a0J\u00e4rjest\u00e4v\u00e4 korkeakoulu \u00a0XAMK \u00a0Opetuskieli \u00a0suomi, (italia) \u00a0Ajoitus \u00a0Kurssi auki Moodlessa 6.3.2026 \u00a0Verkkotapaamisten aikataulu \u00a0Verkkotapaamisten aikataulu: \u00a012.3, 19.3, 26.3, 9.4, 16.4 ja 23.4 kl. 16-17.30 \u00a0Vain kaksi poissaoloa sallitaan \u00a0Tentti Moodlessa \u00a030.4.2026 klo 8-23.59. \u00a0CEFR-taso \u00a0L\u00e4ht\u00f6taso A1.1 &gt; tavoitetaso A1.2 \u00a0Opintopisteet \u00a03 \u00a0Esitiedot Opintojakso edellytt\u00e4\u00e4 KiVANET Italia 1 \u2013opintojakson suorittamista tai vastaavia opintoja italian kieless\u00e4 (CEFR\u00a0 [&hellip;]<\/p>\n","protected":false},"author":185,"featured_media":0,"parent":1492,"menu_order":0,"comment_status":"closed","ping_status":"closed","template":"","meta":{"_acf_changed":false,"footnotes":""},"class_list":["post-1579","page","type-page","status-publish","hentry"],"acf":[],"lang":"fi","translations":{"fi":1579},"pll_sync_post":[],"_links":{"self":[{"href":"https:\/\/sites.uwasa.fi\/kivanet\/wp-json\/wp\/v2\/pages\/1579"}],"collection":[{"href":"https:\/\/sites.uwasa.fi\/kivanet\/wp-json\/wp\/v2\/pages"}],"about":[{"href":"https:\/\/sites.uwasa.fi\/kivanet\/wp-json\/wp\/v2\/types\/page"}],"author":[{"embeddable":true,"href":"https:\/\/sites.uwasa.fi\/kivanet\/wp-json\/wp\/v2\/users\/185"}],"replies":[{"embeddable":true,"href":"https:\/\/sites.uwasa.fi\/kivanet\/wp-json\/wp\/v2\/comments?post=1579"}],"version-history":[{"count":17,"href":"https:\/\/sites.uwasa.fi\/kivanet\/wp-json\/wp\/v2\/pages\/1579\/revisions"}],"predecessor-version":[{"id":3712,"href":"https:\/\/sites.uwasa.fi\/kivanet\/wp-json\/wp\/v2\/pages\/1579\/revisions\/3712"}],"up":[{"embeddable":true,"href":"https:\/\/sites.uwasa.fi\/kivanet\/wp-json\/wp\/v2\/pages\/1492"}],"wp:attachment":[{"href":"https:\/\/sites.uwasa.fi\/kivanet\/wp-json\/wp\/v2\/media?parent=1579"}],"curies":[{"name":"wp","href":"https:\/\/api.w.org\/{rel}","templated":true}]}}