{"id":147,"date":"2024-04-22T14:51:45","date_gmt":"2024-04-22T11:51:45","guid":{"rendered":"https:\/\/sites.uwasa.fi\/kivanet\/?page_id=147"},"modified":"2025-10-29T12:23:36","modified_gmt":"2025-10-29T10:23:36","slug":"kevat-2026","status":"publish","type":"page","link":"https:\/\/sites.uwasa.fi\/kivanet\/kurssitarjonta\/kevat-2026\/","title":{"rendered":"Kev\u00e4t 2026"},"content":{"rendered":"<h2><strong>Ilmoittautuminen alkaa 1.12.2025 ja p\u00e4\u00e4ttyy 11.1.2026.<\/strong><\/h2>\n<h3>Huomaa, ett\u00e4 joidenkin kurssien opetuskieli on englanti.<\/h3>\n<h3>Opetuskieli mainitaan opintojakson kuvauksessa.<\/h3>\n","protected":false},"excerpt":{"rendered":"<p>Ilmoittautuminen alkaa 1.12.2025 ja p\u00e4\u00e4ttyy 11.1.2026. Huomaa, ett\u00e4 joidenkin kurssien opetuskieli on englanti. Opetuskieli mainitaan opintojakson kuvauksessa.<\/p>\n","protected":false},"author":185,"featured_media":0,"parent":8,"menu_order":0,"comment_status":"closed","ping_status":"closed","template":"","meta":{"_acf_changed":false,"footnotes":""},"class_list":["post-147","page","type-page","status-publish","hentry"],"acf":[],"lang":"fi","translations":{"fi":147},"pll_sync_post":[],"_links":{"self":[{"href":"https:\/\/sites.uwasa.fi\/kivanet\/wp-json\/wp\/v2\/pages\/147"}],"collection":[{"href":"https:\/\/sites.uwasa.fi\/kivanet\/wp-json\/wp\/v2\/pages"}],"about":[{"href":"https:\/\/sites.uwasa.fi\/kivanet\/wp-json\/wp\/v2\/types\/page"}],"author":[{"embeddable":true,"href":"https:\/\/sites.uwasa.fi\/kivanet\/wp-json\/wp\/v2\/users\/185"}],"replies":[{"embeddable":true,"href":"https:\/\/sites.uwasa.fi\/kivanet\/wp-json\/wp\/v2\/comments?post=147"}],"version-history":[{"count":40,"href":"https:\/\/sites.uwasa.fi\/kivanet\/wp-json\/wp\/v2\/pages\/147\/revisions"}],"predecessor-version":[{"id":3629,"href":"https:\/\/sites.uwasa.fi\/kivanet\/wp-json\/wp\/v2\/pages\/147\/revisions\/3629"}],"up":[{"embeddable":true,"href":"https:\/\/sites.uwasa.fi\/kivanet\/wp-json\/wp\/v2\/pages\/8"}],"wp:attachment":[{"href":"https:\/\/sites.uwasa.fi\/kivanet\/wp-json\/wp\/v2\/media?parent=147"}],"curies":[{"name":"wp","href":"https:\/\/api.w.org\/{rel}","templated":true}]}}