{"id":14,"date":"2024-04-17T13:26:06","date_gmt":"2024-04-17T10:26:06","guid":{"rendered":"https:\/\/sites.uwasa.fi\/kivanet\/?page_id=14"},"modified":"2026-01-08T08:11:29","modified_gmt":"2026-01-08T06:11:29","slug":"verkoston-jasenet","status":"publish","type":"page","link":"https:\/\/sites.uwasa.fi\/kivanet\/verkoston-jasenet\/","title":{"rendered":"Verkoston j\u00e4senet"},"content":{"rendered":"<h2>Koordinoivat korkeakoulut<\/h2>\n<p>Klikkaa logoa ja p\u00e4\u00e4set korkeakoulun kotisivuille!<\/p>\n<table style=\"width: 66.0228%;border-collapse: collapse;border-style: solid;border-color: #000000\" border=\"1\">\n<tbody>\n<tr>\n<td style=\"width: 17.0696%\"><\/td>\n<td style=\"width: 15.6198%;padding-left: 40px\"><strong>Yhteyshenkil\u00f6<\/strong><\/td>\n<\/tr>\n<tr>\n<td style=\"width: 17.0696%;padding-left: 40px\"><a href=\"https:\/\/www.uwasa.fi\/fi\" target=\"_blank\" rel=\"noopener\"><img decoding=\"async\" class=\"alignleft\" src=\"https:\/\/www.uwasa.fi\/themes\/custom\/univaasa\/logo.svg\" alt=\"Etusivu\" \/><\/a><\/td>\n<td style=\"width: 15.6198%;padding-left: 40px\">Nina Pilke<\/td>\n<\/tr>\n<tr>\n<td style=\"width: 17.0696%;padding-left: 40px\"><a href=\"https:\/\/www.uef.fi\/fi\" target=\"_blank\" rel=\"noopener\"><img loading=\"lazy\" decoding=\"async\" class=\"alignnone wp-image-2116\" src=\"https:\/\/sites.uwasa.fi\/kivanet\/wp-content\/blogs.dir\/4\/files\/sites\/216\/2025\/01\/uef.png\" alt=\"\" width=\"130\" height=\"110\" \/><\/a><\/td>\n<td style=\"width: 15.6198%;padding-left: 40px\">Lauri Tolkki<\/td>\n<\/tr>\n<\/tbody>\n<\/table>\n<h2>Muut j\u00e4senet<\/h2>\n<p>\u200b\u200b<\/p>\n<p>\u200b<\/p>\n<table style=\"width: 66.813%;border-collapse: collapse;border-style: solid\" border=\"1\">\n<tbody>\n<tr style=\"height: 96px\">\n<td style=\"width: 15.620174%;padding-left: 40px;height: 96px\"><a href=\"https:\/\/www.aalto.fi\/fi\" target=\"_blank\" rel=\"noopener\"><img loading=\"lazy\" decoding=\"async\" class=\"alignnone size-medium wp-image-2120\" src=\"https:\/\/sites.uwasa.fi\/kivanet\/wp-content\/blogs.dir\/4\/files\/sites\/216\/2025\/01\/aalto-300x170.png\" alt=\"\" width=\"300\" height=\"170\" srcset=\"https:\/\/sites.uwasa.fi\/kivanet\/wp-content\/blogs.dir\/4\/files\/sites\/216\/2025\/01\/aalto-300x170.png 300w, https:\/\/sites.uwasa.fi\/kivanet\/wp-content\/blogs.dir\/4\/files\/sites\/216\/2025\/01\/aalto-320x180.png 320w, https:\/\/sites.uwasa.fi\/kivanet\/wp-content\/blogs.dir\/4\/files\/sites\/216\/2025\/01\/aalto.png 416w\" sizes=\"(max-width: 300px) 100vw, 300px\" \/><\/a><\/td>\n<td style=\"width: 11.975126%;height: 96px;padding-left: 40px\">Mari Maunula<\/td>\n<\/tr>\n<tr style=\"height: 69px\">\n<td style=\"width: 15.620174%;height: 69px;padding-left: 40px\"><a href=\"https:\/\/net.centria.fi\/\" target=\"_blank\" rel=\"noopener\"><img loading=\"lazy\" decoding=\"async\" class=\"alignnone wp-image-2126\" src=\"https:\/\/sites.uwasa.fi\/kivanet\/wp-content\/blogs.dir\/4\/files\/sites\/216\/2025\/01\/centria-1.png\" alt=\"\" width=\"224\" height=\"74\" \/><\/a><\/td>\n<td style=\"width: 11.975126%;height: 69px;padding-left: 40px\">Jussi Jussila<\/td>\n<\/tr>\n<tr style=\"height: 66px\">\n<td style=\"width: 15.620174%;height: 66px;padding-left: 40px\"><a href=\"https:\/\/www.haaga-helia.fi\/fi\" target=\"_blank\" rel=\"noopener\"><img loading=\"lazy\" decoding=\"async\" class=\"alignnone wp-image-2124\" src=\"https:\/\/sites.uwasa.fi\/kivanet\/wp-content\/blogs.dir\/4\/files\/sites\/216\/2025\/01\/haaga-helia.png\" alt=\"\" width=\"182\" height=\"95\" \/><\/a><\/td>\n<td style=\"width: 11.975126%;height: 66px;padding-left: 40px\">Maarit Ohinen-Salven<\/td>\n<\/tr>\n<tr style=\"height: 116px\">\n<td style=\"width: 15.620174%;height: 116px;padding-left: 40px\"><a href=\"https:\/\/www.hanken.fi\/sv\" target=\"_blank\" rel=\"noopener\"><img loading=\"lazy\" decoding=\"async\" class=\"alignnone wp-image-2128\" src=\"https:\/\/sites.uwasa.fi\/kivanet\/wp-content\/blogs.dir\/4\/files\/sites\/216\/2025\/01\/hanken-logo-rgb-300x300.jpg\" alt=\"\" width=\"132\" height=\"132\" srcset=\"https:\/\/sites.uwasa.fi\/kivanet\/wp-content\/blogs.dir\/4\/files\/sites\/216\/2025\/01\/hanken-logo-rgb-300x300.jpg 300w, https:\/\/sites.uwasa.fi\/kivanet\/wp-content\/blogs.dir\/4\/files\/sites\/216\/2025\/01\/hanken-logo-rgb-150x150.jpg 150w, https:\/\/sites.uwasa.fi\/kivanet\/wp-content\/blogs.dir\/4\/files\/sites\/216\/2025\/01\/hanken-logo-rgb.jpg 518w\" sizes=\"(max-width: 132px) 100vw, 132px\" \/><\/a><\/td>\n<td style=\"width: 11.975126%;height: 116px;padding-left: 40px\">\n<p>Harriet Lemberg<\/p>\n<p>Johanna Lindqvist<\/td>\n<\/tr>\n<tr style=\"height: 128px\">\n<td style=\"width: 15.620174%;height: 128px;padding-left: 40px\"><a href=\"https:\/\/www.helsinki.fi\/fi\" target=\"_blank\" rel=\"noopener\"> <img loading=\"lazy\" decoding=\"async\" class=\"alignnone size-full wp-image-2131\" src=\"https:\/\/sites.uwasa.fi\/kivanet\/wp-content\/blogs.dir\/4\/files\/sites\/216\/2025\/01\/hy.png\" alt=\"\" width=\"244\" height=\"77\" \/><\/a><\/td>\n<td style=\"width: 11.975126%;height: 128px;padding-left: 40px\">\n<p>Katja Bergbacka<\/p>\n<p>Janne Niinivaara<\/td>\n<\/tr>\n<tr style=\"height: 107px\">\n<td style=\"width: 15.620174%;height: 107px;padding-left: 40px\"><a href=\"https:\/\/www.hamk.fi\/\" target=\"_blank\" rel=\"noopener\"><img loading=\"lazy\" decoding=\"async\" class=\"alignnone size-medium wp-image-1311\" src=\"https:\/\/sites.uwasa.fi\/kivanet\/wp-content\/blogs.dir\/4\/files\/sites\/216\/2024\/05\/hamk-logo-text-large-fin-300x114.png\" alt=\"\" width=\"300\" height=\"114\" srcset=\"https:\/\/sites.uwasa.fi\/kivanet\/wp-content\/blogs.dir\/4\/files\/sites\/216\/2024\/05\/hamk-logo-text-large-fin-300x114.png 300w, https:\/\/sites.uwasa.fi\/kivanet\/wp-content\/blogs.dir\/4\/files\/sites\/216\/2024\/05\/hamk-logo-text-large-fin-1024x390.png 1024w, https:\/\/sites.uwasa.fi\/kivanet\/wp-content\/blogs.dir\/4\/files\/sites\/216\/2024\/05\/hamk-logo-text-large-fin-768x293.png 768w, https:\/\/sites.uwasa.fi\/kivanet\/wp-content\/blogs.dir\/4\/files\/sites\/216\/2024\/05\/hamk-logo-text-large-fin-1536x585.png 1536w, https:\/\/sites.uwasa.fi\/kivanet\/wp-content\/blogs.dir\/4\/files\/sites\/216\/2024\/05\/hamk-logo-text-large-fin.png 2000w\" sizes=\"(max-width: 300px) 100vw, 300px\" \/><\/a><\/td>\n<td style=\"width: 11.975126%;height: 107px;padding-left: 40px\">Sanna Tapiola<\/td>\n<\/tr>\n<tr style=\"height: 106px\">\n<td style=\"width: 15.620174%;height: 106px;padding-left: 40px\"><a href=\"https:\/\/www.jamk.fi\/fi\" target=\"_blank\" rel=\"noopener\"><img loading=\"lazy\" decoding=\"async\" class=\"alignnone size-medium wp-image-2133\" src=\"https:\/\/sites.uwasa.fi\/kivanet\/wp-content\/blogs.dir\/4\/files\/sites\/216\/2025\/01\/jamk-300x75.png\" alt=\"\" width=\"300\" height=\"75\" srcset=\"https:\/\/sites.uwasa.fi\/kivanet\/wp-content\/blogs.dir\/4\/files\/sites\/216\/2025\/01\/jamk-300x75.png 300w, https:\/\/sites.uwasa.fi\/kivanet\/wp-content\/blogs.dir\/4\/files\/sites\/216\/2025\/01\/jamk.png 309w\" sizes=\"(max-width: 300px) 100vw, 300px\" \/><\/a><\/td>\n<td style=\"width: 11.975126%;height: 106px;padding-left: 40px\">Pirkko Pollari<\/td>\n<\/tr>\n<tr style=\"height: 127px\">\n<td style=\"width: 15.620174%;height: 127px;padding-left: 40px\"><a href=\"https:\/\/www.xamk.fi\/\" target=\"_blank\" rel=\"noopener\"><img loading=\"lazy\" decoding=\"async\" class=\"alignnone size-full wp-image-2135\" src=\"https:\/\/sites.uwasa.fi\/kivanet\/wp-content\/blogs.dir\/4\/files\/sites\/216\/2025\/01\/xamk.png\" alt=\"\" width=\"194\" height=\"95\" \/><\/a><\/td>\n<td style=\"width: 11.975126%;height: 127px;padding-left: 40px\">Tarmo Ahvenainen<\/td>\n<\/tr>\n<tr style=\"height: 73px\">\n<td style=\"width: 15.620174%;height: 73px;padding-left: 40px\"><a href=\"https:\/\/lab.fi\/fi\" target=\"_blank\" rel=\"noopener\"><img loading=\"lazy\" decoding=\"async\" class=\"alignnone size-full wp-image-2137\" src=\"https:\/\/sites.uwasa.fi\/kivanet\/wp-content\/blogs.dir\/4\/files\/sites\/216\/2025\/01\/lab.png\" alt=\"\" width=\"295\" height=\"80\" \/><\/a><\/td>\n<td style=\"width: 11.975126%;height: 73px;padding-left: 40px\">Veli-Matti Malinen<\/td>\n<\/tr>\n<tr style=\"height: 69px\">\n<td style=\"width: 15.620174%;height: 69px;padding-left: 40px\"><a href=\"https:\/\/www.ulapland.fi\/FI\" target=\"_blank\" rel=\"noopener\"> <img loading=\"lazy\" decoding=\"async\" class=\"alignnone size-full wp-image-2139\" src=\"https:\/\/sites.uwasa.fi\/kivanet\/wp-content\/blogs.dir\/4\/files\/sites\/216\/2025\/01\/lapin-yo.png\" alt=\"\" width=\"269\" height=\"81\" \/><\/a><\/td>\n<td style=\"width: 11.975126%;height: 69px;padding-left: 40px\">Ville Jakkula<\/td>\n<\/tr>\n<tr style=\"height: 58px\">\n<td style=\"width: 15.620174%;height: 58px;padding-left: 40px\"><a href=\"https:\/\/www.laurea.fi\/\" target=\"_blank\" rel=\"noopener\"> <img loading=\"lazy\" decoding=\"async\" class=\"alignnone size-full wp-image-2141\" src=\"https:\/\/sites.uwasa.fi\/kivanet\/wp-content\/blogs.dir\/4\/files\/sites\/216\/2025\/01\/laurea.png\" alt=\"\" width=\"94\" height=\"78\" \/><\/a><\/td>\n<td style=\"width: 11.975126%;height: 58px;padding-left: 40px\">Sirpa Mattila<\/td>\n<\/tr>\n<tr style=\"height: 113px\">\n<td style=\"width: 15.620174%;height: 113px;padding-left: 40px\"><a href=\"https:\/\/www.lut.fi\/fi\" target=\"_blank\" rel=\"noopener\"> <img loading=\"lazy\" decoding=\"async\" class=\"alignnone wp-image-2143\" src=\"https:\/\/sites.uwasa.fi\/kivanet\/wp-content\/blogs.dir\/4\/files\/sites\/216\/2025\/01\/lut.png\" alt=\"\" width=\"125\" height=\"95\" \/><\/a><\/td>\n<td style=\"width: 11.975126%;height: 113px;padding-left: 40px\">Veli-Matti Malinen<\/td>\n<\/tr>\n<tr style=\"height: 79px\">\n<td style=\"width: 15.620174%;height: 79px;padding-left: 40px\"><a href=\"https:\/\/oamk.fi\/\" target=\"_blank\" rel=\"noopener\"> <img loading=\"lazy\" decoding=\"async\" class=\"alignnone size-full wp-image-2145\" src=\"https:\/\/sites.uwasa.fi\/kivanet\/wp-content\/blogs.dir\/4\/files\/sites\/216\/2025\/01\/oamk.png\" alt=\"\" width=\"134\" height=\"67\" \/><\/a><\/td>\n<td style=\"width: 11.975126%;height: 79px;padding-left: 40px\">Miisa Tanner<\/td>\n<\/tr>\n<tr>\n<td style=\"width: 15.620174%;padding-left: 40px\"><a href=\"https:\/\/www.oulu.fi\/fi\" target=\"_blank\" rel=\"noopener\"><img loading=\"lazy\" decoding=\"async\" class=\"\" src=\"https:\/\/www.sttinfo.fi\/data\/images\/00022\/54bd244a-2442-4609-94f5-dedd02500e57-w_960_h_960.png\" alt=\"oulun yliopisto_logo_fin_rgb10\" width=\"86\" height=\"113\" \/><\/a><\/td>\n<td style=\"width: 11.975126%;padding-left: 40px\">\n<p>Elina Palola<\/p>\n<p>study.languages[at]oulu.fi<\/td>\n<\/tr>\n<tr style=\"height: 75px\">\n<td style=\"width: 15.620174%;height: 75px;padding-left: 40px\"><a href=\"https:\/\/www.samk.fi\/\" target=\"_blank\" rel=\"noopener\"> <img loading=\"lazy\" decoding=\"async\" class=\"alignnone size-full wp-image-2147\" src=\"https:\/\/sites.uwasa.fi\/kivanet\/wp-content\/blogs.dir\/4\/files\/sites\/216\/2025\/01\/samk.png\" alt=\"\" width=\"193\" height=\"109\" \/><\/a><\/td>\n<td style=\"width: 11.975126%;height: 75px;padding-left: 40px\">Liisa Hannuksela<\/td>\n<\/tr>\n<tr style=\"height: 57px\">\n<td style=\"width: 15.620174%;height: 57px;padding-left: 40px\"><a href=\"https:\/\/www.savonia.fi\/\" target=\"_blank\" rel=\"noopener\"><img loading=\"lazy\" decoding=\"async\" class=\"alignnone wp-image-1347\" src=\"https:\/\/sites.uwasa.fi\/kivanet\/wp-content\/blogs.dir\/4\/files\/sites\/216\/2024\/05\/savonia-logo-colour-rgb-002-300x53.png\" alt=\"\" width=\"208\" height=\"37\" srcset=\"https:\/\/sites.uwasa.fi\/kivanet\/wp-content\/blogs.dir\/4\/files\/sites\/216\/2024\/05\/savonia-logo-colour-rgb-002-300x53.png 300w, https:\/\/sites.uwasa.fi\/kivanet\/wp-content\/blogs.dir\/4\/files\/sites\/216\/2024\/05\/savonia-logo-colour-rgb-002-1024x181.png 1024w, https:\/\/sites.uwasa.fi\/kivanet\/wp-content\/blogs.dir\/4\/files\/sites\/216\/2024\/05\/savonia-logo-colour-rgb-002-768x136.png 768w, https:\/\/sites.uwasa.fi\/kivanet\/wp-content\/blogs.dir\/4\/files\/sites\/216\/2024\/05\/savonia-logo-colour-rgb-002-1440x265.png 1440w, https:\/\/sites.uwasa.fi\/kivanet\/wp-content\/blogs.dir\/4\/files\/sites\/216\/2024\/05\/savonia-logo-colour-rgb-002.png 1501w\" sizes=\"(max-width: 208px) 100vw, 208px\" \/><\/a><\/td>\n<td style=\"width: 11.975126%;height: 57px;padding-left: 40px\">Satu Huusari<\/td>\n<\/tr>\n<tr style=\"height: 73px\">\n<td style=\"width: 15.620174%;height: 73px;padding-left: 40px\"><a href=\"https:\/\/www.seamk.fi\/\" target=\"_blank\" rel=\"noopener\"> <img loading=\"lazy\" decoding=\"async\" class=\"alignnone wp-image-2150\" src=\"https:\/\/sites.uwasa.fi\/kivanet\/wp-content\/blogs.dir\/4\/files\/sites\/216\/2025\/01\/seamk-1.png\" alt=\"\" width=\"210\" height=\"65\" \/><\/a><\/td>\n<td style=\"width: 11.975126%;height: 73px;padding-left: 40px\">Heli Simon<\/td>\n<\/tr>\n<tr style=\"height: 105px\">\n<td style=\"width: 15.620174%;height: 105px;padding-left: 40px\"><a href=\"https:\/\/www.humak.fi\/\" target=\"_blank\" rel=\"noopener\"> <img loading=\"lazy\" decoding=\"async\" class=\"alignnone wp-image-2152\" src=\"https:\/\/sites.uwasa.fi\/kivanet\/wp-content\/blogs.dir\/4\/files\/sites\/216\/2025\/01\/humak-300x167.png\" alt=\"\" width=\"197\" height=\"110\" srcset=\"https:\/\/sites.uwasa.fi\/kivanet\/wp-content\/blogs.dir\/4\/files\/sites\/216\/2025\/01\/humak-300x167.png 300w, https:\/\/sites.uwasa.fi\/kivanet\/wp-content\/blogs.dir\/4\/files\/sites\/216\/2025\/01\/humak-320x180.png 320w, https:\/\/sites.uwasa.fi\/kivanet\/wp-content\/blogs.dir\/4\/files\/sites\/216\/2025\/01\/humak.png 340w\" sizes=\"(max-width: 197px) 100vw, 197px\" \/><\/a><\/td>\n<td style=\"width: 11.975126%;height: 105px;padding-left: 40px\">Minna Hult<\/td>\n<\/tr>\n<tr style=\"height: 117px\">\n<td style=\"width: 15.620174%;height: 117px;padding-left: 40px\"><a href=\"https:\/\/www.uniarts.fi\/\" target=\"_blank\" rel=\"noopener\"> <img loading=\"lazy\" decoding=\"async\" class=\"alignnone size-full wp-image-2154\" src=\"https:\/\/sites.uwasa.fi\/kivanet\/wp-content\/blogs.dir\/4\/files\/sites\/216\/2025\/01\/taideyo.png\" alt=\"\" width=\"134\" height=\"91\" \/><\/a><\/td>\n<td style=\"width: 11.975126%;height: 117px;padding-left: 40px\">Emmi Huttunen<\/td>\n<\/tr>\n<tr style=\"height: 96px\">\n<td style=\"width: 15.620174%;height: 96px;padding-left: 40px\"><img loading=\"lazy\" decoding=\"async\" class=\"alignnone size-full wp-image-2157\" src=\"https:\/\/sites.uwasa.fi\/kivanet\/wp-content\/blogs.dir\/4\/files\/sites\/216\/2025\/01\/tamk.png\" alt=\"\" width=\"223\" height=\"67\" \/><\/td>\n<td style=\"width: 11.975126%;height: 96px;padding-left: 40px\">Kirsi Saarinen (TAMK)<\/td>\n<\/tr>\n<tr style=\"height: 100px\">\n<td style=\"width: 15.620174%;height: 100px;padding-left: 40px\"><a href=\"https:\/\/www.tuni.fi\/\" target=\"_blank\" rel=\"noopener\"><img loading=\"lazy\" decoding=\"async\" class=\"alignnone size-full wp-image-2157\" src=\"https:\/\/sites.uwasa.fi\/kivanet\/wp-content\/blogs.dir\/4\/files\/sites\/216\/2025\/01\/tamk.png\" alt=\"\" width=\"223\" height=\"67\" \/><\/a><\/td>\n<td style=\"width: 11.975126%;height: 100px;padding-left: 40px\">Taina Juurakko-Paavola (TaY)<\/td>\n<\/tr>\n<tr style=\"height: 82px\">\n<td style=\"width: 15.620174%;height: 82px;padding-left: 40px\"><a href=\"https:\/\/www.utu.fi\/fi\" target=\"_blank\" rel=\"noopener\"><img loading=\"lazy\" decoding=\"async\" class=\"alignnone wp-image-2160\" src=\"https:\/\/sites.uwasa.fi\/kivanet\/wp-content\/blogs.dir\/4\/files\/sites\/216\/2025\/01\/ty.png\" alt=\"\" width=\"186\" height=\"79\" \/><\/a><\/td>\n<td style=\"width: 11.975126%;height: 82px;padding-left: 40px\">Hanna Ruska<\/td>\n<\/tr>\n<tr style=\"height: 43px\">\n<td style=\"width: 15.620174%;height: 43px;padding-left: 40px;border-style: solid\"><a href=\"https:\/\/www.arcada.fi\/sv\" target=\"_blank\" rel=\"noopener\"> <img loading=\"lazy\" decoding=\"async\" class=\"alignnone wp-image-1201\" src=\"https:\/\/sites.uwasa.fi\/kivanet\/wp-content\/blogs.dir\/4\/files\/sites\/216\/2024\/05\/arcada-logo-black-rgb-002-300x133.png\" alt=\"\" width=\"201\" height=\"89\" srcset=\"https:\/\/sites.uwasa.fi\/kivanet\/wp-content\/blogs.dir\/4\/files\/sites\/216\/2024\/05\/arcada-logo-black-rgb-002-300x133.png 300w, https:\/\/sites.uwasa.fi\/kivanet\/wp-content\/blogs.dir\/4\/files\/sites\/216\/2024\/05\/arcada-logo-black-rgb-002-1024x454.png 1024w, https:\/\/sites.uwasa.fi\/kivanet\/wp-content\/blogs.dir\/4\/files\/sites\/216\/2024\/05\/arcada-logo-black-rgb-002-768x340.png 768w, https:\/\/sites.uwasa.fi\/kivanet\/wp-content\/blogs.dir\/4\/files\/sites\/216\/2024\/05\/arcada-logo-black-rgb-002.png 1500w\" sizes=\"(max-width: 201px) 100vw, 201px\" \/><\/a><\/td>\n<td style=\"width: 11.975126%;height: 43px;padding-left: 40px\">Minna Lehtola<\/td>\n<\/tr>\n<tr>\n<td style=\"width: 15.620174%;padding-left: 40px;border-style: solid\"><a href=\"https:\/\/www.abo.fi\" target=\"_blank\" rel=\"noopener\"><img loading=\"lazy\" decoding=\"async\" class=\"alignnone wp-image-989\" src=\"https:\/\/sites.uwasa.fi\/kivanet\/wp-content\/blogs.dir\/4\/files\/sites\/216\/2024\/05\/nayttokuva-2024-05-03-kello-90657-300x195.png\" alt=\"\" width=\"143\" height=\"93\" srcset=\"https:\/\/sites.uwasa.fi\/kivanet\/wp-content\/blogs.dir\/4\/files\/sites\/216\/2024\/05\/nayttokuva-2024-05-03-kello-90657-300x195.png 300w, https:\/\/sites.uwasa.fi\/kivanet\/wp-content\/blogs.dir\/4\/files\/sites\/216\/2024\/05\/nayttokuva-2024-05-03-kello-90657.png 382w\" sizes=\"(max-width: 143px) 100vw, 143px\" \/><\/a><\/td>\n<td style=\"width: 11.975126%;padding-left: 40px\">Satu Laitila<\/td>\n<\/tr>\n<\/tbody>\n<\/table>\n<p>&nbsp;<\/p>\n","protected":false},"excerpt":{"rendered":"<p>Koordinoivat korkeakoulut Klikkaa logoa ja p\u00e4\u00e4set korkeakoulun kotisivuille! Yhteyshenkil\u00f6 Nina Pilke Lauri Tolkki Muut j\u00e4senet \u200b\u200b \u200b Mari Maunula Jussi Jussila Maarit Ohinen-Salven Harriet Lemberg Johanna Lindqvist Katja Bergbacka Janne Niinivaara Sanna Tapiola Pirkko Pollari Tarmo Ahvenainen Veli-Matti Malinen Ville Jakkula Sirpa Mattila Veli-Matti Malinen Miisa Tanner Elina Palola study.languages[at]oulu.fi Liisa Hannuksela Satu Huusari Heli [&hellip;]<\/p>\n","protected":false},"author":21,"featured_media":0,"parent":0,"menu_order":0,"comment_status":"closed","ping_status":"closed","template":"","meta":{"_acf_changed":false,"footnotes":""},"class_list":["post-14","page","type-page","status-publish","hentry"],"acf":[],"lang":"fi","translations":{"fi":14,"en":17,"sv":2368},"pll_sync_post":[],"_links":{"self":[{"href":"https:\/\/sites.uwasa.fi\/kivanet\/wp-json\/wp\/v2\/pages\/14"}],"collection":[{"href":"https:\/\/sites.uwasa.fi\/kivanet\/wp-json\/wp\/v2\/pages"}],"about":[{"href":"https:\/\/sites.uwasa.fi\/kivanet\/wp-json\/wp\/v2\/types\/page"}],"author":[{"embeddable":true,"href":"https:\/\/sites.uwasa.fi\/kivanet\/wp-json\/wp\/v2\/users\/21"}],"replies":[{"embeddable":true,"href":"https:\/\/sites.uwasa.fi\/kivanet\/wp-json\/wp\/v2\/comments?post=14"}],"version-history":[{"count":62,"href":"https:\/\/sites.uwasa.fi\/kivanet\/wp-json\/wp\/v2\/pages\/14\/revisions"}],"predecessor-version":[{"id":3780,"href":"https:\/\/sites.uwasa.fi\/kivanet\/wp-json\/wp\/v2\/pages\/14\/revisions\/3780"}],"wp:attachment":[{"href":"https:\/\/sites.uwasa.fi\/kivanet\/wp-json\/wp\/v2\/media?parent=14"}],"curies":[{"name":"wp","href":"https:\/\/api.w.org\/{rel}","templated":true}]}}