{"id":1228,"date":"2024-05-16T13:54:25","date_gmt":"2024-05-16T10:54:25","guid":{"rendered":"https:\/\/sites.uwasa.fi\/kivanet\/?page_id=1228"},"modified":"2025-07-01T13:28:13","modified_gmt":"2025-07-01T10:28:13","slug":"german-1","status":"publish","type":"page","link":"https:\/\/sites.uwasa.fi\/kivanet\/german-1\/","title":{"rendered":"German 1"},"content":{"rendered":"<h2>German 1-kurssin tiedot l\u00f6yd\u00e4t <a href=\"https:\/\/sites.uwasa.fi\/kivanet\/en\/autumn-2024\/german-2\/\" target=\"_blank\" rel=\"noopener\"><strong>t\u00e4\u00e4lt\u00e4<\/strong><\/a>. Kurssin opetuskieli on <em>englanti<\/em>.<\/h2>\n<h2>Kurssia ei j\u00e4rjestet\u00e4 syksyll\u00e4 2025.<\/h2>\n","protected":false},"excerpt":{"rendered":"<p>German 1-kurssin tiedot l\u00f6yd\u00e4t t\u00e4\u00e4lt\u00e4. Kurssin opetuskieli on englanti. Kurssia ei j\u00e4rjestet\u00e4 syksyll\u00e4 2025.<\/p>\n","protected":false},"author":185,"featured_media":0,"parent":0,"menu_order":0,"comment_status":"closed","ping_status":"closed","template":"","meta":{"_acf_changed":false,"footnotes":""},"class_list":["post-1228","page","type-page","status-publish","hentry"],"acf":[],"lang":"fi","translations":{"fi":1228},"pll_sync_post":[],"_links":{"self":[{"href":"https:\/\/sites.uwasa.fi\/kivanet\/wp-json\/wp\/v2\/pages\/1228"}],"collection":[{"href":"https:\/\/sites.uwasa.fi\/kivanet\/wp-json\/wp\/v2\/pages"}],"about":[{"href":"https:\/\/sites.uwasa.fi\/kivanet\/wp-json\/wp\/v2\/types\/page"}],"author":[{"embeddable":true,"href":"https:\/\/sites.uwasa.fi\/kivanet\/wp-json\/wp\/v2\/users\/185"}],"replies":[{"embeddable":true,"href":"https:\/\/sites.uwasa.fi\/kivanet\/wp-json\/wp\/v2\/comments?post=1228"}],"version-history":[{"count":4,"href":"https:\/\/sites.uwasa.fi\/kivanet\/wp-json\/wp\/v2\/pages\/1228\/revisions"}],"predecessor-version":[{"id":3457,"href":"https:\/\/sites.uwasa.fi\/kivanet\/wp-json\/wp\/v2\/pages\/1228\/revisions\/3457"}],"wp:attachment":[{"href":"https:\/\/sites.uwasa.fi\/kivanet\/wp-json\/wp\/v2\/media?parent=1228"}],"curies":[{"name":"wp","href":"https:\/\/api.w.org\/{rel}","templated":true}]}}