{"id":1156,"date":"2024-05-14T13:29:21","date_gmt":"2024-05-14T10:29:21","guid":{"rendered":"https:\/\/sites.uwasa.fi\/kivanet\/?page_id=1156"},"modified":"2026-02-17T17:44:28","modified_gmt":"2026-02-17T15:44:28","slug":"espanja-1","status":"publish","type":"page","link":"https:\/\/sites.uwasa.fi\/kivanet\/kurssitarjonta\/kesa-2026\/espanja\/espanja-1\/","title":{"rendered":"Espanja 1"},"content":{"rendered":"<table style=\"border-collapse: collapse;width: 100%\" border=\"1\">\n<tbody>\n<tr style=\"height: 24px\">\n<td style=\"width: 26.9973%;height: 24px\"><strong>\u00a0J\u00e4rjest\u00e4v\u00e4 korkeakoulu<\/strong><\/td>\n<td style=\"width: 64.9077%;height: 24px\"><strong>\u00a0SAMK<\/strong><\/td>\n<\/tr>\n<tr style=\"height: 24px\">\n<td style=\"width: 26.9973%;height: 24px\"><strong>\u00a0Opetuskieli<\/strong><\/td>\n<td style=\"width: 64.9077%;height: 24px\">\u00a0<strong>suomi<\/strong><\/td>\n<\/tr>\n<tr style=\"height: 24px\">\n<td style=\"width: 26.9973%;height: 24px\"><strong>\u00a0Ajoitus<\/strong><\/td>\n<td style=\"width: 64.9077%;height: 24px\">\u00a0Kurssi auki Moodlessa: 27.4.-12.6.<\/p>\n<ol>\n<li>Moduuli 27.4.\u201310.5.<\/li>\n<li>Moduuli 11.5.\u201324.5.<\/li>\n<li>Moduuli 25.5.\u20137.6.<\/li>\n<\/ol>\n<p>Kurssi pit\u00e4\u00e4 aloittaa heti 27.4. Kolmannen moduulin arvioitavat teht\u00e4v\u00e4t voi halutessaan palauttaa vasta 9.8. menness\u00e4, mutta siin\u00e4 tapauksessa menett\u00e4\u00e4 varsinaisen tenttikerran.<\/td>\n<\/tr>\n<tr style=\"height: 24px\">\n<td style=\"width: 26.9973%;height: 24px\"><strong>\u00a0Verkkotapaamisten aikataulu<\/strong><\/td>\n<td style=\"width: 64.9077%;height: 24px\">\u00a0Ei verkkotapaamisia.<\/td>\n<\/tr>\n<tr style=\"height: 24px\">\n<td style=\"width: 26.9973%;height: 24px\"><strong>\u00a0Tentti Moodlessa<\/strong><\/td>\n<td style=\"width: 64.9077%;height: 24px\">\u00a0Tentti auki Moodlessa: 11.6.<\/p>\n<ol>\n<li>uusinta 14.8.<\/li>\n<li>uusinta 28.8.<\/li>\n<\/ol>\n<\/td>\n<\/tr>\n<tr style=\"height: 24px\">\n<td style=\"width: 26.9973%;height: 24px\"><strong>\u00a0CEFR-taso<\/strong><\/td>\n<td style=\"width: 64.9077%;height: 24px\">\u00a0L\u00e4ht\u00f6taso 0 &gt; tavoitetaso A1.1<\/td>\n<\/tr>\n<tr style=\"height: 24px\">\n<td style=\"width: 26.9973%;height: 24px\"><strong>\u00a0Opintopisteet<\/strong><\/td>\n<td style=\"width: 64.9077%;height: 24px\">\u00a0 3<\/td>\n<\/tr>\n<tr style=\"height: 24px\">\n<td style=\"width: 26.9973%;height: 24px\"><strong>\u00a0Esitiedot<\/strong><\/td>\n<td style=\"width: 64.9077%;height: 24px\">\u00a0Opiskelijalta ei vaadita aikaisempaa espanjan osaamista.<\/td>\n<\/tr>\n<\/tbody>\n<\/table>\n<p>&nbsp;<\/p>\n<h2>Kurssikuvaus<\/h2>\n<p><strong>Sis\u00e4lt\u00f6<\/strong><\/p>\n<p><em>\u00a1<\/em><em>Hola! <\/em><em>\u00a1<\/em><em>Bienvenidos a estudiar espa\u00f1ol!<\/em><\/p>\n<p>Tervetuloa aloittamaan espanjan kielen opintosi verkkokurssilla itsen\u00e4isten ja monipuolisten teht\u00e4vien avulla! Opit esittelem\u00e4\u00e4n itsesi, juttelemaan small talk -tilanteissa, kertomaan opinnoistasi ja ty\u00f6st\u00e4si, kysym\u00e4\u00e4n tiet\u00e4 ja asioimaan hotellissa. Tutustut Espanjaan ja valmistaudut k\u00e4ytt\u00e4m\u00e4\u00e4n kielt\u00e4 maahan matkustaessasi. Opit my\u00f6s tilaamaan juomia ja ruokia kahvilassa.<em>\u00a0<\/em><\/p>\n<ul>\n<li>\u00e4\u00e4nt\u00e4minen, sanapaino ja intonaatio<\/li>\n<li>aakkoset ja oman nimen tavaaminen<\/li>\n<li>itsest\u00e4, omista opinnoista ja ty\u00f6st\u00e4 kertominen<\/li>\n<li>kahvilassa asioiminen, matkustaminen ja kulkuneuvot, hotellissa asiointi<\/li>\n<li>tutustuminen maahan ja sen kulttuuriin (maiden nimien ja kansalaisuuksien k\u00e4ytt\u00f6)<\/li>\n<li>kielen perusrakenteet: substantiivien ja adjektiivien taipuminen, olla-verbien erot ja s\u00e4\u00e4nn\u00f6llisten verbien preesenstaivutus, artikkelien k\u00e4ytt\u00f6, tavallisimpien ep\u00e4s\u00e4\u00e4nn\u00f6llisten verbien taivutus nykyajassa<\/li>\n<li>kysymyssanat<\/li>\n<li>tavallisimmat prepositiot<\/li>\n<li>lukusanat 1\u2013100, j\u00e4rjestysluvut 1\u201310<\/li>\n<li>l\u00e4hitulevaisuuden ilmaiseminen<\/li>\n<\/ul>\n<p><strong>Osaamistavoitteet<\/strong><\/p>\n<p>T\u00e4m\u00e4n opintojakson j\u00e4lkeen osaat:<\/p>\n<ul>\n<li>k\u00e4ytt\u00e4\u00e4 kielelle ja kulttuurille tyypillisimpi\u00e4 ilmauksia kaikkein rutiininomaisimmissa arki- ja ty\u00f6el\u00e4m\u00e4n viestint\u00e4tilanteissa<\/li>\n<li>kirjoittaa ja \u00e4\u00e4nt\u00e4\u00e4 ymm\u00e4rrett\u00e4v\u00e4sti yksitt\u00e4isi\u00e4 sanoja ja lyhyit\u00e4 lauseita<\/li>\n<li>huomioida paremmin kulttuurista monimuotoisuutta ja kielitietoisuutta sek\u00e4 suunnitella tulevia, seuraavan tason kieliopintoja.<\/li>\n<\/ul>\n<p><strong>Oppimateriaali<\/strong><\/p>\n<p>Kaikki oppimateriaali on digitaalisella oppimisalustalla<\/p>\n<p><strong>Opetus- ja arviointimenetelm\u00e4t<\/strong><\/p>\n<p>Opetus ja harjoitusteht\u00e4v\u00e4t digitaalisella alustalla.<\/p>\n<p>Arviointi perustuu seuraaviin suorituksiin:<\/p>\n<ul>\n<li>kolme videoteht\u00e4v\u00e4\u00e4<\/li>\n<li>kolme kirjallista testi\u00e4<\/li>\n<li>kolme lyhytt\u00e4 kulttuuriteht\u00e4v\u00e4\u00e4<\/li>\n<li>lopputentti<\/li>\n<\/ul>\n<p><strong>Arvosteluasteikko<\/strong><strong>\u202f<\/strong><strong>ja arviointikriteerit<\/strong><\/p>\n<p>Hyv\u00e4ksytty\/hyl\u00e4tty<\/p>\n<p>Arviointikriteerit perustuvat osaamistavoitteissa ja suoritustavoissa mainittuihin asioihin. Hyv\u00e4ksytty-arvosanan saamiseksi kaikki vaaditut teht\u00e4v\u00e4t pit\u00e4\u00e4 palauttaa hyv\u00e4ksytysti m\u00e4\u00e4r\u00e4aikaan menness\u00e4. Lis\u00e4ksi kurssin lopputentti tulee suorittaa hyv\u00e4ksytysti.<\/p>\n<p><strong>Ty\u00f6m\u00e4\u00e4r\u00e4 toteutustavoittain<\/strong><\/p>\n<ul>\n<li>itsen\u00e4inen opiskelu ja palautettavat teht\u00e4v\u00e4t 79h<\/li>\n<li>lopputentti 2h<\/li>\n<\/ul>\n<p>Yhteens\u00e4 81 h. Yksi opintopiste vastaa 27 h opiskelijan ty\u00f6t\u00e4 (3 x 27 h = 81 h).<\/p>\n<h2><strong>Ilmoittautuminen 2.3.2026-12.4.2026.<\/strong><\/h2>\n<h2><\/h2>\n","protected":false},"excerpt":{"rendered":"<p>\u00a0J\u00e4rjest\u00e4v\u00e4 korkeakoulu \u00a0SAMK \u00a0Opetuskieli \u00a0suomi \u00a0Ajoitus \u00a0Kurssi auki Moodlessa: 27.4.-12.6. Moduuli 27.4.\u201310.5. Moduuli 11.5.\u201324.5. Moduuli 25.5.\u20137.6. Kurssi pit\u00e4\u00e4 aloittaa heti 27.4. Kolmannen moduulin arvioitavat teht\u00e4v\u00e4t voi halutessaan palauttaa vasta 9.8. menness\u00e4, mutta siin\u00e4 tapauksessa menett\u00e4\u00e4 varsinaisen tenttikerran. \u00a0Verkkotapaamisten aikataulu \u00a0Ei verkkotapaamisia. \u00a0Tentti Moodlessa \u00a0Tentti auki Moodlessa: 11.6. uusinta 14.8. uusinta 28.8. \u00a0CEFR-taso \u00a0L\u00e4ht\u00f6taso 0 &gt; [&hellip;]<\/p>\n","protected":false},"author":185,"featured_media":0,"parent":1150,"menu_order":0,"comment_status":"closed","ping_status":"closed","template":"","meta":{"_acf_changed":false,"footnotes":""},"class_list":["post-1156","page","type-page","status-publish","hentry"],"acf":[],"lang":"fi","translations":{"fi":1156},"pll_sync_post":[],"_links":{"self":[{"href":"https:\/\/sites.uwasa.fi\/kivanet\/wp-json\/wp\/v2\/pages\/1156"}],"collection":[{"href":"https:\/\/sites.uwasa.fi\/kivanet\/wp-json\/wp\/v2\/pages"}],"about":[{"href":"https:\/\/sites.uwasa.fi\/kivanet\/wp-json\/wp\/v2\/types\/page"}],"author":[{"embeddable":true,"href":"https:\/\/sites.uwasa.fi\/kivanet\/wp-json\/wp\/v2\/users\/185"}],"replies":[{"embeddable":true,"href":"https:\/\/sites.uwasa.fi\/kivanet\/wp-json\/wp\/v2\/comments?post=1156"}],"version-history":[{"count":13,"href":"https:\/\/sites.uwasa.fi\/kivanet\/wp-json\/wp\/v2\/pages\/1156\/revisions"}],"predecessor-version":[{"id":3876,"href":"https:\/\/sites.uwasa.fi\/kivanet\/wp-json\/wp\/v2\/pages\/1156\/revisions\/3876"}],"up":[{"embeddable":true,"href":"https:\/\/sites.uwasa.fi\/kivanet\/wp-json\/wp\/v2\/pages\/1150"}],"wp:attachment":[{"href":"https:\/\/sites.uwasa.fi\/kivanet\/wp-json\/wp\/v2\/media?parent=1156"}],"curies":[{"name":"wp","href":"https:\/\/api.w.org\/{rel}","templated":true}]}}