{"id":1123,"date":"2024-05-14T12:52:24","date_gmt":"2024-05-14T09:52:24","guid":{"rendered":"https:\/\/sites.uwasa.fi\/kivanet\/?page_id=1123"},"modified":"2025-11-21T14:21:34","modified_gmt":"2025-11-21T12:21:34","slug":"espanja-6","status":"publish","type":"page","link":"https:\/\/sites.uwasa.fi\/kivanet\/kurssitarjonta\/kevat-2026\/espanja\/espanja-6\/","title":{"rendered":"Espanja 6"},"content":{"rendered":"<table style=\"border-collapse: collapse;width: 100%\" border=\"1\">\n<tbody>\n<tr style=\"height: 24px\">\n<td style=\"width: 10.235%;height: 24px\"><strong>\u00a0J\u00e4rjest\u00e4v\u00e4 korkeakoulu<\/strong><\/td>\n<td style=\"width: 38.7093%;height: 24px\"><strong>\u00a0LAB\/LUT<\/strong><\/td>\n<\/tr>\n<tr style=\"height: 24px\">\n<td style=\"width: 10.235%;height: 24px\"><strong>\u00a0Opetuskieli<\/strong><\/td>\n<td style=\"width: 38.7093%;height: 24px\"><strong>\u00a0espanja (suomi, englanti)<\/strong><\/td>\n<\/tr>\n<tr style=\"height: 24px\">\n<td style=\"width: 10.235%;height: 24px\"><strong>\u00a0Ajoitus<\/strong><\/td>\n<td style=\"width: 38.7093%;height: 24px\"><strong>\u00a0Kurssi auki Moodlessa: 2.3.- 24.5.2026<\/strong><\/td>\n<\/tr>\n<tr style=\"height: 24px\">\n<td style=\"width: 10.235%;height: 24px\"><strong>\u00a0Verkkotapaamisten aikataulu<\/strong><\/td>\n<td style=\"width: 38.7093%;height: 24px\">\u00a0<strong>Vapaaehtoiset verkkotapaamiset:<\/strong><\/p>\n<ul>\n<li><strong>\u00a027.3. klo 10-12<\/strong><\/li>\n<li><strong>24.4. klo 10-12<\/strong><\/li>\n<\/ul>\n<\/td>\n<\/tr>\n<tr style=\"height: 10px\">\n<td style=\"width: 10.235%;height: 10px\"><strong>\u00a0Tentti Moodlessa<\/strong><\/td>\n<td style=\"width: 38.7093%;height: 10px\"><strong>\u00a0Tentti auki Moodlessa: 7.4.- 31.5.2026<\/strong><\/td>\n<\/tr>\n<tr style=\"height: 24px\">\n<td style=\"width: 10.235%;height: 24px\"><strong>\u00a0CEFR-taso<\/strong><\/td>\n<td style=\"width: 38.7093%;height: 24px\"><strong>\u00a0L\u00e4ht\u00f6taso B1.1 &gt; tavoitetaso B1.2<\/strong><\/td>\n<\/tr>\n<tr style=\"height: 24px\">\n<td style=\"width: 10.235%;height: 24px\"><strong>\u00a0Opintopisteet<\/strong><\/td>\n<td style=\"width: 38.7093%;height: 24px\"><strong>\u00a03<\/strong><\/td>\n<\/tr>\n<tr style=\"height: 24px\">\n<td style=\"width: 10.235%;height: 24px\"><strong>\u00a0Esitiedot<\/strong><\/td>\n<td style=\"width: 38.7093%;height: 24px\"><strong><span class=\"TextRun SCXW94527963 BCX8\" lang=\"FI-FI\" xml:lang=\"FI-FI\" data-contrast=\"none\"><span class=\"NormalTextRun SCXW94527963 BCX8\" data-ccp-parastyle=\"paragraph\" data-ccp-parastyle-defn=\"{&quot;ObjectId&quot;:&quot;aaed607e-c2a3-5841-9fb4-41037bfa0faf|1&quot;,&quot;ClassId&quot;:1073872969,&quot;Properties&quot;:[201342446,&quot;1&quot;,201342447,&quot;5&quot;,201342448,&quot;1&quot;,201342449,&quot;1&quot;,469777841,&quot;Times New Roman&quot;,469777842,&quot;Times New Roman&quot;,469777843,&quot;Times New Roman&quot;,469777844,&quot;Times New Roman&quot;,201341986,&quot;1&quot;,469769226,&quot;Times New Roman&quot;,268442635,&quot;24&quot;,469775450,&quot;paragraph&quot;,201340122,&quot;2&quot;,134233614,&quot;true&quot;,469778129,&quot;paragraph&quot;,335572020,&quot;1&quot;,335559705,&quot;1035&quot;,335559740,&quot;240&quot;,201341983,&quot;0&quot;,134233118,&quot;true&quot;,134233117,&quot;true&quot;,469778324,&quot;Normal&quot;]}\">\u00a0Opintojakso edellytt\u00e4\u00e4 <\/span><span class=\"NormalTextRun SpellingErrorV2Themed SCXW94527963 BCX8\" data-ccp-parastyle=\"paragraph\">KiVANETin<\/span><span class=\"NormalTextRun SCXW94527963 BCX8\" data-ccp-parastyle=\"paragraph\"> Espanja <\/span><span class=\"NormalTextRun ContextualSpellingAndGrammarErrorV2Themed SCXW94527963 BCX8\" data-ccp-parastyle=\"paragraph\">1-5<\/span><span class=\"NormalTextRun SCXW94527963 BCX8\" data-ccp-parastyle=\"paragraph\"> suorittamista tai vastaavaa osaamista\u00a0 \u00a0espanjan kieless\u00e4 (taitotaso B1.1).<\/span><\/span><span class=\"EOP SCXW94527963 BCX8\" data-ccp-props=\"{&quot;134233117&quot;:false,&quot;134233118&quot;:false,&quot;201341983&quot;:0,&quot;335551550&quot;:6,&quot;335551620&quot;:6,&quot;335559738&quot;:0,&quot;335559739&quot;:0,&quot;335559740&quot;:240}\">\u00a0<\/span><\/strong><\/td>\n<\/tr>\n<\/tbody>\n<\/table>\n<h3>Kurssikuvaus<\/h3>\n<p><b><span data-contrast=\"none\">Sis\u00e4lt\u00f6\u202f<\/span><\/b><\/p>\n<p><span data-contrast=\"none\">Espanja 6 -verkko-opintojaksolla opiskellaan espanjaa Latinalaisen Amerikan kontekstissa. Aiheita ovat Latinalaisen Amerikan yhteiskunta ja talousel\u00e4m\u00e4, matkailu, ymp\u00e4rist\u00f6, kest\u00e4v\u00e4 kehitys sek\u00e4 Etel\u00e4-Amerikan vapaakauppaliitto Mercosur <\/span><span data-contrast=\"none\">Argentiinan, Brasilian, Uruguayn ja Paraguayn v\u00e4lill\u00e4,\u00a0<\/span> <span data-contrast=\"auto\">\u202f\u202f<\/span><span data-contrast=\"none\">\u202f<\/span><span data-ccp-props=\"{&quot;134233117&quot;:false,&quot;134233118&quot;:false,&quot;201341983&quot;:0,&quot;335551550&quot;:6,&quot;335551620&quot;:6,&quot;335559738&quot;:0,&quot;335559739&quot;:0,&quot;335559740&quot;:240}\">\u00a0<\/span><\/p>\n<p><span data-contrast=\"none\">Aihepiirit liittyv\u00e4t Etel\u00e4-Amerikassa, nimenomaan Argentiinassa, k\u00e4ytettyyn espanjan kielen varianttiin ja seuraaviin rakenteisiin:\u202f<\/span><span data-ccp-props=\"{&quot;134233117&quot;:false,&quot;134233118&quot;:false,&quot;201341983&quot;:0,&quot;335559738&quot;:0,&quot;335559739&quot;:0,&quot;335559740&quot;:240}\">\u00a0<\/span><\/p>\n<ul>\n<li data-leveltext=\"\uf0b7\" data-font=\"Symbol\" data-listid=\"1\" data-list-defn-props=\"{&quot;335552541&quot;:1,&quot;335559685&quot;:720,&quot;335559991&quot;:360,&quot;469769226&quot;:&quot;Symbol&quot;,&quot;469769242&quot;:[8226],&quot;469777803&quot;:&quot;left&quot;,&quot;469777804&quot;:&quot;\uf0b7&quot;,&quot;469777815&quot;:&quot;multilevel&quot;}\" data-aria-posinset=\"1\" data-aria-level=\"1\"><span data-contrast=\"none\">indikatiivin menneen ajan aikamuotojen kertaus<\/span><span data-ccp-props=\"{&quot;134233117&quot;:false,&quot;134233118&quot;:false,&quot;201341983&quot;:0,&quot;335559685&quot;:360,&quot;335559731&quot;:0,&quot;335559738&quot;:0,&quot;335559739&quot;:0,&quot;335559740&quot;:240}\">\u00a0<\/span><\/li>\n<li data-leveltext=\"\uf0b7\" data-font=\"Symbol\" data-listid=\"2\" data-list-defn-props=\"{&quot;335552541&quot;:1,&quot;335559685&quot;:720,&quot;335559991&quot;:360,&quot;469769226&quot;:&quot;Symbol&quot;,&quot;469769242&quot;:[8226],&quot;469777803&quot;:&quot;left&quot;,&quot;469777804&quot;:&quot;\uf0b7&quot;,&quot;469777815&quot;:&quot;multilevel&quot;}\" data-aria-posinset=\"2\" data-aria-level=\"1\"><span data-contrast=\"none\">subjunktiivin menneen ajan aikamuodot<\/span><span data-ccp-props=\"{&quot;134233117&quot;:false,&quot;134233118&quot;:false,&quot;201341983&quot;:0,&quot;335559685&quot;:360,&quot;335559731&quot;:0,&quot;335559738&quot;:0,&quot;335559739&quot;:0,&quot;335559740&quot;:240}\">\u00a0<\/span><\/li>\n<li data-leveltext=\"\uf0b7\" data-font=\"Symbol\" data-listid=\"2\" data-list-defn-props=\"{&quot;335552541&quot;:1,&quot;335559685&quot;:720,&quot;335559991&quot;:360,&quot;469769226&quot;:&quot;Symbol&quot;,&quot;469769242&quot;:[8226],&quot;469777803&quot;:&quot;left&quot;,&quot;469777804&quot;:&quot;\uf0b7&quot;,&quot;469777815&quot;:&quot;multilevel&quot;}\" data-aria-posinset=\"3\" data-aria-level=\"1\"><span data-contrast=\"none\">ehtolauseet (p\u00e4\u00e4lauseessa konditionaali ja sivulauseessa subjunktiivin <\/span> <span data-contrast=\"none\">menneen ajan aikamuodot)<\/span><span data-ccp-props=\"{&quot;134233117&quot;:false,&quot;134233118&quot;:false,&quot;201341983&quot;:0,&quot;335559685&quot;:360,&quot;335559731&quot;:0,&quot;335559738&quot;:0,&quot;335559739&quot;:0,&quot;335559740&quot;:240}\">\u00a0<\/span><\/li>\n<li data-leveltext=\"\uf0b7\" data-font=\"Symbol\" data-listid=\"2\" data-list-defn-props=\"{&quot;335552541&quot;:1,&quot;335559685&quot;:720,&quot;335559991&quot;:360,&quot;469769226&quot;:&quot;Symbol&quot;,&quot;469769242&quot;:[8226],&quot;469777803&quot;:&quot;left&quot;,&quot;469777804&quot;:&quot;\uf0b7&quot;,&quot;469777815&quot;:&quot;multilevel&quot;}\" data-aria-posinset=\"3\" data-aria-level=\"1\"><span data-contrast=\"none\">voseo-ilmi\u00f6 (R\u00edo de La Platan alueella erityisesti Argentiinassa ja Uruguayssa <\/span> <span data-contrast=\"none\">k\u00e4yt\u00f6ss\u00e4 oleva sinuttelupersoona)<\/span><span data-ccp-props=\"{&quot;134233117&quot;:false,&quot;134233118&quot;:false,&quot;201341983&quot;:0,&quot;335559685&quot;:360,&quot;335559731&quot;:0,&quot;335559738&quot;:0,&quot;335559739&quot;:0,&quot;335559740&quot;:240}\">\u00a0<\/span><\/li>\n<\/ul>\n<p><b><span data-contrast=\"none\">Osaamistavoitteet<\/span><\/b><span data-contrast=\"none\">\u202f<\/span><span data-ccp-props=\"{&quot;134233117&quot;:false,&quot;134233118&quot;:false,&quot;201341983&quot;:0,&quot;335559738&quot;:0,&quot;335559739&quot;:0,&quot;335559740&quot;:240}\">\u00a0<\/span><\/p>\n<p><span data-contrast=\"none\">T\u00e4m\u00e4n opintojakson j\u00e4lkeen<\/span><span data-contrast=\"auto\">:\u202f<\/span><span data-contrast=\"auto\">\u202f<\/span><span data-ccp-props=\"{&quot;134233117&quot;:false,&quot;134233118&quot;:false,&quot;201341983&quot;:0,&quot;335559738&quot;:0,&quot;335559739&quot;:0,&quot;335559740&quot;:240}\">\u00a0<\/span><\/p>\n<ul>\n<li data-leveltext=\"\uf0b7\" data-font=\"Symbol\" data-listid=\"9\" data-list-defn-props=\"{&quot;335552541&quot;:1,&quot;335559685&quot;:720,&quot;335559991&quot;:360,&quot;469769226&quot;:&quot;Symbol&quot;,&quot;469769242&quot;:[8226],&quot;469777803&quot;:&quot;left&quot;,&quot;469777804&quot;:&quot;\uf0b7&quot;,&quot;469777815&quot;:&quot;multilevel&quot;}\" data-aria-posinset=\"2\" data-aria-level=\"1\"><span data-contrast=\"auto\">pystyt osallistumaan sujuvasti keskusteluun ja ilmaisemaan itse\u00e4si <\/span> <span data-contrast=\"auto\">yhteiskuntaan ja talousel\u00e4m\u00e4\u00e4n liittyviss\u00e4 aiheissa\u202f<\/span><span data-contrast=\"auto\">\u202f<\/span><span data-ccp-props=\"{&quot;134233117&quot;:false,&quot;134233118&quot;:false,&quot;201341983&quot;:0,&quot;335559685&quot;:360,&quot;335559731&quot;:0,&quot;335559738&quot;:0,&quot;335559739&quot;:0,&quot;335559740&quot;:240}\">\u00a0<\/span><\/li>\n<li data-leveltext=\"\uf0b7\" data-font=\"Symbol\" data-listid=\"9\" data-list-defn-props=\"{&quot;335552541&quot;:1,&quot;335559685&quot;:720,&quot;335559991&quot;:360,&quot;469769226&quot;:&quot;Symbol&quot;,&quot;469769242&quot;:[8226],&quot;469777803&quot;:&quot;left&quot;,&quot;469777804&quot;:&quot;\uf0b7&quot;,&quot;469777815&quot;:&quot;multilevel&quot;}\" data-aria-posinset=\"3\" data-aria-level=\"1\"><span data-contrast=\"auto\">osaat poimia keskustelusta sek\u00e4 p\u00e4\u00e4viestin ett\u00e4 yksityiskohdat<\/span><span data-contrast=\"auto\">\u202f<\/span><span data-ccp-props=\"{&quot;134233117&quot;:false,&quot;134233118&quot;:false,&quot;201341983&quot;:0,&quot;335559685&quot;:360,&quot;335559731&quot;:0,&quot;335559738&quot;:0,&quot;335559739&quot;:0,&quot;335559740&quot;:240}\">\u00a0<\/span><\/li>\n<li data-leveltext=\"\uf0b7\" data-font=\"Symbol\" data-listid=\"9\" data-list-defn-props=\"{&quot;335552541&quot;:1,&quot;335559685&quot;:720,&quot;335559991&quot;:360,&quot;469769226&quot;:&quot;Symbol&quot;,&quot;469769242&quot;:[8226],&quot;469777803&quot;:&quot;left&quot;,&quot;469777804&quot;:&quot;\uf0b7&quot;,&quot;469777815&quot;:&quot;multilevel&quot;}\" data-aria-posinset=\"4\" data-aria-level=\"1\"><span data-contrast=\"auto\">kykenet lukemaan ja ymm\u00e4rt\u00e4m\u00e4\u00e4n ajankohtaisiin aiheisiin liittyvi\u00e4 vaativia <\/span> <span data-contrast=\"auto\">tekstej\u00e4, esim. talousel\u00e4m\u00e4, politiikka, yhteiskunnalliset muutokset jne.<\/span><span data-contrast=\"auto\">\u202f<\/span><span data-ccp-props=\"{&quot;134233117&quot;:false,&quot;134233118&quot;:false,&quot;201341983&quot;:0,&quot;335559685&quot;:360,&quot;335559731&quot;:0,&quot;335559738&quot;:0,&quot;335559739&quot;:0,&quot;335559740&quot;:240}\">\u00a0<\/span><\/li>\n<li data-leveltext=\"\uf0b7\" data-font=\"Symbol\" data-listid=\"10\" data-list-defn-props=\"{&quot;335552541&quot;:1,&quot;335559685&quot;:720,&quot;335559991&quot;:360,&quot;469769226&quot;:&quot;Symbol&quot;,&quot;469769242&quot;:[8226],&quot;469777803&quot;:&quot;left&quot;,&quot;469777804&quot;:&quot;\uf0b7&quot;,&quot;469777815&quot;:&quot;multilevel&quot;}\" data-aria-posinset=\"5\" data-aria-level=\"1\"><span data-contrast=\"auto\">pystyt kirjoittamaan artikkelin Latinalaisen Amerikan yhteiskuntaa ja talousel\u00e4m\u00e4\u00e4 k\u00e4sittelevist\u00e4 aiheista<\/span><span data-ccp-props=\"{&quot;134233117&quot;:false,&quot;134233118&quot;:false,&quot;201341983&quot;:0,&quot;335559685&quot;:360,&quot;335559731&quot;:0,&quot;335559738&quot;:0,&quot;335559739&quot;:0,&quot;335559740&quot;:240}\">\u00a0<\/span><\/li>\n<li data-leveltext=\"\uf0b7\" data-font=\"Symbol\" data-listid=\"10\" data-list-defn-props=\"{&quot;335552541&quot;:1,&quot;335559685&quot;:720,&quot;335559991&quot;:360,&quot;469769226&quot;:&quot;Symbol&quot;,&quot;469769242&quot;:[8226],&quot;469777803&quot;:&quot;left&quot;,&quot;469777804&quot;:&quot;\uf0b7&quot;,&quot;469777815&quot;:&quot;multilevel&quot;}\" data-aria-posinset=\"6\" data-aria-level=\"1\"><span data-contrast=\"auto\">olet syvent\u00e4nyt Latinalaisen Amerikan kulttuurin tuntemustasi.\u202f\u202f<\/span><span data-contrast=\"auto\">\u202f<\/span><span data-ccp-props=\"{&quot;134233117&quot;:false,&quot;134233118&quot;:false,&quot;201341983&quot;:0,&quot;335559685&quot;:360,&quot;335559731&quot;:0,&quot;335559738&quot;:0,&quot;335559739&quot;:0,&quot;335559740&quot;:240}\">\u00a0<\/span><\/li>\n<\/ul>\n<p><b><span data-contrast=\"none\">Oppimateriaali<\/span><\/b><span data-contrast=\"none\">\u202f\u202f<\/span><span data-ccp-props=\"{&quot;134233117&quot;:false,&quot;134233118&quot;:false,&quot;201341983&quot;:0,&quot;335551550&quot;:6,&quot;335551620&quot;:6,&quot;335559738&quot;:0,&quot;335559739&quot;:0,&quot;335559740&quot;:240}\">\u00a0<\/span><\/p>\n<p><span data-contrast=\"none\">Oppimateriaali on<\/span> <span data-contrast=\"none\">digitaalisella oppimisalustalla.\u202f\u202f<\/span><span data-ccp-props=\"{&quot;134233117&quot;:false,&quot;134233118&quot;:false,&quot;201341983&quot;:0,&quot;335551550&quot;:6,&quot;335551620&quot;:6,&quot;335559738&quot;:0,&quot;335559739&quot;:0,&quot;335559740&quot;:240}\">\u00a0<\/span><\/p>\n<p><b><span data-contrast=\"none\">Opetus- ja arviointimenetelm\u00e4t<\/span><\/b><span data-contrast=\"none\">\u202f\u202f<\/span><\/p>\n<p><span data-contrast=\"none\">Opetus ja harjoitusteht\u00e4v\u00e4t digitaalisella alustalla.<\/span><\/p>\n<p><span data-contrast=\"none\">Arviointi perustuu seuraaviin suorituksiin:<\/span><span data-ccp-props=\"{&quot;134233117&quot;:false,&quot;134233118&quot;:false,&quot;201341983&quot;:0,&quot;335551550&quot;:6,&quot;335551620&quot;:6,&quot;335559685&quot;:0,&quot;335559738&quot;:0,&quot;335559739&quot;:0,&quot;335559740&quot;:240}\">\u00a0<\/span><\/p>\n<ul>\n<li data-leveltext=\"\uf0b7\" data-font=\"Symbol\" data-listid=\"11\" data-list-defn-props=\"{&quot;335552541&quot;:1,&quot;335559685&quot;:720,&quot;335559991&quot;:360,&quot;469769226&quot;:&quot;Symbol&quot;,&quot;469769242&quot;:[8226],&quot;469777803&quot;:&quot;left&quot;,&quot;469777804&quot;:&quot;\uf0b7&quot;,&quot;469777815&quot;:&quot;hybridMultilevel&quot;}\" data-aria-posinset=\"1\" data-aria-level=\"1\"><span data-contrast=\"none\">videoteht\u00e4v\u00e4t<\/span><span data-ccp-props=\"{&quot;134233117&quot;:false,&quot;134233118&quot;:false,&quot;201341983&quot;:0,&quot;335551550&quot;:6,&quot;335551620&quot;:6,&quot;335559738&quot;:0,&quot;335559739&quot;:0,&quot;335559740&quot;:240}\">\u00a0<\/span><\/li>\n<li data-leveltext=\"\uf0b7\" data-font=\"Symbol\" data-listid=\"11\" data-list-defn-props=\"{&quot;335552541&quot;:1,&quot;335559685&quot;:720,&quot;335559991&quot;:360,&quot;469769226&quot;:&quot;Symbol&quot;,&quot;469769242&quot;:[8226],&quot;469777803&quot;:&quot;left&quot;,&quot;469777804&quot;:&quot;\uf0b7&quot;,&quot;469777815&quot;:&quot;hybridMultilevel&quot;}\" data-aria-posinset=\"2\" data-aria-level=\"1\"><span data-contrast=\"none\">joitakin palautettavia kirjallisia teht\u00e4vi\u00e4\u00a0<\/span><span data-ccp-props=\"{&quot;134233117&quot;:false,&quot;134233118&quot;:false,&quot;201341983&quot;:0,&quot;335551550&quot;:6,&quot;335551620&quot;:6,&quot;335559738&quot;:0,&quot;335559739&quot;:0,&quot;335559740&quot;:240}\">\u00a0<\/span><\/li>\n<li data-leveltext=\"\uf0b7\" data-font=\"Symbol\" data-listid=\"11\" data-list-defn-props=\"{&quot;335552541&quot;:1,&quot;335559685&quot;:720,&quot;335559991&quot;:360,&quot;469769226&quot;:&quot;Symbol&quot;,&quot;469769242&quot;:[8226],&quot;469777803&quot;:&quot;left&quot;,&quot;469777804&quot;:&quot;\uf0b7&quot;,&quot;469777815&quot;:&quot;hybridMultilevel&quot;}\" data-aria-posinset=\"3\" data-aria-level=\"1\"><span data-contrast=\"none\">lopputentti<\/span>\u202f<span data-ccp-props=\"{&quot;134233117&quot;:false,&quot;134233118&quot;:false,&quot;201341983&quot;:0,&quot;335551550&quot;:6,&quot;335551620&quot;:6,&quot;335559738&quot;:0,&quot;335559739&quot;:0,&quot;335559740&quot;:240}\">\u00a0<\/span><\/li>\n<\/ul>\n<p><b><span data-contrast=\"none\">Arvosteluasteikko ja arviointikriteerit<\/span><\/b><span data-contrast=\"none\">\u202f\u202f<\/span><span data-ccp-props=\"{&quot;134233117&quot;:false,&quot;134233118&quot;:false,&quot;201341983&quot;:0,&quot;335551550&quot;:6,&quot;335551620&quot;:6,&quot;335559738&quot;:0,&quot;335559739&quot;:0,&quot;335559740&quot;:240}\">\u00a0<\/span><\/p>\n<p><span data-contrast=\"none\">Hyv\u00e4ksytty\/hyl\u00e4tty tai asteikolla 0-5 toteutuksen mukaan.<\/span><span data-ccp-props=\"{&quot;134233117&quot;:false,&quot;134233118&quot;:false,&quot;201341983&quot;:0,&quot;335551550&quot;:6,&quot;335551620&quot;:6,&quot;335559738&quot;:0,&quot;335559739&quot;:240,&quot;335559740&quot;:240}\">\u00a0<\/span><\/p>\n<p><span data-contrast=\"none\">Arviointikriteerit perustuvat osaamistavoitteissa ja suoritustavoissa mainittuihin asioihin. Hyv\u00e4ksytty-arvosanan saamiseksi vaaditut teht\u00e4v\u00e4t videoineen ja lopputentti tulee suorittaa hyv\u00e4ksytysti toteutuksen aikataulun mukaisesti sek\u00e4 osallistua Zoom-tunteihin ennalta ilmoitetun aikataulun mukaan.<\/span><span data-ccp-props=\"{&quot;134233117&quot;:false,&quot;134233118&quot;:false,&quot;201341983&quot;:0,&quot;335551550&quot;:6,&quot;335551620&quot;:6,&quot;335559738&quot;:0,&quot;335559739&quot;:0,&quot;335559740&quot;:240}\">\u00a0<\/span><\/p>\n<p><b><span data-contrast=\"none\">Ty\u00f6m\u00e4\u00e4r\u00e4 toteutustavoittain<\/span><\/b><span data-contrast=\"none\">\u202f\u202f<\/span><\/p>\n<ul>\n<li data-leveltext=\"\uf0b7\" data-font=\"Symbol\" data-listid=\"7\" data-list-defn-props=\"{&quot;335552541&quot;:1,&quot;335559685&quot;:720,&quot;335559991&quot;:360,&quot;469769226&quot;:&quot;Symbol&quot;,&quot;469769242&quot;:[8226],&quot;469777803&quot;:&quot;left&quot;,&quot;469777804&quot;:&quot;\uf0b7&quot;,&quot;469777815&quot;:&quot;multilevel&quot;}\" data-aria-posinset=\"4\" data-aria-level=\"1\"><span data-contrast=\"none\">itsen\u00e4inen opiskelu 46h\u202f<\/span><span data-ccp-props=\"{&quot;134233117&quot;:false,&quot;134233118&quot;:false,&quot;201341983&quot;:0,&quot;335559685&quot;:360,&quot;335559731&quot;:0,&quot;335559738&quot;:0,&quot;335559739&quot;:0,&quot;335559740&quot;:240}\">\u00a0<\/span><\/li>\n<li data-leveltext=\"\uf0b7\" data-font=\"Symbol\" data-listid=\"8\" data-list-defn-props=\"{&quot;335552541&quot;:1,&quot;335559685&quot;:720,&quot;335559991&quot;:360,&quot;469769226&quot;:&quot;Symbol&quot;,&quot;469769242&quot;:[8226],&quot;469777803&quot;:&quot;left&quot;,&quot;469777804&quot;:&quot;\uf0b7&quot;,&quot;469777815&quot;:&quot;multilevel&quot;}\" data-aria-posinset=\"5\" data-aria-level=\"1\"><span data-contrast=\"none\">teht\u00e4v\u00e4t 30h\u202f<\/span><span data-ccp-props=\"{&quot;134233117&quot;:false,&quot;134233118&quot;:false,&quot;201341983&quot;:0,&quot;335559685&quot;:360,&quot;335559731&quot;:0,&quot;335559738&quot;:0,&quot;335559739&quot;:0,&quot;335559740&quot;:240}\">\u00a0<\/span><\/li>\n<li data-leveltext=\"\uf0b7\" data-font=\"Symbol\" data-listid=\"8\" data-list-defn-props=\"{&quot;335552541&quot;:1,&quot;335559685&quot;:720,&quot;335559991&quot;:360,&quot;469769226&quot;:&quot;Symbol&quot;,&quot;469769242&quot;:[8226],&quot;469777803&quot;:&quot;left&quot;,&quot;469777804&quot;:&quot;\uf0b7&quot;,&quot;469777815&quot;:&quot;multilevel&quot;}\" data-aria-posinset=\"6\" data-aria-level=\"1\"><span data-contrast=\"auto\">2 x \u00e0 2h = yht. 4h tapaamisia Zoomissa<\/span><span data-ccp-props=\"{&quot;134233117&quot;:false,&quot;134233118&quot;:false,&quot;201341983&quot;:0,&quot;335559685&quot;:360,&quot;335559731&quot;:0,&quot;335559738&quot;:0,&quot;335559739&quot;:0,&quot;335559740&quot;:240}\">\u00a0<\/span><\/li>\n<li data-leveltext=\"\uf0b7\" data-font=\"Symbol\" data-listid=\"8\" data-list-defn-props=\"{&quot;335552541&quot;:1,&quot;335559685&quot;:720,&quot;335559991&quot;:360,&quot;469769226&quot;:&quot;Symbol&quot;,&quot;469769242&quot;:[8226],&quot;469777803&quot;:&quot;left&quot;,&quot;469777804&quot;:&quot;\uf0b7&quot;,&quot;469777815&quot;:&quot;multilevel&quot;}\" data-aria-posinset=\"7\" data-aria-level=\"1\"><span data-contrast=\"none\">lopputentti 2h\u202f<\/span><span data-ccp-props=\"{&quot;134233117&quot;:false,&quot;134233118&quot;:false,&quot;201341983&quot;:0,&quot;335559685&quot;:360,&quot;335559731&quot;:0,&quot;335559738&quot;:0,&quot;335559739&quot;:0,&quot;335559740&quot;:240}\">\u00a0<\/span><\/li>\n<\/ul>\n<p><span data-contrast=\"none\">Yhteens\u00e4 81h. Yksi opintopiste vastaa 27h opiskelijan ty\u00f6t\u00e4 (3 x 27h = 81h).\u202f<\/span><span data-ccp-props=\"{&quot;134233117&quot;:false,&quot;134233118&quot;:false,&quot;201341983&quot;:0,&quot;335559685&quot;:360,&quot;335559738&quot;:0,&quot;335559739&quot;:0,&quot;335559740&quot;:240}\">\u00a0<\/span><\/p>\n<h2><strong>Ilmoittautuminen 1.12.2025-11.1.2026.<\/strong><\/h2>\n<h2><a href=\"https:\/\/link.webropol.com\/s\/kivanetkevat26\" target=\"_blank\" rel=\"noopener\">Linkki ilmoittautumislomakkeeseen.<\/a><\/h2>\n","protected":false},"excerpt":{"rendered":"<p>\u00a0J\u00e4rjest\u00e4v\u00e4 korkeakoulu \u00a0LAB\/LUT \u00a0Opetuskieli \u00a0espanja (suomi, englanti) \u00a0Ajoitus \u00a0Kurssi auki Moodlessa: 2.3.- 24.5.2026 \u00a0Verkkotapaamisten aikataulu \u00a0Vapaaehtoiset verkkotapaamiset: \u00a027.3. klo 10-12 24.4. klo 10-12 \u00a0Tentti Moodlessa \u00a0Tentti auki Moodlessa: 7.4.- 31.5.2026 \u00a0CEFR-taso \u00a0L\u00e4ht\u00f6taso B1.1 &gt; tavoitetaso B1.2 \u00a0Opintopisteet \u00a03 \u00a0Esitiedot \u00a0Opintojakso edellytt\u00e4\u00e4 KiVANETin Espanja 1-5 suorittamista tai vastaavaa osaamista\u00a0 \u00a0espanjan kieless\u00e4 (taitotaso B1.1).\u00a0 Kurssikuvaus Sis\u00e4lt\u00f6\u202f Espanja [&hellip;]<\/p>\n","protected":false},"author":185,"featured_media":0,"parent":664,"menu_order":0,"comment_status":"closed","ping_status":"closed","template":"","meta":{"_acf_changed":false,"footnotes":""},"class_list":["post-1123","page","type-page","status-publish","hentry"],"acf":[],"lang":"fi","translations":{"fi":1123},"pll_sync_post":[],"_links":{"self":[{"href":"https:\/\/sites.uwasa.fi\/kivanet\/wp-json\/wp\/v2\/pages\/1123"}],"collection":[{"href":"https:\/\/sites.uwasa.fi\/kivanet\/wp-json\/wp\/v2\/pages"}],"about":[{"href":"https:\/\/sites.uwasa.fi\/kivanet\/wp-json\/wp\/v2\/types\/page"}],"author":[{"embeddable":true,"href":"https:\/\/sites.uwasa.fi\/kivanet\/wp-json\/wp\/v2\/users\/185"}],"replies":[{"embeddable":true,"href":"https:\/\/sites.uwasa.fi\/kivanet\/wp-json\/wp\/v2\/comments?post=1123"}],"version-history":[{"count":19,"href":"https:\/\/sites.uwasa.fi\/kivanet\/wp-json\/wp\/v2\/pages\/1123\/revisions"}],"predecessor-version":[{"id":3707,"href":"https:\/\/sites.uwasa.fi\/kivanet\/wp-json\/wp\/v2\/pages\/1123\/revisions\/3707"}],"up":[{"embeddable":true,"href":"https:\/\/sites.uwasa.fi\/kivanet\/wp-json\/wp\/v2\/pages\/664"}],"wp:attachment":[{"href":"https:\/\/sites.uwasa.fi\/kivanet\/wp-json\/wp\/v2\/media?parent=1123"}],"curies":[{"name":"wp","href":"https:\/\/api.w.org\/{rel}","templated":true}]}}