{"id":760,"date":"2021-11-24T17:16:52","date_gmt":"2021-11-24T15:16:52","guid":{"rendered":"https:\/\/sites.uwasa.fi\/kielikeskuspaivat\/?page_id=760"},"modified":"2022-03-29T10:34:35","modified_gmt":"2022-03-29T07:34:35","slug":"hotelleja-vaasassa","status":"publish","type":"page","link":"https:\/\/sites.uwasa.fi\/kielikeskuspaivat\/hotelleja-vaasassa\/","title":{"rendered":"Hotelleja Vaasassa \/ Hotell i Vasa \/ Hotels in Vaasa"},"content":{"rendered":"<p>Autamme mielell\u00e4mme tarvittaessa majoituksen l\u00f6yt\u00e4misess\u00e4 \/ Vi hj\u00e4lper g\u00e4rna till om ni beh\u00f6ver hj\u00e4lp med att hitta \u00f6vernattning \/ We are glad to help if you need help to find an accommodation (kielikeskuspaivat[et]uwasa.fi)<\/p>\n<p>My\u00f6s keskustan hotelleissa on tilaa 17.-18.5 eli tiistai-keskiviikko \/ Lediga rum finns \u00e4ven p\u00e5 de hotell som finns i centrum 17-18.5 dvs tisdag-onsdag \/ Also city centre hotels have rooms May 17th-18th i.e. Tuesday-Wednesday.<\/p>\n<p><strong>Vapaita huoneita \/ Lediga rum \/ Available rooms also May 18th-19th.<\/strong> (situation 29.3.):<\/p>\n<p><a href=\"https:\/\/www.scandichotels.fi\/hotellit\/suomi\/vaasa\/scandic-waskia?utm_campaign=gmb&amp;utm_source=google&amp;utm_medium=organic&amp;utm_content=waskia\">Scandic Waskia<\/a> (2,2 km yliopistolta\/fr\u00e5n universitetet\/from the university)<\/p>\n<p><a href=\"https:\/\/www.omenahotels.com\/fi\/hotellit\/vaasa\/\">Omena Hotel Vaasa Espen<\/a> (1,8 km yliopistolta\/fr\u00e5n universitetet\/from the university)<\/p>\n<p><a href=\"https:\/\/www.forenom.com\/\">Forenom Vaasa<\/a> (1,8 km yliopistolta\/fr\u00e5n universitetet\/from the university)<\/p>\n<p><a href=\"https:\/\/echostel.booking.site\/\">EC-Hostel<\/a> (2 km yliopistolta\/fr\u00e5n universitetet\/from the university)<\/p>\n<p><a href=\"https:\/\/www.airbnb.fi\/a\/stays\/Suomi--Vaasa?c=.pi0.pk858322797_56684219677&amp;localized_ghost=true&amp;gclid=CjwKCAjwuYWSBhByEiwAKd_n_vcUto2eCYpU6YAm0giZJ5a5eM_yyuoVxnDx6VjSetTM4E2tXFiYkxoCDkwQAvD_BwE\">Airbnb Vaasa<\/a><\/p>\n<p>&nbsp;<\/p>\n<p><strong>T\u00e4ynn\u00e4\/ Fullbokade \/ Fully booked May 18th-19th.<\/strong> (situation 29.3., voi l\u00f6yty\u00e4 yksitt\u00e4isi\u00e4 huoneita \/ n\u00e5gra rum kan finnas\/ some rooms may be available):<\/p>\n<p>Original Sokos Hotel Royal (1,8 km yliopistolta\/fr\u00e5n universitetet\/from the university)<\/p>\n<p>Original Sokos Hotel Vaakuna (1,8 km yliopistolta\/fr\u00e5n universitetet\/from the university)<\/p>\n<p>Hotel Astor (1,8 km yliopistolta\/fr\u00e5n universitetet\/from the university)<\/p>\n<p>Scandic Vaasa (1,6 km yliopistolta\/fr\u00e5n universitetet\/from the university)<\/p>\n<p>Greenstar Hotel (2,4 km yliopistolta\/fr\u00e5n universitetet\/from the university)<\/p>\n<p>&nbsp;<\/p>\n<p>&nbsp;<\/p>\n","protected":false},"excerpt":{"rendered":"<p>Autamme mielell\u00e4mme tarvittaessa majoituksen l\u00f6yt\u00e4misess\u00e4 \/ Vi hj\u00e4lper g\u00e4rna till om ni beh\u00f6ver hj\u00e4lp med att hitta \u00f6vernattning \/ We are glad to help if you need help to find an accommodation (kielikeskuspaivat[et]uwasa.fi) My\u00f6s keskustan hotelleissa on tilaa 17.-18.5 eli tiistai-keskiviikko \/ Lediga rum finns \u00e4ven p\u00e5 de hotell som finns i centrum 17-18.5 dvs [&hellip;]<\/p>\n","protected":false},"author":168,"featured_media":0,"parent":0,"menu_order":0,"comment_status":"closed","ping_status":"closed","template":"","meta":{"_acf_changed":false,"footnotes":""},"class_list":["post-760","page","type-page","status-publish","hentry"],"acf":[],"lang":"fi","translations":{"fi":760},"pll_sync_post":[],"_links":{"self":[{"href":"https:\/\/sites.uwasa.fi\/kielikeskuspaivat\/wp-json\/wp\/v2\/pages\/760"}],"collection":[{"href":"https:\/\/sites.uwasa.fi\/kielikeskuspaivat\/wp-json\/wp\/v2\/pages"}],"about":[{"href":"https:\/\/sites.uwasa.fi\/kielikeskuspaivat\/wp-json\/wp\/v2\/types\/page"}],"author":[{"embeddable":true,"href":"https:\/\/sites.uwasa.fi\/kielikeskuspaivat\/wp-json\/wp\/v2\/users\/168"}],"replies":[{"embeddable":true,"href":"https:\/\/sites.uwasa.fi\/kielikeskuspaivat\/wp-json\/wp\/v2\/comments?post=760"}],"version-history":[{"count":11,"href":"https:\/\/sites.uwasa.fi\/kielikeskuspaivat\/wp-json\/wp\/v2\/pages\/760\/revisions"}],"predecessor-version":[{"id":913,"href":"https:\/\/sites.uwasa.fi\/kielikeskuspaivat\/wp-json\/wp\/v2\/pages\/760\/revisions\/913"}],"wp:attachment":[{"href":"https:\/\/sites.uwasa.fi\/kielikeskuspaivat\/wp-json\/wp\/v2\/media?parent=760"}],"curies":[{"name":"wp","href":"https:\/\/api.w.org\/{rel}","templated":true}]}}