{"id":294,"date":"2020-03-19T17:42:52","date_gmt":"2020-03-19T15:42:52","guid":{"rendered":"https:\/\/sites.uwasa.fi\/kielikeskuspaivat\/?page_id=294"},"modified":"2022-04-26T15:26:10","modified_gmt":"2022-04-26T12:26:10","slug":"contact-information","status":"publish","type":"page","link":"https:\/\/sites.uwasa.fi\/kielikeskuspaivat\/en\/contact-information\/","title":{"rendered":"Contact information"},"content":{"rendered":"<h3><\/h3>\n<h3><\/h3>\n<p>&nbsp;<\/p>\n<h3>Organizing Committee:<\/h3>\n<p><strong>Nina Pilke<\/strong>, Director, Language Centre Linginno<\/p>\n<p><strong>Karen Carter<\/strong>, U<span lang=\"en\">niversity Lecturer<\/span><\/p>\n<p><strong>Mia M\u00e4ki-Ista<\/strong>, University Teacher<\/p>\n<p><strong>Tony Nystr\u00f6m<\/strong>, University Teacher<\/p>\n<p><strong>Jaana Puskala<\/strong>, U<span lang=\"en\">niversity Lecturer<\/span><\/p>\n<p><strong>Tiina Sorvali<\/strong>, U<span lang=\"en\">niversity Lecturer<\/span><\/p>\n<p><strong>Mirjam S\u00e4rs<\/strong>, University Teacher<\/p>\n<p><strong>Sannina Sj\u00f6berg<\/strong>, Project Researcher<\/p>\n<p><strong>Conference assistants: <\/strong><\/p>\n<p>Rasheda Akter, Meeri Jokela, Shidhanshu Khandelwal, Sanni Lager, Rosa Savela, Kartik Sharma, Juho Tepsa and Valtteri Tuohiniemi<\/p>\n<p>&nbsp;<\/p>\n<h4><strong>Ques\u00adtions re\u00adgard\u00ading Language Centre Days?\u00a0<\/strong><\/h4>\n<p>Please contact: <span style=\"font-family: Helvetica Neue,Arial,Helvetica,Geneva,sans-serif\">kielike<\/span><span style=\"font-family: Helvetica Neue,Arial,Helvetica,Geneva,sans-serif\">skuspaivat@uwasa.fi<\/span><\/p>\n<p>E-mail: firstname.surname@uwasa.fi<\/p>\n","protected":false},"excerpt":{"rendered":"<p>&nbsp; Organizing Committee: Nina Pilke, Director, Language Centre Linginno Karen Carter, University Lecturer Mia M\u00e4ki-Ista, University Teacher Tony Nystr\u00f6m, University Teacher Jaana Puskala, University Lecturer Tiina Sorvali, University Lecturer Mirjam S\u00e4rs, University Teacher Sannina Sj\u00f6berg, Project Researcher Conference assistants: Rasheda Akter, Meeri Jokela, Shidhanshu Khandelwal, Sanni Lager, Rosa Savela, Kartik Sharma, Juho Tepsa and Valtteri [&hellip;]<\/p>\n","protected":false},"author":70,"featured_media":0,"parent":0,"menu_order":0,"comment_status":"closed","ping_status":"closed","template":"","meta":{"_acf_changed":false,"footnotes":""},"class_list":["post-294","page","type-page","status-publish","hentry"],"acf":[],"lang":"en","translations":{"en":294,"sv":218,"fi":196},"pll_sync_post":[],"_links":{"self":[{"href":"https:\/\/sites.uwasa.fi\/kielikeskuspaivat\/wp-json\/wp\/v2\/pages\/294"}],"collection":[{"href":"https:\/\/sites.uwasa.fi\/kielikeskuspaivat\/wp-json\/wp\/v2\/pages"}],"about":[{"href":"https:\/\/sites.uwasa.fi\/kielikeskuspaivat\/wp-json\/wp\/v2\/types\/page"}],"author":[{"embeddable":true,"href":"https:\/\/sites.uwasa.fi\/kielikeskuspaivat\/wp-json\/wp\/v2\/users\/70"}],"replies":[{"embeddable":true,"href":"https:\/\/sites.uwasa.fi\/kielikeskuspaivat\/wp-json\/wp\/v2\/comments?post=294"}],"version-history":[{"count":18,"href":"https:\/\/sites.uwasa.fi\/kielikeskuspaivat\/wp-json\/wp\/v2\/pages\/294\/revisions"}],"predecessor-version":[{"id":959,"href":"https:\/\/sites.uwasa.fi\/kielikeskuspaivat\/wp-json\/wp\/v2\/pages\/294\/revisions\/959"}],"wp:attachment":[{"href":"https:\/\/sites.uwasa.fi\/kielikeskuspaivat\/wp-json\/wp\/v2\/media?parent=294"}],"curies":[{"name":"wp","href":"https:\/\/api.w.org\/{rel}","templated":true}]}}