{"id":218,"date":"2020-03-16T12:45:38","date_gmt":"2020-03-16T10:45:38","guid":{"rendered":"https:\/\/sites.uwasa.fi\/kielikeskuspaivat\/?page_id=218"},"modified":"2022-04-26T15:27:20","modified_gmt":"2022-04-26T12:27:20","slug":"kontaktinformation","status":"publish","type":"page","link":"https:\/\/sites.uwasa.fi\/kielikeskuspaivat\/sv\/kontaktinformation\/","title":{"rendered":"Kontaktinformation"},"content":{"rendered":"<h4><\/h4>\n<h4><\/h4>\n<p>&nbsp;<\/p>\n<h3>Planeringsgrupp:<\/h3>\n<p><strong>Nina Pilke<\/strong>, direkt\u00f6r, spr\u00e5kcentret Linginno vid Vasa universitet<\/p>\n<p><strong>Karen Carter<\/strong>, universitetslektor<\/p>\n<p><strong>Mia M\u00e4ki-Ista<\/strong>, universitetsl\u00e4rare<\/p>\n<p><strong>Tony Nystr\u00f6m<\/strong>, universitetsl\u00e4rare<\/p>\n<p><strong>Jaana Puskala<\/strong>, universitetslektor<\/p>\n<p><strong>Tiina Sorvali<\/strong>, universitetslektor<\/p>\n<p><strong>Mirjam S\u00e4rs<\/strong>, universitetsl\u00e4rare<\/p>\n<p><strong>Sannina Sj\u00f6berg<\/strong>, projektforskare<\/p>\n<p><strong>Konferensassistenter: <\/strong><\/p>\n<p>Rasheda Akter, Meeri Jokela, Shidhanshu Khandelwal, Sanni Lager, Rosa Savela, Kartik Sharma, Juho Tepsa och Valtteri Tuohiniemi<\/p>\n<p>&nbsp;<\/p>\n<h4>Vill du fr\u00e5ga om Spr\u00e5kcenterdagarna?<\/h4>\n<p>Ta kontakt: <span style=\"font-family: Helvetica Neue,Arial,Helvetica,Geneva,sans-serif\">kielike<\/span><span style=\"font-family: Helvetica Neue,Arial,Helvetica,Geneva,sans-serif\">skuspaivat@uwasa.fi<\/span><\/p>\n<p>E-post: f\u00f6rnamn.efternamn@uwasa.fi<\/p>\n","protected":false},"excerpt":{"rendered":"<p>&nbsp; Planeringsgrupp: Nina Pilke, direkt\u00f6r, spr\u00e5kcentret Linginno vid Vasa universitet Karen Carter, universitetslektor Mia M\u00e4ki-Ista, universitetsl\u00e4rare Tony Nystr\u00f6m, universitetsl\u00e4rare Jaana Puskala, universitetslektor Tiina Sorvali, universitetslektor Mirjam S\u00e4rs, universitetsl\u00e4rare Sannina Sj\u00f6berg, projektforskare Konferensassistenter: Rasheda Akter, Meeri Jokela, Shidhanshu Khandelwal, Sanni Lager, Rosa Savela, Kartik Sharma, Juho Tepsa och Valtteri Tuohiniemi &nbsp; Vill du fr\u00e5ga om Spr\u00e5kcenterdagarna? [&hellip;]<\/p>\n","protected":false},"author":70,"featured_media":0,"parent":0,"menu_order":0,"comment_status":"closed","ping_status":"closed","template":"","meta":{"_acf_changed":false,"footnotes":""},"class_list":["post-218","page","type-page","status-publish","hentry"],"acf":[],"lang":"sv","translations":{"sv":218,"fi":196,"en":294},"pll_sync_post":[],"_links":{"self":[{"href":"https:\/\/sites.uwasa.fi\/kielikeskuspaivat\/wp-json\/wp\/v2\/pages\/218"}],"collection":[{"href":"https:\/\/sites.uwasa.fi\/kielikeskuspaivat\/wp-json\/wp\/v2\/pages"}],"about":[{"href":"https:\/\/sites.uwasa.fi\/kielikeskuspaivat\/wp-json\/wp\/v2\/types\/page"}],"author":[{"embeddable":true,"href":"https:\/\/sites.uwasa.fi\/kielikeskuspaivat\/wp-json\/wp\/v2\/users\/70"}],"replies":[{"embeddable":true,"href":"https:\/\/sites.uwasa.fi\/kielikeskuspaivat\/wp-json\/wp\/v2\/comments?post=218"}],"version-history":[{"count":22,"href":"https:\/\/sites.uwasa.fi\/kielikeskuspaivat\/wp-json\/wp\/v2\/pages\/218\/revisions"}],"predecessor-version":[{"id":960,"href":"https:\/\/sites.uwasa.fi\/kielikeskuspaivat\/wp-json\/wp\/v2\/pages\/218\/revisions\/960"}],"wp:attachment":[{"href":"https:\/\/sites.uwasa.fi\/kielikeskuspaivat\/wp-json\/wp\/v2\/media?parent=218"}],"curies":[{"name":"wp","href":"https:\/\/api.w.org\/{rel}","templated":true}]}}