{"id":196,"date":"2020-03-16T09:26:24","date_gmt":"2020-03-16T07:26:24","guid":{"rendered":"https:\/\/sites.uwasa.fi\/kielikeskuspaivat\/?page_id=196"},"modified":"2022-04-26T15:27:49","modified_gmt":"2022-04-26T12:27:49","slug":"yhteystiedot","status":"publish","type":"page","link":"https:\/\/sites.uwasa.fi\/kielikeskuspaivat\/yhteystiedot\/","title":{"rendered":"Yhteystiedot"},"content":{"rendered":"<h3><\/h3>\n<p>&nbsp;<\/p>\n<h3>Ty\u00f6ryhm\u00e4:<\/h3>\n<p><strong>Nina Pilke<\/strong>, johtaja, Vaasan yliopiston kielikeskus Linginno<\/p>\n<p><strong>Karen Carter<\/strong>, yliopistonlehtori<\/p>\n<p><strong>Mia M\u00e4ki-Ista<\/strong>, yliopisto-opettaja<\/p>\n<p><strong>Tony Nystr\u00f6m<\/strong>, yliopisto-opettaja<\/p>\n<p><strong>Jaana Puskala<\/strong>, yliopistonlehtori<\/p>\n<p><strong>Tiina Sorvali<\/strong>, yliopistonlehtori<\/p>\n<p><strong>Mirjam S\u00e4rs<\/strong>, yliopisto-opettaja<\/p>\n<p><strong>Sannina Sj\u00f6berg<\/strong>, projektitutkija<\/p>\n<p><strong>Konferenssiavustajat: <\/strong><\/p>\n<p>Rasheda Akter, Meeri Jokela, Shidhanshu Khandelwal, Sanni Lager, Rosa Savela, Kartik Sharma, Juho Tepsa ja Valtteri Tuohiniemi<\/p>\n<p>&nbsp;<\/p>\n<h4><strong>Ky\u00adsy\u00admyk\u00adsi\u00e4 Kie\u00adli\u00adkes\u00adkus\u00adp\u00e4i\u00adviin liit\u00adtyen?\u00a0<\/strong><\/h4>\n<p>Ota yhteytt\u00e4 <span style=\"font-family: Helvetica Neue,Arial,Helvetica,Geneva,sans-serif\">kielike<\/span><span style=\"font-family: Helvetica Neue,Arial,Helvetica,Geneva,sans-serif\">skuspaivat@uwasa.fi<\/span><\/p>\n<p>S\u00e4hk\u00f6posti: etunimi.sukunimi@uwasa.fi<\/p>\n","protected":false},"excerpt":{"rendered":"<p>&nbsp; Ty\u00f6ryhm\u00e4: Nina Pilke, johtaja, Vaasan yliopiston kielikeskus Linginno Karen Carter, yliopistonlehtori Mia M\u00e4ki-Ista, yliopisto-opettaja Tony Nystr\u00f6m, yliopisto-opettaja Jaana Puskala, yliopistonlehtori Tiina Sorvali, yliopistonlehtori Mirjam S\u00e4rs, yliopisto-opettaja Sannina Sj\u00f6berg, projektitutkija Konferenssiavustajat: Rasheda Akter, Meeri Jokela, Shidhanshu Khandelwal, Sanni Lager, Rosa Savela, Kartik Sharma, Juho Tepsa ja Valtteri Tuohiniemi &nbsp; Ky\u00adsy\u00admyk\u00adsi\u00e4 Kie\u00adli\u00adkes\u00adkus\u00adp\u00e4i\u00adviin liit\u00adtyen?\u00a0 Ota yhteytt\u00e4 kielikeskuspaivat@uwasa.fi [&hellip;]<\/p>\n","protected":false},"author":70,"featured_media":0,"parent":0,"menu_order":0,"comment_status":"closed","ping_status":"closed","template":"","meta":{"_acf_changed":false,"footnotes":""},"class_list":["post-196","page","type-page","status-publish","hentry"],"acf":[],"lang":"fi","translations":{"fi":196,"sv":218,"en":294},"pll_sync_post":[],"_links":{"self":[{"href":"https:\/\/sites.uwasa.fi\/kielikeskuspaivat\/wp-json\/wp\/v2\/pages\/196"}],"collection":[{"href":"https:\/\/sites.uwasa.fi\/kielikeskuspaivat\/wp-json\/wp\/v2\/pages"}],"about":[{"href":"https:\/\/sites.uwasa.fi\/kielikeskuspaivat\/wp-json\/wp\/v2\/types\/page"}],"author":[{"embeddable":true,"href":"https:\/\/sites.uwasa.fi\/kielikeskuspaivat\/wp-json\/wp\/v2\/users\/70"}],"replies":[{"embeddable":true,"href":"https:\/\/sites.uwasa.fi\/kielikeskuspaivat\/wp-json\/wp\/v2\/comments?post=196"}],"version-history":[{"count":16,"href":"https:\/\/sites.uwasa.fi\/kielikeskuspaivat\/wp-json\/wp\/v2\/pages\/196\/revisions"}],"predecessor-version":[{"id":961,"href":"https:\/\/sites.uwasa.fi\/kielikeskuspaivat\/wp-json\/wp\/v2\/pages\/196\/revisions\/961"}],"wp:attachment":[{"href":"https:\/\/sites.uwasa.fi\/kielikeskuspaivat\/wp-json\/wp\/v2\/media?parent=196"}],"curies":[{"name":"wp","href":"https:\/\/api.w.org\/{rel}","templated":true}]}}