{"id":149,"date":"2020-02-27T12:55:12","date_gmt":"2020-02-27T10:55:12","guid":{"rendered":"https:\/\/sites.uwasa.fi\/kielikeskuspaivat\/?page_id=149"},"modified":"2022-04-08T16:38:33","modified_gmt":"2022-04-08T13:38:33","slug":"esitelmakutsu","status":"publish","type":"page","link":"https:\/\/sites.uwasa.fi\/kielikeskuspaivat\/esitelmakutsu\/","title":{"rendered":"Kutsu"},"content":{"rendered":"<h3 style=\"text-align: center\"><strong>Kielikeskusp\u00e4iv\u00e4t j\u00e4rjestet\u00e4\u00e4n 18.\u201319.5.2022 Vaasan yliopistolla.<\/strong><\/h3>\n<h3 style=\"text-align: center\"><strong>P\u00e4ivien p\u00e4\u00e4teema on<\/strong><\/h3>\n<p>&nbsp;<\/p>\n<p><em><img loading=\"lazy\" decoding=\"async\" class=\"size-medium wp-image-376 aligncenter\" src=\"https:\/\/sites.uwasa.fi\/kielikeskuspaivat\/wp-content\/blogs.dir\/4\/files\/sites\/74\/2020\/04\/tahtotila_logo_4v_taustaton-300x120.png\" alt=\"\" width=\"300\" height=\"120\" srcset=\"https:\/\/sites.uwasa.fi\/kielikeskuspaivat\/wp-content\/blogs.dir\/4\/files\/sites\/74\/2020\/04\/tahtotila_logo_4v_taustaton-300x120.png 300w, https:\/\/sites.uwasa.fi\/kielikeskuspaivat\/wp-content\/blogs.dir\/4\/files\/sites\/74\/2020\/04\/tahtotila_logo_4v_taustaton-1024x411.png 1024w, https:\/\/sites.uwasa.fi\/kielikeskuspaivat\/wp-content\/blogs.dir\/4\/files\/sites\/74\/2020\/04\/tahtotila_logo_4v_taustaton-768x308.png 768w, https:\/\/sites.uwasa.fi\/kielikeskuspaivat\/wp-content\/blogs.dir\/4\/files\/sites\/74\/2020\/04\/tahtotila_logo_4v_taustaton-1536x617.png 1536w, https:\/\/sites.uwasa.fi\/kielikeskuspaivat\/wp-content\/blogs.dir\/4\/files\/sites\/74\/2020\/04\/tahtotila_logo_4v_taustaton.png 1629w\" sizes=\"(max-width: 300px) 100vw, 300px\" \/><\/em><\/p>\n<p style=\"text-align: center\">Teemamme Tahto &amp; Tila viritt\u00e4\u00e4 kieli- ja viestint\u00e4l\u00e4ht\u00f6isi\u00e4 keskusteluja opetuksesta, oppimisesta ja yhteisty\u00f6st\u00e4 yli erilaisten rajojen. Suomi tarjoaa monitahoisen l\u00e4ht\u00f6kohdan rajojen pohtimiselle. Maantieteellinen sijainti, maan virallinen kaksikielisyys sek\u00e4 alueittain vaihteleva k\u00e4yt\u00e4nn\u00f6n monikielisyys tuottavat risteyspintoja kansalliskielten, saamen ja muiden v\u00e4hemmist\u00f6kielten sek\u00e4 satojen muiden k\u00e4yt\u00f6ss\u00e4 olevien kielten v\u00e4lille. Laajasti ymm\u00e4rrettyn\u00e4 \u201dLanguages Across Borders \u2013 Spr\u00e5k \u00f6ver gr\u00e4nserna\u201d kattaa monenlaiset rajat, jotka vaikuttavat kielten ja viestinn\u00e4n opettamiseen ja oppimiseen. Rajojen ylitt\u00e4minen 2000-luvulla edellytt\u00e4\u00e4 monipuolisia kieli- ja viestint\u00e4taitoja sek\u00e4 my\u00f6s tehokasta digitaalista viestint\u00e4\u00e4. Kielet toimivat yhdist\u00e4v\u00e4n\u00e4 tekij\u00e4n\u00e4. Rajojen teema avaa foorumin opetuksen, oppimisen ja yhteisty\u00f6n rajojen ylitt\u00e4mist\u00e4 koskevalle keskustelulle toimintaa synnytt\u00e4vien Tahtojen, sijaintia ja tilanteita m\u00e4\u00e4ritt\u00e4vien Tilojen ja eri toimijoiden Tahtotilojen n\u00e4k\u00f6kulmasta.<\/p>\n<h3 style=\"text-align: center\">Plenaristit:<\/h3>\n<p>&nbsp;<\/p>\n<p style=\"text-align: center\"><strong><a href=\"https:\/\/sites.uwasa.fi\/kielikeskuspaivat\/gavin-furukawa\/\">Gavin Furukawa<\/a>, Sophia University, Tokio, Japani<\/strong><\/p>\n<p style=\"text-align: center\"><em>The critical teacher in the real world: Situating conscious teaching within the existing language ideologies and their institutions<\/em><\/p>\n<p>&nbsp;<\/p>\n<p style=\"text-align: center\"><strong><a href=\"https:\/\/sites.uwasa.fi\/kielikeskuspaivat\/maria-jarlstrom\/\">Maria J\u00e4rlstr\u00f6m<\/a>, Vaasan yliopisto &amp; \u00a0<a href=\"https:\/\/sites.uwasa.fi\/kielikeskuspaivat\/piekkari\/\">Rebecca Piekkari<\/a>, Aalto-yliopisto<\/strong><\/p>\n<p style=\"text-align: center\"><em>Monikielisyys, diversiteetti ja inkluusio yliopistoissa: A challenge or opportunity for people management?<\/em><\/p>\n<p>&nbsp;<\/p>\n<p style=\"text-align: center\"><strong><a href=\"https:\/\/sites.uwasa.fi\/kielikeskuspaivat\/mari-k-niemi\/\">Mari K. Niemi<\/a>, E2 Tutkimus &amp; <a href=\"https:\/\/sites.uwasa.fi\/kielikeskuspaivat\/joakim-strand\/\">Joakim Strand<\/a><\/strong><\/p>\n<p style=\"text-align: center\"><em>Kuinka rakentaa yhteis\u00f6llisyytt\u00e4 monikielisess\u00e4 ymp\u00e4rist\u00f6ss\u00e4?\u00a0Exempel och reflexioner\u00a0from the point of view of politics and university<\/em><\/p>\n<p>&nbsp;<\/p>\n<p style=\"text-align: center\"><strong><a href=\"https:\/\/sites.uwasa.fi\/kielikeskuspaivat\/tanja-sihvonen\/\">Tanja Sihvonen<\/a>, University of Vaasa<\/strong><\/p>\n<p style=\"text-align: center\"><em>Rajallisuus voimavarana<\/em><\/p>\n<p>&nbsp;<\/p>\n<h3><strong>T\u00e4rke\u00e4t p\u00e4iv\u00e4m\u00e4\u00e4r\u00e4t<\/strong><\/h3>\n<ul>\n<li>Ehdotukset Kielikeskusp\u00e4ivien 2022 esityksiksi tulee j\u00e4tt\u00e4\u00e4 s\u00e4hk\u00f6postitse osoitteeseen kielikeskuspaivat@uwasa.fi <del><strong>28.<\/strong><\/del><strong><del>1.2022<\/del> 4.2.2022 menness\u00e4 (uusi deadline lis\u00e4aikapyynt\u00f6jen pohjalta)<\/strong>. Merkitse s\u00e4hk\u00f6postin liitetiedostoon my\u00f6s nimesi, esityksen aihealue ja esitysmuoto (katso vaihtoehdot alla). Abstraktin tulee olla 250 sanan pituinen + 50 sanan tiivistelm\u00e4. Abstrakti voi olla suomeksi, ruotsiksi tai englanniksi. Katso tarkemmat tiedot alla.<\/li>\n<li>Esitysten hyv\u00e4ksymisest\u00e4 ilmoitetaan viimeist\u00e4\u00e4n <strong>25.<\/strong><strong>2.2022<\/strong>.<\/li>\n<li>Esitysten PowerPointit Vaasaan viimeist\u00e4\u00e4n <strong>maanantaina 16.5.2022<\/strong><\/li>\n<li>Early Bird -ilmoittautuminen ja maksut <strong>28.2<\/strong><strong>\u20138<\/strong><strong>.4.2022<\/strong>.\n<ul>\n<li>Osallistumismaksu paikan p\u00e4\u00e4ll\u00e4 180 \u20ac, sis\u00e4lt\u00e4\u00e4 ohjelman, lounaat ja kahvit molempina p\u00e4ivin\u00e4<\/li>\n<li>Osallistumismaksu verkossa 150 \u20ac, sis\u00e4lt\u00e4\u00e4 striimattavan ohjelman (plenaarit ja sektioesitelmist\u00e4 v\u00e4hint\u00e4\u00e4n puolet)<\/li>\n<\/ul>\n<\/li>\n<li>Osallistumismaksu 8.4.2022 j\u00e4lkeen 200 \u20ac (k\u00e4\u00e4nt\u00e4jien torstain Round Table -hinta ei muutu)<\/li>\n<li>Peruutusehdot: Early Bird -ilmoittautumisajan sis\u00e4ll\u00e4 peruutettujen osallistumisten maksuista palautetaan 50 %. My\u00f6hemmin tehdyist\u00e4 peruutuksista ei palautuksia.<\/li>\n<li>Ilmoittautuminen ja maksut MIRA-j\u00e4rjestelm\u00e4n kautta, linkki avataan 28.2.2022. Kaikki maksuliikenne hoidetaan MIRAn kautta eli erillisi\u00e4 laskuja ei l\u00e4hetet\u00e4.\n<ul>\n<li>Linkki MIRA-j\u00e4rjestelm\u00e4\u00e4n: <a href=\"https:\/\/crm.uwasa.fi\/Events\/81\/Apply\">https:\/\/crm.uwasa.fi\/Events\/81\/Apply<\/a><\/li>\n<\/ul>\n<\/li>\n<li>Sitovat ilmoittautumiset tiistain 17.5.2022 ilmaiseen Get together -tapahtumaan ja keskiviikon 18.5.2022 maksulliselle (45 \u20ac) illalliselle\u00a0 my\u00f6s MIRA-j\u00e4rjestelm\u00e4n kautta. N\u00e4ihin tapahtumiin voimme joutua rajaamaan osallistujam\u00e4\u00e4r\u00e4\u00e4 tilojen vuoksi.<\/li>\n<li>Hotellit l\u00f6ytyv\u00e4t <a href=\"https:\/\/sites.uwasa.fi\/kielikeskuspaivat\/hotelleja-vaasassa\/\">t\u00e4\u00e4lt\u00e4<\/a>. <strong>HUOM! Keskustan hotellit ovat 29.3. tilanteen mukaan t\u00e4ynn\u00e4<\/strong>, listalle lis\u00e4tty majoitusvaihtoehtoja.<\/li>\n<\/ul>\n<p>&nbsp;<\/p>\n<h3><strong>Esitysehdotukset- ja muodot<\/strong><\/h3>\n<p>Ohjelman laatimista varten luokittelemme esitysehdotukset seuraaviin aihealueisiin. Jos aihealuetta ei ole listattu, voit valita \u201dmuu\u201d-kategorian.<\/p>\n<ul>\n<li>Kielet ty\u00f6ss\u00e4<\/li>\n<li>Kielitaidon testaus<\/li>\n<li>Opetuksen ja oppimisen monimuotoisuus<\/li>\n<li>Opintopolkujen moninaisuus<\/li>\n<li>Oppimisen arviointi<\/li>\n<li>Palautteen tavoitteet ja eri muodot<\/li>\n<li>Strategia- ja laatuty\u00f6<\/li>\n<li>Yhteisty\u00f6n ulottuvuudet<\/li>\n<li>Muu<\/li>\n<\/ul>\n<p>Esitysehdotukset pyydet\u00e4\u00e4n l\u00e4hett\u00e4m\u00e4\u00e4n s\u00e4hk\u00f6postitse suomeksi, ruotsiksi tai englanniksi (esitelmi\u00e4 voi pit\u00e4\u00e4 my\u00f6s muilla kielell\u00e4, jos esitelm\u00e4n tukena on englanninkielist\u00e4 materiaalia).<\/p>\n<p>&nbsp;<\/p>\n<h3>Esitysmuodot<\/h3>\n<p>Kaikkiin esitysmuotoihin pyydet\u00e4\u00e4n l\u00e4hett\u00e4m\u00e4\u00e4n 250 sanan abstrakti ja 50 sanan tiivistelm\u00e4. Esitysmuotojen vaihtoehdot ovat:<\/p>\n<ol>\n<li>Sektioesitelm\u00e4: 25 min<\/li>\n<li>Salamapuhe: 7 min (ohjelmaan kootaan 60 min temaattisia kokonaisuuksia, joissa 6\u20137 puhujaa)<\/li>\n<li>Posteriesitelm\u00e4: 30 min (ydinajatukset yhdelle visuaaliselle dokumentille koostavia esityksi\u00e4, joille varataan oma aika ja tila ohjelmassa)<\/li>\n<li>Round table (puheenjohtaja ja 2\u20134 fasilitaattoria): 60 min (vapaamuotoinen keskusteleva ty\u00f6tapa).<\/li>\n<li>Online-esitelm\u00e4: 25 min<\/li>\n<\/ol>\n<p>Pandemiatilanteen salliessa symposiumi j\u00e4rjestet\u00e4\u00e4n p\u00e4\u00e4osin paikan p\u00e4\u00e4ll\u00e4 Vaasassa. Varaudumme kuitenkin my\u00f6s laajempaan hybriditoteutukseen.<\/p>\n<p>&nbsp;<\/p>\n<h3><strong>Palkitsemiset<\/strong><\/h3>\n<p>Kielikeskusp\u00e4ivill\u00e4 palkitaan seuraavat osallistujien tuotokset:<\/p>\n<ul>\n<li>Paras esitysotsikko<\/li>\n<li>Paras posteri -design<\/li>\n<li>Paras <a href=\"https:\/\/sites.uwasa.fi\/kielikeskuspaivat\/language-stories\/\">kielitarina<\/a><\/li>\n<li>Kielikeskusp\u00e4ivien paras somettaja<\/li>\n<\/ul>\n<p>&nbsp;<\/p>\n","protected":false},"excerpt":{"rendered":"<p>Kielikeskusp\u00e4iv\u00e4t j\u00e4rjestet\u00e4\u00e4n 18.\u201319.5.2022 Vaasan yliopistolla. P\u00e4ivien p\u00e4\u00e4teema on &nbsp; Teemamme Tahto &amp; Tila viritt\u00e4\u00e4 kieli- ja viestint\u00e4l\u00e4ht\u00f6isi\u00e4 keskusteluja opetuksesta, oppimisesta ja yhteisty\u00f6st\u00e4 yli erilaisten rajojen. Suomi tarjoaa monitahoisen l\u00e4ht\u00f6kohdan rajojen pohtimiselle. Maantieteellinen sijainti, maan virallinen kaksikielisyys sek\u00e4 alueittain vaihteleva k\u00e4yt\u00e4nn\u00f6n monikielisyys tuottavat risteyspintoja kansalliskielten, saamen ja muiden v\u00e4hemmist\u00f6kielten sek\u00e4 satojen muiden k\u00e4yt\u00f6ss\u00e4 olevien kielten v\u00e4lille. [&hellip;]<\/p>\n","protected":false},"author":70,"featured_media":0,"parent":0,"menu_order":0,"comment_status":"closed","ping_status":"closed","template":"","meta":{"_acf_changed":false,"footnotes":""},"class_list":["post-149","page","type-page","status-publish","hentry"],"acf":[],"lang":"fi","translations":{"fi":149,"en":307,"sv":309},"pll_sync_post":[],"_links":{"self":[{"href":"https:\/\/sites.uwasa.fi\/kielikeskuspaivat\/wp-json\/wp\/v2\/pages\/149"}],"collection":[{"href":"https:\/\/sites.uwasa.fi\/kielikeskuspaivat\/wp-json\/wp\/v2\/pages"}],"about":[{"href":"https:\/\/sites.uwasa.fi\/kielikeskuspaivat\/wp-json\/wp\/v2\/types\/page"}],"author":[{"embeddable":true,"href":"https:\/\/sites.uwasa.fi\/kielikeskuspaivat\/wp-json\/wp\/v2\/users\/70"}],"replies":[{"embeddable":true,"href":"https:\/\/sites.uwasa.fi\/kielikeskuspaivat\/wp-json\/wp\/v2\/comments?post=149"}],"version-history":[{"count":42,"href":"https:\/\/sites.uwasa.fi\/kielikeskuspaivat\/wp-json\/wp\/v2\/pages\/149\/revisions"}],"predecessor-version":[{"id":922,"href":"https:\/\/sites.uwasa.fi\/kielikeskuspaivat\/wp-json\/wp\/v2\/pages\/149\/revisions\/922"}],"wp:attachment":[{"href":"https:\/\/sites.uwasa.fi\/kielikeskuspaivat\/wp-json\/wp\/v2\/media?parent=149"}],"curies":[{"name":"wp","href":"https:\/\/api.w.org\/{rel}","templated":true}]}}