{"id":718,"date":"2021-09-07T09:09:34","date_gmt":"2021-09-07T06:09:34","guid":{"rendered":"https:\/\/sites.uwasa.fi\/kampushanke\/?page_id=718"},"modified":"2023-07-12T13:04:32","modified_gmt":"2023-07-12T10:04:32","slug":"usein-kysytyt-kysymykset","status":"publish","type":"page","link":"https:\/\/sites.uwasa.fi\/kampushanke\/etusivu\/usein-kysytyt-kysymykset\/","title":{"rendered":"Usein kysytyt kysymykset"},"content":{"rendered":"<p><em><strong>T\u00e4llle sivulle olemme koonneet vastauksia usein kysyttyihin kysymyksiin. Vastauksia p\u00e4ivitet\u00e4\u00e4n sit\u00e4 mukaa, jos muutoksia tapahtuu hankkeen tilanteessa.\u00a0<\/strong><\/em><\/p>\n<h2>Miksi kampusaluetta on l\u00e4hdetty kehitt\u00e4m\u00e4\u00e4n?<\/h2>\n<p>Halusimme nykyaikaistaa ja kehitt\u00e4\u00e4 kampuksemme tiloja. Hankkeen alussa ostimme kampuksen kiinteist\u00f6t itsellemme. N\u00e4in saavutimme s\u00e4\u00e4st\u00f6j\u00e4 vuokrakustannuksissa ja saimme vapaat k\u00e4det tilojemme kehitt\u00e4miseen. Kehitysty\u00f6n alkaessa tavoitteet ja syyt uudistamisty\u00f6lle ovat kirkastuneet entisest\u00e4\u00e4n: Haluamme luoda kest\u00e4v\u00e4n kampuksen, jossa tilaa k\u00e4ytet\u00e4\u00e4n monipuolisesti ja tehokkaasti.<\/p>\n<p>My\u00f6s pandemiatilanne ja sen tuomat muutokset ovat osoittaneet, ett\u00e4 olemme oikean asian \u00e4\u00e4rell\u00e4. Ty\u00f6nteon tavat muuttuvat tulevaisuudessa, mik\u00e4 luo uudenlaisia tarpeita tiloille. Kampuskehityksen my\u00f6t\u00e4 pyrimme vastaamaan n\u00e4ihin tarpeisiin.<\/p>\n<h2>Kauanko kampuskehityshanke kest\u00e4\u00e4?<\/h2>\n<p>T\u00e4m\u00e4nhetkisten suunnitelmien mukaan hanke valmistuu vuonna 2024.<\/p>\n<h2>Mitk\u00e4 ovat uudistuksen keskeisimm\u00e4t muutokset?<\/h2>\n<p>Fabriikki-rakennuksesta\u202fluovuttaessa\u202ftoiminnot sijoitetaan kampuksella uudelleen. Tritonia-rakennuksessa (nyk. Ankkuri-rakennus) sijainnut tiedekirjasto on muuttanut Luotsi-rakennukseen. Ankkuri-rakennukseen tulee henkil\u00f6kunnan ty\u00f6tiloja, ja Tervahovissa uudistetaan opiskelun tiloja. Toiminnot sijoitetaan rakennuksiin joustavasti siten, ett\u00e4 yhteisty\u00f6t\u00e4 tekev\u00e4t tahot sijoittuvat mahdollisuuksien mukaan l\u00e4helle toisiaan.<\/p>\n<p>Suurimman muutoksen on kokenut Luotsi-rakennus, joka remontoitiin kokonaan. My\u00f6s Ankkuri- ja Tervahovi-rakennukset saavat uudenlaista ilmett\u00e4. Esimerkiksi Tervahovissa sijaitsevaa ravintola Mathildaa laajennetaan ja uudistetaan. Tervahoviin rakennetaan lis\u00e4\u00e4 opetustilaa ja nykyisi\u00e4 luokkia kunnostetaan. Ankkurissa muutokset kohdistuvat erityisesti henkil\u00f6st\u00f6n ty\u00f6tiloihin sek\u00e4 aulassa sijaitsevaan kahvila Oskariin, jota kehitet\u00e4\u00e4n.<\/p>\n<h2>Uudistetaanko kaikki rakennukset kerralla?<\/h2>\n<p>Rakennusty\u00f6t toteutetaan porrastetusti rakennus kerrallaan. N\u00e4in varmistamme, ett\u00e4 kampus pysyy k\u00e4yt\u00f6ss\u00e4 rakennust\u00f6ist\u00e4 huolimatta. Ensin uudistettiin Luotsi-rakennus, sitten Ankkuri-rakennus ja viimeisen\u00e4 Tervahovi.<\/p>\n<p>Luotsi-rakennuksen uudistusty\u00f6t valmistuivat hein\u00e4kuussa 2022. Tiedekirjasto Tritonia muutti Luotsiin kes\u00e4n 2022 aikana.<\/p>\n<p>Ankkurin (ent. Tritonia-rakennuksen) uudistusty\u00f6t aloitettiin elokuussa 2022, ja remontti valmistui vuoden 2023 kev\u00e4\u00e4ll\u00e4.<\/p>\n<p>Tervahovin uudistusty\u00f6t alkoivat kev\u00e4\u00e4ll\u00e4 2023, ja Tervahovi valmistuu suunnitelmien mukaan vuoden 2024 kev\u00e4\u00e4ll\u00e4.<\/p>\n<h2>Miten Luotsia remontoitiin?<\/h2>\n<p>Luotsi-rakennuksen remontti oli muutosten osalta kampuskehityshankkeen laajin. Rakennuksen sis\u00e4ll\u00e4 tilasta tehtiin huomattavasti alkuper\u00e4ist\u00e4 avoimempaa, ja kirjastotoiminta siirtyy enemm\u00e4n kurssikirjastomaiseen toimintaan. Opiskelutiloja tehd\u00e4\u00e4n Luotsin lis\u00e4ksi my\u00f6s kampuksen muihin rakennuksiin.<\/p>\n<h2>Mit\u00e4 tapahtui Ankkuri-rakennukselle eli entiselle Tritonia-rakennukselle?<\/h2>\n<p>Ankkuri-rakennus muutettiin p\u00e4\u00e4osin henkil\u00f6kunnan ty\u00f6tilaksi. Rakennukseen j\u00e4\u00e4 my\u00f6s kaikille yhteisi\u00e4 toimintoja, kuten Caf\u00e9 Oskar, jonka tiloja laajennetaan. Rakennuksessa on my\u00f6s opiskelutiloja.<\/p>\n<h2>Miten muutokset n\u00e4kyv\u00e4t erityisesti opiskelijoille: tuleeko opiskelijoille tiloja, joissa voi istua mukavasti ja ty\u00f6skennell\u00e4 samalla?<\/h2>\n<p>Uusien tilojen tarkempi sisustussuunnittelu on viel\u00e4 kesken, mutta suunnitelmissa on tehd\u00e4 monipuolisesti erilaisia tiloja \u2013 my\u00f6s rentoja ja viihtyisi\u00e4 sellaisia.<\/p>\n<h2>Mit\u00e4 tapahtuu j\u00e4rjest\u00f6tiloille?<\/h2>\n<p>J\u00e4rjest\u00f6tilat siirtyv\u00e4t Tervahovin kolmanteen kerrokseen. Tavoitteenamme on tehd\u00e4 j\u00e4rjest\u00f6ille viihtyis\u00e4 ja monik\u00e4ytt\u00f6inen ymp\u00e4rist\u00f6, jossa kaikki ovat samanarvoisia ja poikkitieteellinen toiminta on mahdollista.<\/p>\n<h2>Voiko kampuksella ty\u00f6skennell\u00e4 ja opiskella rakennust\u00f6iden aikana?<\/h2>\n<p>Yliopiston keskeytym\u00e4t\u00f6n toiminta on kirjattu hankkeen toteutuksen aikaisiin tavoitteisiin. Pyrimme turvaamaan kaikki toiminnot siten, ett\u00e4 hankkeesta koituva haitta opiskelulle ja ty\u00f6skentelylle kampuksella olisi mahdollisimman v\u00e4h\u00e4ist\u00e4.<\/p>\n<h2>Miksi allianssimalli valittiin toteuttamismuodoksi?<\/h2>\n<p>Allianssimalli perustuu tiiviiseen yhteisty\u00f6h\u00f6n, innovointiin ja yhteisvastuullisuuteen allianssikumppanien v\u00e4lill\u00e4. T\u00e4llainen toimintatapa tarjoaa meille niin taloudellista kuin aikataulullista etua, sek\u00e4 joustavuutta moniosaisen hankkeen toteutuksessa. Halusimme minimoida teht\u00e4vien kilpailutusten m\u00e4\u00e4r\u00e4n ja mahdollistaa siten ketter\u00e4n toiminnan hankkeen parhaaksi.<\/p>\n<p>&nbsp;<\/p>\n","protected":false},"excerpt":{"rendered":"<p>T\u00e4llle sivulle olemme koonneet vastauksia usein kysyttyihin kysymyksiin. Vastauksia p\u00e4ivitet\u00e4\u00e4n sit\u00e4 mukaa, jos muutoksia tapahtuu hankkeen tilanteessa.\u00a0 Miksi kampusaluetta on l\u00e4hdetty kehitt\u00e4m\u00e4\u00e4n? Halusimme nykyaikaistaa ja kehitt\u00e4\u00e4 kampuksemme tiloja. Hankkeen alussa ostimme kampuksen kiinteist\u00f6t itsellemme. N\u00e4in saavutimme s\u00e4\u00e4st\u00f6j\u00e4 vuokrakustannuksissa ja saimme vapaat k\u00e4det tilojemme kehitt\u00e4miseen. Kehitysty\u00f6n alkaessa tavoitteet ja syyt uudistamisty\u00f6lle ovat kirkastuneet entisest\u00e4\u00e4n: Haluamme luoda [&hellip;]<\/p>\n","protected":false},"author":69,"featured_media":287,"parent":2,"menu_order":0,"comment_status":"closed","ping_status":"closed","template":"","meta":{"_acf_changed":false,"footnotes":""},"class_list":["post-718","page","type-page","status-publish","has-post-thumbnail","hentry"],"acf":[],"lang":"fi","translations":{"fi":718,"en":721},"pll_sync_post":[],"_links":{"self":[{"href":"https:\/\/sites.uwasa.fi\/kampushanke\/wp-json\/wp\/v2\/pages\/718"}],"collection":[{"href":"https:\/\/sites.uwasa.fi\/kampushanke\/wp-json\/wp\/v2\/pages"}],"about":[{"href":"https:\/\/sites.uwasa.fi\/kampushanke\/wp-json\/wp\/v2\/types\/page"}],"author":[{"embeddable":true,"href":"https:\/\/sites.uwasa.fi\/kampushanke\/wp-json\/wp\/v2\/users\/69"}],"replies":[{"embeddable":true,"href":"https:\/\/sites.uwasa.fi\/kampushanke\/wp-json\/wp\/v2\/comments?post=718"}],"version-history":[{"count":9,"href":"https:\/\/sites.uwasa.fi\/kampushanke\/wp-json\/wp\/v2\/pages\/718\/revisions"}],"predecessor-version":[{"id":1115,"href":"https:\/\/sites.uwasa.fi\/kampushanke\/wp-json\/wp\/v2\/pages\/718\/revisions\/1115"}],"up":[{"embeddable":true,"href":"https:\/\/sites.uwasa.fi\/kampushanke\/wp-json\/wp\/v2\/pages\/2"}],"wp:featuredmedia":[{"embeddable":true,"href":"https:\/\/sites.uwasa.fi\/kampushanke\/wp-json\/wp\/v2\/media\/287"}],"wp:attachment":[{"href":"https:\/\/sites.uwasa.fi\/kampushanke\/wp-json\/wp\/v2\/media?parent=718"}],"curies":[{"name":"wp","href":"https:\/\/api.w.org\/{rel}","templated":true}]}}