{"id":28,"date":"2025-01-18T12:23:38","date_gmt":"2025-01-18T10:23:38","guid":{"rendered":"https:\/\/sites.uwasa.fi\/irwinproject\/?page_id=28"},"modified":"2025-01-18T12:35:42","modified_gmt":"2025-01-18T10:35:42","slug":"tutkimuspaketit","status":"publish","type":"page","link":"https:\/\/sites.uwasa.fi\/irwinproject\/tutkimuspaketit\/","title":{"rendered":"Tutkimuspaketit"},"content":{"rendered":"<section class=\"page-section layout-engine-section background-width--full-bleed section-height--small content-width--medium horizontal-alignment--center vertical-alignment--middle \" data-test=\"page-section\" data-section-theme=\"\" data-section-id=\"6007fe82d126c15892fbbd9f\" data-controller=\"SectionWrapperController\" data-current-styles=\"{ &quot;imageOverlayOpacity&quot;: 0.15, &quot;backgroundWidth&quot;: &quot;background-width--full-bleed&quot;, &quot;sectionHeight&quot;: &quot;section-height--small&quot;, &quot;horizontalAlignment&quot;: &quot;horizontal-alignment--center&quot;, &quot;verticalAlignment&quot;: &quot;vertical-alignment--middle&quot;, &quot;contentWidth&quot;: &quot;content-width--medium&quot;, &quot;sectionTheme&quot;: &quot;&quot;, &quot;sectionAnimation&quot;: &quot;none&quot;, &quot;backgroundMode&quot;: &quot;image&quot; }\" data-current-context=\"{ &quot;video&quot;: { &quot;playbackSpeed&quot;: 0.5, &quot;filter&quot;: 2, &quot;filterStrength&quot;: 0, &quot;zoom&quot;: 0, &quot;videoSourceProvider&quot;: &quot;none&quot; }, &quot;backgroundImageId&quot;: null, &quot;backgroundMediaEffect&quot;: null, &quot;divider&quot;: null, &quot;typeName&quot;: &quot;page&quot; }\" data-animation=\"none\" data-controllers-bound=\"SectionWrapperController\" data-active=\"true\">\n<div class=\"content-wrapper\">\n<div class=\"content\">\n<div id=\"page-section-6007fe82d126c15892fbbd9f\" class=\"sqs-layout sqs-grid-12 columns-12\" data-type=\"page-section\">\n<div class=\"row sqs-row\">\n<div class=\"col sqs-col-12 span-12\">\n<div id=\"block-yui_3_17_2_1_1652852829205_5417\" class=\"sqs-block html-block sqs-block-html\" data-block-type=\"2\" data-border-radii=\"{&quot;topLeft&quot;:{&quot;unit&quot;:&quot;px&quot;,&quot;value&quot;:0.0},&quot;topRight&quot;:{&quot;unit&quot;:&quot;px&quot;,&quot;value&quot;:0.0},&quot;bottomLeft&quot;:{&quot;unit&quot;:&quot;px&quot;,&quot;value&quot;:0.0},&quot;bottomRight&quot;:{&quot;unit&quot;:&quot;px&quot;,&quot;value&quot;:0.0}}\">\n<div class=\"sqs-block-content\">\n<div class=\"sqs-html-content\">\n<h2><strong>Tiedon huoltovarmuus hallinnan haasteena kompleksisessa ymp\u00e4rist\u00f6ss\u00e4<\/strong><\/h2>\n<p class=\"sqsrte-large\"><span class=\"sqsrte-text-color--black\">Mill\u00e4 tavalla Suomen julkishallinnon ohjausmekanismit, hallintamallit ja -strategiat, rakenteet, prosessit ja poliittinen kulttuuri tukevat tiedon huoltovarmuutta kompleksisessa kansallisen turvallisuuden kokonaisviitekehyksess\u00e4?\u00a0<\/span><\/p>\n<p class=\"sqsrte-large\"><span class=\"sqsrte-text-color--black\">Miten luoda adaptiivisia ja tiedon huoltovarmuussensitiivisi\u00e4 hallintak\u00e4yt\u00e4nt\u00f6j\u00e4, joiden kautta voidaan saavuttaa kansalliset huoltovarmuustavoitteet?\u00a0<\/span><\/p>\n<p class=\"sqsrte-large\"><span class=\"sqsrte-text-color--black\">Mill\u00e4 tavalla voidaan yll\u00e4pit\u00e4\u00e4 samaan aikaan hallinnollista vakautta ja tarvittavaa adaptiivisuutta sek\u00e4 kansalaisten luottamusta ja hyv\u00e4ksynt\u00e4\u00e4 hallintaj\u00e4rjestelm\u00e4\u00e4 kohtaan?<\/span><\/p>\n<p class=\"sqsrte-large\"><span class=\"sqsrte-text-color--black\"><strong>Tutkimuspaketin vet\u00e4j\u00e4t: <\/strong><\/span><\/p>\n<p class=\"sqsrte-large\"><span class=\"sqsrte-text-color--black\">Harri Jalonen<br \/>\nAnssi Kein\u00e4nen<\/span><\/p>\n<\/div>\n<\/div>\n<\/div>\n<\/div>\n<\/div>\n<\/div>\n<\/div>\n<\/div>\n<\/section>\n<section class=\"page-section layout-engine-section background-width--full-bleed section-height--small content-width--medium horizontal-alignment--center vertical-alignment--middle \" data-test=\"page-section\" data-section-theme=\"\" data-section-id=\"6007fea7ebbfc67943943f3b\" data-controller=\"SectionWrapperController\" data-current-styles=\"{ &quot;imageOverlayOpacity&quot;: 0.15, &quot;backgroundWidth&quot;: &quot;background-width--full-bleed&quot;, &quot;sectionHeight&quot;: &quot;section-height--small&quot;, &quot;horizontalAlignment&quot;: &quot;horizontal-alignment--center&quot;, &quot;verticalAlignment&quot;: &quot;vertical-alignment--middle&quot;, &quot;contentWidth&quot;: &quot;content-width--medium&quot;, &quot;sectionTheme&quot;: &quot;&quot;, &quot;sectionAnimation&quot;: &quot;none&quot;, &quot;backgroundMode&quot;: &quot;image&quot; }\" data-current-context=\"{ &quot;video&quot;: { &quot;playbackSpeed&quot;: 0.5, &quot;filter&quot;: 2, &quot;filterStrength&quot;: 0, &quot;zoom&quot;: 0, &quot;videoSourceProvider&quot;: &quot;none&quot; }, &quot;backgroundImageId&quot;: null, &quot;backgroundMediaEffect&quot;: null, &quot;divider&quot;: null, &quot;typeName&quot;: &quot;page&quot; }\" data-animation=\"none\" data-controllers-bound=\"SectionWrapperController\" data-active=\"true\">\n<div class=\"section-border\">\n<div class=\"section-background\"><\/div>\n<\/div>\n<div class=\"content-wrapper\">\n<div class=\"content\">\n<div id=\"page-section-6007fea7ebbfc67943943f3b\" class=\"sqs-layout sqs-grid-12 columns-12\" data-type=\"page-section\">\n<div class=\"row sqs-row\">\n<div class=\"col sqs-col-12 span-12\">\n<div id=\"block-yui_3_17_2_1_1652852829205_8829\" class=\"sqs-block html-block sqs-block-html\" data-block-type=\"2\" data-border-radii=\"{&quot;topLeft&quot;:{&quot;unit&quot;:&quot;px&quot;,&quot;value&quot;:0.0},&quot;topRight&quot;:{&quot;unit&quot;:&quot;px&quot;,&quot;value&quot;:0.0},&quot;bottomLeft&quot;:{&quot;unit&quot;:&quot;px&quot;,&quot;value&quot;:0.0},&quot;bottomRight&quot;:{&quot;unit&quot;:&quot;px&quot;,&quot;value&quot;:0.0}}\">\n<div class=\"sqs-block-content\">\n<div class=\"sqs-html-content\">\n<h2><strong>Yhteiskunnallisen toimijuuden ja tiedonmuodostuksen vahvistaminen<\/strong><\/h2>\n<p class=\"sqsrte-large\"><span class=\"sqsrte-text-color--black\">Kuinka luoda informaatioresilienssi\u00e4 vahvistamalla yhteiskunnallista toimijuutta sek\u00e4 kansalaisten ja asiantuntijoiden v\u00e4list\u00e4 tiedonmuodostusta?<\/span><\/p>\n<p class=\"sqsrte-large\"><span class=\"sqsrte-text-color--black\"><strong>Tutkimuspaketin vet\u00e4j\u00e4: <\/strong><\/span><\/p>\n<p class=\"sqsrte-large\"><span class=\"sqsrte-text-color--black\">Valdemar Kallunki<\/span><\/p>\n<\/div>\n<\/div>\n<\/div>\n<\/div>\n<\/div>\n<\/div>\n<\/div>\n<\/div>\n<\/section>\n<section class=\"page-section layout-engine-section background-width--full-bleed section-height--small content-width--medium horizontal-alignment--center vertical-alignment--middle \" data-test=\"page-section\" data-section-theme=\"\" data-section-id=\"6007fea9030f6b1f0a31ee78\" data-controller=\"SectionWrapperController\" data-current-styles=\"{ &quot;imageOverlayOpacity&quot;: 0.15, &quot;backgroundWidth&quot;: &quot;background-width--full-bleed&quot;, &quot;sectionHeight&quot;: &quot;section-height--small&quot;, &quot;horizontalAlignment&quot;: &quot;horizontal-alignment--center&quot;, &quot;verticalAlignment&quot;: &quot;vertical-alignment--middle&quot;, &quot;contentWidth&quot;: &quot;content-width--medium&quot;, &quot;sectionTheme&quot;: &quot;&quot;, &quot;sectionAnimation&quot;: &quot;none&quot;, &quot;backgroundMode&quot;: &quot;image&quot; }\" data-current-context=\"{ &quot;video&quot;: { &quot;playbackSpeed&quot;: 0.5, &quot;filter&quot;: 2, &quot;filterStrength&quot;: 0, &quot;zoom&quot;: 0, &quot;videoSourceProvider&quot;: &quot;none&quot; }, &quot;backgroundImageId&quot;: null, &quot;backgroundMediaEffect&quot;: null, &quot;divider&quot;: null, &quot;typeName&quot;: &quot;page&quot; }\" data-animation=\"none\" data-controllers-bound=\"SectionWrapperController\" data-active=\"true\">\n<div class=\"section-border\">\n<div class=\"section-background\"><\/div>\n<\/div>\n<div class=\"content-wrapper\">\n<div class=\"content\">\n<div id=\"page-section-6007fea9030f6b1f0a31ee78\" class=\"sqs-layout sqs-grid-12 columns-12\" data-type=\"page-section\">\n<div class=\"row sqs-row\">\n<div class=\"col sqs-col-12 span-12\">\n<div id=\"block-yui_3_17_2_1_1652852829205_10948\" class=\"sqs-block html-block sqs-block-html\" data-block-type=\"2\" data-border-radii=\"{&quot;topLeft&quot;:{&quot;unit&quot;:&quot;px&quot;,&quot;value&quot;:0.0},&quot;topRight&quot;:{&quot;unit&quot;:&quot;px&quot;,&quot;value&quot;:0.0},&quot;bottomLeft&quot;:{&quot;unit&quot;:&quot;px&quot;,&quot;value&quot;:0.0},&quot;bottomRight&quot;:{&quot;unit&quot;:&quot;px&quot;,&quot;value&quot;:0.0}}\">\n<div class=\"sqs-block-content\">\n<div class=\"sqs-html-content\">\n<h2><strong>Disinformaation havaitseminen ja vastatoimet osana tiedon huoltovarmuutta<\/strong><\/h2>\n<p class=\"sqsrte-large\"><span class=\"sqsrte-text-color--black\">Miten viranomaiset jakavat, levitt\u00e4v\u00e4t ja p\u00e4ivitt\u00e4v\u00e4t tilannetietoisuuttaan disinformaatiosta ja vajaasta tiedosta aikakriittisess\u00e4 tilanteessa?<\/span><\/p>\n<p class=\"sqsrte-large\"><span class=\"sqsrte-text-color--black\">Miten rationaalisessa p\u00e4\u00e4t\u00f6ksentekoprosessissa on mahdollista korjata v\u00e4\u00e4r\u00e4\u00e4n tietoon perustunutta viestint\u00e4\u00e4 ja miten tiedon oikaisusta viestit\u00e4\u00e4n viranomaisten v\u00e4lill\u00e4 tai viranomaisilta kansalaisille?\u00a0 <\/span><\/p>\n<p class=\"sqsrte-large\"><span class=\"sqsrte-text-color--black\">Miten disinformaation tuottajien toimintaa ennakoidaan ja miten siihen reagoidaan?<\/span><\/p>\n<p class=\"sqsrte-large\"><span class=\"sqsrte-text-color--black\"><strong>Tutkimuspaketin vet\u00e4j\u00e4t:<\/strong><\/span><\/p>\n<p class=\"sqsrte-large\"><span class=\"sqsrte-text-color--black\">Aki Huhtinen<br \/>\nTeija Sederholm<\/span><\/p>\n<\/div>\n<\/div>\n<\/div>\n<\/div>\n<\/div>\n<\/div>\n<\/div>\n<\/div>\n<\/section>\n","protected":false},"excerpt":{"rendered":"<p>Tiedon huoltovarmuus hallinnan haasteena kompleksisessa ymp\u00e4rist\u00f6ss\u00e4 Mill\u00e4 tavalla Suomen julkishallinnon ohjausmekanismit, hallintamallit ja -strategiat, rakenteet, prosessit ja poliittinen kulttuuri tukevat tiedon huoltovarmuutta kompleksisessa kansallisen turvallisuuden kokonaisviitekehyksess\u00e4?\u00a0 Miten luoda adaptiivisia ja tiedon huoltovarmuussensitiivisi\u00e4 hallintak\u00e4yt\u00e4nt\u00f6j\u00e4, joiden kautta voidaan saavuttaa kansalliset huoltovarmuustavoitteet?\u00a0 Mill\u00e4 tavalla voidaan yll\u00e4pit\u00e4\u00e4 samaan aikaan hallinnollista vakautta ja tarvittavaa adaptiivisuutta sek\u00e4 kansalaisten luottamusta ja hyv\u00e4ksynt\u00e4\u00e4 [&hellip;]<\/p>\n","protected":false},"author":160,"featured_media":0,"parent":0,"menu_order":0,"comment_status":"closed","ping_status":"closed","template":"","meta":{"_acf_changed":false,"footnotes":""},"class_list":["post-28","page","type-page","status-publish","hentry"],"acf":[],"_links":{"self":[{"href":"https:\/\/sites.uwasa.fi\/irwinproject\/wp-json\/wp\/v2\/pages\/28"}],"collection":[{"href":"https:\/\/sites.uwasa.fi\/irwinproject\/wp-json\/wp\/v2\/pages"}],"about":[{"href":"https:\/\/sites.uwasa.fi\/irwinproject\/wp-json\/wp\/v2\/types\/page"}],"author":[{"embeddable":true,"href":"https:\/\/sites.uwasa.fi\/irwinproject\/wp-json\/wp\/v2\/users\/160"}],"replies":[{"embeddable":true,"href":"https:\/\/sites.uwasa.fi\/irwinproject\/wp-json\/wp\/v2\/comments?post=28"}],"version-history":[{"count":2,"href":"https:\/\/sites.uwasa.fi\/irwinproject\/wp-json\/wp\/v2\/pages\/28\/revisions"}],"predecessor-version":[{"id":30,"href":"https:\/\/sites.uwasa.fi\/irwinproject\/wp-json\/wp\/v2\/pages\/28\/revisions\/30"}],"wp:attachment":[{"href":"https:\/\/sites.uwasa.fi\/irwinproject\/wp-json\/wp\/v2\/media?parent=28"}],"curies":[{"name":"wp","href":"https:\/\/api.w.org\/{rel}","templated":true}]}}