{"id":13,"date":"2025-01-18T12:02:00","date_gmt":"2025-01-18T10:02:00","guid":{"rendered":"https:\/\/sites.uwasa.fi\/irwinproject\/?page_id=13"},"modified":"2025-01-18T12:09:31","modified_gmt":"2025-01-18T10:09:31","slug":"huoltovarmaa-tietoa-podcast","status":"publish","type":"page","link":"https:\/\/sites.uwasa.fi\/irwinproject\/huoltovarmaa-tietoa-podcast\/","title":{"rendered":"Huoltovarmaa tietoa -podcast"},"content":{"rendered":"<section id=\"yui_3_17_2_1_1737194488072_78\" class=\"page-section full-bleed-section layout-engine-section background-width--full-bleed section-height--small content-width--wide horizontal-alignment--center vertical-alignment--middle light-bold\" data-test=\"page-section\" data-section-theme=\"light-bold\" data-section-id=\"65f371017661a24cbfed8979\" data-controller=\"SectionWrapperController\" data-current-styles=\"{ &quot;imageOverlayOpacity&quot;: 0.15, &quot;backgroundWidth&quot;: &quot;background-width--full-bleed&quot;, &quot;sectionHeight&quot;: &quot;section-height--small&quot;, &quot;customSectionHeight&quot;: 1, &quot;horizontalAlignment&quot;: &quot;horizontal-alignment--center&quot;, &quot;verticalAlignment&quot;: &quot;vertical-alignment--middle&quot;, &quot;contentWidth&quot;: &quot;content-width--wide&quot;, &quot;customContentWidth&quot;: 50, &quot;backgroundColor&quot;: &quot;&quot;, &quot;sectionTheme&quot;: &quot;light-bold&quot;, &quot;sectionAnimation&quot;: &quot;none&quot;, &quot;backgroundMode&quot;: &quot;image&quot; }\" data-current-context=\"{ &quot;video&quot;: { &quot;playbackSpeed&quot;: 0.5, &quot;filter&quot;: 1, &quot;filterStrength&quot;: 0, &quot;zoom&quot;: 0, &quot;videoSourceProvider&quot;: &quot;none&quot; }, &quot;backgroundImageId&quot;: null, &quot;backgroundMediaEffect&quot;: { &quot;type&quot;: &quot;none&quot; }, &quot;divider&quot;: { &quot;enabled&quot;: false }, &quot;typeName&quot;: &quot;page&quot; }\" data-animation=\"none\" data-fluid-engine-section=\"\" data-controllers-bound=\"SectionWrapperController\" data-active=\"true\">\n<div id=\"yui_3_17_2_1_1737194488072_77\" class=\"content-wrapper\">\n<div id=\"yui_3_17_2_1_1737194488072_76\" class=\"content\">\n<div id=\"yui_3_17_2_1_1737194488072_75\" data-fluid-engine=\"true\">\n<div id=\"yui_3_17_2_1_1737194488072_74\" class=\"fluid-engine fe-65f371017661a24cbfed8978\">\n<div class=\"fe-block fe-block-yui_3_17_2_1_1710452748515_25465\">\n<div id=\"block-yui_3_17_2_1_1710452748515_25465\" class=\"sqs-block html-block sqs-block-html\" data-blend-mode=\"NORMAL\" data-block-type=\"2\" data-border-radii=\"{&quot;topLeft&quot;:{&quot;unit&quot;:&quot;px&quot;,&quot;value&quot;:0.0},&quot;topRight&quot;:{&quot;unit&quot;:&quot;px&quot;,&quot;value&quot;:0.0},&quot;bottomLeft&quot;:{&quot;unit&quot;:&quot;px&quot;,&quot;value&quot;:0.0},&quot;bottomRight&quot;:{&quot;unit&quot;:&quot;px&quot;,&quot;value&quot;:0.0}}\">\n<div class=\"sqs-block-content\">\n<div class=\"sqs-html-content\">\n<p class=\"sqsrte-large\"><a href=\"https:\/\/podcasters.spotify.com\/pod\/show\/huoltovarmaa-tietoa\" target=\"_blank\" rel=\"noopener\">Kuuntele Spotifyss\u00e4<\/a> | <a href=\"https:\/\/podcasts.apple.com\/us\/podcast\/huoltovarmaa-tietoa-%E2%80%93-irwin-hankkeen-podcast\/id1736016164\" target=\"_blank\" rel=\"noopener\"><span class=\"sqsrte-text-color--accent\">Apple Podcasts<\/span><\/a> | <a href=\"https:\/\/podcasts.google.com\/feed\/aHR0cHM6Ly9hbmNob3IuZm0vcy9mMzI2OTMwYy9wb2RjYXN0L3Jzcw\" target=\"_blank\" rel=\"noopener\"><span class=\"sqsrte-text-color--accent\">Google Podcasts<\/span><\/a><\/p>\n<\/div>\n<\/div>\n<\/div>\n<\/div>\n<\/div>\n<\/div>\n<\/div>\n<\/div>\n<\/section>\n<section class=\"page-section full-bleed-section layout-engine-section background-width--full-bleed section-height--small content-width--wide horizontal-alignment--center vertical-alignment--middle \" data-test=\"page-section\" data-section-theme=\"\" data-section-id=\"65f371017661a24cbfed897c\" data-controller=\"SectionWrapperController\" data-current-styles=\"{ &quot;imageOverlayOpacity&quot;: 0.15, &quot;backgroundWidth&quot;: &quot;background-width--full-bleed&quot;, &quot;sectionHeight&quot;: &quot;section-height--small&quot;, &quot;customSectionHeight&quot;: 1, &quot;horizontalAlignment&quot;: &quot;horizontal-alignment--center&quot;, &quot;verticalAlignment&quot;: &quot;vertical-alignment--middle&quot;, &quot;contentWidth&quot;: &quot;content-width--wide&quot;, &quot;customContentWidth&quot;: 50, &quot;backgroundColor&quot;: &quot;&quot;, &quot;sectionTheme&quot;: &quot;&quot;, &quot;sectionAnimation&quot;: &quot;none&quot;, &quot;backgroundMode&quot;: &quot;image&quot; }\" data-current-context=\"{ &quot;video&quot;: { &quot;playbackSpeed&quot;: 0.5, &quot;filter&quot;: 1, &quot;filterStrength&quot;: 0, &quot;zoom&quot;: 0, &quot;videoSourceProvider&quot;: &quot;none&quot; }, &quot;backgroundImageId&quot;: null, &quot;backgroundMediaEffect&quot;: { &quot;type&quot;: &quot;none&quot; }, &quot;divider&quot;: { &quot;enabled&quot;: false }, &quot;typeName&quot;: &quot;page&quot; }\" data-animation=\"none\" data-fluid-engine-section=\"\" data-controllers-bound=\"SectionWrapperController\" data-active=\"true\">\n<div class=\"content-wrapper\">\n<div class=\"content\">\n<div data-fluid-engine=\"true\">\n<div class=\"fluid-engine fe-65f371017661a24cbfed897b\">\n<div class=\"fe-block fe-block-8005794132dcbdcb7980\">\n<div id=\"block-8005794132dcbdcb7980\" class=\"sqs-block html-block sqs-block-html\" data-blend-mode=\"NORMAL\" data-block-type=\"2\" data-border-radii=\"{&quot;topLeft&quot;:{&quot;unit&quot;:&quot;px&quot;,&quot;value&quot;:0.0},&quot;topRight&quot;:{&quot;unit&quot;:&quot;px&quot;,&quot;value&quot;:0.0},&quot;bottomLeft&quot;:{&quot;unit&quot;:&quot;px&quot;,&quot;value&quot;:0.0},&quot;bottomRight&quot;:{&quot;unit&quot;:&quot;px&quot;,&quot;value&quot;:0.0}}\">\n<div class=\"sqs-block-content\">\n<div class=\"sqs-html-content\">\n<p class=\"sqsrte-large\"><span class=\"sqsrte-text-color--accent\"><strong>Tieto<\/strong> <\/span><span class=\"sqsrte-text-color--black\">on jokap\u00e4iv\u00e4isten p\u00e4\u00e4t\u00f6stemme keski\u00f6ss\u00e4. Siksi on t\u00e4rke\u00e4\u00e4, ett\u00e4 k\u00e4ytett\u00e4viss\u00e4 on oikeaa tietoa silloin, kun sit\u00e4 tarvitaan. T\u00e4t\u00e4 voidaan kutsua <\/span><span class=\"sqsrte-text-color--accent\"><strong>tiedon huoltovarmuudeksi<\/strong> <\/span><span class=\"sqsrte-text-color--black\">\u2013 yhteiskunnan kaikkien toimijoiden kyvyksi tuottaa, tukea ja hy\u00f6dynt\u00e4\u00e4 oikeellista, oikea-aikaista ja saavutettavissa olevaa tietoa.<\/span><\/p>\n<p class=\"sqsrte-large\"><span class=\"sqsrte-text-color--accent\"><strong>Huoltovarmaa tietoa -podcastissa<\/strong> <\/span><span class=\"sqsrte-text-color--black\">IRWIN-hankkeen tutkijat valottavat tiedon huoltovarmuutta ja sen l\u00e4heisilmi\u00f6it\u00e4 useista eri kulmista. Podcast-minisarjan ensimm\u00e4isiss\u00e4 nelj\u00e4ss\u00e4 jaksossa k\u00e4sitell\u00e4\u00e4n <\/span><span class=\"sqsrte-text-color--accent\"><strong>informaatioresilienssi\u00e4, kansalaisten merkityst\u00e4 tiedon huoltovarmuudelle sek\u00e4 kansallista turvallisuutta ja tietoa.<\/strong><\/span><\/p>\n<p class=\"sqsrte-large\"><span class=\"sqsrte-text-color--black\">Huoltovarmaa tietoa -podcast on saatavilla <\/span><a href=\"https:\/\/podcasters.spotify.com\/pod\/show\/huoltovarmaa-tietoa\" target=\"_blank\" rel=\"noopener\"><span class=\"sqsrte-text-color--accent\"><strong>Spotifyss\u00e4<\/strong><\/span><span class=\"sqsrte-text-color--accent\">\u00a0<\/span><\/a><span class=\"sqsrte-text-color--black\">ja <\/span><a href=\"https:\/\/podcasts.apple.com\/us\/podcast\/huoltovarmaa-tietoa-%E2%80%93-irwin-hankkeen-podcast\/id1736016164\" target=\"_blank\" rel=\"noopener\"><span class=\"sqsrte-text-color--accent\"><strong>Apple Podcastsissa<\/strong><\/span><\/a><span class=\"sqsrte-text-color--black\"> sek\u00e4 pian Google Podcastsissa.<\/span><\/p>\n<\/div>\n<\/div>\n<\/div>\n<\/div>\n<div class=\"fe-block fe-block-7f212293c0f9967f5c1f\">\n<div id=\"block-7f212293c0f9967f5c1f\" class=\"sqs-block html-block sqs-block-html\" data-blend-mode=\"NORMAL\" data-block-type=\"2\" data-border-radii=\"{&quot;topLeft&quot;:{&quot;unit&quot;:&quot;px&quot;,&quot;value&quot;:0.0},&quot;topRight&quot;:{&quot;unit&quot;:&quot;px&quot;,&quot;value&quot;:0.0},&quot;bottomLeft&quot;:{&quot;unit&quot;:&quot;px&quot;,&quot;value&quot;:0.0},&quot;bottomRight&quot;:{&quot;unit&quot;:&quot;px&quot;,&quot;value&quot;:0.0}}\">\n<div class=\"sqs-block-content\">\n<div class=\"sqs-html-content\">\n<h2>Jakso 1: Mit\u00e4 on informaatioresilienssi?<\/h2>\n<p class=\"sqsrte-large\">14.3.2024<\/p>\n<p class=\"sqsrte-large\"><span class=\"sqsrte-text-color--black\"><strong>Aino Rantam\u00e4en<\/strong> v\u00e4it\u00f6stutkimus k\u00e4sittelee <\/span><span class=\"sqsrte-text-color--accent\"><strong>informaatioresilienssi\u00e4<\/strong><\/span><span class=\"sqsrte-text-color--black\">, joka on hyvin l\u00e4hell\u00e4 tiedon huoltovarmuutta, mutta kuitenkin hieman eri asia. Informaatioresilienssiss\u00e4 on kyse ihmisten ja organisaatioiden kyvyst\u00e4 toimia tiedollisen ep\u00e4varmuuden tilanteissa.<\/span><\/p>\n<p class=\"sqsrte-large\"><a href=\"https:\/\/sites.uwasa.fi\/irwinproject\/huoltovarmaa-tietoa-podcast\/mita-on-informaatioresilienssi-huoltovarmaa-tietoa-podcast-jakso-1-haastattelussa-aino-rantamaki\/\"><span class=\"sqsrte-text-color--accent\"><strong>Kuuntele jakso t\u00e4st\u00e4 linkist\u00e4<\/strong><\/span><\/a><\/p>\n<\/div>\n<\/div>\n<\/div>\n<\/div>\n<div class=\"fe-block fe-block-d02b099abf270dc0784a\">\n<div id=\"block-d02b099abf270dc0784a\" class=\"sqs-block html-block sqs-block-html\" data-blend-mode=\"NORMAL\" data-block-type=\"2\" data-border-radii=\"{&quot;topLeft&quot;:{&quot;unit&quot;:&quot;px&quot;,&quot;value&quot;:0.0},&quot;topRight&quot;:{&quot;unit&quot;:&quot;px&quot;,&quot;value&quot;:0.0},&quot;bottomLeft&quot;:{&quot;unit&quot;:&quot;px&quot;,&quot;value&quot;:0.0},&quot;bottomRight&quot;:{&quot;unit&quot;:&quot;px&quot;,&quot;value&quot;:0.0}}\">\n<div class=\"sqs-block-content\">\n<div class=\"sqs-html-content\">\n<h2>Jakso 2: Kriisien kansalaistoiminta ja tiedon huoltovarmuus<\/h2>\n<p class=\"sqsrte-large\">22.3.2024<\/p>\n<p class=\"sqsrte-large\"><span class=\"sqsrte-text-color--black\">Jos ruoan ja veden osalta on mahdollista varautua t\u00e4ytt\u00e4m\u00e4ll\u00e4 keitti\u00f6n kaapit, niin mink\u00e4laista olisi kansalaisten tietoon liittyv\u00e4 varautuminen, tiedon kotivara? Onko aika ryhty\u00e4 hamstraamaan tietosanakirjoja kirpputoreilta? Ent\u00e4 mik\u00e4 on kansalaisen ja viranomaisen v\u00e4linen suhde kriisitilanteissa, kun kansalaiset hypp\u00e4\u00e4v\u00e4t innolla mukaan avustustoimiin? Laurea-ammattikorkeakoulun tutkijat <strong>Teemu Santonen, Valdemar Kallunki ja Laura Erkkil\u00e4<\/strong> keskustelevat jaksossa kansalaistoiminnan ja kansalaisten tiedon merkityksest\u00e4 ja haasteista kriisitilanteissa.<\/span><\/p>\n<p class=\"sqsrte-large\"><a href=\"https:\/\/sites.uwasa.fi\/irwinproject\/huoltovarmaa-tietoa-podcast\/kriisien-kansalaistoiminta-ja-tiedon-huoltovarmuus-huoltovarmaa-tietoa-podcast-jakso-2\/\" rel=\"noopener\"><span class=\"sqsrte-text-color--accent\"><strong>Kuuntele jakso t\u00e4st\u00e4 linkist\u00e4<\/strong><\/span><\/a><\/p>\n<\/div>\n<\/div>\n<\/div>\n<\/div>\n<div class=\"fe-block fe-block-9814f93f73c68ebbae8f\">\n<div id=\"block-9814f93f73c68ebbae8f\" class=\"sqs-block html-block sqs-block-html\" data-blend-mode=\"NORMAL\" data-block-type=\"2\" data-border-radii=\"{&quot;topLeft&quot;:{&quot;unit&quot;:&quot;px&quot;,&quot;value&quot;:0.0},&quot;topRight&quot;:{&quot;unit&quot;:&quot;px&quot;,&quot;value&quot;:0.0},&quot;bottomLeft&quot;:{&quot;unit&quot;:&quot;px&quot;,&quot;value&quot;:0.0},&quot;bottomRight&quot;:{&quot;unit&quot;:&quot;px&quot;,&quot;value&quot;:0.0}}\">\n<div class=\"sqs-block-content\">\n<div class=\"sqs-html-content\">\n<h2>Jakso 3: Kansallinen turvallisuus, tieto ja lains\u00e4\u00e4d\u00e4nt\u00f6<\/h2>\n<p class=\"sqsrte-large\">22.3.2024<\/p>\n<p class=\"sqsrte-large\"><span class=\"sqsrte-text-color--black\">Tieto on olennaista my\u00f6s kansallisen turvallisuuden takaamisessa. Vaikka kansallisen turvallisuuden m\u00e4\u00e4rittely ei ole yksiselitteisen yksinkertaista, sill\u00e4 voidaan yleisesti tarkoittaa maan, sen kansalaisten sek\u00e4 muiden yhteiskunnan toimijoiden yhteist\u00e4 tavoitetta pit\u00e4\u00e4 huolta valtion turvallisuudesta. T\u00e4m\u00e4 tehd\u00e4\u00e4n, jotta valtion takaama j\u00e4rjestys s\u00e4ilyy. Tieto liittyy kansalliseen turvallisuuteen esimerkiksi lains\u00e4\u00e4d\u00e4nt\u00f6- ja p\u00e4\u00e4t\u00f6ksentekoprosessien kautta. N\u00e4iss\u00e4 prosesseissa pyrit\u00e4\u00e4n luomaan tietoon pohjaten sellaista s\u00e4\u00e4ntely\u00e4, joka turvaa kansallisen turvallisuuden toteutumisen. <strong>Harriet Lonka <\/strong>Laurea-ammattikorkeakoulusta ja <strong>Kari Laitinen<\/strong> Poliisiammattikorkeakoulusta keskustelevat tiedosta ja kansallisesta turvallisuudesta. Mit\u00e4 kansallinen turvallisuus pit\u00e4\u00e4 sis\u00e4ll\u00e4\u00e4n? Mink\u00e4laista tietoa kansallisen turvallisuuden kehitt\u00e4minen vaatii? Mit\u00e4 kansallisen turvallisuuden takaaminen tarkoittaa lains\u00e4\u00e4d\u00e4nn\u00f6n kannalta?<\/span><\/p>\n<p class=\"sqsrte-large\"><a href=\"https:\/\/sites.uwasa.fi\/irwinproject\/huoltovarmaa-tietoa-podcast\/kansallinen-turvallisuus-tieto-ja-lainsaadanto-huoltovarmaa-tietoa-podcast-jakso-3\/\" rel=\"noopener\"><span class=\"sqsrte-text-color--accent\"><strong>Kuuntele jakso t\u00e4st\u00e4 linkist\u00e4<\/strong><\/span><\/a><\/p>\n<\/div>\n<\/div>\n<\/div>\n<\/div>\n<div class=\"fe-block fe-block-5dc71ebb766ff467d173\">\n<div id=\"block-5dc71ebb766ff467d173\" class=\"sqs-block html-block sqs-block-html\" data-blend-mode=\"NORMAL\" data-block-type=\"2\" data-border-radii=\"{&quot;topLeft&quot;:{&quot;unit&quot;:&quot;px&quot;,&quot;value&quot;:0.0},&quot;topRight&quot;:{&quot;unit&quot;:&quot;px&quot;,&quot;value&quot;:0.0},&quot;bottomLeft&quot;:{&quot;unit&quot;:&quot;px&quot;,&quot;value&quot;:0.0},&quot;bottomRight&quot;:{&quot;unit&quot;:&quot;px&quot;,&quot;value&quot;:0.0}}\">\n<div class=\"sqs-block-content\">\n<div class=\"sqs-html-content\">\n<h2>Jakso 4: Kansallinen turvallisuus, tieto ja lains\u00e4\u00e4d\u00e4nt\u00f6<\/h2>\n<p class=\"sqsrte-large\">27.5.2024<\/p>\n<p class=\"sqsrte-large\"><span class=\"sqsrte-text-color--black\">Mink\u00e4laista tietoa p\u00e4\u00e4t\u00f6ksentekoon tarvitaan? Ent\u00e4 miten kokonaisturvallisuuteen liittyv\u00e4\u00e4 tiedontuotantoa ja p\u00e4\u00e4t\u00f6ksentekoa voisi kehitt\u00e4\u00e4? Ville-Pekka Niskanen keskustelee Vaasan yliopiston tutkimusjohtaja Petri Uusikyl\u00e4n kanssa kokonaisturvallisuudesta t\u00e4t\u00e4 tukevasta tiedosta ja p\u00e4\u00e4t\u00f6ksenteosta. He k\u00e4sittelev\u00e4t kokonaisturvallisuuden m\u00e4\u00e4ritelm\u00e4\u00e4, sen merkityst\u00e4 suomalaisessa keskustelussa ja sen roolia eri sektoreilla. He pohtivat my\u00f6s, miten tiedon tuotanto voi tukea kokonaisturvallisuutta ja miten eri sektorit n\u00e4kev\u00e4t kokonaisturvallisuuden. Lis\u00e4ksi he keskustelevat tiedon roolista kokonaisturvallisuuden tukemisessa ja miten eri tiedontuotannon tyypit voivat t\u00e4t\u00e4 tukea. Jakso p\u00e4\u00e4ttyy pohdintaan kokonaisturvallisuuden systeemisest\u00e4 luonteesta.<\/span><\/p>\n<p class=\"sqsrte-large\"><a href=\"https:\/\/sites.uwasa.fi\/irwinproject\/huoltovarmaa-tietoa-podcast\/minkalaista-tietoa-paatoksenteko-ja-kokonaisturvallisuus-kaipaavat-huoltovarmaa-tietoa-podcast-jakso-4\/\" rel=\"noopener\"><span class=\"sqsrte-text-color--accent\"><strong>Kuuntele jakso t\u00e4st\u00e4 linkist\u00e4<\/strong><\/span><\/a><\/p>\n<\/div>\n<\/div>\n<\/div>\n<\/div>\n<\/div>\n<\/div>\n<\/div>\n<\/div>\n<\/section>\n","protected":false},"excerpt":{"rendered":"<p>Kuuntele Spotifyss\u00e4 | Apple Podcasts | Google Podcasts Tieto on jokap\u00e4iv\u00e4isten p\u00e4\u00e4t\u00f6stemme keski\u00f6ss\u00e4. Siksi on t\u00e4rke\u00e4\u00e4, ett\u00e4 k\u00e4ytett\u00e4viss\u00e4 on oikeaa tietoa silloin, kun sit\u00e4 tarvitaan. T\u00e4t\u00e4 voidaan kutsua tiedon huoltovarmuudeksi \u2013 yhteiskunnan kaikkien toimijoiden kyvyksi tuottaa, tukea ja hy\u00f6dynt\u00e4\u00e4 oikeellista, oikea-aikaista ja saavutettavissa olevaa tietoa. Huoltovarmaa tietoa -podcastissa IRWIN-hankkeen tutkijat valottavat tiedon huoltovarmuutta ja sen [&hellip;]<\/p>\n","protected":false},"author":160,"featured_media":0,"parent":0,"menu_order":0,"comment_status":"closed","ping_status":"closed","template":"","meta":{"_acf_changed":false,"footnotes":""},"class_list":["post-13","page","type-page","status-publish","hentry"],"acf":[],"_links":{"self":[{"href":"https:\/\/sites.uwasa.fi\/irwinproject\/wp-json\/wp\/v2\/pages\/13"}],"collection":[{"href":"https:\/\/sites.uwasa.fi\/irwinproject\/wp-json\/wp\/v2\/pages"}],"about":[{"href":"https:\/\/sites.uwasa.fi\/irwinproject\/wp-json\/wp\/v2\/types\/page"}],"author":[{"embeddable":true,"href":"https:\/\/sites.uwasa.fi\/irwinproject\/wp-json\/wp\/v2\/users\/160"}],"replies":[{"embeddable":true,"href":"https:\/\/sites.uwasa.fi\/irwinproject\/wp-json\/wp\/v2\/comments?post=13"}],"version-history":[{"count":2,"href":"https:\/\/sites.uwasa.fi\/irwinproject\/wp-json\/wp\/v2\/pages\/13\/revisions"}],"predecessor-version":[{"id":25,"href":"https:\/\/sites.uwasa.fi\/irwinproject\/wp-json\/wp\/v2\/pages\/13\/revisions\/25"}],"wp:attachment":[{"href":"https:\/\/sites.uwasa.fi\/irwinproject\/wp-json\/wp\/v2\/media?parent=13"}],"curies":[{"name":"wp","href":"https:\/\/api.w.org\/{rel}","templated":true}]}}