{"id":111,"date":"2025-01-18T13:27:56","date_gmt":"2025-01-18T11:27:56","guid":{"rendered":"https:\/\/sites.uwasa.fi\/irwinproject\/?page_id=111"},"modified":"2025-01-18T13:27:56","modified_gmt":"2025-01-18T11:27:56","slug":"irwin-hankkeen-policy-brief-9-2022","status":"publish","type":"page","link":"https:\/\/sites.uwasa.fi\/irwinproject\/irwin-hankkeen-policy-brief-9-2022\/","title":{"rendered":"IRWIN-hankkeen Policy Brief 9\/2022"},"content":{"rendered":"<div class=\"fe-block fe-block-yui_3_17_2_1_1663663285470_166032\">\n<div id=\"block-yui_3_17_2_1_1663663285470_166032\" class=\"sqs-block html-block sqs-block-html\" data-block-type=\"2\" data-border-radii=\"{&quot;topLeft&quot;:{&quot;unit&quot;:&quot;px&quot;,&quot;value&quot;:0.0},&quot;topRight&quot;:{&quot;unit&quot;:&quot;px&quot;,&quot;value&quot;:0.0},&quot;bottomLeft&quot;:{&quot;unit&quot;:&quot;px&quot;,&quot;value&quot;:0.0},&quot;bottomRight&quot;:{&quot;unit&quot;:&quot;px&quot;,&quot;value&quot;:0.0}}\">\n<div class=\"sqs-block-content\">\n<div class=\"sqs-html-content\">\n<h1><span class=\"sqsrte-text-color--white\"><strong>IRWIN-hankkeen Policy Brief 9\/2022<\/strong> <\/span><\/h1>\n<\/div>\n<\/div>\n<\/div>\n<\/div>\n<div id=\"yui_3_17_2_1_1737199473118_74\" class=\"fe-block fe-block-yui_3_17_2_1_1663663285470_130561\">\n<div id=\"block-yui_3_17_2_1_1663663285470_130561\" class=\"sqs-block image-block sqs-block-image sqs-stretched sqs-text-ready\" data-block-type=\"5\">\n<div id=\"yui_3_17_2_1_1737199473118_73\" class=\"sqs-block-content\">\n<div id=\"yui_3_17_2_1_1737199473118_72\" class=\"image-block-outer-wrapper layout-caption-below design-layout-fluid image-position-center combination-animation-site-default individual-animation-site-default sqs-narrow-width animation-loaded\" data-test=\"image-block-fluid-outer-wrapper\">\n<div id=\"yui_3_17_2_1_1737199473118_71\" class=\"fluid-image-animation-wrapper sqs-image sqs-block-alignment-wrapper\" data-animation-role=\"image\">\n<div id=\"yui_3_17_2_1_1737199473118_70\" class=\"fluid-image-container sqs-image-content\"><\/div>\n<\/div>\n<\/div>\n<\/div>\n<\/div>\n<\/div>\n<div id=\"yui_3_17_2_1_1737199473118_89\" class=\"fe-block fe-block-yui_3_17_2_1_1663663285470_112351\">\n<div id=\"block-yui_3_17_2_1_1663663285470_112351\" class=\"sqs-block image-block sqs-block-image sqs-stretched sqs-text-ready\" data-block-type=\"5\">\n<div id=\"yui_3_17_2_1_1737199473118_88\" class=\"sqs-block-content\">\n<div id=\"yui_3_17_2_1_1737199473118_87\" class=\"image-block-outer-wrapper layout-caption-below design-layout-fluid image-position-center combination-animation-site-default individual-animation-site-default sqs-narrow-width animation-loaded\" data-test=\"image-block-fluid-outer-wrapper\">\n<div id=\"yui_3_17_2_1_1737199473118_86\" class=\"fluid-image-animation-wrapper sqs-image sqs-block-alignment-wrapper\" data-animation-role=\"image\"><\/div>\n<\/div>\n<\/div>\n<\/div>\n<\/div>\n<div class=\"fe-block fe-block-c42882b900a126f61e5d\">\n<div id=\"block-c42882b900a126f61e5d\" class=\"sqs-block button-block sqs-block-button sqs-stretched\" data-block-type=\"53\">\n<div id=\"yui_3_17_2_1_1737199473118_176\" class=\"sqs-block-content\">\n<div id=\"yui_3_17_2_1_1737199473118_175\" class=\"sqs-block-button-container sqs-block-button-container--center\" data-animation-role=\"button\" data-alignment=\"center\" data-button-size=\"medium\" data-button-type=\"primary\"><a href=\"https:\/\/sites.uwasa.fi\/irwinproject\/wp-content\/blogs.dir\/4\/files\/sites\/236\/2025\/01\/IRWIN-PolicyBriefSyyskuu2022.pdf\">Lataa ja lue Policy Brief<\/a><\/div>\n<\/div>\n<\/div>\n<\/div>\n<div class=\"fe-block fe-block-5aa23b55e283cae2a8fe\">\n<div id=\"block-5aa23b55e283cae2a8fe\" class=\"sqs-block html-block sqs-block-html\" data-block-type=\"2\">\n<div class=\"sqs-block-content\">\n<div class=\"sqs-html-content\">\n<h3><span class=\"sqsrte-text-color--white\">Kansallinen varautuminen edellytt\u00e4\u00e4 tilannetietoisuutta, joka rakentuu yhteiskunnallisten toimijoiden v\u00e4lisess\u00e4 vuorovaikutuksessa<\/span><\/h3>\n<p class=\"\">22.9.2022 | P\u00e4ivitetty: 10.2.2023, lis\u00e4tty video sivulle<\/p>\n<p class=\"sqsrte-large\"><span class=\"sqsrte-text-color--accent\">Koronapandemia ja Ven\u00e4j\u00e4n hy\u00f6kk\u00e4ys Ukrainaan ovat nostaneet kokonaisturvallisuuden ja kansallisen varautumisen yhteiskunnalliseksi puheenaiheeksi. Esimerkiksi huoltovarmuuden turvaaminen ja hybridivaikuttamisen est\u00e4minen eiv\u00e4t ole en\u00e4\u00e4 varautumisen ammattilaisten seminaareissa k\u00e4sitelt\u00e4vi\u00e4 teemoja, vaan laajasti yhteiskunnan eri toimijoita askarruttavia kysymyksi\u00e4. Ei ole liioittelua sanoa, ett\u00e4 varautuminen on 2020-luvulla uusi tarpeellinen kansalaistaito<\/span><\/p>\n<p class=\"sqsrte-large\"><span class=\"sqsrte-text-color--accent\">Policy Briefiss\u00e4 k\u00e4sitelt\u00e4v\u00e4 tutkimus on osa Suomen Akatemian rahoittamaa Vaasan ja It\u00e4-Suomen yliopistojen sek\u00e4 Laurea-ammattikorkeakoulun ja Maanpuolustuskorkeakoulun yhteisty\u00f6ss\u00e4 toteuttamaa monitieteellist\u00e4 IRWIN-hanketta.<\/span><\/p>\n<div class=\"fe-block fe-block-yui_3_17_2_1_1663663285470_910676\">\n<div id=\"block-yui_3_17_2_1_1663663285470_910676\" class=\"sqs-block html-block sqs-block-html\" data-block-type=\"2\" data-border-radii=\"{&quot;topLeft&quot;:{&quot;unit&quot;:&quot;px&quot;,&quot;value&quot;:0.0},&quot;topRight&quot;:{&quot;unit&quot;:&quot;px&quot;,&quot;value&quot;:0.0},&quot;bottomLeft&quot;:{&quot;unit&quot;:&quot;px&quot;,&quot;value&quot;:0.0},&quot;bottomRight&quot;:{&quot;unit&quot;:&quot;px&quot;,&quot;value&quot;:0.0}}\">\n<div class=\"sqs-block-content\">\n<div class=\"sqs-html-content\">\n<p class=\"\"><span class=\"sqsrte-text-color--accent\">Policy Briefin ovat toteuttaneet Harri Jalonen, Petri Uusikyl\u00e4, Harriet Lonka, Kari Laitinen, Annukka Jokipii, Aki-Mauri Huhtinen, Aino Rantam\u00e4ki, Valdemar Kallunki, Ville-Pekka Niskanen ja Anssi Kein\u00e4nen<\/span><\/p>\n<\/div>\n<\/div>\n<\/div>\n<\/div>\n<div class=\"fe-block fe-block-yui_3_17_2_1_1663833929389_436837\">\n<div id=\"block-yui_3_17_2_1_1663833929389_436837\" class=\"sqs-block button-block sqs-block-button sqs-stretched\" data-block-type=\"53\">\n<div id=\"yui_3_17_2_1_1737199473118_183\" class=\"sqs-block-content\">\n<div id=\"yui_3_17_2_1_1737199473118_182\" class=\"sqs-block-button-container sqs-block-button-container--center\" data-animation-role=\"button\" data-alignment=\"center\" data-button-size=\"large\" data-button-type=\"secondary\">\n<h2>Mit\u00e4 tutkittiin?<\/h2>\n<p class=\"sqsrte-large\"><strong>Osana IRWIN-hankkeen toteutusta<\/strong> tutkijat toteuttivat helmi\u2013huhtikuussa 2022 joukon teemahaastatteluita. N\u00e4iden pohjalta luotiin esiymm\u00e4rryst\u00e4 kokonaisvarautumiseen ja tiedon huoltovarmuuteen vaikuttavista keskeisist\u00e4 teemoista. Teemakokonaisuudet muodostivat olennaisen osan 19.\u2013 25.4.2022 ja 23.\u201330.5.2022 v\u00e4lisin\u00e4 aikoina toteutetusta asiantuntijapaneelista. Paneeli toteutettiin s\u00e4hk\u00f6isell\u00e4 eDelphi-alustalla.<\/p>\n<p class=\"sqsrte-large\"><strong>Tutkimukseen osallistuneet asiantuntijat<\/strong> olivat valtion- ja aluehallinnon viranhaltijoita, poliittisia p\u00e4\u00e4t\u00f6ksentekij\u00f6it\u00e4 ja tutkijoita sek\u00e4 varautumiseen aktiivisesti osallistuvia elinkeinoel\u00e4m\u00e4n ja j\u00e4rjest\u00f6kent\u00e4n toimijoita. Haastattelijoina toimivat IRWIN-hankkeen tutkijat siten, ett\u00e4 jokaisessa haastattelussa (n=16) oli mukana v\u00e4hint\u00e4\u00e4n kaksi haastattelijaa. Teemahaastattelukeskustelut litteroitiin ja aineisto analysoitiin teoriaohjautuvan sis\u00e4ll\u00f6nanalyysin periaatteita noudattaen. Asiantuntijapaneelissa ensimm\u00e4isell\u00e4 kierroksella osallistujat (n=33) arvioivat heille esitettyj\u00e4 v\u00e4itteit\u00e4 ja perustelivat vastauksiaan omaan asiantuntijuuteensa perustuen. IRWIN-hankkeen tutkijat analysoivat vastaukset ja muodostivat niiden pohjalta asiantuntijapaneelin toisen kierroksen teemat. Toiseen paneeliin osallistui 31 asiantuntijaa. Asiantuntijapaneelin vastaukset annettiin ja keskustelut k\u00e4ytiin anonyymisti.<\/p>\n<p class=\"sqsrte-large\"><strong>Yhteiskunnallisten toimijoiden vuorovaikutuksen<\/strong> merkitys tilannetietoisuuden rakentumisessa korostui teemahaastatteluissa ja asiantuntijapaneelin vastauksissa. Asiantuntijoita pyydettiin arvioimaan v\u00e4itteit\u00e4 koskien eri toimijoiden vuorovaikutuksen merkityksellisyytt\u00e4 ja nykytilaa. Hallinnonalojen ja -tasojen v\u00e4lisen vuorovaikutuksen, hallinnon ja j\u00e4rjest\u00f6kent\u00e4n\/kansalaisyhteiskunnan v\u00e4lisen vuorovaikutuksen sek\u00e4 hallinnon ja elinkeinoel\u00e4m\u00e4n v\u00e4lisen vuorovaikutuksen osalta voidaan todeta, ett\u00e4 l\u00e4hes poikkeuksetta asiantuntijat arvioivat vuorovaikutuksen merkityksellisyyden eritt\u00e4in t\u00e4rke\u00e4ksi tai t\u00e4rke\u00e4ksi, kun taas vuorovaikutuksen nykytila arvioitiin useimmiten tyydytt\u00e4v\u00e4ksi ja enimmill\u00e4\u00e4n hyv\u00e4ksi.<\/p>\n<p><a href=\"https:\/\/sites.uwasa.fi\/irwinproject\/wp-content\/blogs.dir\/4\/files\/sites\/236\/2025\/01\/IRWIN-PolicyBriefSyyskuu2022.pdf\">Lataa ja lue Policy Brief<\/a><\/p>\n<\/div>\n<\/div>\n<\/div>\n<\/div>\n<\/div>\n<\/div>\n<\/div>\n<\/div>\n","protected":false},"excerpt":{"rendered":"<p>IRWIN-hankkeen Policy Brief 9\/2022 Lataa ja lue Policy Brief Kansallinen varautuminen edellytt\u00e4\u00e4 tilannetietoisuutta, joka rakentuu yhteiskunnallisten toimijoiden v\u00e4lisess\u00e4 vuorovaikutuksessa 22.9.2022 | P\u00e4ivitetty: 10.2.2023, lis\u00e4tty video sivulle Koronapandemia ja Ven\u00e4j\u00e4n hy\u00f6kk\u00e4ys Ukrainaan ovat nostaneet kokonaisturvallisuuden ja kansallisen varautumisen yhteiskunnalliseksi puheenaiheeksi. Esimerkiksi huoltovarmuuden turvaaminen ja hybridivaikuttamisen est\u00e4minen eiv\u00e4t ole en\u00e4\u00e4 varautumisen ammattilaisten seminaareissa k\u00e4sitelt\u00e4vi\u00e4 teemoja, vaan laajasti [&hellip;]<\/p>\n","protected":false},"author":160,"featured_media":0,"parent":0,"menu_order":0,"comment_status":"closed","ping_status":"closed","template":"","meta":{"_acf_changed":false,"footnotes":""},"class_list":["post-111","page","type-page","status-publish","hentry"],"acf":[],"_links":{"self":[{"href":"https:\/\/sites.uwasa.fi\/irwinproject\/wp-json\/wp\/v2\/pages\/111"}],"collection":[{"href":"https:\/\/sites.uwasa.fi\/irwinproject\/wp-json\/wp\/v2\/pages"}],"about":[{"href":"https:\/\/sites.uwasa.fi\/irwinproject\/wp-json\/wp\/v2\/types\/page"}],"author":[{"embeddable":true,"href":"https:\/\/sites.uwasa.fi\/irwinproject\/wp-json\/wp\/v2\/users\/160"}],"replies":[{"embeddable":true,"href":"https:\/\/sites.uwasa.fi\/irwinproject\/wp-json\/wp\/v2\/comments?post=111"}],"version-history":[{"count":1,"href":"https:\/\/sites.uwasa.fi\/irwinproject\/wp-json\/wp\/v2\/pages\/111\/revisions"}],"predecessor-version":[{"id":113,"href":"https:\/\/sites.uwasa.fi\/irwinproject\/wp-json\/wp\/v2\/pages\/111\/revisions\/113"}],"wp:attachment":[{"href":"https:\/\/sites.uwasa.fi\/irwinproject\/wp-json\/wp\/v2\/media?parent=111"}],"curies":[{"name":"wp","href":"https:\/\/api.w.org\/{rel}","templated":true}]}}