{"id":109,"date":"2025-01-18T13:24:27","date_gmt":"2025-01-18T11:24:27","guid":{"rendered":"https:\/\/sites.uwasa.fi\/irwinproject\/?page_id=109"},"modified":"2025-01-18T13:24:27","modified_gmt":"2025-01-18T11:24:27","slug":"policy-brief-tiedon-huoltovarmuutta-vahvistettava-kansalaistiedon-tietomallilla","status":"publish","type":"page","link":"https:\/\/sites.uwasa.fi\/irwinproject\/policy-brief-tiedon-huoltovarmuutta-vahvistettava-kansalaistiedon-tietomallilla\/","title":{"rendered":"Policy Brief: Tiedon huoltovarmuutta vahvistettava kansalaistiedon tietomallilla"},"content":{"rendered":"<p class=\"sqsrte-large\"><span class=\"sqsrte-text-color--white\">26.9.2023<\/span><\/p>\n<p><a href=\"https:\/\/urn.fi\/URN:ISBN:978-951-799-690-7\">Lue Policy Brief<\/a><\/p>\n<p class=\"sqsrte-large\"><span class=\"sqsrte-text-color--accent\"><strong>Kansalaisten osallisuus varautumista koskevasta tiedosta on v\u00e4ltt\u00e4m\u00e4t\u00f6nt\u00e4<\/strong>, jotta v\u00e4est\u00f6\u00f6n kohdistuviin riskeihin voidaan varautua kest\u00e4v\u00e4ll\u00e4 tavalla. Tieto on aina ollut osa varautumista, mutta sen merkitys my\u00f6s kansalaisten varautumisessa on kasvanut. Kansalaiset ovat jo keskeisi\u00e4 tietoa hy\u00f6dynt\u00e4vi\u00e4 toimijoita. Heid\u00e4n roolinsa tiedon tuottamisessa ja jakamisessa on kuitenkin yh\u00e4 alihy\u00f6dynnetty.<\/span><\/p>\n<p class=\"sqsrte-large\"><span class=\"sqsrte-text-color--accent\">Policy Briefiss\u00e4 k\u00e4sitelt\u00e4v\u00e4 tutkimus on osa Suomen Akatemian rahoittamaa Vaasan ja It\u00e4-Suomen yliopistojen sek\u00e4 Laurea-ammattikorkeakoulun ja Maanpuolustuskorkeakoulun yhteisty\u00f6ss\u00e4 toteuttamaa monitieteellist\u00e4 IRWIN-hanketta.<strong><\/p>\n<p><\/strong>Policy Briefin ovat toteuttaneet <strong>Valdemar Kallunki, Laura Erkkil\u00e4, Marilla Kortesalmi, Annu-Riina Lamberg <\/strong>ja<strong> Teemu Santonen<\/strong> Laurea-ammattikorkeakoulusta sek\u00e4 <strong>Harri Jalonen<\/strong> ja <strong>Petri Uusikyl\u00e4<\/strong> Vaasan yliopistosta.<\/span><\/p>\n<h2>Miten tutkittiin?<\/h2>\n<p class=\"sqsrte-large\"><strong>Policy Briefin havainnot perustuvat kansalaishaastatteluihin, Delfoi-tutkimukseen ja ty\u00f6pajakeskusteluihin<\/strong>. Laurea-ammattikorkeakoulun tutkijat toteuttivat syyskuun 2021 ja helmikuun 2022 v\u00e4lisen\u00e4 aikana joukon itseorganisoituneiden kansalaisten teemahaastatteluita (n=30). Haastateltavat rekrytoitiin nelj\u00e4st\u00e4 sosiaalisen median ryhm\u00e4st\u00e4. Haastattelut toteutettiin et\u00e4yhteyksin kolmen tutkijan toimesta. Haastatteluissa kansalaisilta tiedusteltiin heid\u00e4n n\u00e4kemyksi\u00e4\u00e4n yleisesti korona-ajan tiedosta, sek\u00e4 tarkemmin omasta toiminnasta tiedon hy\u00f6dynt\u00e4jin\u00e4 ja tuottajina sek\u00e4 itseorganisoituneen kansalaisryhm\u00e4n toiminnasta.<\/p>\n<p class=\"sqsrte-large\">Kansalaisten haastatteluiden rinnalla toteutettiin <strong>Delfoi-tutkimus<\/strong>, joka alkoi varautumistoiminnan asiantuntijoiden teemahaastatteluilla (n=26). Haastateltavat edustivat monipuolisesti varautumistoiminnan eri rooleissa toimivia tahoja, kattaen j\u00e4rjest\u00f6t ja julkisen sektorin toimijat aina paikallistasolta valtakunnan tasolle. Teemahaastattelut litteroitiin ja aineisto analysoitiin sis\u00e4ll\u00f6nanalyysin periaatteita noudattaen. Haastattelujen pohjalta luotiin esiymm\u00e4rryst\u00e4 kokonaisvarautumiseen ja tiedon huoltovarmuuteen vaikuttavista keskeisist\u00e4 teemoista, joiden pohjalta muodostettiin Delfoi-tutkimuksen ensimm\u00e4isen kierroksen v\u00e4itt\u00e4m\u00e4t.<\/p>\n<p class=\"sqsrte-large\">Varsinainen <strong>Delfoi-paneelikeskustelu<\/strong> toteutettiin s\u00e4hk\u00f6isell\u00e4 eDelphi-alustalla huhti-kes\u00e4kuun 2022 aikana. Tutkimukseen osallistuneet asiantuntijat olivat paikallis- ja aluehallinnon viranhaltijoita, varautumisen asiantuntijoita sek\u00e4 kansalaisten osallistamiseen aktiivisesti osallistuvia j\u00e4rjest\u00f6kent\u00e4n toimijoita sek\u00e4 tahoja, joilla oli merkitt\u00e4vi\u00e4 rooleja toiminnan koordinoinnissa.<\/p>\n<p class=\"sqsrte-large\">IRWIN-hankkeen tutkijat toteuttivat Vantaalla syksyll\u00e4 2022 ja talvella 2023 <strong>kolme ty\u00f6pajaa<\/strong> kutsutuille osallistujille. Ty\u00f6pajojen tavoitteina oli t\u00e4ydent\u00e4\u00e4 hankkeessa syntynytt\u00e4 ymm\u00e4rryst\u00e4 keskeisimmist\u00e4 varautumiskent\u00e4n haasteista keskittyen ideoimaan ratkaisuja tiedolliseen varautumiseen. Ty\u00f6pajoihin osallistui yhteens\u00e4 noin 50 osallistujaa, joilla on kattavaa kokemusta tai ymm\u00e4rryst\u00e4 varautumisesta. Osallistujat edustivat julkista hallintoa (valtionhallinto, aluehallinto ja kunnat), viranomaisia, yliopistoja ja tutkimuslaitoksia, elinkeinoel\u00e4m\u00e4\u00e4, j\u00e4rjest\u00f6j\u00e4 sek\u00e4 nelj\u00e4tt\u00e4 sektoria.<\/p>\n<h2>Havainnot &amp; suositukset<\/h2>\n<p class=\"sqsrte-large\"><span class=\"sqsrte-text-color--accent\">Policy Briefiss\u00e4 esitell\u00e4\u00e4n <strong>viisi havaintoa kansalaisten toimijuudesta osana tiedon huoltovarmuutta<\/strong>:<\/span><\/p>\n<ol data-rte-list=\"default\">\n<li>\n<p class=\"sqsrte-large\"><span class=\"sqsrte-text-color--accent\"><strong>Verkostoyhteisty\u00f6n haasteet<\/strong> n\u00e4kyv\u00e4t varautumistoiminnan hahmottomuutena kansalaisille<\/span><\/p>\n<\/li>\n<li>\n<p class=\"sqsrte-large\"><span class=\"sqsrte-text-color--accent\"><strong>Viranomaiskeskeisyys rajoittaa<\/strong> kansalaisten toimijuuden merkityst\u00e4<\/span><\/p>\n<\/li>\n<li>\n<p class=\"sqsrte-large\"><span class=\"sqsrte-text-color--accent\">Kansalaisyhteiskunnalle v\u00e4ltt\u00e4m\u00e4t\u00f6n <strong>vuorovaikutteinen tiedonkulku on puutteellista<\/strong><\/span><\/p>\n<\/li>\n<li>\n<p class=\"sqsrte-large\"><span class=\"sqsrte-text-color--accent\">Varautumistoimijat <strong>eiv\u00e4t riitt\u00e4v\u00e4sti ymm\u00e4rr\u00e4<\/strong> toistensa <strong>tiedon<\/strong> <strong>tarpeita<\/strong><\/span><\/p>\n<\/li>\n<li>\n<p class=\"sqsrte-large\"><span class=\"sqsrte-text-color--accent\">Luottamusta synnytt\u00e4v\u00e4 ja yll\u00e4pit\u00e4v\u00e4 <strong>vuorovaikutus on varautumisen perusta<\/strong><\/span><\/p>\n<\/li>\n<\/ol>\n<p class=\"\" data-rte-preserve-empty=\"true\">\n<p class=\"sqsrte-large\"><span class=\"sqsrte-text-color--accent\">N\u00e4iden perusteella julkaisussa my\u00f6s hahmotellaan my\u00f6s <strong>viisi suositusta:<\/strong><\/span><\/p>\n<ol data-rte-list=\"default\">\n<li>\n<p class=\"sqsrte-large\"><span class=\"sqsrte-text-color--accent\"><strong>Kansalaisyhteiskunnan toimijat<\/strong> nykyist\u00e4 vahvemmin osaksi huoltovarmuusverkostoa<\/span><\/p>\n<\/li>\n<li>\n<p class=\"sqsrte-large\"><span class=\"sqsrte-text-color--accent\"><strong>Kansalaisten asiantuntija- ja kokemustieto<\/strong> osaksi tiedon huoltovarmuutta<\/span><\/p>\n<\/li>\n<li>\n<p class=\"sqsrte-large\"><span class=\"sqsrte-text-color--accent\">Avoimen ja monenkeskeisen <strong>tietomallin luominen yhdess\u00e4 kansalaisten kanssa<\/strong><\/span><\/p>\n<\/li>\n<li>\n<p class=\"sqsrte-large\"><span class=\"sqsrte-text-color--accent\">Kansalaisten <strong>osallistumista<\/strong> tukeva toimintamalli <strong>osaksi valmiusharjoittelua<\/strong><\/span><\/p>\n<\/li>\n<li>\n<p class=\"sqsrte-large\"><span class=\"sqsrte-text-color--accent\">Tiedon jakamisesta <strong>hyv\u00e4n ajan rutiinia<\/strong><\/span><\/p>\n<\/li>\n<\/ol>\n<p class=\"sqsrte-large\"><span class=\"sqsrte-text-color--accent\"><br \/>\nLue tarkempi kuvaus havainnoista ja suosituksista <\/span><span class=\"sqsrte-text-highlight\" data-text-attribute-id=\"f6ce21a3-b035-45d8-8453-16b16e1b9d48\"><a href=\"https:\/\/urn.fi\/URN:ISBN:978-951-799-690-7\" target=\"_blank\" rel=\"noopener\"><span class=\"sqsrte-text-color--accent\"><strong>Policy Brief -julkaisusta.<\/strong><\/span><\/a><\/span><\/p>\n","protected":false},"excerpt":{"rendered":"<p>26.9.2023 Lue Policy Brief Kansalaisten osallisuus varautumista koskevasta tiedosta on v\u00e4ltt\u00e4m\u00e4t\u00f6nt\u00e4, jotta v\u00e4est\u00f6\u00f6n kohdistuviin riskeihin voidaan varautua kest\u00e4v\u00e4ll\u00e4 tavalla. Tieto on aina ollut osa varautumista, mutta sen merkitys my\u00f6s kansalaisten varautumisessa on kasvanut. Kansalaiset ovat jo keskeisi\u00e4 tietoa hy\u00f6dynt\u00e4vi\u00e4 toimijoita. Heid\u00e4n roolinsa tiedon tuottamisessa ja jakamisessa on kuitenkin yh\u00e4 alihy\u00f6dynnetty. Policy Briefiss\u00e4 k\u00e4sitelt\u00e4v\u00e4 tutkimus on [&hellip;]<\/p>\n","protected":false},"author":160,"featured_media":0,"parent":0,"menu_order":0,"comment_status":"closed","ping_status":"closed","template":"","meta":{"_acf_changed":false,"footnotes":""},"class_list":["post-109","page","type-page","status-publish","hentry"],"acf":[],"_links":{"self":[{"href":"https:\/\/sites.uwasa.fi\/irwinproject\/wp-json\/wp\/v2\/pages\/109"}],"collection":[{"href":"https:\/\/sites.uwasa.fi\/irwinproject\/wp-json\/wp\/v2\/pages"}],"about":[{"href":"https:\/\/sites.uwasa.fi\/irwinproject\/wp-json\/wp\/v2\/types\/page"}],"author":[{"embeddable":true,"href":"https:\/\/sites.uwasa.fi\/irwinproject\/wp-json\/wp\/v2\/users\/160"}],"replies":[{"embeddable":true,"href":"https:\/\/sites.uwasa.fi\/irwinproject\/wp-json\/wp\/v2\/comments?post=109"}],"version-history":[{"count":1,"href":"https:\/\/sites.uwasa.fi\/irwinproject\/wp-json\/wp\/v2\/pages\/109\/revisions"}],"predecessor-version":[{"id":110,"href":"https:\/\/sites.uwasa.fi\/irwinproject\/wp-json\/wp\/v2\/pages\/109\/revisions\/110"}],"wp:attachment":[{"href":"https:\/\/sites.uwasa.fi\/irwinproject\/wp-json\/wp\/v2\/media?parent=109"}],"curies":[{"name":"wp","href":"https:\/\/api.w.org\/{rel}","templated":true}]}}