{"id":106,"date":"2025-01-18T13:23:25","date_gmt":"2025-01-18T11:23:25","guid":{"rendered":"https:\/\/sites.uwasa.fi\/irwinproject\/?page_id=106"},"modified":"2025-01-18T13:23:25","modified_gmt":"2025-01-18T11:23:25","slug":"policy-brief-disinformaation-torjuminen-ja-resilienssin-parantaminen-vaativat-laajaa-yhteistyota-eri-yhteiskuntasektoreiden-valilla","status":"publish","type":"page","link":"https:\/\/sites.uwasa.fi\/irwinproject\/policy-brief-disinformaation-torjuminen-ja-resilienssin-parantaminen-vaativat-laajaa-yhteistyota-eri-yhteiskuntasektoreiden-valilla\/","title":{"rendered":"Policy Brief: Disinformaation torjuminen ja resilienssin parantaminen vaativat laajaa yhteisty\u00f6t\u00e4 eri yhteiskuntasektoreiden v\u00e4lill\u00e4"},"content":{"rendered":"<p><a href=\"https:\/\/urn.fi\/URN:ISBN:978-951-25-3426-5\">Lue Policy Brief<\/a><\/p>\n<p><strong>Kansalaisten disinformaation sietokyvyn <\/strong>sek\u00e4 tunnistustaitojen kohentaminen palvelevat my\u00f6s viranomaisten toimintaa. Tutkimuksemme osoittavat, ett\u00e4 v\u00e4\u00e4r\u00e4n tiedon levi\u00e4minen vaikuttaa huomattavan negatiivisesti kansalaisten luottamukseen julkista hallintoa ja yleisesti hallintorakenteita kohtaan. Pelk\u00e4st\u00e4\u00e4n t\u00e4m\u00e4n uhkakuvan pohjalta ilmenee, kuinka t\u00e4rke\u00e4st\u00e4 asiasta on kyse.<strong><\/p>\n<p><\/strong>Policy Briefin ovat toteuttaneet <strong>Maro Ketola, Silvia Sommarberg, Pekka Koistinen, Aki-Mauri Huhtinen ja Teija Sederholm <\/strong>Maanpuolustuskorkeakoulusta.<\/p>\n<h2>Suositukset<\/h2>\n<p class=\"sqsrte-large\"><span class=\"sqsrte-text-color--accent\">Policy Briefiss\u00e4 esitell\u00e4\u00e4n <strong>nelj\u00e4 suositusta:<\/strong><\/span><\/p>\n<ol data-rte-list=\"default\">\n<li>\n<p class=\"sqsrte-large\"><span class=\"sqsrte-text-color--accent\"><strong>I<\/strong>nformaatiovaikuttamisen est\u00e4miseen kohdistuvan toiminnan resurssointi <\/span><\/p>\n<\/li>\n<li>\n<p class=\"sqsrte-large\"><span class=\"sqsrte-text-color--accent\">Kansainv\u00e4list\u00e4 toimintaa ja nuorten kouluttamista<\/span><\/p>\n<\/li>\n<li>\n<p class=\"sqsrte-large\"><span class=\"sqsrte-text-color--accent\">Tilannetietoisuutta tulee kehitt\u00e4\u00e4 jatkuvasti yhteisty\u00f6ll\u00e4<\/span><\/p>\n<\/li>\n<li>\n<p class=\"sqsrte-large\"><span class=\"sqsrte-text-color--accent\">Oikea tieto saavuttaa kansalaiset<\/span><\/p>\n<p class=\"sqsrte-large\"><span class=\"sqsrte-text-color--accent\"><br \/>\nLue tarkempi kuvaus havainnoista ja suosituksista <\/span><span class=\"sqsrte-text-highlight\" data-text-attribute-id=\"f6ce21a3-b035-45d8-8453-16b16e1b9d48\"><a href=\"https:\/\/urn.fi\/URN:ISBN:978-951-25-3426-5\" target=\"_blank\" rel=\"noopener\"><span class=\"sqsrte-text-color--accent\"><strong>Policy Brief -julkaisusta.<\/strong><\/span><\/a><\/span><\/p>\n<\/li>\n<\/ol>\n","protected":false},"excerpt":{"rendered":"<p>Lue Policy Brief Kansalaisten disinformaation sietokyvyn sek\u00e4 tunnistustaitojen kohentaminen palvelevat my\u00f6s viranomaisten toimintaa. Tutkimuksemme osoittavat, ett\u00e4 v\u00e4\u00e4r\u00e4n tiedon levi\u00e4minen vaikuttaa huomattavan negatiivisesti kansalaisten luottamukseen julkista hallintoa ja yleisesti hallintorakenteita kohtaan. Pelk\u00e4st\u00e4\u00e4n t\u00e4m\u00e4n uhkakuvan pohjalta ilmenee, kuinka t\u00e4rke\u00e4st\u00e4 asiasta on kyse. Policy Briefin ovat toteuttaneet Maro Ketola, Silvia Sommarberg, Pekka Koistinen, Aki-Mauri Huhtinen ja Teija Sederholm [&hellip;]<\/p>\n","protected":false},"author":160,"featured_media":0,"parent":0,"menu_order":0,"comment_status":"closed","ping_status":"closed","template":"","meta":{"_acf_changed":false,"footnotes":""},"class_list":["post-106","page","type-page","status-publish","hentry"],"acf":[],"_links":{"self":[{"href":"https:\/\/sites.uwasa.fi\/irwinproject\/wp-json\/wp\/v2\/pages\/106"}],"collection":[{"href":"https:\/\/sites.uwasa.fi\/irwinproject\/wp-json\/wp\/v2\/pages"}],"about":[{"href":"https:\/\/sites.uwasa.fi\/irwinproject\/wp-json\/wp\/v2\/types\/page"}],"author":[{"embeddable":true,"href":"https:\/\/sites.uwasa.fi\/irwinproject\/wp-json\/wp\/v2\/users\/160"}],"replies":[{"embeddable":true,"href":"https:\/\/sites.uwasa.fi\/irwinproject\/wp-json\/wp\/v2\/comments?post=106"}],"version-history":[{"count":1,"href":"https:\/\/sites.uwasa.fi\/irwinproject\/wp-json\/wp\/v2\/pages\/106\/revisions"}],"predecessor-version":[{"id":107,"href":"https:\/\/sites.uwasa.fi\/irwinproject\/wp-json\/wp\/v2\/pages\/106\/revisions\/107"}],"wp:attachment":[{"href":"https:\/\/sites.uwasa.fi\/irwinproject\/wp-json\/wp\/v2\/media?parent=106"}],"curies":[{"name":"wp","href":"https:\/\/api.w.org\/{rel}","templated":true}]}}