{"id":62,"date":"2025-10-31T11:46:36","date_gmt":"2025-10-31T09:46:36","guid":{"rendered":"https:\/\/sites.uwasa.fi\/investigame\/?page_id=62"},"modified":"2025-10-31T11:50:10","modified_gmt":"2025-10-31T09:50:10","slug":"tyopaketti-3-investual-moniaististen-sijoituskokemusten-vaikutus-paatoksentekoon-virtuaalitodellisuudessa","status":"publish","type":"page","link":"https:\/\/sites.uwasa.fi\/investigame\/tyopaketti-3-investual-moniaististen-sijoituskokemusten-vaikutus-paatoksentekoon-virtuaalitodellisuudessa\/","title":{"rendered":"Ty\u00f6paketti 3: INVESTUAL"},"content":{"rendered":"<h2>INVESTUAL | Moniaististen sijoituskokemusten vaikutus p\u00e4\u00e4t\u00f6ksentekoon virtuaalitodellisuudessa<\/h2>\n<p class=\"x_MsoNormal\">Kuvittele, ett\u00e4 p\u00e4\u00e4t\u00f6ksentekij\u00e4t voisivat astua kolmiulotteiseen talousdatan esitykseen, jossa he n\u00e4kev\u00e4t, liikkuvat ja jopa koskettavat osakkeisiin, joukkovelkakirjoihin, rahastoihin ja johdannaismarkkinoihin liittyvi\u00e4 dynaamisia datavirtoja. Virtuaalitodellisuusteknologioiden (VR) kuten stereoskooppisen visualisoinnin, 360\u00b0-juoksumattojen, haptisten hansikkaiden sek\u00e4 Unreal\/Unity-pohjaisen render\u00f6innin avulla sijoittajat voivat kokea ja tulkita monimutkaista dataa t\u00e4ysin immersiivisess\u00e4, moniaistisessa ymp\u00e4rist\u00f6ss\u00e4.<\/p>\n<p class=\"x_MsoNormal\">Immersiivisten teknologioiden nopean kehityksen my\u00f6t\u00e4 on tullut mahdolliseksi luoda ymp\u00e4rist\u00f6j\u00e4, jotka aktivoivat ihmisen luonnollisia aisteja\u2014kuten n\u00e4k\u00f6\u00e4, tuntoa ja liikett\u00e4\u2014tavoilla, joihin perinteiset k\u00e4ytt\u00f6liittym\u00e4t eiv\u00e4t pysty. INVESTUAL-hanke tutkii, miten t\u00e4llaiset moniaistiset VR-kokemukset vaikuttavat sijoitusp\u00e4\u00e4t\u00f6ksentekoon. Erityisesti hanke selvitt\u00e4\u00e4 kokeellisesti, miten VR-visualisointi, juoksumattoon perustuva liikkuminen ja haptinen vuorovaikutus vaikuttavat sijoittajan kokemukseen, p\u00e4\u00e4t\u00f6ksentekoprosessiin, p\u00e4\u00e4t\u00f6sten laatuun ja sijoitussuoriutumiseen.<\/p>\n<p class=\"x_MsoNormal\">N\u00e4iden vaikutusten testaamiseksi kehitettiin nelj\u00e4 immersiivist\u00e4 VR-ymp\u00e4rist\u00f6\u00e4 ja niit\u00e4 verrattiin yhteen tavanomaiseen 2D-olosuhteeseen. VR-ymp\u00e4rist\u00f6iss\u00e4 sijoittajat pystyiv\u00e4t vuorovaikuttamaan fyysisesti kolmiulotteisten talousgraafien kanssa, esimerkiksi tutkimalla ja muokkaamalla dataa kehollisen liikkeen avulla. Hankkeen videomateriaalia on saatavilla t\u00e4\u00e4ll\u00e4:\u00a0<a title=\"Alkuper\u00e4inen URL-osoite: https:\/\/shorturl.at\/rRrwf. Napsauta tai napauta, jos luotat t\u00e4h\u00e4n linkkiin.\" href=\"https:\/\/eur01.safelinks.protection.outlook.com\/?url=https%3A%2F%2Fshorturl.at%2FrRrwf&amp;data=05%7C02%7CRiikka.Kalmi%40uwasa.fi%7C91d7e2d4fdf94f10318d08de170e25c3%7Cf0c6a04190a24a878c824c8c17312ba2%7C0%7C0%7C638973546684248685%7CUnknown%7CTWFpbGZsb3d8eyJFbXB0eU1hcGkiOnRydWUsIlYiOiIwLjAuMDAwMCIsIlAiOiJXaW4zMiIsIkFOIjoiTWFpbCIsIldUIjoyfQ%3D%3D%7C0%7C%7C%7C&amp;sdata=gjEmSqN%2B4DrpRgpPtI171ppjkPUOzpGND4CIOlZ8QMA%3D&amp;reserved=0\" data-auth=\"NotApplicable\" data-linkindex=\"0\">https:\/\/shorturl.at\/rRrwf<\/a><\/p>\n<p class=\"x_MsoNormal\">Laajaan laboratoriokokeeseen (183 osallistujaa) perustuen INVESTUAL-hanke on tuottanut useita vertaisarvioituja julkaisuja rahoitustieteen, tietoj\u00e4rjestelm\u00e4tieteen ja liiketaloustieteen aloilla. Tulosten levitt\u00e4minen Suomen finanssialalle odotetaan tuottavan merkitt\u00e4v\u00e4n synergisen vaikutuksen, joka yhdist\u00e4\u00e4 kehittyneet ICT-valmiudet dataohjautuvan sijoitusp\u00e4\u00e4t\u00f6ksenteon muuttuvaan kentt\u00e4\u00e4n.<\/p>\n<p class=\"x_MsoNormal\" aria-hidden=\"true\">\n","protected":false},"excerpt":{"rendered":"<p>INVESTUAL | Moniaististen sijoituskokemusten vaikutus p\u00e4\u00e4t\u00f6ksentekoon virtuaalitodellisuudessa Kuvittele, ett\u00e4 p\u00e4\u00e4t\u00f6ksentekij\u00e4t voisivat astua kolmiulotteiseen talousdatan esitykseen, jossa he n\u00e4kev\u00e4t, liikkuvat ja jopa koskettavat osakkeisiin, joukkovelkakirjoihin, rahastoihin ja johdannaismarkkinoihin liittyvi\u00e4 dynaamisia datavirtoja. Virtuaalitodellisuusteknologioiden (VR) kuten stereoskooppisen visualisoinnin, 360\u00b0-juoksumattojen, haptisten hansikkaiden sek\u00e4 Unreal\/Unity-pohjaisen render\u00f6innin avulla sijoittajat voivat kokea ja tulkita monimutkaista dataa t\u00e4ysin immersiivisess\u00e4, moniaistisessa ymp\u00e4rist\u00f6ss\u00e4. Immersiivisten teknologioiden [&hellip;]<\/p>\n","protected":false},"author":30,"featured_media":0,"parent":0,"menu_order":0,"comment_status":"closed","ping_status":"closed","template":"","meta":{"_acf_changed":false,"footnotes":""},"class_list":["post-62","page","type-page","status-publish","hentry"],"acf":[],"_links":{"self":[{"href":"https:\/\/sites.uwasa.fi\/investigame\/wp-json\/wp\/v2\/pages\/62"}],"collection":[{"href":"https:\/\/sites.uwasa.fi\/investigame\/wp-json\/wp\/v2\/pages"}],"about":[{"href":"https:\/\/sites.uwasa.fi\/investigame\/wp-json\/wp\/v2\/types\/page"}],"author":[{"embeddable":true,"href":"https:\/\/sites.uwasa.fi\/investigame\/wp-json\/wp\/v2\/users\/30"}],"replies":[{"embeddable":true,"href":"https:\/\/sites.uwasa.fi\/investigame\/wp-json\/wp\/v2\/comments?post=62"}],"version-history":[{"count":2,"href":"https:\/\/sites.uwasa.fi\/investigame\/wp-json\/wp\/v2\/pages\/62\/revisions"}],"predecessor-version":[{"id":65,"href":"https:\/\/sites.uwasa.fi\/investigame\/wp-json\/wp\/v2\/pages\/62\/revisions\/65"}],"wp:attachment":[{"href":"https:\/\/sites.uwasa.fi\/investigame\/wp-json\/wp\/v2\/media?parent=62"}],"curies":[{"name":"wp","href":"https:\/\/api.w.org\/{rel}","templated":true}]}}