{"id":98,"date":"2022-04-25T15:03:38","date_gmt":"2022-04-25T12:03:38","guid":{"rendered":"https:\/\/sites.uwasa.fi\/hyvinvointioikeudenpaivat\/?page_id=98"},"modified":"2022-05-13T09:20:43","modified_gmt":"2022-05-13T06:20:43","slug":"yhteystiedot-ja-saapuminen","status":"publish","type":"page","link":"https:\/\/sites.uwasa.fi\/hyvinvointioikeudenpaivat\/esimerkkisivu\/yhteystiedot-ja-saapuminen\/","title":{"rendered":"Yhteystiedot ja saapuminen"},"content":{"rendered":"<p>Konferenssi j\u00e4rjestet\u00e4\u00e4n Vaasan yliopistolla, Tritonia-tiedekirjastossa osoitteessa Yliopistonranta 7, 65200 Vaasa.<\/p>\n<p>Kaikki esitykset pidet\u00e4\u00e4n Nissi-audioriossa (sis\u00e4\u00e4nk\u00e4ynti kirjaston aulasta). Omakustanteinen lounas tarjolla esimerkiksi viereisess\u00e4 rakennuksessa ravintola <a href=\"https:\/\/www.juvenes.fi\/mathilda\" target=\"_blank\" rel=\"noopener\">Mathildassa<\/a>.<\/p>\n<p>Illallinen tarjoillaan laivaravintola <a href=\"https:\/\/www.faros.fi\/fi\/\" target=\"_blank\" rel=\"noopener\">Faroksessa<\/a>, Sininen tie 1 (Kalaranta), 2 kilometrin p\u00e4\u00e4ss\u00e4 yliopistolta.<\/p>\n<p>Yliopistokampus sijaitsee Palosaarella, 2 kilometrin p\u00e4\u00e4ss\u00e4 Vaasan rautatieasemalta.<\/p>\n<ul>\n<li>kaupungissa voi liikkua k\u00e4vellen tai kaupunkipotkulaudalla (TIER ja Voi)<\/li>\n<li>IC41 Helsingist\u00e4 Tampereen ja Sein\u00e4joen kautta Vaasaan saapuu maanantaina klo 11.07.<\/li>\n<li>IC50 Vaasasta Sein\u00e4joen ja Tampereen kautta Helsinkiin l\u00e4htee tiistaina klo 14.45 ja IC54 l\u00e4htee klo 16.25.<\/li>\n<\/ul>\n<p>Vaasan keskustassa on tarjolla hotellimajoitusta eri hintaluokissa kuudessa hotellissa.<\/p>\n<p><iframe loading=\"lazy\" src=\"https:\/\/www.google.com\/maps\/embed?pb=!1m18!1m12!1m3!1d2146.4543599368726!2d21.592004731798355!3d63.1030033897246!2m3!1f0!2f0!3f0!3m2!1i1024!2i768!4f13.1!3m3!1m2!1s0x467d60f7b93615bf%3A0x1bd954c398bba0f4!2sTritonia!5e0!3m2!1sfi!2sfi!4v1650887093438!5m2!1sfi!2sfi\" width=\"600\" height=\"450\" allowfullscreen=\"allowfullscreen\"><\/iframe><\/p>\n","protected":false},"excerpt":{"rendered":"<p>Konferenssi j\u00e4rjestet\u00e4\u00e4n Vaasan yliopistolla, Tritonia-tiedekirjastossa osoitteessa Yliopistonranta 7, 65200 Vaasa. Kaikki esitykset pidet\u00e4\u00e4n Nissi-audioriossa (sis\u00e4\u00e4nk\u00e4ynti kirjaston aulasta). Omakustanteinen lounas tarjolla esimerkiksi viereisess\u00e4 rakennuksessa ravintola Mathildassa. Illallinen tarjoillaan laivaravintola Faroksessa, Sininen tie 1 (Kalaranta), 2 kilometrin p\u00e4\u00e4ss\u00e4 yliopistolta. Yliopistokampus sijaitsee Palosaarella, 2 kilometrin p\u00e4\u00e4ss\u00e4 Vaasan rautatieasemalta. kaupungissa voi liikkua k\u00e4vellen tai kaupunkipotkulaudalla (TIER ja Voi) IC41 [&hellip;]<\/p>\n","protected":false},"author":64,"featured_media":0,"parent":2,"menu_order":0,"comment_status":"closed","ping_status":"closed","template":"","meta":{"_acf_changed":false,"footnotes":""},"class_list":["post-98","page","type-page","status-publish","hentry"],"acf":[],"_links":{"self":[{"href":"https:\/\/sites.uwasa.fi\/hyvinvointioikeudenpaivat\/wp-json\/wp\/v2\/pages\/98"}],"collection":[{"href":"https:\/\/sites.uwasa.fi\/hyvinvointioikeudenpaivat\/wp-json\/wp\/v2\/pages"}],"about":[{"href":"https:\/\/sites.uwasa.fi\/hyvinvointioikeudenpaivat\/wp-json\/wp\/v2\/types\/page"}],"author":[{"embeddable":true,"href":"https:\/\/sites.uwasa.fi\/hyvinvointioikeudenpaivat\/wp-json\/wp\/v2\/users\/64"}],"replies":[{"embeddable":true,"href":"https:\/\/sites.uwasa.fi\/hyvinvointioikeudenpaivat\/wp-json\/wp\/v2\/comments?post=98"}],"version-history":[{"count":3,"href":"https:\/\/sites.uwasa.fi\/hyvinvointioikeudenpaivat\/wp-json\/wp\/v2\/pages\/98\/revisions"}],"predecessor-version":[{"id":107,"href":"https:\/\/sites.uwasa.fi\/hyvinvointioikeudenpaivat\/wp-json\/wp\/v2\/pages\/98\/revisions\/107"}],"up":[{"embeddable":true,"href":"https:\/\/sites.uwasa.fi\/hyvinvointioikeudenpaivat\/wp-json\/wp\/v2\/pages\/2"}],"wp:attachment":[{"href":"https:\/\/sites.uwasa.fi\/hyvinvointioikeudenpaivat\/wp-json\/wp\/v2\/media?parent=98"}],"curies":[{"name":"wp","href":"https:\/\/api.w.org\/{rel}","templated":true}]}}