{"id":93,"date":"2022-04-01T14:17:21","date_gmt":"2022-04-01T11:17:21","guid":{"rendered":"https:\/\/sites.uwasa.fi\/hyvinvointioikeudenpaivat\/?page_id=93"},"modified":"2022-04-01T14:17:21","modified_gmt":"2022-04-01T11:17:21","slug":"jarjestajat","status":"publish","type":"page","link":"https:\/\/sites.uwasa.fi\/hyvinvointioikeudenpaivat\/jarjestajat\/","title":{"rendered":"J\u00e4rjest\u00e4j\u00e4t"},"content":{"rendered":"<h4><strong>Hyvinvointioikeuden p\u00e4ivien j\u00e4rjestelytoimikunta<\/strong><\/h4>\n<p>Niina M\u00e4ntyl\u00e4, julkisoikeuden apulaisprofessori, Vaasan yliopiston johtamisen akateeminen yksikk\u00f6<\/p>\n<p>Hannele Tolonen , yliopistonlehtori, Helsingin yliopiston oikeustieteellien tiedekunta<\/p>\n<p>Laura Perttola. konfrenssikoordinaattori, Vaasan yliopisto, <a href=\"mailto:laura.perttola@uwasa.fi\">laura.perttola@uwasa.fi<\/a>, puh. 029 449 8214<\/p>\n<h4>Yhteisty\u00f6kumppanit<\/h4>\n<p>Pohjoismaiden hallinnollisen liiton Suomen osasto<\/p>\n<p>Suomalainen Lakimiesyhdistys<\/p>\n<p>Helsingin yliopiston oikeustieteellinen tiedekunta, Vaasan oikeustieteellinen koulutus<\/p>\n<p>&nbsp;<\/p>\n","protected":false},"excerpt":{"rendered":"<p>Hyvinvointioikeuden p\u00e4ivien j\u00e4rjestelytoimikunta Niina M\u00e4ntyl\u00e4, julkisoikeuden apulaisprofessori, Vaasan yliopiston johtamisen akateeminen yksikk\u00f6 Hannele Tolonen , yliopistonlehtori, Helsingin yliopiston oikeustieteellien tiedekunta Laura Perttola. konfrenssikoordinaattori, Vaasan yliopisto, laura.perttola@uwasa.fi, puh. 029 449 8214 Yhteisty\u00f6kumppanit Pohjoismaiden hallinnollisen liiton Suomen osasto Suomalainen Lakimiesyhdistys Helsingin yliopiston oikeustieteellinen tiedekunta, Vaasan oikeustieteellinen koulutus &nbsp;<\/p>\n","protected":false},"author":64,"featured_media":0,"parent":0,"menu_order":0,"comment_status":"closed","ping_status":"closed","template":"","meta":{"_acf_changed":false,"footnotes":""},"class_list":["post-93","page","type-page","status-publish","hentry"],"acf":[],"_links":{"self":[{"href":"https:\/\/sites.uwasa.fi\/hyvinvointioikeudenpaivat\/wp-json\/wp\/v2\/pages\/93"}],"collection":[{"href":"https:\/\/sites.uwasa.fi\/hyvinvointioikeudenpaivat\/wp-json\/wp\/v2\/pages"}],"about":[{"href":"https:\/\/sites.uwasa.fi\/hyvinvointioikeudenpaivat\/wp-json\/wp\/v2\/types\/page"}],"author":[{"embeddable":true,"href":"https:\/\/sites.uwasa.fi\/hyvinvointioikeudenpaivat\/wp-json\/wp\/v2\/users\/64"}],"replies":[{"embeddable":true,"href":"https:\/\/sites.uwasa.fi\/hyvinvointioikeudenpaivat\/wp-json\/wp\/v2\/comments?post=93"}],"version-history":[{"count":2,"href":"https:\/\/sites.uwasa.fi\/hyvinvointioikeudenpaivat\/wp-json\/wp\/v2\/pages\/93\/revisions"}],"predecessor-version":[{"id":95,"href":"https:\/\/sites.uwasa.fi\/hyvinvointioikeudenpaivat\/wp-json\/wp\/v2\/pages\/93\/revisions\/95"}],"wp:attachment":[{"href":"https:\/\/sites.uwasa.fi\/hyvinvointioikeudenpaivat\/wp-json\/wp\/v2\/media?parent=93"}],"curies":[{"name":"wp","href":"https:\/\/api.w.org\/{rel}","templated":true}]}}