{"id":7,"date":"2021-11-11T11:12:12","date_gmt":"2021-11-11T09:12:12","guid":{"rendered":"https:\/\/sites.uwasa.fi\/hyvinvointioikeudenpaivat\/?page_id=7"},"modified":"2022-05-13T09:22:10","modified_gmt":"2022-05-13T06:22:10","slug":"ilmoittautuminen","status":"publish","type":"page","link":"https:\/\/sites.uwasa.fi\/hyvinvointioikeudenpaivat\/ilmoittautuminen\/","title":{"rendered":"Ilmoittautuminen"},"content":{"rendered":"<p>Ilmoittautuminen hyvinvointioikeuden on p\u00e4\u00e4ttynyt 19.4.2022.<\/p>\n<p>Osallistuminen on maksutonta. Osallistujille tarjotaan kahvi ja buffet-illallinen maanantaina 30.5. (illalliselle sitova ilmoittautuminen). Tiistain lounas on omakustanteinen. Konferenssin keynote-esityksi\u00e4 voi seurata my\u00f6s et\u00e4yhteydell\u00e4. Sessioesityksi\u00e4 ei striimata.<\/p>\n","protected":false},"excerpt":{"rendered":"<p>Ilmoittautuminen hyvinvointioikeuden on p\u00e4\u00e4ttynyt 19.4.2022. Osallistuminen on maksutonta. Osallistujille tarjotaan kahvi ja buffet-illallinen maanantaina 30.5. (illalliselle sitova ilmoittautuminen). Tiistain lounas on omakustanteinen. Konferenssin keynote-esityksi\u00e4 voi seurata my\u00f6s et\u00e4yhteydell\u00e4. Sessioesityksi\u00e4 ei striimata.<\/p>\n","protected":false},"author":64,"featured_media":0,"parent":0,"menu_order":0,"comment_status":"closed","ping_status":"closed","template":"","meta":{"_acf_changed":false,"footnotes":""},"class_list":["post-7","page","type-page","status-publish","hentry"],"acf":[],"_links":{"self":[{"href":"https:\/\/sites.uwasa.fi\/hyvinvointioikeudenpaivat\/wp-json\/wp\/v2\/pages\/7"}],"collection":[{"href":"https:\/\/sites.uwasa.fi\/hyvinvointioikeudenpaivat\/wp-json\/wp\/v2\/pages"}],"about":[{"href":"https:\/\/sites.uwasa.fi\/hyvinvointioikeudenpaivat\/wp-json\/wp\/v2\/types\/page"}],"author":[{"embeddable":true,"href":"https:\/\/sites.uwasa.fi\/hyvinvointioikeudenpaivat\/wp-json\/wp\/v2\/users\/64"}],"replies":[{"embeddable":true,"href":"https:\/\/sites.uwasa.fi\/hyvinvointioikeudenpaivat\/wp-json\/wp\/v2\/comments?post=7"}],"version-history":[{"count":9,"href":"https:\/\/sites.uwasa.fi\/hyvinvointioikeudenpaivat\/wp-json\/wp\/v2\/pages\/7\/revisions"}],"predecessor-version":[{"id":109,"href":"https:\/\/sites.uwasa.fi\/hyvinvointioikeudenpaivat\/wp-json\/wp\/v2\/pages\/7\/revisions\/109"}],"wp:attachment":[{"href":"https:\/\/sites.uwasa.fi\/hyvinvointioikeudenpaivat\/wp-json\/wp\/v2\/media?parent=7"}],"curies":[{"name":"wp","href":"https:\/\/api.w.org\/{rel}","templated":true}]}}