{"id":17,"date":"2021-12-19T15:23:20","date_gmt":"2021-12-19T13:23:20","guid":{"rendered":"https:\/\/sites.uwasa.fi\/hyvinvointioikeudenpaivat\/?page_id=17"},"modified":"2022-03-03T15:36:00","modified_gmt":"2022-03-03T13:36:00","slug":"puhujat","status":"publish","type":"page","link":"https:\/\/sites.uwasa.fi\/hyvinvointioikeudenpaivat\/puhujat\/","title":{"rendered":"Puhujat"},"content":{"rendered":"<h4>Esiintyj\u00e4t maanantaina 30.5.2022<\/h4>\n<p><img loading=\"lazy\" decoding=\"async\" class=\"wp-image-18 alignleft\" src=\"https:\/\/sites.uwasa.fi\/hyvinvointioikeudenpaivat\/wp-content\/blogs.dir\/4\/files\/sites\/137\/2021\/12\/melanie-hack.jpg\" alt=\"Melanie Hack picture\" width=\"155\" height=\"155\" \/><strong>Melanie Hack<\/strong>: <em>Moving towards a social Europe: EU&#8217;s work life balance directive and its implementation in Norway<\/em><\/p>\n<p>Melanie Hack is a Associate Professor of Law at the University of Bergen (UiB) in Norway. In her research she is primarily focusing on the impact of EU and EEA law on Norwegian employment and social law. Prior to joining UiB she worked inter alia in science management as Head of Unit Diversity, Equality and Internationalization within Strategic Controlling at TU Berlin and several years in research as senior researcher at the Max Planck Institute for Social Law and Social Policy in Munich, where she led the section for Scandinavia. She shas a German law degree and studied law at universities of Halle-Wittenberg and Augsburg in Germany and at UiB. Melanie has a Norwegian PhD from the Faculty of Law in Oslo. Her PhD-thesis is a legal comparative analysis about mandatory retirement in Norway and Germany in light of Dir. 2000\/78\/EC. During her PhD, she has had visiting research fellowships at UCL in London and at George Washington School of Law in Washington DC.<\/p>\n<p>&nbsp;<\/p>\n<p><strong><img loading=\"lazy\" decoding=\"async\" class=\"alignleft wp-image-73\" src=\"https:\/\/sites.uwasa.fi\/hyvinvointioikeudenpaivat\/wp-content\/blogs.dir\/4\/files\/sites\/137\/2022\/02\/caroline-adolphsen-300x300.jpg\" alt=\"Caroline Adolphsen\" width=\"158\" height=\"158\" srcset=\"https:\/\/sites.uwasa.fi\/hyvinvointioikeudenpaivat\/wp-content\/blogs.dir\/4\/files\/sites\/137\/2022\/02\/caroline-adolphsen-300x300.jpg 300w, https:\/\/sites.uwasa.fi\/hyvinvointioikeudenpaivat\/wp-content\/blogs.dir\/4\/files\/sites\/137\/2022\/02\/caroline-adolphsen-1024x1024.jpg 1024w, https:\/\/sites.uwasa.fi\/hyvinvointioikeudenpaivat\/wp-content\/blogs.dir\/4\/files\/sites\/137\/2022\/02\/caroline-adolphsen-150x150.jpg 150w, https:\/\/sites.uwasa.fi\/hyvinvointioikeudenpaivat\/wp-content\/blogs.dir\/4\/files\/sites\/137\/2022\/02\/caroline-adolphsen-768x768.jpg 768w, https:\/\/sites.uwasa.fi\/hyvinvointioikeudenpaivat\/wp-content\/blogs.dir\/4\/files\/sites\/137\/2022\/02\/caroline-adolphsen-1536x1536.jpg 1536w, https:\/\/sites.uwasa.fi\/hyvinvointioikeudenpaivat\/wp-content\/blogs.dir\/4\/files\/sites\/137\/2022\/02\/caroline-adolphsen.jpg 1956w\" sizes=\"(max-width: 158px) 100vw, 158px\" \/>Caroline Adolphsen: <\/strong><em>Recent developments in case-law regarding self-determination in Denmark \u2013 children\u2019s rights and religious minorities<\/em><\/p>\n<p>Caroline Adolphsen is Associate professor at Department of Law at Aarhus University in Denmark. She has written a PhD dissertation on the topic \u201cChildren\u2019s Rights Regarding Medical Treatment\u201d and teaches Children\u2019s Law and Family Law. She as published articles on a vide range of topics related to health law and\/or children\u2019s rights including articles about use of force in treatment of pregnant alchohol and drugusers, force in treatment of adult incapable of giving an informed consent, children\u2019s religious rights and sexual violations online (where the offenders are minors) use of force in private and public schools. Her motivation for working with children\u2019s rights stems from a strong belief in protecting vulnerable groups and making sure that their voices are heard.<\/p>\n<p>&nbsp;<\/p>\n<h4><strong>Esiintyj\u00e4t tiistaina 31.5.2022<\/strong><\/h4>\n<p><img loading=\"lazy\" decoding=\"async\" class=\" wp-image-31 alignleft\" src=\"https:\/\/sites.uwasa.fi\/hyvinvointioikeudenpaivat\/wp-content\/blogs.dir\/4\/files\/sites\/137\/2022\/01\/mirva-lohiniva-150x220px-72ppi.jpg\" alt=\"Mirva Lohiniva-Kerkel\u00e4\" width=\"156\" height=\"156\" \/><strong>Mirva Lohiniva-Kerkel\u00e4<\/strong>: <em>Hyvinvointioikeus ja uudet haasteet<\/em><\/p>\n<p>Mirva Lohiniva-Kerkel\u00e4 toimii hyvinvointioikeuden professorina Lapin yliopiston oikeustieteellisess\u00e4 tiedekunnassa. H\u00e4nen tutkimusalueensa ovat vaihdelleet vero-oikeudesta hallinto-oikeuteen, oikeusinformatiikkaan, rikosoikeuteen ja terveysoikeuteen. Tutkimusteemoja yhdist\u00e4\u00e4 keskittyminen erityisesti yksil\u00f6n asemaan ja oikeuksiin, julkisuus- ja tietosuojakysymyksiin sek\u00e4 viranomaisyhteisty\u00f6n oikeudellisiin edellytyksiin. Nykyisin h\u00e4nen tutkimuksensa p\u00e4\u00e4paino on erityisesti sosiaali- ja terveysoikeudellisissa kysymyksiss\u00e4. Viime aikoina h\u00e4n on tehnyt monitieteellist\u00e4 tutkimusta erityisesti oikeudellisen ja sosiaalisen rajapinnoista sek\u00e4 esimerkiksi lasten asemasta ja oikeuksista.<\/p>\n<p>&nbsp;<\/p>\n<p><strong><img loading=\"lazy\" decoding=\"async\" class=\"alignleft wp-image-79 \" src=\"https:\/\/sites.uwasa.fi\/hyvinvointioikeudenpaivat\/wp-content\/blogs.dir\/4\/files\/sites\/137\/2022\/02\/2236108-e1645618716210-300x300.jpg\" alt=\"professori Harri Jalonen\" width=\"160\" height=\"160\" srcset=\"https:\/\/sites.uwasa.fi\/hyvinvointioikeudenpaivat\/wp-content\/blogs.dir\/4\/files\/sites\/137\/2022\/02\/2236108-e1645618716210-300x300.jpg 300w, https:\/\/sites.uwasa.fi\/hyvinvointioikeudenpaivat\/wp-content\/blogs.dir\/4\/files\/sites\/137\/2022\/02\/2236108-e1645618716210-150x150.jpg 150w, https:\/\/sites.uwasa.fi\/hyvinvointioikeudenpaivat\/wp-content\/blogs.dir\/4\/files\/sites\/137\/2022\/02\/2236108-e1645618716210-768x768.jpg 768w, https:\/\/sites.uwasa.fi\/hyvinvointioikeudenpaivat\/wp-content\/blogs.dir\/4\/files\/sites\/137\/2022\/02\/2236108-e1645618716210.jpg 800w\" sizes=\"(max-width: 160px) 100vw, 160px\" \/>Harri Jalonen:<\/strong> <em>Mik\u00e4 muuttuu kun pandemiaa katsotaan syndemiana?<\/em><\/p>\n<p>Harri Jalonen on sosiaali- ja terveyshallintotieteen professori Vaasan yliopiston johtamisen akateemisessa yksik\u00f6ss\u00e4. Lis\u00e4ksi Jalonen on tieto- ja innovaatiojohtamisen dosentti Tampereen ja Vaasan yliopistoissa. Uusimmissa tutkimushankkeissa Jalonen tutkii kest\u00e4v\u00e4\u00e4 pandemioiden hallintaa (<a href=\"https:\/\/www.aka.fi\/strateginen-tutkimus\/strateginen-tutkimus\/tutkimusta-tiedon-kayttajalle\/blogi\/2022\/welgo-terveyskriisit-eriarvoistavat--hyvinvoinnin-turvaaminen-vaatii-laajakatseisempaa-hallintaa\/\">WELGO<\/a>) sek\u00e4 tiedon huoltovarmuutta kompleksisessa ymp\u00e4rist\u00f6ss\u00e4 (<a href=\"https:\/\/www.irwinproject.fi\/\">IRWIN<\/a>). Lis\u00e4ksi h\u00e4n on tutkinut mm. innovointia edist\u00e4vi\u00e4 ja est\u00e4vi\u00e4 tekij\u00f6it\u00e4, tiedolla johtamisen mahdollisuuksia ja kipupisteit\u00e4, palveluperusteista arvonluontia, arvokkaaksi kelpuuttamisen tapoja ja ymp\u00e4rist\u00f6j\u00e4, arvonluonnin haasteita digitalisoituvissa liiketoimintaymp\u00e4rist\u00f6iss\u00e4 sek\u00e4 sosiaalisen median hy\u00f6dynt\u00e4mist\u00e4 liiketoiminnassa. Kompleksisuusajattelu on ollut yksi Jalosen tutkimusty\u00f6n keskeisi\u00e4 pilareita.<\/p>\n<p>&nbsp;<\/p>\n","protected":false},"excerpt":{"rendered":"<p>Esiintyj\u00e4t maanantaina 30.5.2022 Melanie Hack: Moving towards a social Europe: EU&#8217;s work life balance directive and its implementation in Norway Melanie Hack is a Associate Professor of Law at the University of Bergen (UiB) in Norway. In her research she is primarily focusing on the impact of EU and EEA law on Norwegian employment and [&hellip;]<\/p>\n","protected":false},"author":64,"featured_media":0,"parent":0,"menu_order":0,"comment_status":"closed","ping_status":"closed","template":"","meta":{"_acf_changed":false,"footnotes":""},"class_list":["post-17","page","type-page","status-publish","hentry"],"acf":[],"_links":{"self":[{"href":"https:\/\/sites.uwasa.fi\/hyvinvointioikeudenpaivat\/wp-json\/wp\/v2\/pages\/17"}],"collection":[{"href":"https:\/\/sites.uwasa.fi\/hyvinvointioikeudenpaivat\/wp-json\/wp\/v2\/pages"}],"about":[{"href":"https:\/\/sites.uwasa.fi\/hyvinvointioikeudenpaivat\/wp-json\/wp\/v2\/types\/page"}],"author":[{"embeddable":true,"href":"https:\/\/sites.uwasa.fi\/hyvinvointioikeudenpaivat\/wp-json\/wp\/v2\/users\/64"}],"replies":[{"embeddable":true,"href":"https:\/\/sites.uwasa.fi\/hyvinvointioikeudenpaivat\/wp-json\/wp\/v2\/comments?post=17"}],"version-history":[{"count":12,"href":"https:\/\/sites.uwasa.fi\/hyvinvointioikeudenpaivat\/wp-json\/wp\/v2\/pages\/17\/revisions"}],"predecessor-version":[{"id":81,"href":"https:\/\/sites.uwasa.fi\/hyvinvointioikeudenpaivat\/wp-json\/wp\/v2\/pages\/17\/revisions\/81"}],"wp:attachment":[{"href":"https:\/\/sites.uwasa.fi\/hyvinvointioikeudenpaivat\/wp-json\/wp\/v2\/media?parent=17"}],"curies":[{"name":"wp","href":"https:\/\/api.w.org\/{rel}","templated":true}]}}