{"id":39,"date":"2025-06-12T09:04:27","date_gmt":"2025-06-12T06:04:27","guid":{"rendered":"https:\/\/sites.uwasa.fi\/hktp2025\/?page_id=39"},"modified":"2025-11-19T18:42:46","modified_gmt":"2025-11-19T16:42:46","slug":"saapumisohjeet-konferenssipaikka","status":"publish","type":"page","link":"https:\/\/sites.uwasa.fi\/hktp2025\/saapumisohjeet-konferenssipaikka\/","title":{"rendered":"Saapumisohjeet &amp; konferenssipaikka"},"content":{"rendered":"<p style=\"padding-left: 40px\">Hallinnon ja kuntatutkimuksen tiedep\u00e4iv\u00e4t 2025 j\u00e4rjestet\u00e4\u00e4n Vaasan yliopiston kampuksella osoitteessa <strong>Wolffintie 32, Vaasa.<\/strong><\/p>\n<p style=\"padding-left: 40px\"><iframe loading=\"lazy\" src=\"https:\/\/www.openstreetmap.org\/export\/embed.html?bbox=21.521444320678714%2C63.08803840299187%2C21.664781570434574%2C63.122903673427665&amp;layer=mapnik&amp;marker=63.10547626682459%2C21.59311294555664\" width=\"425\" height=\"350\"><\/iframe><br \/>\n<small><a href=\"https:\/\/www.openstreetmap.org\/?mlat=63.10548&amp;mlon=21.59311#map=14\/63.10548\/21.59311\">N\u00e4yt\u00e4 isommalla kartalla<\/a><\/small><\/p>\n<h2 style=\"padding-left: 40px\">Liikkuminen kampuksella<\/h2>\n<p style=\"padding-left: 40px\">Hallinnon ja kuntatutkimuksen tiedep\u00e4iv\u00e4t 2025 j\u00e4rjestet\u00e4\u00e4n Vaasan yliopiston kampuksella Tervahovi- ja Ankkuri-rakennuksissa.<\/p>\n<p style=\"padding-left: 40px\"><strong>Konferenssi alkaa Tervahovi-rakennuksen p\u00e4\u00e4aulassa sijaitsevassa Lev\u00f3n-auditoriossa.<\/strong><\/p>\n<p style=\"padding-left: 40px\"><a href=\"https:\/\/sites.uwasa.fi\/hktp2025\/wp-content\/blogs.dir\/4\/files\/sites\/227\/2025\/11\/hktp-kartta.png\"><img loading=\"lazy\" decoding=\"async\" class=\"alignnone wp-image-193 \" src=\"https:\/\/sites.uwasa.fi\/hktp2025\/wp-content\/blogs.dir\/4\/files\/sites\/227\/2025\/11\/hktp-kartta.png\" alt=\"Vaasan yliopiston kampuksen kartta\" width=\"594\" height=\"445\" srcset=\"https:\/\/sites.uwasa.fi\/hktp2025\/wp-content\/blogs.dir\/4\/files\/sites\/227\/2025\/11\/hktp-kartta.png 960w, https:\/\/sites.uwasa.fi\/hktp2025\/wp-content\/blogs.dir\/4\/files\/sites\/227\/2025\/11\/hktp-kartta-300x225.png 300w, https:\/\/sites.uwasa.fi\/hktp2025\/wp-content\/blogs.dir\/4\/files\/sites\/227\/2025\/11\/hktp-kartta-768x576.png 768w\" sizes=\"(max-width: 594px) 100vw, 594px\" \/><\/a><\/p>\n<p style=\"padding-left: 40px\"><strong>Tule sis\u00e4\u00e4n p\u00e4\u00e4sis\u00e4\u00e4nk\u00e4ynnist\u00e4<\/strong>. Tunnistat p\u00e4\u00e4sis\u00e4\u00e4nk\u00e4ynnin t\u00e4st\u00e4 portista.<\/p>\n<p style=\"padding-left: 40px\"><img loading=\"lazy\" decoding=\"async\" class=\"size-medium wp-image-22\" src=\"https:\/\/sites.uwasa.fi\/hktp2025\/wp-content\/blogs.dir\/4\/files\/sites\/227\/2025\/05\/vaasan-yliopisto-kampus-syksy-syyskuu-12-www-300x173.jpg\" alt=\"\" width=\"300\" height=\"173\" srcset=\"https:\/\/sites.uwasa.fi\/hktp2025\/wp-content\/blogs.dir\/4\/files\/sites\/227\/2025\/05\/vaasan-yliopisto-kampus-syksy-syyskuu-12-www-300x173.jpg 300w, https:\/\/sites.uwasa.fi\/hktp2025\/wp-content\/blogs.dir\/4\/files\/sites\/227\/2025\/05\/vaasan-yliopisto-kampus-syksy-syyskuu-12-www-1024x589.jpg 1024w, https:\/\/sites.uwasa.fi\/hktp2025\/wp-content\/blogs.dir\/4\/files\/sites\/227\/2025\/05\/vaasan-yliopisto-kampus-syksy-syyskuu-12-www-768x442.jpg 768w, https:\/\/sites.uwasa.fi\/hktp2025\/wp-content\/blogs.dir\/4\/files\/sites\/227\/2025\/05\/vaasan-yliopisto-kampus-syksy-syyskuu-12-www-1536x883.jpg 1536w, https:\/\/sites.uwasa.fi\/hktp2025\/wp-content\/blogs.dir\/4\/files\/sites\/227\/2025\/05\/vaasan-yliopisto-kampus-syksy-syyskuu-12-www.jpg 2000w\" sizes=\"(max-width: 300px) 100vw, 300px\" \/><\/p>\n<p style=\"padding-left: 40px\">Ilmoittautuminen on Lev\u00f3n-auditorion edess\u00e4.<\/p>\n<h2 style=\"padding-left: 40px\">Saapuminen Vaasaan junalla<\/h2>\n<p style=\"padding-left: 40px\">Vaasan rautatieasema sijaitsee Vaasan keskustassa, noin 1,8 km yliopiston kampukselta.<\/p>\n<p style=\"padding-left: 40px\">Rautatieasemalta p\u00e4\u00e4see kampukselle helposti k\u00e4vellen (n. 15-20 min) tai taksilla.<\/p>\n<p style=\"padding-left: 40px\">Yliopiston ja keskustan v\u00e4lill\u00e4 on my\u00f6s bussiyhteyksi\u00e4, katso yhteydet tarkemmin <a href=\"https:\/\/vaasa.digitransit.fi\/reitti\/Vaasan%20Matkakeskus%20-%20Rautatieasema%20VR%2C%20Vaasa%3A%3A63.09746%2C21.62156\/Vaasan%20yliopisto%2C%20Wolffintie%2032%2C%20Vaasa%3A%3A63.103367%2C21.595606\">Vaasan reittioppaasta.<\/a><\/p>\n<h2 style=\"padding-left: 40px\">Saapuminen Vaasaan bussilla<\/h2>\n<p style=\"padding-left: 40px\">Vaasaan on hyv\u00e4t bussiyhteydet mm. Turun ja Oulun suunnista. Katso bussiyhteydet tarkemmin <a href=\"https:\/\/reittiopas.matkahuolto.fi\/\">Matkahuollon reittioppaasta.<\/a><\/p>\n<p style=\"padding-left: 40px\"><a href=\"https:\/\/www.flixbus.fi\/\">Flixbus<\/a> liikenn\u00f6i Vaasaan reitill\u00e4 Helsinki-Turku-Rauma-Pori-Vaasa.<\/p>\n<h2 style=\"padding-left: 40px\">Saapuminen Vaasaan lent\u00e4en<\/h2>\n<p style=\"padding-left: 40px\"><a href=\"https:\/\/www.finavia.fi\/fi\/lentoasemat\/vaasa\">Vaasan lentoasemalle<\/a> on p\u00e4ivitt\u00e4isi\u00e4 lentoja Helsingist\u00e4 (Finnair) sek\u00e4 Tukholmasta (SAS).<\/p>\n<p style=\"padding-left: 40px\">Lentokent\u00e4lt\u00e4 on bussiyhteys Vaasan keskustaan, katso yhteydet tarkemmin <a href=\"https:\/\/vaasa.digitransit.fi\/\">Vaasan reittioppaasta<\/a>.<\/p>\n<h2 style=\"padding-left: 40px\">Liikkuminen Vaasassa ja saapuminen kampukselle<\/h2>\n<p style=\"padding-left: 40px\">Kampukselle on helppo saapua Vaasan keskustasta k\u00e4vellen. Yliopiston kampus sijaitsee noin 1,8 km (n. 15-20 min) p\u00e4\u00e4ss\u00e4 Vaasan keskustasta.<\/p>\n<p style=\"padding-left: 40px\">Yliopiston ja keskustan v\u00e4lill\u00e4 on bussiyhteyksi\u00e4, katso yhteydet tarkemmin <a href=\"https:\/\/vaasa.digitransit.fi\/reitti\/Vaasan%20Matkakeskus%20-%20Rautatieasema%20VR%2C%20Vaasa%3A%3A63.09746%2C21.62156\/Vaasan%20yliopisto%2C%20Wolffintie%2032%2C%20Vaasa%3A%3A63.103367%2C21.595606\">Vaasan reittioppaasta.<\/a><\/p>\n<h2 style=\"padding-left: 40px\">Saapuminen autolla ja pys\u00e4k\u00f6inti<\/h2>\n<p style=\"padding-left: 40px\">Vierailijoille on pys\u00e4k\u00f6intialueita Tervahovi-, Technobothnia- ja Fabriikki-rakennusten luona. Yliopiston pys\u00e4k\u00f6intialueille pys\u00e4k\u00f6intiin tarvitset pys\u00e4k\u00f6intiluvan rakennusten infopisteist\u00e4. <a href=\"https:\/\/www.uwasa.fi\/fi\/yliopisto\/tervetuloa\">Lue lis\u00e4\u00e4 t\u00e4lt\u00e4 sivulta.<\/a><\/p>\n","protected":false},"excerpt":{"rendered":"<p>Hallinnon ja kuntatutkimuksen tiedep\u00e4iv\u00e4t 2025 j\u00e4rjestet\u00e4\u00e4n Vaasan yliopiston kampuksella osoitteessa Wolffintie 32, Vaasa. N\u00e4yt\u00e4 isommalla kartalla Liikkuminen kampuksella Hallinnon ja kuntatutkimuksen tiedep\u00e4iv\u00e4t 2025 j\u00e4rjestet\u00e4\u00e4n Vaasan yliopiston kampuksella Tervahovi- ja Ankkuri-rakennuksissa. Konferenssi alkaa Tervahovi-rakennuksen p\u00e4\u00e4aulassa sijaitsevassa Lev\u00f3n-auditoriossa. Tule sis\u00e4\u00e4n p\u00e4\u00e4sis\u00e4\u00e4nk\u00e4ynnist\u00e4. Tunnistat p\u00e4\u00e4sis\u00e4\u00e4nk\u00e4ynnin t\u00e4st\u00e4 portista. Ilmoittautuminen on Lev\u00f3n-auditorion edess\u00e4. Saapuminen Vaasaan junalla Vaasan rautatieasema sijaitsee Vaasan keskustassa, [&hellip;]<\/p>\n","protected":false},"author":160,"featured_media":45,"parent":0,"menu_order":0,"comment_status":"closed","ping_status":"closed","template":"","meta":{"_acf_changed":false,"footnotes":""},"class_list":["post-39","page","type-page","status-publish","has-post-thumbnail","hentry"],"acf":[],"_links":{"self":[{"href":"https:\/\/sites.uwasa.fi\/hktp2025\/wp-json\/wp\/v2\/pages\/39"}],"collection":[{"href":"https:\/\/sites.uwasa.fi\/hktp2025\/wp-json\/wp\/v2\/pages"}],"about":[{"href":"https:\/\/sites.uwasa.fi\/hktp2025\/wp-json\/wp\/v2\/types\/page"}],"author":[{"embeddable":true,"href":"https:\/\/sites.uwasa.fi\/hktp2025\/wp-json\/wp\/v2\/users\/160"}],"replies":[{"embeddable":true,"href":"https:\/\/sites.uwasa.fi\/hktp2025\/wp-json\/wp\/v2\/comments?post=39"}],"version-history":[{"count":9,"href":"https:\/\/sites.uwasa.fi\/hktp2025\/wp-json\/wp\/v2\/pages\/39\/revisions"}],"predecessor-version":[{"id":244,"href":"https:\/\/sites.uwasa.fi\/hktp2025\/wp-json\/wp\/v2\/pages\/39\/revisions\/244"}],"wp:featuredmedia":[{"embeddable":true,"href":"https:\/\/sites.uwasa.fi\/hktp2025\/wp-json\/wp\/v2\/media\/45"}],"wp:attachment":[{"href":"https:\/\/sites.uwasa.fi\/hktp2025\/wp-json\/wp\/v2\/media?parent=39"}],"curies":[{"name":"wp","href":"https:\/\/api.w.org\/{rel}","templated":true}]}}