{"id":30,"date":"2025-05-05T10:13:26","date_gmt":"2025-05-05T07:13:26","guid":{"rendered":"https:\/\/sites.uwasa.fi\/hktp2025\/?page_id=30"},"modified":"2025-11-21T07:56:30","modified_gmt":"2025-11-21T05:56:30","slug":"hktp-2025-alustava-aikataulu-ja-keskeiset-paivamaarat","status":"publish","type":"page","link":"https:\/\/sites.uwasa.fi\/hktp2025\/hktp-2025-alustava-aikataulu-ja-keskeiset-paivamaarat\/","title":{"rendered":"HKTP 2025 Aikataulu ja ohjelma"},"content":{"rendered":"<h2 style=\"padding-left: 40px\">Hallinnon- ja kuntatutkimuksen tiedep\u00e4iv\u00e4t 2025 j\u00e4rjestet\u00e4\u00e4n 19.-21.11.2025 Vaasan yliopistolla<\/h2>\n<h2 style=\"padding-left: 40px\">Kampuskartta<\/h2>\n<p style=\"padding-left: 40px\">Kampuskarttaan alla on merkitty alleviivattuna rakennukset, joissa konferenssiohjelmaa j\u00e4rjestet\u00e4\u00e4n.<\/p>\n<p style=\"padding-left: 40px\"><strong>Kaikki kolme p\u00e4iv\u00e4\u00e4 alkavat Tervahovi-rakennuksessa<\/strong>. Tule sis\u00e4\u00e4n p\u00e4\u00e4sis\u00e4\u00e4nk\u00e4ynnist\u00e4.<\/p>\n<p style=\"padding-left: 80px\"><a href=\"https:\/\/sites.uwasa.fi\/hktp2025\/wp-content\/blogs.dir\/4\/files\/sites\/227\/2025\/11\/hktp-kartta.png\"><img loading=\"lazy\" decoding=\"async\" class=\"alignnone wp-image-193 \" src=\"https:\/\/sites.uwasa.fi\/hktp2025\/wp-content\/blogs.dir\/4\/files\/sites\/227\/2025\/11\/hktp-kartta.png\" alt=\"Vaasan yliopiston kampuksen kartta\" width=\"594\" height=\"445\" srcset=\"https:\/\/sites.uwasa.fi\/hktp2025\/wp-content\/blogs.dir\/4\/files\/sites\/227\/2025\/11\/hktp-kartta.png 960w, https:\/\/sites.uwasa.fi\/hktp2025\/wp-content\/blogs.dir\/4\/files\/sites\/227\/2025\/11\/hktp-kartta-300x225.png 300w, https:\/\/sites.uwasa.fi\/hktp2025\/wp-content\/blogs.dir\/4\/files\/sites\/227\/2025\/11\/hktp-kartta-768x576.png 768w\" sizes=\"(max-width: 594px) 100vw, 594px\" \/><\/a><\/p>\n<p style=\"padding-left: 40px\">Tunnistat p\u00e4\u00e4sis\u00e4\u00e4nk\u00e4ynnin t\u00e4st\u00e4 portista.<\/p>\n<p style=\"padding-left: 40px\"><img loading=\"lazy\" decoding=\"async\" class=\"size-medium wp-image-22\" src=\"https:\/\/sites.uwasa.fi\/hktp2025\/wp-content\/blogs.dir\/4\/files\/sites\/227\/2025\/05\/vaasan-yliopisto-kampus-syksy-syyskuu-12-www-300x173.jpg\" alt=\"\" width=\"300\" height=\"173\" srcset=\"https:\/\/sites.uwasa.fi\/hktp2025\/wp-content\/blogs.dir\/4\/files\/sites\/227\/2025\/05\/vaasan-yliopisto-kampus-syksy-syyskuu-12-www-300x173.jpg 300w, https:\/\/sites.uwasa.fi\/hktp2025\/wp-content\/blogs.dir\/4\/files\/sites\/227\/2025\/05\/vaasan-yliopisto-kampus-syksy-syyskuu-12-www-1024x589.jpg 1024w, https:\/\/sites.uwasa.fi\/hktp2025\/wp-content\/blogs.dir\/4\/files\/sites\/227\/2025\/05\/vaasan-yliopisto-kampus-syksy-syyskuu-12-www-768x442.jpg 768w, https:\/\/sites.uwasa.fi\/hktp2025\/wp-content\/blogs.dir\/4\/files\/sites\/227\/2025\/05\/vaasan-yliopisto-kampus-syksy-syyskuu-12-www-1536x883.jpg 1536w, https:\/\/sites.uwasa.fi\/hktp2025\/wp-content\/blogs.dir\/4\/files\/sites\/227\/2025\/05\/vaasan-yliopisto-kampus-syksy-syyskuu-12-www.jpg 2000w\" sizes=\"(max-width: 300px) 100vw, 300px\" \/><\/p>\n<p style=\"padding-left: 40px\">Ilmoittautuminen on aulassa Lev\u00f3n-auditorion edess\u00e4.<\/p>\n<h2 style=\"padding-left: 40px\"><strong>ke 19.11. prekonferenssi<\/strong> jatko-opiskelijoille<\/h2>\n<p style=\"padding-left: 40px\"><a href=\"https:\/\/sites.uwasa.fi\/hktp2025\/preconference-19-11-navigating-complexity-why-future-public-leaders-need-the-atlas-of-social-complexity\/\">Lue lis\u00e4\u00e4 prekonferenssista t\u00e4st\u00e4 linkist\u00e4.<\/a><\/p>\n<table style=\"border-collapse: collapse;width: 83.7482%;height: 453px\" border=\"1\">\n<tbody>\n<tr style=\"height: 24px\">\n<td style=\"width: 9.06494%;height: 24px\"><em>A<\/em><em>ika<\/em><\/td>\n<td style=\"width: 32.711%;height: 24px\"><em>Paikka<\/em><\/td>\n<td style=\"width: 58.2242%;height: 24px\"><\/td>\n<\/tr>\n<tr style=\"height: 24px\">\n<td style=\"width: 9.06494%;height: 24px\"><em>13.00<\/em><\/td>\n<td style=\"width: 32.711%;height: 24px\"><em>Lounge Lev\u00f3n, Tervahovi-rakennus, Wolffintie 32<\/em><\/td>\n<td style=\"width: 58.2242%;height: 24px\"><em>Rekister\u00f6ityminen auki<\/em><\/td>\n<\/tr>\n<tr style=\"height: 162px\">\n<td style=\"width: 9.06494%;height: 162px\"><em>14.00-18.00<\/em><\/td>\n<td style=\"width: 32.711%;height: 162px\"><em>Tervahovi, Palom\u00e4ki-huone<\/em><\/td>\n<td style=\"width: 58.2242%;height: 162px\"><em>Prekonferenssi (kahvitarjoilu)<\/em><\/td>\n<\/tr>\n<tr style=\"height: 109px\">\n<td style=\"width: 9.06494%;height: 109px\"><em>19.00-<\/em><\/td>\n<td style=\"width: 32.711%;height: 109px\"><em><a href=\"https:\/\/fondis.fi\/\">Fondis Brasserie &amp; Bar<\/a>, Hovioikeudenpuistikko 15<\/em><\/td>\n<td style=\"width: 58.2242%;height: 109px\"><em>Vapaamuotoinen yhteisillalli<\/em><em>nen<\/em><\/td>\n<\/tr>\n<\/tbody>\n<\/table>\n<h2 style=\"padding-left: 40px\"><b>to 20.11. Konferenssip\u00e4iv\u00e4 1<\/b><\/h2>\n<p style=\"padding-left: 40px\"><a href=\"https:\/\/sites.uwasa.fi\/hktp2025\/abstraktikirja\/\"><strong>L\u00f6yd\u00e4t ty\u00f6ryhmien esitykset abstraktikirjasta.<\/strong><\/a><\/p>\n<p style=\"padding-left: 40px\"><em>p\u00e4ivitetty 19.11.2025<\/em><\/p>\n<table style=\"border-collapse: collapse;width: 88.5066%;height: 1031px\" border=\"1\">\n<tbody>\n<tr style=\"height: 24px\">\n<td style=\"width: 9.06494%;height: 24px\"><em>Aika<\/em><\/td>\n<td style=\"width: 17.1001%;height: 24px\"><em>Paikka<\/em><\/td>\n<td style=\"width: 73.8351%;height: 24px\"><\/td>\n<\/tr>\n<tr style=\"height: 24px\">\n<td style=\"width: 9.06494%;height: 24px\"><em>9.00<\/em><\/td>\n<td style=\"width: 17.1001%;height: 24px\"><em>Lounge Lev\u00f3n, Tervahovi-rakennus, Wolffitie 32<\/em><\/td>\n<td style=\"width: 73.8351%;height: 24px\"><em>Rekister\u00f6ityminen auki aulassa Lev\u00f3n-auditorion edess\u00e4.<\/em><\/td>\n<\/tr>\n<tr style=\"height: 24px\">\n<td style=\"width: 9.06494%;height: 24px\"><em>10.00-10.30<\/em><\/td>\n<td style=\"width: 17.1001%;height: 24px\"><em>Lev\u00f3n-auditorio<\/em><\/td>\n<td style=\"width: 73.8351%;height: 24px\"><em>Tervetulosanat<\/em><\/td>\n<\/tr>\n<tr style=\"height: 72px\">\n<td style=\"width: 9.06494%;height: 72px\"><em>10.30-11.30<\/em><\/td>\n<td style=\"width: 17.1001%;height: 72px\"><em>Lev\u00f3n-auditorio<\/em><\/td>\n<td style=\"width: 73.8351%;height: 72px\"><em> Keynote: Atlas of Social Complexities, Brian Castellani (Durham University, United Kingdom), <a href=\"https:\/\/sacswebsite.blogspot.com\/2025\/11\/using-complexity-science-to-rethink.html\">download Brian&#8217;s Presentation here<\/a>.<\/em><br \/>\n<em>Commentary by Christoph Demmke (Vaasan yliopisto), <a href=\"https:\/\/sites.uwasa.fi\/hktp2025\/wp-content\/blogs.dir\/4\/files\/sites\/227\/2025\/11\/Christoph_Demmke-KeynoteComments_201125.pdf\">view Demmke&#8217;s commentary in text format in this link<\/a><\/em><\/td>\n<\/tr>\n<tr style=\"height: 24px\">\n<td style=\"width: 9.06494%;height: 24px\"><em>11.30-12.30<\/em><\/td>\n<td style=\"width: 17.1001%;height: 24px\"><em>Ravintola Mathilda<\/em><\/td>\n<td style=\"width: 73.8351%;height: 24px\"><em>Lounas (omakustanteinen)<\/em><\/td>\n<\/tr>\n<tr style=\"height: 24px\">\n<td style=\"width: 9.06494%;height: 24px\"><em>12.30-13.30<\/em><\/td>\n<td style=\"width: 17.1001%;height: 24px\"><em>Wolff-auditorio, Tervahovi-rakennus<\/em><\/td>\n<td style=\"width: 73.8351%;height: 24px\"><em>Paneeli: Arviointi resilienssin ty\u00f6kaluna (Suomen arviointiyhdistyksen j\u00e4rjest\u00e4m\u00e4 paneeli).<\/em><br \/>\n<em>Panelisteina finanssineuvos Katju Holkeri, valtiovarainministeri\u00f6; Mikael Hild\u00e9n; tiedev\u00e4litt\u00e4j\u00e4 Linda Lammensalo, Suomalainen tiedeakatemia;\u00a0 arviointineuvos Mari R\u00e4kk\u00f6l\u00e4inen, Karvi; tutkimusjohtaja Petri Uusikyl\u00e4, Vaasan yliopisto; Karin Creutz (fasilitoija). <a href=\"https:\/\/sites.uwasa.fi\/hktp2025\/wp-content\/blogs.dir\/4\/files\/sites\/227\/2025\/11\/SAYFES_esite18112025.pdf\">Lis\u00e4tietoa Suomen arviointiyhdistyksest\u00e4<\/a><\/em><\/td>\n<\/tr>\n<tr style=\"height: 216px\">\n<td style=\"width: 9.06494%;height: 216px\"><em>13.30-14.30<\/em><\/td>\n<td style=\"width: 17.1001%;height: 216px\"><em>Wolff-auditorio, Tervahovi-rakennus<\/em><\/td>\n<td style=\"width: 73.8351%;height: 216px\">\n<p><em>Puheenvuorot: Resilienssi monitasoisena kysymyksen\u00e4<\/em><\/p>\n<p><em>Tutkijatohtori Aino Rantam\u00e4ki, Vaasan yliopisto; ylijohtaja Marko Pulkkinen, L\u00e4nsi- ja Sis\u00e4-Suomen aluehallintovirasto; kunnanjohtaja Outi M\u00e4kel\u00e4, Nurmij\u00e4rvi<\/em><\/td>\n<\/tr>\n<tr style=\"height: 24px\">\n<td style=\"width: 9.06494%;height: 24px\"><em>14.30-15.00<\/em><\/td>\n<td style=\"width: 17.1001%;height: 24px\"><\/td>\n<td style=\"width: 73.8351%;height: 24px\"><em>Kahvitarjoilu<\/em><\/td>\n<\/tr>\n<tr style=\"height: 24px\">\n<td style=\"width: 9.06494%;height: 24px\"><em>15.00-17.00<\/em><\/td>\n<td style=\"width: 17.1001%;height: 24px\"><\/td>\n<td style=\"width: 73.8351%;height: 24px\"><em>Ty\u00f6ryhm\u00e4t<br \/>\n<\/em><\/td>\n<\/tr>\n<tr style=\"height: 24px\">\n<td style=\"width: 9.06494%;height: 24px\"><\/td>\n<td style=\"width: 17.1001%;height: 24px\"><em>Tervahovi B203 KPO-sali<\/em><\/td>\n<td style=\"width: 73.8351%;height: 24px\"><em>1. Jaos: Digitalisaatio ja tieto palveluissa, hallinnossa ja johtamisessa<\/em><\/td>\n<\/tr>\n<tr style=\"height: 24px\">\n<td style=\"width: 9.06494%;height: 24px\"><\/td>\n<td style=\"width: 17.1001%;height: 24px\"><em>Tervahovi B209 Kauppakamari-sali<\/em><\/td>\n<td style=\"width: 73.8351%;height: 24px\"><em>2. Jaos: Hyvinvointipalvelujen ja -johtamisen tutkimus<\/em><\/td>\n<\/tr>\n<tr style=\"height: 24px\">\n<td style=\"width: 9.06494%;height: 24px\"><\/td>\n<td style=\"width: 17.1001%;height: 24px\"><em>Tervahovi D221<\/em><\/td>\n<td style=\"width: 73.8351%;height: 24px\"><em>3. Jaos: Julkisen hallinnon muutos ja johtamisen uudistaminen<\/em><\/td>\n<\/tr>\n<tr style=\"height: 24px\">\n<td style=\"width: 9.06494%;height: 24px\"><\/td>\n<td style=\"width: 17.1001%;height: 24px\"><em>Ankkuri K212<\/em><\/td>\n<td style=\"width: 73.8351%;height: 24px\"><em>4. Jaos: Kokemuksen tutkimus ty\u00f6el\u00e4m\u00e4ss\u00e4<\/em><\/td>\n<\/tr>\n<tr style=\"height: 24px\">\n<td style=\"width: 9.06494%;height: 24px\"><\/td>\n<td style=\"width: 17.1001%;height: 24px\"><em>Tervahovi D118<\/em><\/td>\n<td style=\"width: 73.8351%;height: 24px\"><em>5. Jaos: Systeemiajattelu ja kompleksisuus hallinnon tutkimuksessa<\/em><\/td>\n<\/tr>\n<tr style=\"height: 24px\">\n<td style=\"width: 9.06494%;height: 24px\"><\/td>\n<td style=\"width: 17.1001%;height: 24px\"><em>Ankkuri K228 Vuokko<\/em><\/td>\n<td style=\"width: 73.8351%;height: 24px\"><em>6. Asiantuntijuus ja asiantuntijaty\u00f6 uhattuna<\/em><\/td>\n<\/tr>\n<tr style=\"height: 24px\">\n<td style=\"width: 9.06494%;height: 24px\"><\/td>\n<td style=\"width: 17.1001%;height: 24px\"><em>Tervahovi D215 Laihian Mallas -sali<\/em><\/td>\n<td style=\"width: 73.8351%;height: 24px\"><em>7. Hybridihallinta, julkinen arvo ja resilienssi<\/em><\/td>\n<\/tr>\n<tr style=\"height: 24px\">\n<td style=\"width: 9.06494%;height: 24px\"><\/td>\n<td style=\"width: 17.1001%;height: 24px\"><em>Tervahovi D115<\/em><\/td>\n<td style=\"width: 73.8351%;height: 24px\"><em>8. Kriisit ja niiden hallinta<\/em><\/td>\n<\/tr>\n<tr style=\"height: 24px\">\n<td style=\"width: 9.06494%;height: 24px\"><\/td>\n<td style=\"width: 17.1001%;height: 24px\"><em>Ankkuri K401.2 WOW<\/em><\/td>\n<td style=\"width: 73.8351%;height: 24px\"><em>9. Paikkaperustainen l\u00e4hestymistapa tiedon ja toiminnan strategiana<\/em><\/td>\n<\/tr>\n<tr style=\"height: 24px\">\n<td style=\"width: 9.06494%;height: 24px\"><\/td>\n<td style=\"width: 17.1001%;height: 24px\"><em>Ankkuri T306<\/em><\/td>\n<td style=\"width: 73.8351%;height: 24px\"><em>11. Vuorovaikutus, dialogisuus ja osallisuus julkishallinnon luottamuksen rakentajana<\/em><\/td>\n<\/tr>\n<tr style=\"height: 24px\">\n<td style=\"width: 9.06494%;height: 24px\"><\/td>\n<td style=\"width: 17.1001%;height: 24px\"><em>Tervahovi B208 Joukkueen huone<\/em><\/td>\n<td style=\"width: 73.8351%;height: 24px\"><em>12. Suomen arviointiyhdistyksen ty\u00f6ryhm\u00e4: Resilienssi, arviointi ja oppiminen<\/em><\/td>\n<\/tr>\n<tr style=\"height: 24px\">\n<td style=\"width: 9.06494%;height: 24px\"><\/td>\n<td style=\"width: 17.1001%;height: 24px\"><em>Tervahovi B211<\/em><\/td>\n<td style=\"width: 73.8351%;height: 24px\"><em>14. Jaos: Julkinen johtaminen, kunnat ja alueet<\/em><\/td>\n<\/tr>\n<tr style=\"height: 24px\">\n<td style=\"width: 9.06494%;height: 24px\"><em>18.00<\/em><\/td>\n<td style=\"width: 17.1001%;height: 24px\"><em>Ravintola Matilda, Vaasan yliopisto (kampuksella)<\/em><\/td>\n<td style=\"width: 73.8351%;height: 24px\"><em>Iltagaala ja illallinen.<br \/>\nPuhujina: Tomas H\u00e4yry (Vaasan kaupunginjohtaja), palkitsemiset (seurat).<\/em><\/td>\n<\/tr>\n<\/tbody>\n<\/table>\n<h2 style=\"padding-left: 40px\"><b>pe 21.11. Konferenssip\u00e4iv\u00e4 2<\/b><\/h2>\n<p style=\"padding-left: 40px\"><a href=\"https:\/\/sites.uwasa.fi\/hktp2025\/abstraktikirja\/\"><strong>L\u00f6yd\u00e4t ty\u00f6ryhmien esitykset abstraktikirjasta.<\/strong><\/a><\/p>\n<p><a href=\"https:\/\/sites.uwasa.fi\/hktp2025\/abstraktikirja\/\"><strong>Torstain keynote-esitys ja muut taustamateriaalit ladattavissa t\u00e4st\u00e4 linkist\u00e4<\/strong><\/a><\/p>\n<p style=\"padding-left: 40px\"><em>p\u00e4ivitetty 21.11.2025, klo 7.35<\/em><\/p>\n<table style=\"border-collapse: collapse;width: 89.0191%;height: 618px\" border=\"1\">\n<tbody>\n<tr style=\"height: 24px\">\n<td style=\"width: 9.06494%;height: 24px\"><strong>Aika<\/strong><\/td>\n<td style=\"width: 17.1001%;height: 24px\"><strong>Paikka<\/strong><\/td>\n<td style=\"width: 73.8351%;height: 24px\"><\/td>\n<\/tr>\n<tr style=\"height: 24px\">\n<td style=\"width: 9.06494%;height: 24px\"><strong>9.00-10.45<\/strong><\/td>\n<td style=\"width: 17.1001%;height: 24px\"><\/td>\n<td style=\"width: 73.8351%;height: 24px\"><strong>Ty\u00f6ryhm\u00e4t jatkuvat<\/strong><\/td>\n<\/tr>\n<tr style=\"height: 48px\">\n<td style=\"width: 9.06494%;height: 48px\"><strong>\u00a0<\/strong><\/td>\n<td style=\"width: 17.1001%;height: 48px\">Lev\u00f3n-auditorio, Tervahovi-rakennus<\/td>\n<td style=\"width: 73.8351%;height: 48px\">Klo 10.00: <a href=\"https:\/\/projects.tuni.fi\/ruralcope\/\" target=\"_blank\" rel=\"noopener\"><strong>Oheisohjelma: Rural Cope -hankkeen kickoff:\u00a0<\/strong>keskustelu maaseutuyhteis\u00f6ist\u00e4 julkisen palvelun tarjoajina<\/a><\/td>\n<\/tr>\n<tr style=\"height: 24px\">\n<td style=\"width: 9.06494%;height: 24px\"><\/td>\n<td style=\"width: 17.1001%;height: 24px\">Tervahovi B203 KPO-sali<\/td>\n<td style=\"width: 73.8351%;height: 24px\">1. Jaos: Digitalisaatio ja tieto palveluissa, hallinnossa ja johtamisessa<\/td>\n<\/tr>\n<tr style=\"height: 24px\">\n<td style=\"width: 9.06494%;height: 24px\"><\/td>\n<td style=\"width: 17.1001%;height: 24px\">Tervahovi B209 Kauppakamari-sali<\/td>\n<td style=\"width: 73.8351%;height: 24px\">2. Jaos: Hyvinvointipalvelujen ja -johtamisen tutkimus<\/td>\n<\/tr>\n<tr style=\"height: 24px\">\n<td style=\"width: 9.06494%;height: 24px\"><\/td>\n<td style=\"width: 17.1001%;height: 24px\">Tervahovi C209\u202fAtria-sali<\/td>\n<td style=\"width: 73.8351%;height: 24px\">3. Jaos: Julkisen hallinnon muutos ja johtamisen uudistaminen<\/td>\n<\/tr>\n<tr style=\"height: 24px\">\n<td style=\"width: 9.06494%;height: 24px\"><\/td>\n<td style=\"width: 17.1001%;height: 24px\">Tervahovi D118<\/td>\n<td style=\"width: 73.8351%;height: 24px\">5. Jaos: Systeemiajattelu ja kompleksisuus hallinnon tutkimuksessa<\/td>\n<\/tr>\n<tr style=\"height: 24px\">\n<td style=\"width: 9.06494%;height: 24px\"><\/td>\n<td style=\"width: 17.1001%;height: 24px\"><em>p\u00e4\u00e4ttynyt<\/em><\/td>\n<td style=\"width: 73.8351%;height: 24px\">(P\u00c4\u00c4TTYNYT TORSTAINA) 6. Asiantuntijuus ja asiantuntijaty\u00f6 uhattuna<\/td>\n<\/tr>\n<tr style=\"height: 24px\">\n<td style=\"width: 9.06494%;height: 24px\"><\/td>\n<td style=\"width: 17.1001%;height: 24px\">Tervahovi D215 Laihian Mallas -sali<\/td>\n<td style=\"width: 73.8351%;height: 24px\">7. Hybridihallinta, julkinen arvo ja resilienssi<\/td>\n<\/tr>\n<tr style=\"height: 24px\">\n<td style=\"width: 9.06494%;height: 24px\"><\/td>\n<td style=\"width: 17.1001%;height: 24px\">Ankkuri K401.2 WOW<\/td>\n<td style=\"width: 73.8351%;height: 24px\">9. Paikkaperustainen l\u00e4hestymistapa tiedon ja toiminnan strategiana<\/td>\n<\/tr>\n<tr style=\"height: 24px\">\n<td style=\"width: 9.06494%;height: 24px\"><\/td>\n<td style=\"width: 17.1001%;height: 24px\">Ankkuri T306<\/td>\n<td style=\"width: 73.8351%;height: 24px\">11. Vuorovaikutus, dialogisuus ja osallisuus julkishallinnon luottamuksen rakentajana<\/td>\n<\/tr>\n<tr style=\"height: 48px\">\n<td style=\"width: 9.06494%;height: 48px\"><\/td>\n<td style=\"width: 17.1001%;height: 48px\">Ankkuri K228 Vuokko<\/td>\n<td style=\"width: 73.8351%;height: 48px\">13. Panel in English: Shaking Foundations of Nordic Governance<\/td>\n<\/tr>\n<tr style=\"height: 24px\">\n<td style=\"width: 9.06494%;height: 24px\"><\/td>\n<td style=\"width: 17.1001%;height: 24px\">Tervahovi B211<\/td>\n<td style=\"width: 73.8351%;height: 24px\">14. Jaos: Julkinen johtaminen, kunnat ja alueet<\/td>\n<\/tr>\n<tr style=\"height: 24px\">\n<td style=\"width: 9.06494%;height: 24px\"><strong>11.00<\/strong><\/td>\n<td style=\"width: 17.1001%;height: 24px\"><b>Lev\u00f3n-auditorio<\/b><\/td>\n<td style=\"width: 73.8351%;height: 24px\"><strong>Puheenvuoro: Reformit julkishallinnon ravisuttajina<\/strong>.<br \/>\n<span style=\"font-family: inherit;font-size: inherit\">Henna Paananen (Tampereen yliopisto)<br \/>\n<\/span><span style=\"font-family: inherit;font-size: inherit\">Marina Kinnunen (Pohjanmaan hyvinvointialueen johtaja)<br \/>\n<\/span><span style=\"font-family: inherit;font-size: inherit\">Mari Kiviniemi (Vaasan yliopiston hallituksen puheenjohtaja, ent. Suomen p\u00e4\u00e4ministeri)<\/span><\/td>\n<\/tr>\n<tr style=\"height: 120px\">\n<td style=\"width: 9.06494%;height: 120px\"><strong>12.30-13.00<\/strong><\/td>\n<td style=\"width: 17.1001%;height: 120px\"><b>Lev\u00f3n-auditorio<\/b><\/td>\n<td style=\"width: 73.8351%;height: 120px\">\n<p><strong>Kommenttipuheenvuoro\u00a0<\/strong>VTT, HTT Juhani Kivel\u00e4<\/p>\n<p><b>Loppusanat <\/b>(Harri Jalonen, Vaasan yliopisto).<\/p>\n<p>HKTP 2026 esitt\u00e4ytyy.<\/td>\n<\/tr>\n<\/tbody>\n<\/table>\n<p style=\"padding-left: 40px\">\n","protected":false},"excerpt":{"rendered":"<p>Hallinnon- ja kuntatutkimuksen tiedep\u00e4iv\u00e4t 2025 j\u00e4rjestet\u00e4\u00e4n 19.-21.11.2025 Vaasan yliopistolla Kampuskartta Kampuskarttaan alla on merkitty alleviivattuna rakennukset, joissa konferenssiohjelmaa j\u00e4rjestet\u00e4\u00e4n. Kaikki kolme p\u00e4iv\u00e4\u00e4 alkavat Tervahovi-rakennuksessa. Tule sis\u00e4\u00e4n p\u00e4\u00e4sis\u00e4\u00e4nk\u00e4ynnist\u00e4. Tunnistat p\u00e4\u00e4sis\u00e4\u00e4nk\u00e4ynnin t\u00e4st\u00e4 portista. Ilmoittautuminen on aulassa Lev\u00f3n-auditorion edess\u00e4. ke 19.11. prekonferenssi jatko-opiskelijoille Lue lis\u00e4\u00e4 prekonferenssista t\u00e4st\u00e4 linkist\u00e4. Aika Paikka 13.00 Lounge Lev\u00f3n, Tervahovi-rakennus, Wolffintie 32 Rekister\u00f6ityminen auki [&hellip;]<\/p>\n","protected":false},"author":160,"featured_media":26,"parent":0,"menu_order":0,"comment_status":"closed","ping_status":"closed","template":"","meta":{"_acf_changed":false,"footnotes":""},"class_list":["post-30","page","type-page","status-publish","has-post-thumbnail","hentry"],"acf":[],"_links":{"self":[{"href":"https:\/\/sites.uwasa.fi\/hktp2025\/wp-json\/wp\/v2\/pages\/30"}],"collection":[{"href":"https:\/\/sites.uwasa.fi\/hktp2025\/wp-json\/wp\/v2\/pages"}],"about":[{"href":"https:\/\/sites.uwasa.fi\/hktp2025\/wp-json\/wp\/v2\/types\/page"}],"author":[{"embeddable":true,"href":"https:\/\/sites.uwasa.fi\/hktp2025\/wp-json\/wp\/v2\/users\/160"}],"replies":[{"embeddable":true,"href":"https:\/\/sites.uwasa.fi\/hktp2025\/wp-json\/wp\/v2\/comments?post=30"}],"version-history":[{"count":78,"href":"https:\/\/sites.uwasa.fi\/hktp2025\/wp-json\/wp\/v2\/pages\/30\/revisions"}],"predecessor-version":[{"id":254,"href":"https:\/\/sites.uwasa.fi\/hktp2025\/wp-json\/wp\/v2\/pages\/30\/revisions\/254"}],"wp:featuredmedia":[{"embeddable":true,"href":"https:\/\/sites.uwasa.fi\/hktp2025\/wp-json\/wp\/v2\/media\/26"}],"wp:attachment":[{"href":"https:\/\/sites.uwasa.fi\/hktp2025\/wp-json\/wp\/v2\/media?parent=30"}],"curies":[{"name":"wp","href":"https:\/\/api.w.org\/{rel}","templated":true}]}}