{"id":181,"date":"2025-11-07T10:01:01","date_gmt":"2025-11-07T08:01:01","guid":{"rendered":"https:\/\/sites.uwasa.fi\/hktp2025\/?page_id=181"},"modified":"2025-11-21T07:55:44","modified_gmt":"2025-11-21T05:55:44","slug":"abstraktikirja","status":"publish","type":"page","link":"https:\/\/sites.uwasa.fi\/hktp2025\/abstraktikirja\/","title":{"rendered":"Abstraktikirja ja taustamateriaalit"},"content":{"rendered":"<p>HKTP 2025 abstraktikirja on nyt julkaistu!<\/p>\n<p>Abstraktikirja sis\u00e4lt\u00e4\u00e4 ty\u00f6ryhmien kuvaukset sek\u00e4 ty\u00f6ryhmiss\u00e4 esitett\u00e4v\u00e4t abstraktit.<\/p>\n<p><strong><a href=\"https:\/\/sites.uwasa.fi\/hktp2025\/wp-content\/blogs.dir\/4\/files\/sites\/227\/2025\/11\/HKTP2025-Abstraktikirja-141125.pdf\">Lataa abstraktikirja t\u00e4st\u00e4 linkist\u00e4.<\/a><\/strong><\/p>\n<h2>Taustamateriaalit<\/h2>\n<p><a href=\"https:\/\/sites.uwasa.fi\/hktp2025\/wp-content\/blogs.dir\/4\/files\/sites\/227\/2025\/11\/SAYFES_esite18112025.pdf\">Lis\u00e4tietoa Suomen arviointiyhdistyksest\u00e4<\/a><\/p>\n<p><a href=\"https:\/\/sacswebsite.blogspot.com\/2025\/11\/using-complexity-science-to-rethink.html\">Brian Castellani&#8217;s Keynote presentation Using Complexity Science to (Re)think Resilience in Public Administration: Keynote at Vaasa University Public Admin Conference 2025<\/a><\/p>\n<p><a href=\"https:\/\/sites.uwasa.fi\/hktp2025\/wp-content\/blogs.dir\/4\/files\/sites\/227\/2025\/11\/Christoph_Demmke-KeynoteComments_201125.pdf\">Christoph Demmke&#8217;s Commentary<\/a><\/p>\n","protected":false},"excerpt":{"rendered":"<p>HKTP 2025 abstraktikirja on nyt julkaistu! Abstraktikirja sis\u00e4lt\u00e4\u00e4 ty\u00f6ryhmien kuvaukset sek\u00e4 ty\u00f6ryhmiss\u00e4 esitett\u00e4v\u00e4t abstraktit. Lataa abstraktikirja t\u00e4st\u00e4 linkist\u00e4. Taustamateriaalit Lis\u00e4tietoa Suomen arviointiyhdistyksest\u00e4 Brian Castellani&#8217;s Keynote presentation Using Complexity Science to (Re)think Resilience in Public Administration: Keynote at Vaasa University Public Admin Conference 2025 Christoph Demmke&#8217;s Commentary<\/p>\n","protected":false},"author":160,"featured_media":108,"parent":0,"menu_order":0,"comment_status":"closed","ping_status":"closed","template":"","meta":{"_acf_changed":false,"footnotes":""},"class_list":["post-181","page","type-page","status-publish","has-post-thumbnail","hentry"],"acf":[],"_links":{"self":[{"href":"https:\/\/sites.uwasa.fi\/hktp2025\/wp-json\/wp\/v2\/pages\/181"}],"collection":[{"href":"https:\/\/sites.uwasa.fi\/hktp2025\/wp-json\/wp\/v2\/pages"}],"about":[{"href":"https:\/\/sites.uwasa.fi\/hktp2025\/wp-json\/wp\/v2\/types\/page"}],"author":[{"embeddable":true,"href":"https:\/\/sites.uwasa.fi\/hktp2025\/wp-json\/wp\/v2\/users\/160"}],"replies":[{"embeddable":true,"href":"https:\/\/sites.uwasa.fi\/hktp2025\/wp-json\/wp\/v2\/comments?post=181"}],"version-history":[{"count":8,"href":"https:\/\/sites.uwasa.fi\/hktp2025\/wp-json\/wp\/v2\/pages\/181\/revisions"}],"predecessor-version":[{"id":253,"href":"https:\/\/sites.uwasa.fi\/hktp2025\/wp-json\/wp\/v2\/pages\/181\/revisions\/253"}],"wp:featuredmedia":[{"embeddable":true,"href":"https:\/\/sites.uwasa.fi\/hktp2025\/wp-json\/wp\/v2\/media\/108"}],"wp:attachment":[{"href":"https:\/\/sites.uwasa.fi\/hktp2025\/wp-json\/wp\/v2\/media?parent=181"}],"curies":[{"name":"wp","href":"https:\/\/api.w.org\/{rel}","templated":true}]}}