{"id":137,"date":"2025-10-22T20:45:29","date_gmt":"2025-10-22T17:45:29","guid":{"rendered":"https:\/\/sites.uwasa.fi\/hktp2025\/?page_id=137"},"modified":"2025-10-22T21:23:07","modified_gmt":"2025-10-22T18:23:07","slug":"yhteystiedot","status":"publish","type":"page","link":"https:\/\/sites.uwasa.fi\/hktp2025\/yhteystiedot\/","title":{"rendered":"Yhteystiedot"},"content":{"rendered":"<p style=\"padding-left: 40px\">Konferenssi j\u00e4rjestet\u00e4\u00e4n Vaasan yliopistolla osoitteessa Wolffintie 32, Wolffintie 32, Vaasa. <a href=\"https:\/\/sites.uwasa.fi\/hktp2025\/saapumisohjeet-konferenssipaikka\/\">Tarkemmat saapumisohjeet l\u00f6yd\u00e4t t\u00e4\u00e4lt\u00e4.<\/a><\/p>\n<p style=\"padding-left: 40px\"><a href=\"https:\/\/sites.uwasa.fi\/hktp2025\/hktp-2025-alustava-aikataulu-ja-keskeiset-paivamaarat\/\">Konferenssin ohjelma ja aikataulu on saatavilla t\u00e4\u00e4ll\u00e4.<\/a><\/p>\n<p style=\"padding-left: 40px\"><a href=\"https:\/\/sites.uwasa.fi\/hktp2025\/ilmoittautuminen\/\">Lis\u00e4tietoa konferenssi-ilmoittautumisesta l\u00f6yd\u00e4t t\u00e4lt\u00e4 sivulta.<\/a><\/p>\n<p style=\"padding-left: 40px\"><strong>Kysytt\u00e4v\u00e4\u00e4 Hallinnon ja kuntatutkimuksen tiedep\u00e4ivist\u00e4 2025? L\u00f6yd\u00e4t yhteystietomme alta.<\/strong><\/p>\n<p style=\"padding-left: 40px\">Konferenssikoordinaattori Salla Maijala, Vaasan yliopisto<br \/>\nsalla.maijala@uwasa.fi<\/p>\n","protected":false},"excerpt":{"rendered":"<p>Konferenssi j\u00e4rjestet\u00e4\u00e4n Vaasan yliopistolla osoitteessa Wolffintie 32, Wolffintie 32, Vaasa. Tarkemmat saapumisohjeet l\u00f6yd\u00e4t t\u00e4\u00e4lt\u00e4. Konferenssin ohjelma ja aikataulu on saatavilla t\u00e4\u00e4ll\u00e4. Lis\u00e4tietoa konferenssi-ilmoittautumisesta l\u00f6yd\u00e4t t\u00e4lt\u00e4 sivulta. Kysytt\u00e4v\u00e4\u00e4 Hallinnon ja kuntatutkimuksen tiedep\u00e4ivist\u00e4 2025? L\u00f6yd\u00e4t yhteystietomme alta. Konferenssikoordinaattori Salla Maijala, Vaasan yliopisto salla.maijala@uwasa.fi<\/p>\n","protected":false},"author":160,"featured_media":0,"parent":0,"menu_order":0,"comment_status":"closed","ping_status":"closed","template":"","meta":{"_acf_changed":false,"footnotes":""},"class_list":["post-137","page","type-page","status-publish","hentry"],"acf":[],"_links":{"self":[{"href":"https:\/\/sites.uwasa.fi\/hktp2025\/wp-json\/wp\/v2\/pages\/137"}],"collection":[{"href":"https:\/\/sites.uwasa.fi\/hktp2025\/wp-json\/wp\/v2\/pages"}],"about":[{"href":"https:\/\/sites.uwasa.fi\/hktp2025\/wp-json\/wp\/v2\/types\/page"}],"author":[{"embeddable":true,"href":"https:\/\/sites.uwasa.fi\/hktp2025\/wp-json\/wp\/v2\/users\/160"}],"replies":[{"embeddable":true,"href":"https:\/\/sites.uwasa.fi\/hktp2025\/wp-json\/wp\/v2\/comments?post=137"}],"version-history":[{"count":2,"href":"https:\/\/sites.uwasa.fi\/hktp2025\/wp-json\/wp\/v2\/pages\/137\/revisions"}],"predecessor-version":[{"id":158,"href":"https:\/\/sites.uwasa.fi\/hktp2025\/wp-json\/wp\/v2\/pages\/137\/revisions\/158"}],"wp:attachment":[{"href":"https:\/\/sites.uwasa.fi\/hktp2025\/wp-json\/wp\/v2\/media?parent=137"}],"curies":[{"name":"wp","href":"https:\/\/api.w.org\/{rel}","templated":true}]}}