{"id":101,"date":"2025-09-08T13:17:39","date_gmt":"2025-09-08T10:17:39","guid":{"rendered":"https:\/\/sites.uwasa.fi\/hktp2025\/?page_id=101"},"modified":"2025-10-22T21:22:39","modified_gmt":"2025-10-22T18:22:39","slug":"ilmoittautuminen","status":"publish","type":"page","link":"https:\/\/sites.uwasa.fi\/hktp2025\/ilmoittautuminen\/","title":{"rendered":"Ilmoittautuminen"},"content":{"rendered":"<p style=\"padding-left: 40px\">Ilmoittautuminen Hallinnon ja kuntatutkimuksen p\u00e4iville 2025 on nyt auki!<\/p>\n<p style=\"padding-left: 40px\"><strong><a href=\"https:\/\/crm.uwasa.fi\/Events\/157\/Apply\">Ilmoittaudu t\u00e4st\u00e4 linkist\u00e4.<\/a><\/strong><\/p>\n<p style=\"padding-left: 40px\"><strong>Konferenssi-ilmoittautuminen on auki ma 17.11. asti<\/strong>.<\/p>\n<p style=\"padding-left: 40px\">Varmistaaksesi paikkasi <strong>p\u00e4iv\u00e4lliselle<\/strong>, ilmoittauduthan viimeist\u00e4\u00e4n su 12.11.<\/p>\n<p style=\"padding-left: 40px\"><span data-olk-copy-source=\"MessageBody\">Huomaathan, ett\u00e4 ilmoittautumiseen liittyv\u00e4t maksut tulee suorittaa ilmoittautumisen yhteydess\u00e4.<\/span><\/p>\n<p style=\"padding-left: 40px\"><a href=\"https:\/\/sites.uwasa.fi\/hktp2025\/hktp-2025-alustava-aikataulu-ja-keskeiset-paivamaarat\/\">Katso tarkempi konferenssiohjelma t\u00e4\u00e4lt\u00e4.<\/a><\/p>\n<p style=\"padding-left: 40px\"><strong>Osallistumismaksut<\/strong><\/p>\n<p style=\"padding-left: 40px\">Muu osallistuja (ei seurojen j\u00e4sen) (EUR 80)<br \/>\nHallinnon tutkimuksen seuran tai Focus Localiksen j\u00e4sen (EUR 50)<br \/>\nNAF j\u00e4sen (EUR 0)<br \/>\nPerustutkinto-opiskelija (EUR 0)<\/p>\n<p style=\"padding-left: 40px\"><strong>Illallinen torstaina 20.11. klo 18.00 (vapaaehtoinen)<br \/>\n<\/strong>Ilmoittautuminen konferenssi-ilmoittautumisen yhteydess\u00e4 <strong>viimeist\u00e4\u00e4n su 12.11.<\/strong><\/p>\n<p style=\"padding-left: 40px\">P\u00e4\u00e4ruokana kana (sis. alkumalja ja yksi kaato) (EUR 68)<br \/>\nP\u00e4\u00e4ruokana tofu (sis. alkumalja ja yksi kaato) (EUR 57)<\/p>\n<p style=\"padding-left: 40px\"><strong>Tiedustelut ja kysymykset konferenssi ilmoittautumiseen liittyen<br \/>\n<\/strong>Konferenssikoordinaattori Salla Maijala, Vaasan yliopisto<br \/>\nsalla.maijala@uwasa.fi<strong><br \/>\n<\/strong><\/p>\n","protected":false},"excerpt":{"rendered":"<p>Ilmoittautuminen Hallinnon ja kuntatutkimuksen p\u00e4iville 2025 on nyt auki! Ilmoittaudu t\u00e4st\u00e4 linkist\u00e4. Konferenssi-ilmoittautuminen on auki ma 17.11. asti. Varmistaaksesi paikkasi p\u00e4iv\u00e4lliselle, ilmoittauduthan viimeist\u00e4\u00e4n su 12.11. Huomaathan, ett\u00e4 ilmoittautumiseen liittyv\u00e4t maksut tulee suorittaa ilmoittautumisen yhteydess\u00e4. Katso tarkempi konferenssiohjelma t\u00e4\u00e4lt\u00e4. Osallistumismaksut Muu osallistuja (ei seurojen j\u00e4sen) (EUR 80) Hallinnon tutkimuksen seuran tai Focus Localiksen j\u00e4sen (EUR 50) [&hellip;]<\/p>\n","protected":false},"author":160,"featured_media":108,"parent":0,"menu_order":0,"comment_status":"closed","ping_status":"closed","template":"","meta":{"_acf_changed":false,"footnotes":""},"class_list":["post-101","page","type-page","status-publish","has-post-thumbnail","hentry"],"acf":[],"_links":{"self":[{"href":"https:\/\/sites.uwasa.fi\/hktp2025\/wp-json\/wp\/v2\/pages\/101"}],"collection":[{"href":"https:\/\/sites.uwasa.fi\/hktp2025\/wp-json\/wp\/v2\/pages"}],"about":[{"href":"https:\/\/sites.uwasa.fi\/hktp2025\/wp-json\/wp\/v2\/types\/page"}],"author":[{"embeddable":true,"href":"https:\/\/sites.uwasa.fi\/hktp2025\/wp-json\/wp\/v2\/users\/160"}],"replies":[{"embeddable":true,"href":"https:\/\/sites.uwasa.fi\/hktp2025\/wp-json\/wp\/v2\/comments?post=101"}],"version-history":[{"count":6,"href":"https:\/\/sites.uwasa.fi\/hktp2025\/wp-json\/wp\/v2\/pages\/101\/revisions"}],"predecessor-version":[{"id":157,"href":"https:\/\/sites.uwasa.fi\/hktp2025\/wp-json\/wp\/v2\/pages\/101\/revisions\/157"}],"wp:featuredmedia":[{"embeddable":true,"href":"https:\/\/sites.uwasa.fi\/hktp2025\/wp-json\/wp\/v2\/media\/108"}],"wp:attachment":[{"href":"https:\/\/sites.uwasa.fi\/hktp2025\/wp-json\/wp\/v2\/media?parent=101"}],"curies":[{"name":"wp","href":"https:\/\/api.w.org\/{rel}","templated":true}]}}