{"id":353,"date":"2020-09-09T18:09:43","date_gmt":"2020-09-09T15:09:43","guid":{"rendered":"https:\/\/sites.uwasa.fi\/hktp2020\/?page_id=353"},"modified":"2020-11-10T09:11:19","modified_gmt":"2020-11-10T07:11:19","slug":"11-the-role-of-dialogue-in-regional-development-managing-innovation-activities","status":"publish","type":"page","link":"https:\/\/sites.uwasa.fi\/hktp2020\/en\/working-groups\/11-the-role-of-dialogue-in-regional-development-managing-innovation-activities\/","title":{"rendered":"2. The role of dialogue in regional development: Managing innovation activities"},"content":{"rendered":"<p><strong>On Thursday 15.00-17.00<\/strong><\/p>\n<p>Presentations:<\/p>\n<p>1.<b><span data-contrast=\"auto\"> Paula\u00a0<\/span><\/b><b><span data-contrast=\"auto\">Tulppo<\/span><\/b>, University of Lapland<b><span data-contrast=\"auto\">:<\/span><\/b><b><span data-contrast=\"auto\">\u00a0<\/span><\/b><em>EU&#8217;s cross-border cooperation in perspective of place-based regional development<\/em><b><span data-contrast=\"auto\">\u00a0\u00a0<\/span><\/b><span data-ccp-props=\"{&quot;201341983&quot;:0,&quot;335551550&quot;:6,&quot;335551620&quot;:6,&quot;335559739&quot;:120,&quot;335559740&quot;:240}\">\u00a0<\/span><\/p>\n<p>2.<b><span data-contrast=\"auto\"> Mikko Karhu<\/span><\/b>, University of Vaasa:\u00a0<em>Utooppiset puhuntatavat alueiden johtamisessa ja innovaatioty\u00f6ss\u00e4<\/em><b><span data-contrast=\"auto\">\u00a0\u00a0<\/span><\/b><span data-ccp-props=\"{&quot;201341983&quot;:0,&quot;335551550&quot;:6,&quot;335551620&quot;:6,&quot;335559739&quot;:120,&quot;335559740&quot;:240}\">\u00a0<\/span><\/p>\n<p>3. <b><span data-contrast=\"auto\">Seija<\/span><\/b><b><span data-contrast=\"auto\">\u00a0<\/span><\/b><b><span data-contrast=\"auto\">Virkkala<\/span><\/b>, University of Vaasa:\u00a0<em>Methodologies of transnational learning and local and regional development from below:\u00a0Experiences\u00a0of project LARS<\/em><b><span data-contrast=\"auto\">\u00a0\u00a0<\/span><\/b><span data-ccp-props=\"{&quot;201341983&quot;:0,&quot;335551550&quot;:6,&quot;335551620&quot;:6,&quot;335559739&quot;:120,&quot;335559740&quot;:240}\">\u00a0<\/span><\/p>\n<p>4.<b><span data-contrast=\"auto\"> Antti M\u00e4enp\u00e4\u00e4<\/span><\/b>, University of Vaasa: <em>Role of dialogue in implementing the new: Initial impressions on how to approach electric aviation\u00a0in\u00a0Kvarken\u00a0region and involve the stakeholders<\/em><\/p>\n<p>&nbsp;<\/p>\n<p><a href=\"https:\/\/sites.uwasa.fi\/hktp2020\/wp-content\/blogs.dir\/4\/files\/sites\/92\/2020\/11\/Abstraktikirja_paivitetty-10.11.2020.pdf#page=9\" target=\"_blank\" rel=\"noopener noreferrer\">Link to working group&#8217;s abstracts (updated 10.11.2020)<\/a><\/p>\n<p>&nbsp;<\/p>\n<p>This group is bilingual!<\/p>\n<p>Dialogue is an important aspect of regional development and may seriously alter the course of regions, when applied accordingly. Whether It is city development, or the voice of rural residents, dialogue is a way to exchange ideas and formulate a plan, where people become part of the development process. This may relate to innovation activities and network building, or simply help in developing the local neighbourhood. It is therefore important to study the means how one could participate various actors and make an ongoing dialogue, which acts as means for a change and innovative solutions.<\/p>\n<p><strong>The chair of the working group<\/strong>:<\/p>\n<p>Dr. Antti M\u00e4enp\u00e4\u00e4, School of Management, Regional Studies, <a href=\"mailto:antti.maenpaa@univaasa.fi\">antti.maenpaa@univaasa.fi<\/a><\/p>\n","protected":false},"excerpt":{"rendered":"<p>On Thursday 15.00-17.00 Presentations: 1. Paula\u00a0Tulppo, University of Lapland:\u00a0EU&#8217;s cross-border cooperation in perspective of place-based regional development\u00a0\u00a0\u00a0 2. Mikko Karhu, University of Vaasa:\u00a0Utooppiset puhuntatavat alueiden johtamisessa ja innovaatioty\u00f6ss\u00e4\u00a0\u00a0\u00a0 3. Seija\u00a0Virkkala, University of Vaasa:\u00a0Methodologies of transnational learning and local and regional development from below:\u00a0Experiences\u00a0of project LARS\u00a0\u00a0\u00a0 4. Antti M\u00e4enp\u00e4\u00e4, University of Vaasa: Role of dialogue in [&hellip;]<\/p>\n","protected":false},"author":64,"featured_media":0,"parent":314,"menu_order":0,"comment_status":"closed","ping_status":"closed","template":"","meta":{"_acf_changed":false,"footnotes":""},"class_list":["post-353","page","type-page","status-publish","hentry"],"acf":[],"lang":"en","translations":{"en":353,"fi":246},"pll_sync_post":[],"_links":{"self":[{"href":"https:\/\/sites.uwasa.fi\/hktp2020\/wp-json\/wp\/v2\/pages\/353"}],"collection":[{"href":"https:\/\/sites.uwasa.fi\/hktp2020\/wp-json\/wp\/v2\/pages"}],"about":[{"href":"https:\/\/sites.uwasa.fi\/hktp2020\/wp-json\/wp\/v2\/types\/page"}],"author":[{"embeddable":true,"href":"https:\/\/sites.uwasa.fi\/hktp2020\/wp-json\/wp\/v2\/users\/64"}],"replies":[{"embeddable":true,"href":"https:\/\/sites.uwasa.fi\/hktp2020\/wp-json\/wp\/v2\/comments?post=353"}],"version-history":[{"count":10,"href":"https:\/\/sites.uwasa.fi\/hktp2020\/wp-json\/wp\/v2\/pages\/353\/revisions"}],"predecessor-version":[{"id":618,"href":"https:\/\/sites.uwasa.fi\/hktp2020\/wp-json\/wp\/v2\/pages\/353\/revisions\/618"}],"up":[{"embeddable":true,"href":"https:\/\/sites.uwasa.fi\/hktp2020\/wp-json\/wp\/v2\/pages\/314"}],"wp:attachment":[{"href":"https:\/\/sites.uwasa.fi\/hktp2020\/wp-json\/wp\/v2\/media?parent=353"}],"curies":[{"name":"wp","href":"https:\/\/api.w.org\/{rel}","templated":true}]}}