{"id":317,"date":"2020-09-09T17:42:24","date_gmt":"2020-09-09T14:42:24","guid":{"rendered":"https:\/\/sites.uwasa.fi\/hktp2020\/?page_id=317"},"modified":"2020-10-12T08:58:26","modified_gmt":"2020-10-12T05:58:26","slug":"contact-us","status":"publish","type":"page","link":"https:\/\/sites.uwasa.fi\/hktp2020\/en\/contact-us\/","title":{"rendered":"Contact us"},"content":{"rendered":"<p>Conference coordinator:<\/p>\n<p>Laura Perttola, laura.perttola(at)univaasa.fi, tel. +358 29 449 8214<\/p>\n<p>Conference assistant:<\/p>\n<p>Inka Sipura, inka.sipura(at)univaasa.fi<\/p>\n<p>&nbsp;<\/p>\n<p>Members of the organizing committee:<\/p>\n<p>Kirsi Lehto<\/p>\n<p>Laura Perttola<\/p>\n<p>Jenni Airaksinen<\/p>\n<p>Liina Tiainen<\/p>\n<p>Antti M\u00e4enp\u00e4\u00e4<\/p>\n<p>Sanna Tuurnas<\/p>\n<p>Johanna Kalliokoski<\/p>\n<p>Kaisu Sahamies<\/p>\n<p>Liisa Jurmu<\/p>\n<p>Hanna-Kaisa Pernaa<\/p>\n","protected":false},"excerpt":{"rendered":"<p>Conference coordinator: Laura Perttola, laura.perttola(at)univaasa.fi, tel. +358 29 449 8214 Conference assistant: Inka Sipura, inka.sipura(at)univaasa.fi &nbsp; Members of the organizing committee: Kirsi Lehto Laura Perttola Jenni Airaksinen Liina Tiainen Antti M\u00e4enp\u00e4\u00e4 Sanna Tuurnas Johanna Kalliokoski Kaisu Sahamies Liisa Jurmu Hanna-Kaisa Pernaa<\/p>\n","protected":false},"author":64,"featured_media":0,"parent":0,"menu_order":0,"comment_status":"closed","ping_status":"closed","template":"","meta":{"_acf_changed":false,"footnotes":""},"class_list":["post-317","page","type-page","status-publish","hentry"],"acf":[],"lang":"en","translations":{"en":317,"fi":149},"pll_sync_post":[],"_links":{"self":[{"href":"https:\/\/sites.uwasa.fi\/hktp2020\/wp-json\/wp\/v2\/pages\/317"}],"collection":[{"href":"https:\/\/sites.uwasa.fi\/hktp2020\/wp-json\/wp\/v2\/pages"}],"about":[{"href":"https:\/\/sites.uwasa.fi\/hktp2020\/wp-json\/wp\/v2\/types\/page"}],"author":[{"embeddable":true,"href":"https:\/\/sites.uwasa.fi\/hktp2020\/wp-json\/wp\/v2\/users\/64"}],"replies":[{"embeddable":true,"href":"https:\/\/sites.uwasa.fi\/hktp2020\/wp-json\/wp\/v2\/comments?post=317"}],"version-history":[{"count":5,"href":"https:\/\/sites.uwasa.fi\/hktp2020\/wp-json\/wp\/v2\/pages\/317\/revisions"}],"predecessor-version":[{"id":433,"href":"https:\/\/sites.uwasa.fi\/hktp2020\/wp-json\/wp\/v2\/pages\/317\/revisions\/433"}],"wp:attachment":[{"href":"https:\/\/sites.uwasa.fi\/hktp2020\/wp-json\/wp\/v2\/media?parent=317"}],"curies":[{"name":"wp","href":"https:\/\/api.w.org\/{rel}","templated":true}]}}