{"id":313,"date":"2020-09-09T17:42:24","date_gmt":"2020-09-09T14:42:24","guid":{"rendered":"https:\/\/sites.uwasa.fi\/hktp2020\/?page_id=313"},"modified":"2020-11-13T16:05:37","modified_gmt":"2020-11-13T14:05:37","slug":"programme","status":"publish","type":"page","link":"https:\/\/sites.uwasa.fi\/hktp2020\/en\/programme\/","title":{"rendered":"Programme"},"content":{"rendered":"<p><em>All events online via Zoom.<\/em><\/p>\n<p>&nbsp;<\/p>\n<h3>Wednesday 11.11.<\/h3>\n<p>15.00-18.00 Pre-conference (in Finnish)<\/p>\n<p>&nbsp;<\/p>\n<h3>Thursday 12.11.<\/h3>\n<p>10.00 Opening words (the Dean &amp; Chairs of the organizing associations)<\/p>\n<p>1<strong>0.15-11.00 prof. Christoph Demmke, University of Vaasa: <em>Benchmarking governments and public administrations: It\u00b4s all about interpretation and communication<\/em><\/strong><\/p>\n<p style=\"padding-left: 40px\">Link to recording: <a href=\"https:\/\/univaasa.panopto.nordu.net\/Panopto\/Pages\/Viewer.aspx?id=a63f79ce-4742-46f4-b100-ac7200cbbe32\" target=\"_blank\" rel=\"noopener noreferrer\">https:\/\/univaasa.panopto.nordu.net\/Panopto\/Pages\/Viewer.aspx?id=a63f79ce-4742-46f4-b100-ac7200cbbe32<\/a><\/p>\n<p>11.00 Panel: <em>Local government communicating in crisis<\/em> (in Finnish)<\/p>\n<p style=\"padding-left: 40px\">&#8211; Rinna Ikola-Norrbacka, Asikkala municipality<br \/>\n&#8211; Taru Kuosmanen, Tampereen city<br \/>\n&#8211; Jari Sepp\u00e4l\u00e4, Kuntaliitto<br \/>\n&#8211; Marja Vettenranta, Laihia municipality<\/p>\n<p>12.00\u201313.00 Lunch break<\/p>\n<p>13.00\u201314.00 <strong>Kim Strandberg &amp; Thomas Karv, \u00c5bo Akademi:<\/strong> <strong><em>Deliberating municipal mergers \u2013 the case of Mustasaari<\/em><\/strong><\/p>\n<p style=\"padding-left: 40px\">Link to recording: <a href=\"https:\/\/uwasa.zoom.us\/rec\/play\/GTzestQXhMBve6mkSsaOSbmshoxE7ttg7bSy-029HVCxtRZ4CTq3c5IXlQ9BoU0K78X_fTz-IHDEe-jQ.jxpmCY82xC3Qjdjd\" target=\"_blank\" rel=\"noopener noreferrer\">https:\/\/uwasa.zoom.us\/rec\/play\/GTzestQXhMBve6mkSsaOSbmshoxE7ttg7bSy-029HVCxtRZ4CTq3c5IXlQ9BoU0K78X_fTz-IHDEe-jQ.jxpmCY82xC3Qjdjd<\/a><\/p>\n<p>14.00\u201314.15 Winner of the pro gradu award (in Finnish)<\/p>\n<p>14.15\u201315.00 break<\/p>\n<p><strong>14.30\u201316.30 Working groups<\/strong><\/p>\n<p>&nbsp;<\/p>\n<h3>Friday 13.11.<\/h3>\n<p><strong>9.30\u201311.00 Working groups<\/strong><\/p>\n<p>11.00\u201312.00 Lunch break<\/p>\n<p>12.00-13.00 Pekka Sauri, University of Helsinki (in Finnish)<\/p>\n<p>13.00-14.00 Tanja Sihvonen, University of Vaasa (in Finnish)<\/p>\n<p>14.00-15.00 Reeta P\u00f6yht\u00e4ri, University of Jyv\u00e4skyl\u00e4 &amp; Paula Haara, University of Tampere (in Finnish)<\/p>\n","protected":false},"excerpt":{"rendered":"<p>All events online via Zoom. &nbsp; Wednesday 11.11. 15.00-18.00 Pre-conference (in Finnish) &nbsp; Thursday 12.11. 10.00 Opening words (the Dean &amp; Chairs of the organizing associations) 10.15-11.00 prof. Christoph Demmke, University of Vaasa: Benchmarking governments and public administrations: It\u00b4s all about interpretation and communication Link to recording: https:\/\/univaasa.panopto.nordu.net\/Panopto\/Pages\/Viewer.aspx?id=a63f79ce-4742-46f4-b100-ac7200cbbe32 11.00 Panel: Local government communicating in crisis [&hellip;]<\/p>\n","protected":false},"author":64,"featured_media":0,"parent":0,"menu_order":0,"comment_status":"closed","ping_status":"closed","template":"","meta":{"_acf_changed":false,"footnotes":""},"class_list":["post-313","page","type-page","status-publish","hentry"],"acf":[],"lang":"en","translations":{"en":313,"fi":147},"pll_sync_post":[],"_links":{"self":[{"href":"https:\/\/sites.uwasa.fi\/hktp2020\/wp-json\/wp\/v2\/pages\/313"}],"collection":[{"href":"https:\/\/sites.uwasa.fi\/hktp2020\/wp-json\/wp\/v2\/pages"}],"about":[{"href":"https:\/\/sites.uwasa.fi\/hktp2020\/wp-json\/wp\/v2\/types\/page"}],"author":[{"embeddable":true,"href":"https:\/\/sites.uwasa.fi\/hktp2020\/wp-json\/wp\/v2\/users\/64"}],"replies":[{"embeddable":true,"href":"https:\/\/sites.uwasa.fi\/hktp2020\/wp-json\/wp\/v2\/comments?post=313"}],"version-history":[{"count":7,"href":"https:\/\/sites.uwasa.fi\/hktp2020\/wp-json\/wp\/v2\/pages\/313\/revisions"}],"predecessor-version":[{"id":630,"href":"https:\/\/sites.uwasa.fi\/hktp2020\/wp-json\/wp\/v2\/pages\/313\/revisions\/630"}],"wp:attachment":[{"href":"https:\/\/sites.uwasa.fi\/hktp2020\/wp-json\/wp\/v2\/media?parent=313"}],"curies":[{"name":"wp","href":"https:\/\/api.w.org\/{rel}","templated":true}]}}