{"id":277,"date":"2020-09-09T15:36:54","date_gmt":"2020-09-09T12:36:54","guid":{"rendered":"https:\/\/sites.uwasa.fi\/hktp2020\/?page_id=277"},"modified":"2020-10-16T16:05:04","modified_gmt":"2020-10-16T13:05:04","slug":"tyoryhmakuvaukset","status":"publish","type":"page","link":"https:\/\/sites.uwasa.fi\/hktp2020\/tyoryhmat\/tyoryhmakuvaukset\/","title":{"rendered":"Ty\u00f6ryhm\u00e4kuvaukset"},"content":{"rendered":"<ul>\n<li class=\"page-title\"><\/li>\n<\/ul>\n<header class=\"entry-header\">\n<header class=\"entry-header\">\n<ul>\n<li><a href=\"https:\/\/sites.uwasa.fi\/hktp2020\/tyoryhmat\/tyopaja-konfliktien-ratkaisu-osana-vastuullista-henkilostojohtamista\/\">1. Ty\u00f6paja: Konfliktien ratkaisu osana vastuullista henkil\u00f6st\u00f6johtamista<\/a><\/li>\n<li><\/li>\n<li><a href=\"https:\/\/sites.uwasa.fi\/hktp2020\/tyoryhmat\/11-the-role-of-dialogue-in-regional-development-managing-innovation-activities\/\">2. The role of dialogue in regional development: Managing innovation activities<\/a><\/li>\n<li><a href=\"https:\/\/sites.uwasa.fi\/hktp2020\/tyoryhmat\/13-yhteiskehittamisen-kahdet-kasvot\/\">3. Yhteiskehitt\u00e4misen kahdet kasvot<\/a><\/li>\n<\/ul>\n<header class=\"entry-header\">\n<header class=\"entry-header\">\n<ul>\n<li><a href=\"https:\/\/sites.uwasa.fi\/hktp2020\/tyoryhmat\/10-sote-organisaatiot-muutosten-ja-uhkien-pyorteissa-jannitteita-kaaosta-hallintaa\/\">4. Sote-organisaatiot muutosten ja uhkien py\u00f6rteiss\u00e4 \u2013 j\u00e4nnitteit\u00e4, kaaosta, hallintaa<\/a><\/li>\n<li><a href=\"https:\/\/sites.uwasa.fi\/hktp2020\/tyoryhmat\/12-vastuullisuus-digitalisaatio-ja-tekoaly-julkisessa-hallinnossa\/\">5. Vastuullisuus, digitalisaatio ja teko\u00e4ly julkisessa hallinnossa<\/a><\/li>\n<\/ul>\n<header class=\"entry-header\">\n<ul>\n<li><a href=\"https:\/\/sites.uwasa.fi\/hktp2020\/tyoryhmat\/3-hallinta-ja-johtaminen-2020-luvun-kaupunkitutkimuksessa-missa-mennaan\/\">6. Hallinta ja johtaminen 2020-luvun kaupunkitutkimuksessa: miss\u00e4 menn\u00e4\u00e4n?<\/a><\/li>\n<li><a href=\"https:\/\/sites.uwasa.fi\/hktp2020\/tyoryhmat\/7-lahiotutkimusta-monitieteellisesta-nakokulmasta\/\">7. L\u00e4hi\u00f6tutkimusta monitieteellisest\u00e4 n\u00e4k\u00f6kulmasta<\/a><\/li>\n<\/ul>\n<\/header>\n<\/header>\n<\/header>\n<\/header>\n<\/header>\n","protected":false},"excerpt":{"rendered":"<p>1. Ty\u00f6paja: Konfliktien ratkaisu osana vastuullista henkil\u00f6st\u00f6johtamista 2. The role of dialogue in regional development: Managing innovation activities 3. Yhteiskehitt\u00e4misen kahdet kasvot 4. Sote-organisaatiot muutosten ja uhkien py\u00f6rteiss\u00e4 \u2013 j\u00e4nnitteit\u00e4, kaaosta, hallintaa 5. Vastuullisuus, digitalisaatio ja teko\u00e4ly julkisessa hallinnossa 6. Hallinta ja johtaminen 2020-luvun kaupunkitutkimuksessa: miss\u00e4 menn\u00e4\u00e4n? 7. L\u00e4hi\u00f6tutkimusta monitieteellisest\u00e4 n\u00e4k\u00f6kulmasta<\/p>\n","protected":false},"author":64,"featured_media":0,"parent":134,"menu_order":0,"comment_status":"closed","ping_status":"closed","template":"","meta":{"_acf_changed":false,"footnotes":""},"class_list":["post-277","page","type-page","status-publish","hentry"],"acf":[],"lang":"fi","translations":{"fi":277},"pll_sync_post":[],"_links":{"self":[{"href":"https:\/\/sites.uwasa.fi\/hktp2020\/wp-json\/wp\/v2\/pages\/277"}],"collection":[{"href":"https:\/\/sites.uwasa.fi\/hktp2020\/wp-json\/wp\/v2\/pages"}],"about":[{"href":"https:\/\/sites.uwasa.fi\/hktp2020\/wp-json\/wp\/v2\/types\/page"}],"author":[{"embeddable":true,"href":"https:\/\/sites.uwasa.fi\/hktp2020\/wp-json\/wp\/v2\/users\/64"}],"replies":[{"embeddable":true,"href":"https:\/\/sites.uwasa.fi\/hktp2020\/wp-json\/wp\/v2\/comments?post=277"}],"version-history":[{"count":12,"href":"https:\/\/sites.uwasa.fi\/hktp2020\/wp-json\/wp\/v2\/pages\/277\/revisions"}],"predecessor-version":[{"id":281,"href":"https:\/\/sites.uwasa.fi\/hktp2020\/wp-json\/wp\/v2\/pages\/277\/revisions\/281"}],"up":[{"embeddable":true,"href":"https:\/\/sites.uwasa.fi\/hktp2020\/wp-json\/wp\/v2\/pages\/134"}],"wp:attachment":[{"href":"https:\/\/sites.uwasa.fi\/hktp2020\/wp-json\/wp\/v2\/media?parent=277"}],"curies":[{"name":"wp","href":"https:\/\/api.w.org\/{rel}","templated":true}]}}