{"id":250,"date":"2020-09-09T15:33:12","date_gmt":"2020-09-09T12:33:12","guid":{"rendered":"https:\/\/sites.uwasa.fi\/hktp2020\/?page_id=250"},"modified":"2020-11-10T09:07:12","modified_gmt":"2020-11-10T07:07:12","slug":"12-vastuullisuus-digitalisaatio-ja-tekoaly-julkisessa-hallinnossa","status":"publish","type":"page","link":"https:\/\/sites.uwasa.fi\/hktp2020\/tyoryhmat\/12-vastuullisuus-digitalisaatio-ja-tekoaly-julkisessa-hallinnossa\/","title":{"rendered":"5. Vastuullisuus, digitalisaatio ja teko\u00e4ly julkisessa hallinnossa"},"content":{"rendered":"<p><strong>Torstaina 15.00-17.00<\/strong><\/p>\n<p>Esitykset:<\/p>\n<p>15.00\u201315.30\u00a0 <strong>Pertti Ahonen <\/strong>ja<strong> Tero Erkkil\u00e4<\/strong>: <em>Transparency in governmental algorithmic and other automatic decision-making: Ideational and conceptual tensions and shifts, their conditions and their consequences in Finland<\/em><\/p>\n<p>15.30\u201316.00\u00a0 <strong>Jari Autioniemi<\/strong>: <em>Vastuullinen teko\u00e4ly julkisessa hallinnossa<\/em><\/p>\n<p>16.00\u201316.30 <strong>Charles Osifo Omoregie:<\/strong>\u00a0<em>Tutkimus digitaalisen toiminnan toteuttamista ja arviointia koskevista koordinaatiohaasteista Suomessa<\/em><\/p>\n<p>&nbsp;<\/p>\n<p><strong>Perjantaina 9.30\u201311.00<\/strong><\/p>\n<p>Esitykset:<\/p>\n<p><strong>\u00a0<\/strong>9.30\u201310.00 <strong>\u00a0<\/strong><strong>Juha Lindfors <\/strong>ja <strong>P\u00e4ivikki Kuoppakangas:<\/strong>\u00a0<em>Meaningful work and co-creation on digital platform \u2013 case: Long term care professionals<\/em><\/p>\n<p>10.00\u201310.30<strong> Emmi Koskimies<\/strong>: <span style=\"font-weight: normal\">Teko\u00e4lyn hallinto \u2013 eettisen kehityksen ja k\u00e4yt\u00f6n malli<\/span><\/p>\n<p>10.30\u201311.00 Tutkijoiden paneelikeskustelu<\/p>\n<p>&nbsp;<\/p>\n<p><a href=\"https:\/\/sites.uwasa.fi\/hktp2020\/wp-content\/blogs.dir\/4\/files\/sites\/92\/2020\/11\/Abstraktikirja_paivitetty-10.11.2020.pdf#page=26\" target=\"_blank\" rel=\"noopener noreferrer\">Linkki ty\u00f6ryhm\u00e4n abstrakteihin (p\u00e4ivitetty 10.11.2020)<\/a><\/p>\n<p>&nbsp;<\/p>\n<p>Julkisen sektorin digitalisaation kehityskulku kiihtyy luoden t\u00e4ysin uudenlaisia teknologisia ratkaisuja julkiseen hallintoon. Teko\u00e4ly (AI) on maailmaa muokkaava teknologia, joka vaikuttaa l\u00e4hes kaikkiin el\u00e4m\u00e4nalueisiin. Te-ko\u00e4ly tehostaa prosesseja, vapauttaa meid\u00e4t rutiiniluontoisista teht\u00e4vist\u00e4, varmistaa turvallisuuttamme, enna-koi toimintaamme sek\u00e4 jalostaa valtavista aineistom\u00e4\u00e4rist\u00e4 k\u00e4ytt\u00f6kelpoista tietoa ihmisen p\u00e4\u00e4t\u00f6ksenteon tu-eksi. Sovelluskohteet julkisessa hallinnossa ovat moninaiset ja alati laajenevat.<\/p>\n<p>Vaikka teko\u00e4lyteknologioilla on monia my\u00f6nteisi\u00e4 vaikutuksia yhteiskuntaamme ja el\u00e4m\u00e4\u00e4mme terveyden-huollosta oppimiseen ja p\u00e4\u00e4t\u00f6ksentekoon, ne tuovat ratkaistavaksi my\u00f6s lukuisia eettisi\u00e4 kysymyksi\u00e4 jo senkin vuoksi, ett\u00e4 teko\u00e4lyn suunnitteluun ja k\u00e4ytt\u00f6\u00f6n liittyy v\u00e4ist\u00e4m\u00e4tt\u00e4 sosiaalisia ja kulttuurisia n\u00e4k\u00f6kohtia. Kuinka voimme kehitt\u00e4\u00e4 tapoja ja menetelmi\u00e4 teko\u00e4lyn vastuulliseen hy\u00f6dynt\u00e4miseen yhteiskunnan ohjauksessa?<\/p>\n<p><strong>Ty\u00f6ryhm\u00e4n vet\u00e4j\u00e4t<\/strong><\/p>\n<p>Jari Stenvall, professori, hallintotiede, Tampereen yliopisto, <a href=\"mailto:jari.stenvall@tuni.fi\">jari.stenvall@tuni.fi<\/a><br \/>\nEmmi Koskimies, v\u00e4it\u00f6skirjatutkija, Tampereen yliopisto, <a href=\"mailto:emmi.koskimies@tuni.fi\">emmi.koskimies@tuni.fi<\/a><br \/>\nMika Nieminen, dosentti, tiimip\u00e4\u00e4llikk\u00f6, Teknologian tutkimuskeskus VTT Oy, <a href=\"mailto:mika.nieminen@vtt.fi\">mika.nieminen@vtt.fi<\/a><br \/>\nJaana Leikas, dosentti, johtava tutkija, Teknologian tutkimuskeskus VTT, <a href=\"mailto:jaana.leikas@vtt.fi\">jaana.leikas@vtt.fi<\/a><br \/>\nNina Rilla, KTT, erikoistutkija, Teknologian tutkimuskeskus VTT, <a href=\"mailto:nina.rilla@vtt.fi\">nina.rilla@vtt.fi<\/a><\/p>\n","protected":false},"excerpt":{"rendered":"<p>Torstaina 15.00-17.00 Esitykset: 15.00\u201315.30\u00a0 Pertti Ahonen ja Tero Erkkil\u00e4: Transparency in governmental algorithmic and other automatic decision-making: Ideational and conceptual tensions and shifts, their conditions and their consequences in Finland 15.30\u201316.00\u00a0 Jari Autioniemi: Vastuullinen teko\u00e4ly julkisessa hallinnossa 16.00\u201316.30 Charles Osifo Omoregie:\u00a0Tutkimus digitaalisen toiminnan toteuttamista ja arviointia koskevista koordinaatiohaasteista Suomessa &nbsp; Perjantaina 9.30\u201311.00 Esitykset: \u00a09.30\u201310.00 \u00a0Juha [&hellip;]<\/p>\n","protected":false},"author":64,"featured_media":0,"parent":134,"menu_order":0,"comment_status":"closed","ping_status":"closed","template":"","meta":{"_acf_changed":false,"footnotes":""},"class_list":["post-250","page","type-page","status-publish","hentry"],"acf":[],"lang":"fi","translations":{"fi":250},"pll_sync_post":[],"_links":{"self":[{"href":"https:\/\/sites.uwasa.fi\/hktp2020\/wp-json\/wp\/v2\/pages\/250"}],"collection":[{"href":"https:\/\/sites.uwasa.fi\/hktp2020\/wp-json\/wp\/v2\/pages"}],"about":[{"href":"https:\/\/sites.uwasa.fi\/hktp2020\/wp-json\/wp\/v2\/types\/page"}],"author":[{"embeddable":true,"href":"https:\/\/sites.uwasa.fi\/hktp2020\/wp-json\/wp\/v2\/users\/64"}],"replies":[{"embeddable":true,"href":"https:\/\/sites.uwasa.fi\/hktp2020\/wp-json\/wp\/v2\/comments?post=250"}],"version-history":[{"count":19,"href":"https:\/\/sites.uwasa.fi\/hktp2020\/wp-json\/wp\/v2\/pages\/250\/revisions"}],"predecessor-version":[{"id":614,"href":"https:\/\/sites.uwasa.fi\/hktp2020\/wp-json\/wp\/v2\/pages\/250\/revisions\/614"}],"up":[{"embeddable":true,"href":"https:\/\/sites.uwasa.fi\/hktp2020\/wp-json\/wp\/v2\/pages\/134"}],"wp:attachment":[{"href":"https:\/\/sites.uwasa.fi\/hktp2020\/wp-json\/wp\/v2\/media?parent=250"}],"curies":[{"name":"wp","href":"https:\/\/api.w.org\/{rel}","templated":true}]}}