{"id":228,"date":"2020-09-09T15:27:11","date_gmt":"2020-09-09T12:27:11","guid":{"rendered":"https:\/\/sites.uwasa.fi\/hktp2020\/?page_id=228"},"modified":"2020-09-09T18:32:32","modified_gmt":"2020-09-09T15:32:32","slug":"6-kuntademokratian-muutos-hallinnon-johtamisen-ja-viestinnan-haastajana","status":"publish","type":"page","link":"https:\/\/sites.uwasa.fi\/hktp2020\/tyoryhmat\/6-kuntademokratian-muutos-hallinnon-johtamisen-ja-viestinnan-haastajana\/","title":{"rendered":"6. Kuntademokratian muutos hallinnon, johtamisen ja viestinn\u00e4n haastajana"},"content":{"rendered":"<p>Kuntademokratian muutos n\u00e4kyy sek\u00e4 edustuksellisen ett\u00e4 osallistuvan demokratian kehityksess\u00e4. Edustuksellisen demokratian muutos n\u00e4kyy pitk\u00e4n aikav\u00e4lin tarkastelussa \u00e4\u00e4nestysaktiivisuuden madaltumisena, poliittisen kent\u00e4n pirstoutumisena ja polarisoitumisena, yhden asian liikkeiden vahvistumisena ja populismin nousuna. Edustuksellisen demokratian muutokseen liittyy my\u00f6s kunnallispolitiikan ammattimaistuminen ja kysymys luottamushenkil\u00f6ty\u00f6n edellytyksist\u00e4. Osallistuvan demokratian muutos tarkoittaa moninaisempia demokratiainnovaatioita, systemaattisempaa osallisuusty\u00f6t\u00e4 ja sen aiempaa vahvempaa resursointia. Kuntatasolla osallistuvan demokratian vahvistuminen edellytt\u00e4\u00e4 sen m\u00e4\u00e4r\u00e4tietoista johtamista ja kulttuurista muutosta kunnan toiminnassa ja hallinnossa. Muutos koskettaa siis rakenteita, toimintatapoja, resursseja ja k\u00e4yt\u00e4nt\u00f6j\u00e4, ja on siten systeeminen hallinnon ja johtamisen kysymys.<\/p>\n<p>Demokratiaan kytkeytyy ajatus hallinnon legitimiteetist\u00e4. Vasta legitiimi valta muuttuu oikeudeksi k\u00e4ytt\u00e4\u00e4 valtaa. (Schmitter 2001, 3.) Hallinnon legitimiteetti rakentuu, kun demokraattisen j\u00e4rjestelm\u00e4n eri osat hyv\u00e4ksyv\u00e4t p\u00e4\u00e4t\u00f6kset ja niiden seuraukset. (Eshuis &amp; Edwards 2013.) \u00a0Edustukselliseen demokratiaan nojaavan hallintorakenteen legitimiteetin voi katsoa syntyv\u00e4n siit\u00e4, ett\u00e4 kansa p\u00e4\u00e4see valitsemaan edustajansa p\u00e4\u00e4t\u00f6ksentekoelimiin \u00e4\u00e4nest\u00e4misen kautta. (Klijn &amp; Edelenbos 2013, 632.) Osallistuvan demokratiak\u00e4sityksen n\u00e4k\u00f6kulmasta t\u00e4m\u00e4 ei kuitenkaan riit\u00e4, vaan legitimiteetin l\u00e4hteen\u00e4 n\u00e4hd\u00e4\u00e4n aktiivinen ja eri tavoin tapahtuva osallistuminen. Laajan osallistumisen my\u00f6t\u00e4 p\u00e4\u00e4t\u00f6ksenteon laadun katsotaan paranevan, ja samalla kansalaisten ymm\u00e4rrys yhteiskunnallisista asioista lis\u00e4\u00e4ntyy. Kun kansalaiset voivat vaikuttaa p\u00e4\u00e4t\u00f6ksentekoon, p\u00e4\u00e4t\u00f6ksenteon hyv\u00e4ksytt\u00e4vyys ja hallinnon legitimiteetti paranevat. Kuntalaisten osallistumisen edist\u00e4misess\u00e4 ei ole kyse vain osallistumiskanavista ja -keinoista, vaan laajemmin hallintoon, johtamiseen ja viestint\u00e4\u00e4n perustavanlaatuisesti vaikuttavasta toiminnasta.<\/p>\n<p>Toivomme ty\u00f6ryhm\u00e4\u00e4mme eri vaiheissa olevia tutkimuksia, joissa k\u00e4sitell\u00e4\u00e4n kuntademokratiaan liittyvi\u00e4 kysymyksi\u00e4. Tervetulleita ovat sek\u00e4 edustukselliseen ett\u00e4 osallistuvaan demokratiaan liittyv\u00e4t tutkimukset. Erityisesti toivomme tutkimuksia, jotka kytkeytyv\u00e4t kuntademokratian murrokseen ja siihen liittyv\u00e4\u00e4n hallinnon, johtamisen ja viestinn\u00e4n muutokseen. Ty\u00f6ryhm\u00e4\u00e4n haluavia pyydet\u00e4\u00e4n l\u00e4hett\u00e4m\u00e4\u00e4n n. 300 sanan mittainen abstrakti, joka l\u00e4hetet\u00e4\u00e4n s\u00e4hk\u00f6postitse ty\u00f6ryhm\u00e4n vet\u00e4jille 7.10.2020 menness\u00e4. Hakijoita pyydet\u00e4\u00e4n ilmoittamaan ty\u00f6ryhm\u00e4\u00e4n osallistumisen tapa (tutkimuspaperi + esitys tai pelkk\u00e4 esitys). Ty\u00f6ryhmien vet\u00e4j\u00e4t ilmoittavat hyv\u00e4ksynn\u00e4st\u00e4 viimeist\u00e4\u00e4n 20.10.2020. Hyv\u00e4ksytyt abstraktit julkaistaan tiedep\u00e4ivien s\u00e4hk\u00f6isess\u00e4 abstraktikirjassa.<\/p>\n<p>Ty\u00f6ryhm\u00e4n vet\u00e4j\u00e4t:<\/p>\n<p>tutkijatohtori Anni J\u00e4ntti, kunta- ja aluejohtaminen, Tampereen yliopisto. Puh. +358504377188, e-mail: etunimi.sukunimi@tuni.fi<\/p>\n<p>v\u00e4it\u00f6skirjatutkija Kaisa Kurkela, kunta- ja aluejohtaminen, Tampereen yliopisto. Puh +358504377589, e-mail: etunimi.sukunimi@tuni.fi<\/p>\n","protected":false},"excerpt":{"rendered":"<p>Kuntademokratian muutos n\u00e4kyy sek\u00e4 edustuksellisen ett\u00e4 osallistuvan demokratian kehityksess\u00e4. Edustuksellisen demokratian muutos n\u00e4kyy pitk\u00e4n aikav\u00e4lin tarkastelussa \u00e4\u00e4nestysaktiivisuuden madaltumisena, poliittisen kent\u00e4n pirstoutumisena ja polarisoitumisena, yhden asian liikkeiden vahvistumisena ja populismin nousuna. Edustuksellisen demokratian muutokseen liittyy my\u00f6s kunnallispolitiikan ammattimaistuminen ja kysymys luottamushenkil\u00f6ty\u00f6n edellytyksist\u00e4. Osallistuvan demokratian muutos tarkoittaa moninaisempia demokratiainnovaatioita, systemaattisempaa osallisuusty\u00f6t\u00e4 ja sen aiempaa vahvempaa resursointia. Kuntatasolla [&hellip;]<\/p>\n","protected":false},"author":64,"featured_media":0,"parent":134,"menu_order":0,"comment_status":"closed","ping_status":"closed","template":"","meta":{"_acf_changed":false,"footnotes":""},"class_list":["post-228","page","type-page","status-publish","hentry"],"acf":[],"lang":"fi","translations":{"fi":228},"pll_sync_post":[],"_links":{"self":[{"href":"https:\/\/sites.uwasa.fi\/hktp2020\/wp-json\/wp\/v2\/pages\/228"}],"collection":[{"href":"https:\/\/sites.uwasa.fi\/hktp2020\/wp-json\/wp\/v2\/pages"}],"about":[{"href":"https:\/\/sites.uwasa.fi\/hktp2020\/wp-json\/wp\/v2\/types\/page"}],"author":[{"embeddable":true,"href":"https:\/\/sites.uwasa.fi\/hktp2020\/wp-json\/wp\/v2\/users\/64"}],"replies":[{"embeddable":true,"href":"https:\/\/sites.uwasa.fi\/hktp2020\/wp-json\/wp\/v2\/comments?post=228"}],"version-history":[{"count":2,"href":"https:\/\/sites.uwasa.fi\/hktp2020\/wp-json\/wp\/v2\/pages\/228\/revisions"}],"predecessor-version":[{"id":365,"href":"https:\/\/sites.uwasa.fi\/hktp2020\/wp-json\/wp\/v2\/pages\/228\/revisions\/365"}],"up":[{"embeddable":true,"href":"https:\/\/sites.uwasa.fi\/hktp2020\/wp-json\/wp\/v2\/pages\/134"}],"wp:attachment":[{"href":"https:\/\/sites.uwasa.fi\/hktp2020\/wp-json\/wp\/v2\/media?parent=228"}],"curies":[{"name":"wp","href":"https:\/\/api.w.org\/{rel}","templated":true}]}}