{"id":195,"date":"2020-09-07T15:51:45","date_gmt":"2020-09-07T12:51:45","guid":{"rendered":"https:\/\/sites.uwasa.fi\/hktp2020\/?page_id=195"},"modified":"2020-10-16T15:45:26","modified_gmt":"2020-10-16T12:45:26","slug":"tarkeat-paivamaarat","status":"publish","type":"page","link":"https:\/\/sites.uwasa.fi\/hktp2020\/tarkeat-paivamaarat\/","title":{"rendered":"T\u00e4rke\u00e4t p\u00e4iv\u00e4m\u00e4\u00e4r\u00e4t"},"content":{"rendered":"<p><a href=\"http:\/\/kalenteri\"><img decoding=\"async\" class=\"aligncenter size-full wp-image-199\" src=\"https:\/\/sites.uwasa.fi\/hktp2020\/wp-content\/blogs.dir\/4\/files\/sites\/92\/2020\/09\/20200907_153710.jpg\" alt=\"\" width=\"100%\" srcset=\"https:\/\/sites.uwasa.fi\/hktp2020\/wp-content\/blogs.dir\/4\/files\/sites\/92\/2020\/09\/20200907_153710.jpg 2048w, https:\/\/sites.uwasa.fi\/hktp2020\/wp-content\/blogs.dir\/4\/files\/sites\/92\/2020\/09\/20200907_153710-300x102.jpg 300w, https:\/\/sites.uwasa.fi\/hktp2020\/wp-content\/blogs.dir\/4\/files\/sites\/92\/2020\/09\/20200907_153710-1024x349.jpg 1024w, https:\/\/sites.uwasa.fi\/hktp2020\/wp-content\/blogs.dir\/4\/files\/sites\/92\/2020\/09\/20200907_153710-768x261.jpg 768w, https:\/\/sites.uwasa.fi\/hktp2020\/wp-content\/blogs.dir\/4\/files\/sites\/92\/2020\/09\/20200907_153710-1536x523.jpg 1536w\" sizes=\"(max-width: 2048px) 100vw, 2048px\" \/><\/a><\/p>\n<p>&nbsp;<\/p>\n<p>Abstraktihaku ty\u00f6ryhmiin\u00a0 p\u00e4\u00e4ttyy 7.10.2020.<\/p>\n<p>Ilmoittautuminen\u00a0 alkaa 16.10.2020.<\/p>\n<p>Ty\u00f6ryhmiin hyv\u00e4ksytyille ilmoitetaan valinnasta viimeist\u00e4\u00e4n 20.10.2020.<\/p>\n<p>Prekonferenssin abstraktihaku p\u00e4\u00e4ttyy 23.10.2020.<\/p>\n<p>Abstraktit ja ty\u00f6ryhmien ohjelmat julkaistaan 26.10.2020.<\/p>\n<p>Ilmoittautuminen p\u00e4\u00e4ttyy 5.11.2020.<\/p>\n<p>Prekonferenssi j\u00e4rjestet\u00e4\u00e4n keskiviikkona 11.11. klo 15-18.<\/p>\n<p>Tiedep\u00e4ivien p\u00e4\u00e4ohjelma j\u00e4rjestet\u00e4\u00e4n torstaina 12.11. ja perjantaina 13.11.<\/p>\n<p>Ty\u00f6ryhm\u00e4t kokoontuvat to 12.11. klo 15-17 ja pe 13.11. klo 9.30-11.<\/p>\n","protected":false},"excerpt":{"rendered":"<p>&nbsp; Abstraktihaku ty\u00f6ryhmiin\u00a0 p\u00e4\u00e4ttyy 7.10.2020. Ilmoittautuminen\u00a0 alkaa 16.10.2020. Ty\u00f6ryhmiin hyv\u00e4ksytyille ilmoitetaan valinnasta viimeist\u00e4\u00e4n 20.10.2020. Prekonferenssin abstraktihaku p\u00e4\u00e4ttyy 23.10.2020. Abstraktit ja ty\u00f6ryhmien ohjelmat julkaistaan 26.10.2020. Ilmoittautuminen p\u00e4\u00e4ttyy 5.11.2020. Prekonferenssi j\u00e4rjestet\u00e4\u00e4n keskiviikkona 11.11. klo 15-18. Tiedep\u00e4ivien p\u00e4\u00e4ohjelma j\u00e4rjestet\u00e4\u00e4n torstaina 12.11. ja perjantaina 13.11. Ty\u00f6ryhm\u00e4t kokoontuvat to 12.11. klo 15-17 ja pe 13.11. klo 9.30-11.<\/p>\n","protected":false},"author":64,"featured_media":0,"parent":0,"menu_order":0,"comment_status":"closed","ping_status":"closed","template":"","meta":{"_acf_changed":false,"footnotes":""},"class_list":["post-195","page","type-page","status-publish","hentry"],"acf":[],"lang":"fi","translations":{"fi":195},"pll_sync_post":[],"_links":{"self":[{"href":"https:\/\/sites.uwasa.fi\/hktp2020\/wp-json\/wp\/v2\/pages\/195"}],"collection":[{"href":"https:\/\/sites.uwasa.fi\/hktp2020\/wp-json\/wp\/v2\/pages"}],"about":[{"href":"https:\/\/sites.uwasa.fi\/hktp2020\/wp-json\/wp\/v2\/types\/page"}],"author":[{"embeddable":true,"href":"https:\/\/sites.uwasa.fi\/hktp2020\/wp-json\/wp\/v2\/users\/64"}],"replies":[{"embeddable":true,"href":"https:\/\/sites.uwasa.fi\/hktp2020\/wp-json\/wp\/v2\/comments?post=195"}],"version-history":[{"count":5,"href":"https:\/\/sites.uwasa.fi\/hktp2020\/wp-json\/wp\/v2\/pages\/195\/revisions"}],"predecessor-version":[{"id":487,"href":"https:\/\/sites.uwasa.fi\/hktp2020\/wp-json\/wp\/v2\/pages\/195\/revisions\/487"}],"wp:attachment":[{"href":"https:\/\/sites.uwasa.fi\/hktp2020\/wp-json\/wp\/v2\/media?parent=195"}],"curies":[{"name":"wp","href":"https:\/\/api.w.org\/{rel}","templated":true}]}}