{"id":151,"date":"2020-09-07T14:35:29","date_gmt":"2020-09-07T11:35:29","guid":{"rendered":"https:\/\/sites.uwasa.fi\/hktp2020\/?page_id=151"},"modified":"2020-11-06T11:17:02","modified_gmt":"2020-11-06T09:17:02","slug":"ilmoittautuminen","status":"publish","type":"page","link":"https:\/\/sites.uwasa.fi\/hktp2020\/ilmoittautuminen\/","title":{"rendered":"Ilmoittautuminen"},"content":{"rendered":"<p>Ilmoittautuminen konferenssiin on p\u00e4\u00e4ttynyt.<\/p>\n<p>&nbsp;<\/p>\n<p><strong>Verkossa j\u00e4rjestett\u00e4v\u00e4t tiedep\u00e4iv\u00e4t ovat maksuttomat kaikille osallistujille. P\u00e4\u00e4ohjelman osallistujam\u00e4\u00e4r\u00e4 on rajattu 500 henkil\u00f6\u00f6n.<\/strong><\/p>\n<p>Kaikki tiedep\u00e4ivien ohjelma j\u00e4rjestet\u00e4\u00e4n Zoom-et\u00e4yhteydell\u00e4. Ilmoitathan toimivan s\u00e4hk\u00f6postin, johon osallistumiseen mahdollistavat linkit voidaan toimittaa. Ty\u00f6ryhmiin tulee yleis\u00f6n tehd\u00e4 ennakkoilmoittautuminen, joka tapahtuu muun ilmoittautumisen yhteydess\u00e4.<\/p>\n<p>Ilmoittautumiseen annettuja tietoja on mahdollista muuttaa ilmoittautumisen j\u00e4lkeen ja my\u00f6s ilmoittautumisen peruminen on mahdollista. T\u00e4m\u00e4 onnistuu vahvistuss\u00e4hk\u00f6postin linkin avulla.<\/p>\n","protected":false},"excerpt":{"rendered":"<p>Ilmoittautuminen konferenssiin on p\u00e4\u00e4ttynyt. &nbsp; Verkossa j\u00e4rjestett\u00e4v\u00e4t tiedep\u00e4iv\u00e4t ovat maksuttomat kaikille osallistujille. P\u00e4\u00e4ohjelman osallistujam\u00e4\u00e4r\u00e4 on rajattu 500 henkil\u00f6\u00f6n. Kaikki tiedep\u00e4ivien ohjelma j\u00e4rjestet\u00e4\u00e4n Zoom-et\u00e4yhteydell\u00e4. Ilmoitathan toimivan s\u00e4hk\u00f6postin, johon osallistumiseen mahdollistavat linkit voidaan toimittaa. Ty\u00f6ryhmiin tulee yleis\u00f6n tehd\u00e4 ennakkoilmoittautuminen, joka tapahtuu muun ilmoittautumisen yhteydess\u00e4. Ilmoittautumiseen annettuja tietoja on mahdollista muuttaa ilmoittautumisen j\u00e4lkeen ja my\u00f6s ilmoittautumisen peruminen on [&hellip;]<\/p>\n","protected":false},"author":64,"featured_media":0,"parent":0,"menu_order":0,"comment_status":"closed","ping_status":"closed","template":"","meta":{"_acf_changed":false,"footnotes":""},"class_list":["post-151","page","type-page","status-publish","hentry"],"acf":[],"lang":"fi","translations":{"fi":151,"en":316},"pll_sync_post":[],"_links":{"self":[{"href":"https:\/\/sites.uwasa.fi\/hktp2020\/wp-json\/wp\/v2\/pages\/151"}],"collection":[{"href":"https:\/\/sites.uwasa.fi\/hktp2020\/wp-json\/wp\/v2\/pages"}],"about":[{"href":"https:\/\/sites.uwasa.fi\/hktp2020\/wp-json\/wp\/v2\/types\/page"}],"author":[{"embeddable":true,"href":"https:\/\/sites.uwasa.fi\/hktp2020\/wp-json\/wp\/v2\/users\/64"}],"replies":[{"embeddable":true,"href":"https:\/\/sites.uwasa.fi\/hktp2020\/wp-json\/wp\/v2\/comments?post=151"}],"version-history":[{"count":9,"href":"https:\/\/sites.uwasa.fi\/hktp2020\/wp-json\/wp\/v2\/pages\/151\/revisions"}],"predecessor-version":[{"id":604,"href":"https:\/\/sites.uwasa.fi\/hktp2020\/wp-json\/wp\/v2\/pages\/151\/revisions\/604"}],"wp:attachment":[{"href":"https:\/\/sites.uwasa.fi\/hktp2020\/wp-json\/wp\/v2\/media?parent=151"}],"curies":[{"name":"wp","href":"https:\/\/api.w.org\/{rel}","templated":true}]}}