{"id":147,"date":"2020-09-07T14:35:29","date_gmt":"2020-09-07T11:35:29","guid":{"rendered":"https:\/\/sites.uwasa.fi\/hktp2020\/?page_id=147"},"modified":"2021-03-08T12:41:22","modified_gmt":"2021-03-08T10:41:22","slug":"ohjelma","status":"publish","type":"page","link":"https:\/\/sites.uwasa.fi\/hktp2020\/ohjelma\/","title":{"rendered":"Ohjelma"},"content":{"rendered":"<p><em>Osallistuminen kaikkiin tapahtumiin Zoom-sovelluksella.<\/em><\/p>\n<p>&nbsp;<\/p>\n<h3 style=\"text-align: left\">Keskiviikko 11.11.2020<\/h3>\n<ul style=\"text-align: left\">\n<li>15-18 Prekonferenssi: <em>Tieteenfilosofia v\u00e4it\u00f6skirjassa: mist\u00e4 on kysymys?<\/em><\/li>\n<\/ul>\n<p>&nbsp;<\/p>\n<h3 style=\"text-align: left\">Torstai 12.11.2020<\/h3>\n<ul>\n<li><strong>10.00 avaussanat<\/strong><\/li>\n<li><strong>10.15-11.00 Christoph Demmke<\/strong>, professor in Public Management, University of Vaasa: <em>Benchmarking governments and public administrations &#8211; It\u00b4s all about interpretation and communication<\/em><\/li>\n<\/ul>\n<p style=\"padding-left: 40px\">Linkki tallenteeseen: <a href=\"https:\/\/univaasa.panopto.nordu.net\/Panopto\/Pages\/Viewer.aspx?id=a63f79ce-4742-46f4-b100-ac7200cbbe32\" target=\"_blank\" rel=\"noopener noreferrer\">https:\/\/univaasa.panopto.nordu.net\/Panopto\/Pages\/Viewer.aspx?id=a63f79ce-4742-46f4-b100-ac7200cbbe32<\/a><\/p>\n<ul>\n<li><strong>11.00-12.00 Paneeli<\/strong>: <em>Kuntien viestint\u00e4 poikkeustilanteessa,<\/em> vet\u00e4j\u00e4n\u00e4 <strong>Jenni Airaksinen<\/strong> Tampereen yliopistosta<\/li>\n<\/ul>\n<p style=\"padding-left: 80px\">Panelistit:<br \/>\n<strong>Rinna Ikola-Norrbacka<\/strong>, Asikkalan kunnanjohtaja, HTT, Suomen Kuntajohtajat ry:n varapuheenjohtaja<br \/>\n<strong>Taru Kuosmanen<\/strong>, johtaja, sosiaali- ja terveyspalvelut, Tampereen kaupunki<br \/>\n<strong>Jari Sepp\u00e4l\u00e4<\/strong>, erityisasiantuntija, Suomen Kuntaliitto<br \/>\n<strong>Marja Vettenranta<\/strong>, kunnanhallituksen puheenjohtaja, Laihian kunta<\/p>\n<p style=\"padding-left: 40px;text-align: left\">12.00\u201313.00 lounastauko<\/p>\n<ul style=\"text-align: left\">\n<li><strong>13.00-14.00 Kim Strandberg &amp; Thomas Karv<\/strong>, \u00c5bo Akademi: <em>Deliberating municipal mergers \u2013 the case of Mustasaari<\/em><\/li>\n<\/ul>\n<p style=\"padding-left: 40px\">Linkki tallenteeseen: <a href=\"https:\/\/uwasa.zoom.us\/rec\/play\/GTzestQXhMBve6mkSsaOSbmshoxE7ttg7bSy-029HVCxtRZ4CTq3c5IXlQ9BoU0K78X_fTz-IHDEe-jQ.jxpmCY82xC3Qjdjd\" target=\"_blank\" rel=\"noopener noreferrer\">https:\/\/uwasa.zoom.us\/rec\/play\/GTzestQXhMBve6mkSsaOSbmshoxE7ttg7bSy-029HVCxtRZ4CTq3c5IXlQ9BoU0K78X_fTz-IHDEe-jQ.jxpmCY82xC3Qjdjd<\/a><\/p>\n<ul style=\"text-align: left\">\n<li><strong>14.00\u201314.15 Gradupalkinnon voittajan julkistaminen<\/strong><\/li>\n<\/ul>\n<p style=\"padding-left: 40px;text-align: left\">14.15\u201315.00 tauko<\/p>\n<ul style=\"text-align: left\">\n<li><strong>15.00<\/strong><strong>\u201317.00 <a href=\"https:\/\/sites.uwasa.fi\/hktp2020\/tyoryhmat\/\">Ty\u00f6ryhm\u00e4t <\/a><\/strong><\/li>\n<\/ul>\n<p>&nbsp;<\/p>\n<h3 style=\"text-align: left\">Perjantai 13.11.2020<\/h3>\n<ul style=\"text-align: left\">\n<li><strong>9.30\u201311.00 <a href=\"https:\/\/sites.uwasa.fi\/hktp2020\/tyoryhmat\/\">Ty\u00f6ryhm\u00e4t <\/a><\/strong><\/li>\n<\/ul>\n<p style=\"padding-left: 40px;text-align: left\">11.00-12.00 lounastauko<\/p>\n<ul>\n<li style=\"text-align: left\"><strong>12.00-13.00 Pekka Sauri<\/strong>, Ph.D., Helsingin yliopisto: <em>Viestint\u00e4 ja kunnan elinvoima<\/em><\/li>\n<\/ul>\n<p style=\"padding-left: 40px\">Linkki tallenteeseen: <a href=\"https:\/\/uwasa.zoom.us\/rec\/share\/Zo9axLAcvNRcxJF4HCZFevp-JvbBzVERFuje-meXataYn2DchUunW_GNyXgotvEk.X1Bv4Ks2NNQOTKZ8?startTime=1605261603000\" target=\"_blank\" rel=\"noopener noreferrer\">https:\/\/uwasa.zoom.us\/rec\/share\/Zo9axLAcvNRcxJF4HCZFevp-JvbBzVERFuje-meXataYn2DchUunW_GNyXgotvEk.X1Bv4Ks2NNQOTKZ8?startTime=1605261603000<\/a><\/p>\n<ul>\n<li style=\"text-align: left\"><strong>13.00-14.00 Tanja Sihvonen<\/strong>, viestint\u00e4tieteiden professori, Vaasan yliopisto: <em>Julkinen toimija sosiaalisessa mediassa<\/em><\/li>\n<\/ul>\n<p style=\"padding-left: 40px\">Linkki tallenteeseen: <a href=\"https:\/\/univaasa.panopto.nordu.net\/Panopto\/Pages\/Viewer.aspx?id=b7c898bd-82dd-4305-9d57-ac7200c8ee92\" target=\"_blank\" rel=\"noopener noreferrer\">https:\/\/univaasa.panopto.nordu.net\/Panopto\/Pages\/Viewer.aspx?id=b7c898bd-82dd-4305-9d57-ac7200c8ee92<\/a><\/p>\n<ul>\n<li style=\"text-align: left\"><strong>14.00-15.00 <\/strong><strong>Reeta P\u00f6yht\u00e4ri<\/strong>, tutkijatohtori, Jyv\u00e4skyl\u00e4n yliopisto &amp; <strong>Paula Haara<\/strong>, tutkija, Tampereen yliopisto: <em>Demokratia uhattuna? Vihapuhe kuntapolitiikassa<\/em>.<\/li>\n<\/ul>\n<p style=\"padding-left: 40px\">Esityksen diat: <a href=\"https:\/\/cloud.uwasa.fi\/index.php\/s\/aGr1UJOxx8m4y2E\" target=\"_blank\" rel=\"noopener\">https:\/\/cloud.uwasa.fi\/index.php\/s\/aGr1UJOxx8m4y2E<\/a><\/p>\n<ul>\n<li style=\"text-align: left\">15.00 Loppusanat ja kutsu vuoden 2021 tiedep\u00e4iville<\/li>\n<\/ul>\n","protected":false},"excerpt":{"rendered":"<p>Osallistuminen kaikkiin tapahtumiin Zoom-sovelluksella. &nbsp; Keskiviikko 11.11.2020 15-18 Prekonferenssi: Tieteenfilosofia v\u00e4it\u00f6skirjassa: mist\u00e4 on kysymys? &nbsp; Torstai 12.11.2020 10.00 avaussanat 10.15-11.00 Christoph Demmke, professor in Public Management, University of Vaasa: Benchmarking governments and public administrations &#8211; It\u00b4s all about interpretation and communication Linkki tallenteeseen: https:\/\/univaasa.panopto.nordu.net\/Panopto\/Pages\/Viewer.aspx?id=a63f79ce-4742-46f4-b100-ac7200cbbe32 11.00-12.00 Paneeli: Kuntien viestint\u00e4 poikkeustilanteessa, vet\u00e4j\u00e4n\u00e4 Jenni Airaksinen Tampereen yliopistosta Panelistit: [&hellip;]<\/p>\n","protected":false},"author":64,"featured_media":0,"parent":0,"menu_order":0,"comment_status":"closed","ping_status":"closed","template":"","meta":{"_acf_changed":false,"footnotes":""},"class_list":["post-147","page","type-page","status-publish","hentry"],"acf":[],"lang":"fi","translations":{"fi":147,"en":313},"pll_sync_post":[],"_links":{"self":[{"href":"https:\/\/sites.uwasa.fi\/hktp2020\/wp-json\/wp\/v2\/pages\/147"}],"collection":[{"href":"https:\/\/sites.uwasa.fi\/hktp2020\/wp-json\/wp\/v2\/pages"}],"about":[{"href":"https:\/\/sites.uwasa.fi\/hktp2020\/wp-json\/wp\/v2\/types\/page"}],"author":[{"embeddable":true,"href":"https:\/\/sites.uwasa.fi\/hktp2020\/wp-json\/wp\/v2\/users\/64"}],"replies":[{"embeddable":true,"href":"https:\/\/sites.uwasa.fi\/hktp2020\/wp-json\/wp\/v2\/comments?post=147"}],"version-history":[{"count":21,"href":"https:\/\/sites.uwasa.fi\/hktp2020\/wp-json\/wp\/v2\/pages\/147\/revisions"}],"predecessor-version":[{"id":632,"href":"https:\/\/sites.uwasa.fi\/hktp2020\/wp-json\/wp\/v2\/pages\/147\/revisions\/632"}],"wp:attachment":[{"href":"https:\/\/sites.uwasa.fi\/hktp2020\/wp-json\/wp\/v2\/media?parent=147"}],"curies":[{"name":"wp","href":"https:\/\/api.w.org\/{rel}","templated":true}]}}