{"id":9,"date":"2020-03-30T10:58:28","date_gmt":"2020-03-30T07:58:28","guid":{"rendered":"https:\/\/sites.uwasa.fi\/foundation\/?page_id=9"},"modified":"2024-08-22T14:07:06","modified_gmt":"2024-08-22T11:07:06","slug":"saation-hallitus-ja-valtuuskunta","status":"publish","type":"page","link":"https:\/\/sites.uwasa.fi\/foundation\/saation-hallitus-ja-valtuuskunta\/","title":{"rendered":"S\u00e4\u00e4ti\u00f6n hallitus ja valtuuskunta"},"content":{"rendered":"<h2>Vaasan yliopistos\u00e4\u00e4ti\u00f6n hallitus<\/h2>\n<p>H\u00e4yry Tomas, puheenjohtaja<br \/>\nK\u00e4llstr\u00f6m Markku, varapuheenjohtaja<br \/>\nKorhonen Petteri<br \/>\nMartikainen Minna<br \/>\nPiekkola Hannu<br \/>\nPienim\u00e4ki Tarja<br \/>\nTuohiniemi Lauri<\/p>\n<h2>Vaasan yliopistos\u00e4\u00e4ti\u00f6n valtuuskunta toimikausittain<\/h2>\n<p>Kausi 2023\u20132028:<\/p>\n<p>L\u00e4hdesm\u00e4ki Kalle, puheenjohtaja<br \/>\nGummerus Joe<br \/>\nHaapanen Pekka<br \/>\nLeppilahti Kari<br \/>\nKiiskil\u00e4 Jaakko<br \/>\nPusa Anna-Kaisa<br \/>\nUusitalo Heikki<br \/>\nVest Marja-Riitta<\/p>\n<p>Kausi 2021-2026:<\/p>\n<p>Biskop Kim<br \/>\nErickson John<br \/>\nErkkil\u00e4 Paula<br \/>\nHaarala Pasi<br \/>\nJern Olav, varapuheenjohtaja<br \/>\nPohjanniemi-Kivi Mari<br \/>\nTuominen Pasi<br \/>\nVaram\u00e4ki Elina<\/p>\n<p>Kausi 2019\u20132024:<\/p>\n<p>Antila Hilkka<br \/>\nHeikius Katarina<br \/>\nHeinil\u00e4 Miko<br \/>\nKinnunen Marina<br \/>\nMattila Stina<br \/>\nMesi\u00e4islehto-Soukka Helin\u00e4<br \/>\nS\u00f6derman Anne<br \/>\nUjainen Leila<\/p>\n<p>&nbsp;<\/p>\n","protected":false},"excerpt":{"rendered":"<p>Vaasan yliopistos\u00e4\u00e4ti\u00f6n hallitus H\u00e4yry Tomas, puheenjohtaja K\u00e4llstr\u00f6m Markku, varapuheenjohtaja Korhonen Petteri Martikainen Minna Piekkola Hannu Pienim\u00e4ki Tarja Tuohiniemi Lauri Vaasan yliopistos\u00e4\u00e4ti\u00f6n valtuuskunta toimikausittain Kausi 2023\u20132028: L\u00e4hdesm\u00e4ki Kalle, puheenjohtaja Gummerus Joe Haapanen Pekka Leppilahti Kari Kiiskil\u00e4 Jaakko Pusa Anna-Kaisa Uusitalo Heikki Vest Marja-Riitta Kausi 2021-2026: Biskop Kim Erickson John Erkkil\u00e4 Paula Haarala Pasi Jern Olav, varapuheenjohtaja [&hellip;]<\/p>\n","protected":false},"author":45,"featured_media":0,"parent":0,"menu_order":0,"comment_status":"closed","ping_status":"closed","template":"","meta":{"_acf_changed":false,"footnotes":""},"class_list":["post-9","page","type-page","status-publish","hentry"],"acf":[],"lang":"fi","translations":{"fi":9},"pll_sync_post":[],"_links":{"self":[{"href":"https:\/\/sites.uwasa.fi\/foundation\/wp-json\/wp\/v2\/pages\/9"}],"collection":[{"href":"https:\/\/sites.uwasa.fi\/foundation\/wp-json\/wp\/v2\/pages"}],"about":[{"href":"https:\/\/sites.uwasa.fi\/foundation\/wp-json\/wp\/v2\/types\/page"}],"author":[{"embeddable":true,"href":"https:\/\/sites.uwasa.fi\/foundation\/wp-json\/wp\/v2\/users\/45"}],"replies":[{"embeddable":true,"href":"https:\/\/sites.uwasa.fi\/foundation\/wp-json\/wp\/v2\/comments?post=9"}],"version-history":[{"count":12,"href":"https:\/\/sites.uwasa.fi\/foundation\/wp-json\/wp\/v2\/pages\/9\/revisions"}],"predecessor-version":[{"id":183,"href":"https:\/\/sites.uwasa.fi\/foundation\/wp-json\/wp\/v2\/pages\/9\/revisions\/183"}],"wp:attachment":[{"href":"https:\/\/sites.uwasa.fi\/foundation\/wp-json\/wp\/v2\/media?parent=9"}],"curies":[{"name":"wp","href":"https:\/\/api.w.org\/{rel}","templated":true}]}}