{"id":7,"date":"2020-03-30T10:58:14","date_gmt":"2020-03-30T07:58:14","guid":{"rendered":"https:\/\/sites.uwasa.fi\/foundation\/?page_id=7"},"modified":"2025-03-06T17:17:29","modified_gmt":"2025-03-06T15:17:29","slug":"miten-voin-lahjoittaa","status":"publish","type":"page","link":"https:\/\/sites.uwasa.fi\/foundation\/miten-voin-lahjoittaa\/","title":{"rendered":"Miten voin lahjoittaa?"},"content":{"rendered":"<p>Vaasan yliopistos\u00e4\u00e4ti\u00f6 ottaa vastaan lahjoituksia, jotka se my\u00f6nt\u00e4\u00e4 edelleen apurahoina ja avustuksina yliopiston opiskelijoille ja tutkijoille mm. lopputy\u00f6n (pro gradu- ja diplomity\u00f6t) sek\u00e4 v\u00e4it\u00f6skirjan tekemiseen tai muuhun tutkimusty\u00f6h\u00f6n ja hankkeisiin. S\u00e4\u00e4ti\u00f6n toimintaa hallinnoi s\u00e4\u00e4ti\u00f6n hallitus sek\u00e4 valtuuskunta.<\/p>\n<p>Yksityishenkil\u00f6 voi tukea s\u00e4\u00e4ti\u00f6n toimintaa tekem\u00e4ll\u00e4 s\u00e4\u00e4ti\u00f6lle lahjoituksen tai testamentin. Lahjoituksen voi tehd\u00e4 jo olemassa oleviin rahastoihin tai on my\u00f6s mahdollista muodostaa nimikkorahasto. Lahjoitus jaetaan apurahoina lahjoittajan toivomalle koulutusalalle tai muulle kohteelle.<\/p>\n<p>Yritykset ja yhteis\u00f6t voivat my\u00f6s lahjoittaa yliopistos\u00e4\u00e4ti\u00f6n kautta Vaasan yliopiston toiminnan tukemiseen. Yhteis\u00f6jen ja yritysten tekem\u00e4 850 \u2013 50 000 euron suuruinen lahjoitus on v\u00e4hennyskelpoinen verotuksessa (ei koske avoimia yhti\u00f6it\u00e4 eik\u00e4 kommandiittiyhti\u00f6it\u00e4).<\/p>\n<p>Lahjoittaminen on vaivatonta. Lahjakirjalomake on saatavilla s\u00e4\u00e4ti\u00f6n asiamiehelt\u00e4 tai sen voi ladata t\u00e4lt\u00e4 sivulta. Lahjoittaja toimittaa t\u00e4ytetyn lahjakirjan s\u00e4\u00e4ti\u00f6lle sek\u00e4 maksaa lahjoitussumman s\u00e4\u00e4ti\u00f6n pankkitilille FI23 1544 3000 0993 12.<\/p>\n<p>Lis\u00e4tietoja lahjoituksesta ja testamentista antaa s\u00e4\u00e4ti\u00f6n asiamies Ilpo Ojala.<\/p>\n<ul>\n<li><a href=\"https:\/\/sites.uwasa.fi\/foundation\/wp-content\/blogs.dir\/4\/files\/sites\/89\/2025\/03\/Yliopistosaatio-lahjakirja-2025.docx\">Yliopistos\u00e4\u00e4ti\u00f6 &#8211; lahjakirja<\/a><\/li>\n<li><a href=\"https:\/\/sites.uwasa.fi\/foundation\/wp-content\/blogs.dir\/4\/files\/sites\/89\/2024\/09\/Vaasan-yliopistosaatio_lahjoituksen-saatekirje-2024.docx\">Vaasan yliopistos\u00e4\u00e4ti\u00f6 lahjoituksen saatekirje<\/a><\/li>\n<\/ul>\n<h4>Lis\u00e4tietoja<\/h4>\n<p>Ilpo Ojala, HTT<br \/>\nS\u00e4\u00e4ti\u00f6n asiamies<br \/>\nilpo.ojala@uwasa.fi<br \/>\npuh. 029 449 8339<\/p>\n<p>&nbsp;<\/p>\n","protected":false},"excerpt":{"rendered":"<p>Vaasan yliopistos\u00e4\u00e4ti\u00f6 ottaa vastaan lahjoituksia, jotka se my\u00f6nt\u00e4\u00e4 edelleen apurahoina ja avustuksina yliopiston opiskelijoille ja tutkijoille mm. lopputy\u00f6n (pro gradu- ja diplomity\u00f6t) sek\u00e4 v\u00e4it\u00f6skirjan tekemiseen tai muuhun tutkimusty\u00f6h\u00f6n ja hankkeisiin. S\u00e4\u00e4ti\u00f6n toimintaa hallinnoi s\u00e4\u00e4ti\u00f6n hallitus sek\u00e4 valtuuskunta. Yksityishenkil\u00f6 voi tukea s\u00e4\u00e4ti\u00f6n toimintaa tekem\u00e4ll\u00e4 s\u00e4\u00e4ti\u00f6lle lahjoituksen tai testamentin. Lahjoituksen voi tehd\u00e4 jo olemassa oleviin rahastoihin tai [&hellip;]<\/p>\n","protected":false},"author":45,"featured_media":0,"parent":0,"menu_order":0,"comment_status":"closed","ping_status":"closed","template":"","meta":{"_acf_changed":false,"footnotes":""},"class_list":["post-7","page","type-page","status-publish","hentry"],"acf":[],"lang":"fi","translations":{"fi":7,"en":127},"pll_sync_post":[],"_links":{"self":[{"href":"https:\/\/sites.uwasa.fi\/foundation\/wp-json\/wp\/v2\/pages\/7"}],"collection":[{"href":"https:\/\/sites.uwasa.fi\/foundation\/wp-json\/wp\/v2\/pages"}],"about":[{"href":"https:\/\/sites.uwasa.fi\/foundation\/wp-json\/wp\/v2\/types\/page"}],"author":[{"embeddable":true,"href":"https:\/\/sites.uwasa.fi\/foundation\/wp-json\/wp\/v2\/users\/45"}],"replies":[{"embeddable":true,"href":"https:\/\/sites.uwasa.fi\/foundation\/wp-json\/wp\/v2\/comments?post=7"}],"version-history":[{"count":22,"href":"https:\/\/sites.uwasa.fi\/foundation\/wp-json\/wp\/v2\/pages\/7\/revisions"}],"predecessor-version":[{"id":211,"href":"https:\/\/sites.uwasa.fi\/foundation\/wp-json\/wp\/v2\/pages\/7\/revisions\/211"}],"wp:attachment":[{"href":"https:\/\/sites.uwasa.fi\/foundation\/wp-json\/wp\/v2\/media?parent=7"}],"curies":[{"name":"wp","href":"https:\/\/api.w.org\/{rel}","templated":true}]}}