{"id":5,"date":"2020-03-30T10:57:59","date_gmt":"2020-03-30T07:57:59","guid":{"rendered":"https:\/\/sites.uwasa.fi\/foundation\/?page_id=5"},"modified":"2024-08-22T14:12:37","modified_gmt":"2024-08-22T11:12:37","slug":"vaasan-yliopistosaatio","status":"publish","type":"page","link":"https:\/\/sites.uwasa.fi\/foundation\/","title":{"rendered":"Vaasan yliopistos\u00e4\u00e4ti\u00f6"},"content":{"rendered":"","protected":false},"excerpt":{"rendered":"","protected":false},"author":45,"featured_media":0,"parent":0,"menu_order":0,"comment_status":"closed","ping_status":"closed","template":"","meta":{"_acf_changed":false,"footnotes":""},"class_list":["post-5","page","type-page","status-publish","hentry"],"acf":[],"lang":"fi","translations":{"fi":5,"en":62},"pll_sync_post":[],"_links":{"self":[{"href":"https:\/\/sites.uwasa.fi\/foundation\/wp-json\/wp\/v2\/pages\/5"}],"collection":[{"href":"https:\/\/sites.uwasa.fi\/foundation\/wp-json\/wp\/v2\/pages"}],"about":[{"href":"https:\/\/sites.uwasa.fi\/foundation\/wp-json\/wp\/v2\/types\/page"}],"author":[{"embeddable":true,"href":"https:\/\/sites.uwasa.fi\/foundation\/wp-json\/wp\/v2\/users\/45"}],"replies":[{"embeddable":true,"href":"https:\/\/sites.uwasa.fi\/foundation\/wp-json\/wp\/v2\/comments?post=5"}],"version-history":[{"count":42,"href":"https:\/\/sites.uwasa.fi\/foundation\/wp-json\/wp\/v2\/pages\/5\/revisions"}],"predecessor-version":[{"id":184,"href":"https:\/\/sites.uwasa.fi\/foundation\/wp-json\/wp\/v2\/pages\/5\/revisions\/184"}],"wp:attachment":[{"href":"https:\/\/sites.uwasa.fi\/foundation\/wp-json\/wp\/v2\/media?parent=5"}],"curies":[{"name":"wp","href":"https:\/\/api.w.org\/{rel}","templated":true}]}}