{"id":15,"date":"2020-03-30T10:58:54","date_gmt":"2020-03-30T07:58:54","guid":{"rendered":"https:\/\/sites.uwasa.fi\/foundation\/?page_id=15"},"modified":"2024-08-27T15:46:49","modified_gmt":"2024-08-27T12:46:49","slug":"yhteystiedot","status":"publish","type":"page","link":"https:\/\/sites.uwasa.fi\/foundation\/yhteystiedot\/","title":{"rendered":"Yhteystiedot"},"content":{"rendered":"<h2><strong>S\u00e4\u00e4ti\u00f6n asiamies<\/strong><\/h2>\n<p>Ilpo Ojala, HTT<br \/>\nilpo.ojala@uwasa.fi<br \/>\npuh. 029 449 8339<\/p>\n<p>Vaasan yliopistos\u00e4\u00e4ti\u00f6lle suunnatut lahjoitukset voi ohjata tilille:<\/p>\n<ul>\n<li>Nordea FI23\u00a01544 3000 0993 12<\/li>\n<\/ul>\n","protected":false},"excerpt":{"rendered":"<p>S\u00e4\u00e4ti\u00f6n asiamies Ilpo Ojala, HTT ilpo.ojala@uwasa.fi puh. 029 449 8339 Vaasan yliopistos\u00e4\u00e4ti\u00f6lle suunnatut lahjoitukset voi ohjata tilille: Nordea FI23\u00a01544 3000 0993 12<\/p>\n","protected":false},"author":45,"featured_media":0,"parent":0,"menu_order":0,"comment_status":"closed","ping_status":"closed","template":"","meta":{"_acf_changed":false,"footnotes":""},"class_list":["post-15","page","type-page","status-publish","hentry"],"acf":[],"lang":"fi","translations":{"fi":15,"en":70},"pll_sync_post":[],"_links":{"self":[{"href":"https:\/\/sites.uwasa.fi\/foundation\/wp-json\/wp\/v2\/pages\/15"}],"collection":[{"href":"https:\/\/sites.uwasa.fi\/foundation\/wp-json\/wp\/v2\/pages"}],"about":[{"href":"https:\/\/sites.uwasa.fi\/foundation\/wp-json\/wp\/v2\/types\/page"}],"author":[{"embeddable":true,"href":"https:\/\/sites.uwasa.fi\/foundation\/wp-json\/wp\/v2\/users\/45"}],"replies":[{"embeddable":true,"href":"https:\/\/sites.uwasa.fi\/foundation\/wp-json\/wp\/v2\/comments?post=15"}],"version-history":[{"count":5,"href":"https:\/\/sites.uwasa.fi\/foundation\/wp-json\/wp\/v2\/pages\/15\/revisions"}],"predecessor-version":[{"id":187,"href":"https:\/\/sites.uwasa.fi\/foundation\/wp-json\/wp\/v2\/pages\/15\/revisions\/187"}],"wp:attachment":[{"href":"https:\/\/sites.uwasa.fi\/foundation\/wp-json\/wp\/v2\/media?parent=15"}],"curies":[{"name":"wp","href":"https:\/\/api.w.org\/{rel}","templated":true}]}}