{"id":500,"date":"2020-09-28T14:58:18","date_gmt":"2020-09-28T11:58:18","guid":{"rendered":"https:\/\/sites.uwasa.fi\/etatyokompassi\/?page_id=500"},"modified":"2021-04-15T21:38:12","modified_gmt":"2021-04-15T18:38:12","slug":"digitaalinen-tyoymparisto","status":"publish","type":"page","link":"https:\/\/sites.uwasa.fi\/etatyokompassi\/etatyotietopankki\/digitaalinen-tyoymparisto\/","title":{"rendered":"Digitaalinen ty\u00f6ymp\u00e4rist\u00f6"},"content":{"rendered":"","protected":false},"excerpt":{"rendered":"","protected":false},"author":121,"featured_media":0,"parent":41,"menu_order":0,"comment_status":"closed","ping_status":"closed","template":"","meta":{"_acf_changed":false,"footnotes":""},"class_list":["post-500","page","type-page","status-publish","hentry"],"acf":[],"_links":{"self":[{"href":"https:\/\/sites.uwasa.fi\/etatyokompassi\/wp-json\/wp\/v2\/pages\/500"}],"collection":[{"href":"https:\/\/sites.uwasa.fi\/etatyokompassi\/wp-json\/wp\/v2\/pages"}],"about":[{"href":"https:\/\/sites.uwasa.fi\/etatyokompassi\/wp-json\/wp\/v2\/types\/page"}],"author":[{"embeddable":true,"href":"https:\/\/sites.uwasa.fi\/etatyokompassi\/wp-json\/wp\/v2\/users\/121"}],"replies":[{"embeddable":true,"href":"https:\/\/sites.uwasa.fi\/etatyokompassi\/wp-json\/wp\/v2\/comments?post=500"}],"version-history":[{"count":211,"href":"https:\/\/sites.uwasa.fi\/etatyokompassi\/wp-json\/wp\/v2\/pages\/500\/revisions"}],"predecessor-version":[{"id":3649,"href":"https:\/\/sites.uwasa.fi\/etatyokompassi\/wp-json\/wp\/v2\/pages\/500\/revisions\/3649"}],"up":[{"embeddable":true,"href":"https:\/\/sites.uwasa.fi\/etatyokompassi\/wp-json\/wp\/v2\/pages\/41"}],"wp:attachment":[{"href":"https:\/\/sites.uwasa.fi\/etatyokompassi\/wp-json\/wp\/v2\/media?parent=500"}],"curies":[{"name":"wp","href":"https:\/\/api.w.org\/{rel}","templated":true}]}}