{"id":4334,"date":"2024-08-05T12:00:05","date_gmt":"2024-08-05T09:00:05","guid":{"rendered":"https:\/\/sites.uwasa.fi\/etatyokompassi\/?page_id=4334"},"modified":"2024-08-05T12:00:05","modified_gmt":"2024-08-05T09:00:05","slug":"kriisien-hybrideiksi-hajauttamat-tyoyhteisot-ja-uudet-tyontekijat-tutkimusraportti","status":"publish","type":"page","link":"https:\/\/sites.uwasa.fi\/etatyokompassi\/kriisien-hybrideiksi-hajauttamat-tyoyhteisot-ja-uudet-tyontekijat-tutkimusraportti\/","title":{"rendered":"Kriisien hybrideiksi hajauttamat ty\u00f6yhteis\u00f6t ja uudet ty\u00f6ntekij\u00e4t \u2013tutkimusraportti"},"content":{"rendered":"","protected":false},"excerpt":{"rendered":"","protected":false},"author":387,"featured_media":0,"parent":0,"menu_order":0,"comment_status":"closed","ping_status":"closed","template":"","meta":{"_acf_changed":false,"footnotes":""},"class_list":["post-4334","page","type-page","status-publish","hentry"],"acf":[],"_links":{"self":[{"href":"https:\/\/sites.uwasa.fi\/etatyokompassi\/wp-json\/wp\/v2\/pages\/4334"}],"collection":[{"href":"https:\/\/sites.uwasa.fi\/etatyokompassi\/wp-json\/wp\/v2\/pages"}],"about":[{"href":"https:\/\/sites.uwasa.fi\/etatyokompassi\/wp-json\/wp\/v2\/types\/page"}],"author":[{"embeddable":true,"href":"https:\/\/sites.uwasa.fi\/etatyokompassi\/wp-json\/wp\/v2\/users\/387"}],"replies":[{"embeddable":true,"href":"https:\/\/sites.uwasa.fi\/etatyokompassi\/wp-json\/wp\/v2\/comments?post=4334"}],"version-history":[{"count":4,"href":"https:\/\/sites.uwasa.fi\/etatyokompassi\/wp-json\/wp\/v2\/pages\/4334\/revisions"}],"predecessor-version":[{"id":4340,"href":"https:\/\/sites.uwasa.fi\/etatyokompassi\/wp-json\/wp\/v2\/pages\/4334\/revisions\/4340"}],"wp:attachment":[{"href":"https:\/\/sites.uwasa.fi\/etatyokompassi\/wp-json\/wp\/v2\/media?parent=4334"}],"curies":[{"name":"wp","href":"https:\/\/api.w.org\/{rel}","templated":true}]}}