{"id":4090,"date":"2023-03-14T13:14:32","date_gmt":"2023-03-14T11:14:32","guid":{"rendered":"https:\/\/sites.uwasa.fi\/etatyokompassi\/?page_id=4090"},"modified":"2023-03-14T13:14:32","modified_gmt":"2023-03-14T11:14:32","slug":"yhdessa-eta-ja-hybridityossa-tutkimusraportti","status":"publish","type":"page","link":"https:\/\/sites.uwasa.fi\/etatyokompassi\/yhdessa-eta-ja-hybridityossa-tutkimusraportti\/","title":{"rendered":"Yhdess\u00e4 et\u00e4- ja hybridity\u00f6ss\u00e4! -tutkimusraportti"},"content":{"rendered":"","protected":false},"excerpt":{"rendered":"","protected":false},"author":387,"featured_media":0,"parent":0,"menu_order":0,"comment_status":"closed","ping_status":"closed","template":"","meta":{"_acf_changed":false,"footnotes":""},"class_list":["post-4090","page","type-page","status-publish","hentry"],"acf":[],"_links":{"self":[{"href":"https:\/\/sites.uwasa.fi\/etatyokompassi\/wp-json\/wp\/v2\/pages\/4090"}],"collection":[{"href":"https:\/\/sites.uwasa.fi\/etatyokompassi\/wp-json\/wp\/v2\/pages"}],"about":[{"href":"https:\/\/sites.uwasa.fi\/etatyokompassi\/wp-json\/wp\/v2\/types\/page"}],"author":[{"embeddable":true,"href":"https:\/\/sites.uwasa.fi\/etatyokompassi\/wp-json\/wp\/v2\/users\/387"}],"replies":[{"embeddable":true,"href":"https:\/\/sites.uwasa.fi\/etatyokompassi\/wp-json\/wp\/v2\/comments?post=4090"}],"version-history":[{"count":13,"href":"https:\/\/sites.uwasa.fi\/etatyokompassi\/wp-json\/wp\/v2\/pages\/4090\/revisions"}],"predecessor-version":[{"id":4105,"href":"https:\/\/sites.uwasa.fi\/etatyokompassi\/wp-json\/wp\/v2\/pages\/4090\/revisions\/4105"}],"wp:attachment":[{"href":"https:\/\/sites.uwasa.fi\/etatyokompassi\/wp-json\/wp\/v2\/media?parent=4090"}],"curies":[{"name":"wp","href":"https:\/\/api.w.org\/{rel}","templated":true}]}}