{"id":78,"date":"2019-03-28T18:00:11","date_gmt":"2019-03-28T16:00:11","guid":{"rendered":"https:\/\/sites.uwasa.fi\/elopaivat\/?page_id=78"},"modified":"2019-05-09T10:49:33","modified_gmt":"2019-05-09T07:49:33","slug":"majoitus","status":"publish","type":"page","link":"https:\/\/sites.uwasa.fi\/elopaivat\/majoitus\/","title":{"rendered":"Majoitus"},"content":{"rendered":"<p>Olemme varanneet majoituskiinti\u00f6t Elop\u00e4ivien osallistujille seuraavista hotelleista. Kukin osallistuja varaa huoneensa suoraan hotellista ja sopii maksusta hotellin kanssa.<\/p>\n<h3><strong>Hotell Scandic Vaasa\u00a0<\/strong><\/h3>\n<p>Kiinti\u00f6: 15.-16.8.2019<br \/>\nVarauskoodi: VAA150819_001<br \/>\nVaraukset: +358 6 3578100 tai\u00a0<a href=\"mailto:vaasa@scandichotels.com\">vaasa@scandichotels.com<\/a><\/p>\n<p>Kiinti\u00f6 voimassa\u00a0 27.7. saakka.<br \/>\nHUOM! Jos hotelli t\u00e4yttyy ennen t\u00e4t\u00e4, kiinti\u00f6 sulkeutuu.<\/p>\n<p>Hinnat:<br \/>\nStandard 1 hh,\u00a0 115 EUR<br \/>\nStandard 2 hh, 135 EUR<\/p>\n<h3><strong>Hotell Astor<\/strong><\/h3>\n<p>Kiinti\u00f6: 15.-16.8.2019<br \/>\nVarauskoodi: &#8221;Elop\u00e4iv\u00e4t&#8221;<br \/>\nVaraukset: +358 6 3269 111 tai\u00a0\u00a0<a href=\"mailto:astor@astorvaasa.fi\">astor@astorvaasa.fi\u00a0<\/a><\/p>\n<p>Kiinti\u00f6 voimassa\u00a0 30.6. saakka.<br \/>\nHUOM! Jos hotelli t\u00e4yttyy ennen t\u00e4t\u00e4, kiinti\u00f6 sulkeutuu.<\/p>\n<p>Hinnat:<br \/>\nStandard 1 hh,\u00a0 100 EUR<br \/>\nStandard 2 hh, 121\u00a0EUR<\/p>\n<h3><strong>Sokos Hotel Royal Vaasa\u00a0<\/strong><\/h3>\n<p>Kiinti\u00f6: 15.-16.8.2019<br \/>\nVarauskoodi: BELO19<br \/>\nVaraukset: +358 10 784 0010 tai <a href=\"mailto:sales.royalvaasa@sokoshotels.fi\">sales.royalvaasa@sokoshotels.fi<\/a><\/p>\n<p>Kiinti\u00f6 voimassa\u00a0 27.7.2019<br \/>\nHUOM! Jos hotelli t\u00e4yttyy ennen t\u00e4t\u00e4, kiinti\u00f6 sulkeutuu.<\/p>\n<p>Hinnat:<br \/>\nStandard 1 hh,\u00a0 96,32\u00a0EUR<br \/>\nStandard 2 hh, 111,75 EUR<\/p>\n","protected":false},"excerpt":{"rendered":"<p>Olemme varanneet majoituskiinti\u00f6t Elop\u00e4ivien osallistujille seuraavista hotelleista. Kukin osallistuja varaa huoneensa suoraan hotellista ja sopii maksusta hotellin kanssa. Hotell Scandic Vaasa\u00a0 Kiinti\u00f6: 15.-16.8.2019 Varauskoodi: VAA150819_001 Varaukset: +358 6 3578100 tai\u00a0vaasa@scandichotels.com Kiinti\u00f6 voimassa\u00a0 27.7. saakka. HUOM! Jos hotelli t\u00e4yttyy ennen t\u00e4t\u00e4, kiinti\u00f6 sulkeutuu. Hinnat: Standard 1 hh,\u00a0 115 EUR Standard 2 hh, 135 EUR Hotell Astor [&hellip;]<\/p>\n","protected":false},"author":24,"featured_media":115,"parent":0,"menu_order":0,"comment_status":"closed","ping_status":"closed","template":"","meta":{"_acf_changed":false,"footnotes":""},"class_list":["post-78","page","type-page","status-publish","has-post-thumbnail","hentry"],"acf":[],"_links":{"self":[{"href":"https:\/\/sites.uwasa.fi\/elopaivat\/wp-json\/wp\/v2\/pages\/78"}],"collection":[{"href":"https:\/\/sites.uwasa.fi\/elopaivat\/wp-json\/wp\/v2\/pages"}],"about":[{"href":"https:\/\/sites.uwasa.fi\/elopaivat\/wp-json\/wp\/v2\/types\/page"}],"author":[{"embeddable":true,"href":"https:\/\/sites.uwasa.fi\/elopaivat\/wp-json\/wp\/v2\/users\/24"}],"replies":[{"embeddable":true,"href":"https:\/\/sites.uwasa.fi\/elopaivat\/wp-json\/wp\/v2\/comments?post=78"}],"version-history":[{"count":10,"href":"https:\/\/sites.uwasa.fi\/elopaivat\/wp-json\/wp\/v2\/pages\/78\/revisions"}],"predecessor-version":[{"id":248,"href":"https:\/\/sites.uwasa.fi\/elopaivat\/wp-json\/wp\/v2\/pages\/78\/revisions\/248"}],"wp:featuredmedia":[{"embeddable":true,"href":"https:\/\/sites.uwasa.fi\/elopaivat\/wp-json\/wp\/v2\/media\/115"}],"wp:attachment":[{"href":"https:\/\/sites.uwasa.fi\/elopaivat\/wp-json\/wp\/v2\/media?parent=78"}],"curies":[{"name":"wp","href":"https:\/\/api.w.org\/{rel}","templated":true}]}}