{"id":19,"date":"2019-03-28T15:59:16","date_gmt":"2019-03-28T13:59:16","guid":{"rendered":"https:\/\/sites.uwasa.fi\/elopaivat\/?page_id=19"},"modified":"2019-05-09T10:46:13","modified_gmt":"2019-05-09T07:46:13","slug":"ilmoittautuminen","status":"publish","type":"page","link":"https:\/\/sites.uwasa.fi\/elopaivat\/ilmoittautuminen\/","title":{"rendered":"Ilmoittautuminen"},"content":{"rendered":"<p>P\u00e4iville ilmoittaudutaan <a href=\"https:\/\/www.lyyti.in\/Elopaivat_2019_6422\" target=\"_blank\" rel=\"noopener\">Lyyti-lomakkeen kautta<\/a>. Ohjelmassa mainitut tarjoilut sis\u00e4ltyv\u00e4t osallistumismaksuun.\u00a0 Jos valitse laskuvaihtoehdon, huolehdithan ett\u00e4 maksu suoritetaan laskussa n\u00e4kyv\u00e4lle Danske Bankin tilille.<\/p>\n<h3>Osallistumismaksut<\/h3>\n<p>20.6. menness\u00e4 130 euroa (alv 0%)<\/p>\n<p>21.6. alkaen 180 euroa (alv 0%)<\/p>\n<p>&nbsp;<\/p>\n<h3>Lis\u00e4tietoja<\/h3>\n<p><a href=\"mailto:elopaivat@univaasa.fi\">elopaivat@univaasa.fi\u00a0<\/a><\/p>\n<p><em>HUOM! Olemme lomalla 8.7.-31.7.\u00a0<\/em><\/p>\n","protected":false},"excerpt":{"rendered":"<p>P\u00e4iville ilmoittaudutaan Lyyti-lomakkeen kautta. Ohjelmassa mainitut tarjoilut sis\u00e4ltyv\u00e4t osallistumismaksuun.\u00a0 Jos valitse laskuvaihtoehdon, huolehdithan ett\u00e4 maksu suoritetaan laskussa n\u00e4kyv\u00e4lle Danske Bankin tilille. Osallistumismaksut 20.6. menness\u00e4 130 euroa (alv 0%) 21.6. alkaen 180 euroa (alv 0%) &nbsp; Lis\u00e4tietoja elopaivat@univaasa.fi\u00a0 HUOM! Olemme lomalla 8.7.-31.7.\u00a0<\/p>\n","protected":false},"author":24,"featured_media":118,"parent":0,"menu_order":0,"comment_status":"closed","ping_status":"closed","template":"","meta":{"_acf_changed":false,"footnotes":""},"class_list":["post-19","page","type-page","status-publish","has-post-thumbnail","hentry"],"acf":[],"_links":{"self":[{"href":"https:\/\/sites.uwasa.fi\/elopaivat\/wp-json\/wp\/v2\/pages\/19"}],"collection":[{"href":"https:\/\/sites.uwasa.fi\/elopaivat\/wp-json\/wp\/v2\/pages"}],"about":[{"href":"https:\/\/sites.uwasa.fi\/elopaivat\/wp-json\/wp\/v2\/types\/page"}],"author":[{"embeddable":true,"href":"https:\/\/sites.uwasa.fi\/elopaivat\/wp-json\/wp\/v2\/users\/24"}],"replies":[{"embeddable":true,"href":"https:\/\/sites.uwasa.fi\/elopaivat\/wp-json\/wp\/v2\/comments?post=19"}],"version-history":[{"count":15,"href":"https:\/\/sites.uwasa.fi\/elopaivat\/wp-json\/wp\/v2\/pages\/19\/revisions"}],"predecessor-version":[{"id":247,"href":"https:\/\/sites.uwasa.fi\/elopaivat\/wp-json\/wp\/v2\/pages\/19\/revisions\/247"}],"wp:featuredmedia":[{"embeddable":true,"href":"https:\/\/sites.uwasa.fi\/elopaivat\/wp-json\/wp\/v2\/media\/118"}],"wp:attachment":[{"href":"https:\/\/sites.uwasa.fi\/elopaivat\/wp-json\/wp\/v2\/media?parent=19"}],"curies":[{"name":"wp","href":"https:\/\/api.w.org\/{rel}","templated":true}]}}