{"id":46,"date":"2024-03-26T12:52:53","date_gmt":"2024-03-26T10:52:53","guid":{"rendered":"https:\/\/sites.uwasa.fi\/digipaikka2\/?page_id=46"},"modified":"2024-06-06T14:07:52","modified_gmt":"2024-06-06T11:07:52","slug":"etusivu","status":"publish","type":"page","link":"https:\/\/sites.uwasa.fi\/digipaikka2\/","title":{"rendered":"Etusivu"},"content":{"rendered":"<h2><img loading=\"lazy\" decoding=\"async\" class=\"alignnone wp-image-75\" src=\"https:\/\/sites.uwasa.fi\/digipaikka2\/wp-content\/blogs.dir\/4\/files\/sites\/209\/2024\/03\/digipaikkaluonnos-rajattu-e1711452869970-300x147.jpeg\" alt=\"\" width=\"1200\" height=\"588\" srcset=\"https:\/\/sites.uwasa.fi\/digipaikka2\/wp-content\/blogs.dir\/4\/files\/sites\/209\/2024\/03\/digipaikkaluonnos-rajattu-e1711452869970-300x147.jpeg 300w, https:\/\/sites.uwasa.fi\/digipaikka2\/wp-content\/blogs.dir\/4\/files\/sites\/209\/2024\/03\/digipaikkaluonnos-rajattu-e1711452869970-1024x502.jpeg 1024w, https:\/\/sites.uwasa.fi\/digipaikka2\/wp-content\/blogs.dir\/4\/files\/sites\/209\/2024\/03\/digipaikkaluonnos-rajattu-e1711452869970-768x376.jpeg 768w, https:\/\/sites.uwasa.fi\/digipaikka2\/wp-content\/blogs.dir\/4\/files\/sites\/209\/2024\/03\/digipaikkaluonnos-rajattu-e1711452869970-1536x752.jpeg 1536w, https:\/\/sites.uwasa.fi\/digipaikka2\/wp-content\/blogs.dir\/4\/files\/sites\/209\/2024\/03\/digipaikkaluonnos-rajattu-e1711452869970.jpeg 2048w\" sizes=\"(max-width: 1200px) 100vw, 1200px\" \/><\/h2>\n<h2><img loading=\"lazy\" decoding=\"async\" class=\"alignnone size-medium wp-image-9\" src=\"https:\/\/sites.uwasa.fi\/digipaikka2\/wp-content\/blogs.dir\/4\/files\/sites\/209\/2024\/03\/fi-v-euroopan-unionin-osarahoittama-pos-296x300.jpg\" alt=\"Logo: euroopan unionin osarahoittama\" width=\"296\" height=\"300\" srcset=\"https:\/\/sites.uwasa.fi\/digipaikka2\/wp-content\/blogs.dir\/4\/files\/sites\/209\/2024\/03\/fi-v-euroopan-unionin-osarahoittama-pos-296x300.jpg 296w, https:\/\/sites.uwasa.fi\/digipaikka2\/wp-content\/blogs.dir\/4\/files\/sites\/209\/2024\/03\/fi-v-euroopan-unionin-osarahoittama-pos-768x778.jpg 768w, https:\/\/sites.uwasa.fi\/digipaikka2\/wp-content\/blogs.dir\/4\/files\/sites\/209\/2024\/03\/fi-v-euroopan-unionin-osarahoittama-pos.jpg 910w\" sizes=\"(max-width: 296px) 100vw, 296px\" \/><img loading=\"lazy\" decoding=\"async\" class=\"alignnone size-medium wp-image-67\" src=\"https:\/\/sites.uwasa.fi\/digipaikka2\/wp-content\/blogs.dir\/4\/files\/sites\/209\/2024\/03\/vasek-tunnus-pysty-varillinen-rgb-002-300x111.png\" alt=\"\" width=\"300\" height=\"111\" srcset=\"https:\/\/sites.uwasa.fi\/digipaikka2\/wp-content\/blogs.dir\/4\/files\/sites\/209\/2024\/03\/vasek-tunnus-pysty-varillinen-rgb-002-300x111.png 300w, https:\/\/sites.uwasa.fi\/digipaikka2\/wp-content\/blogs.dir\/4\/files\/sites\/209\/2024\/03\/vasek-tunnus-pysty-varillinen-rgb-002-768x283.png 768w, https:\/\/sites.uwasa.fi\/digipaikka2\/wp-content\/blogs.dir\/4\/files\/sites\/209\/2024\/03\/vasek-tunnus-pysty-varillinen-rgb-002.png 803w\" sizes=\"(max-width: 300px) 100vw, 300px\" \/> <img loading=\"lazy\" decoding=\"async\" class=\"alignnone size-medium wp-image-65\" src=\"https:\/\/sites.uwasa.fi\/digipaikka2\/wp-content\/blogs.dir\/4\/files\/sites\/209\/2024\/03\/ely-ln02-erikoi-fi-v1-rgb-002-300x188.png\" alt=\"\" width=\"300\" height=\"188\" srcset=\"https:\/\/sites.uwasa.fi\/digipaikka2\/wp-content\/blogs.dir\/4\/files\/sites\/209\/2024\/03\/ely-ln02-erikoi-fi-v1-rgb-002-300x188.png 300w, https:\/\/sites.uwasa.fi\/digipaikka2\/wp-content\/blogs.dir\/4\/files\/sites\/209\/2024\/03\/ely-ln02-erikoi-fi-v1-rgb-002-768x482.png 768w, https:\/\/sites.uwasa.fi\/digipaikka2\/wp-content\/blogs.dir\/4\/files\/sites\/209\/2024\/03\/ely-ln02-erikoi-fi-v1-rgb-002.png 1016w\" sizes=\"(max-width: 300px) 100vw, 300px\" \/><img loading=\"lazy\" decoding=\"async\" class=\"alignnone size-medium wp-image-66\" src=\"https:\/\/sites.uwasa.fi\/digipaikka2\/wp-content\/blogs.dir\/4\/files\/sites\/209\/2024\/03\/vaasan-yliopisto-logo-vaaka-300x122.jpg\" alt=\"\" width=\"300\" height=\"122\" srcset=\"https:\/\/sites.uwasa.fi\/digipaikka2\/wp-content\/blogs.dir\/4\/files\/sites\/209\/2024\/03\/vaasan-yliopisto-logo-vaaka-300x122.jpg 300w, https:\/\/sites.uwasa.fi\/digipaikka2\/wp-content\/blogs.dir\/4\/files\/sites\/209\/2024\/03\/vaasan-yliopisto-logo-vaaka-1024x416.jpg 1024w, https:\/\/sites.uwasa.fi\/digipaikka2\/wp-content\/blogs.dir\/4\/files\/sites\/209\/2024\/03\/vaasan-yliopisto-logo-vaaka-768x312.jpg 768w, https:\/\/sites.uwasa.fi\/digipaikka2\/wp-content\/blogs.dir\/4\/files\/sites\/209\/2024\/03\/vaasan-yliopisto-logo-vaaka.jpg 1200w\" sizes=\"(max-width: 300px) 100vw, 300px\" \/><\/h2>\n<h2>Digitaaliset ty\u00f6kalut et\u00e4- ja paikkariippumattoman ty\u00f6n koordinaatiossa (DigiPaikka)<\/h2>\n<p><strong>Toteutusaika:<\/strong> 1.1.2024 \u2013 31.12.2026<br \/>\n<strong>Toiminta-alue:<\/strong> Kansallinen<br \/>\n<strong>Kohderyhm\u00e4:<\/strong> Et\u00e4- ja paikkariippumatonta ty\u00f6t\u00e4 hy\u00f6dynt\u00e4v\u00e4t tai siit\u00e4 kiinnostuneet mikro- ja pk-yritykset ja yhdistykset, niiden henkil\u00f6kunta, ty\u00f6ntekij\u00e4t ja johtajat.<br \/>\n<strong>Toteuttajat:<\/strong> Vaasan yliopisto, Jyv\u00e4skyl\u00e4n yliopisto; Kokkolan yliopistokeskus Chydenius; Centria-ammattikorkeakoulu;<br \/>\n<strong>Rahoitus:<\/strong> Euroopan unionin osarahoittama. Ryhm\u00e4hankkeen kokonaisbudjetti on 600 483 \u20ac, josta EU osarahoituksen osuus on 480 385 \u20ac. Toteuttajien osarahoitus on 110 542 \u20ac ja VASEKIN osarahoitus 9 556 \u20ac. Vaasan yliopiston budjetti on 95 559 \u20ac, josta EU osarahoituksen osuus on 76 447 \u20ac.<\/p>\n<p>Et\u00e4- ja paikkariippumattoman ty\u00f6n tuoma sosiotekninen muutos edellytt\u00e4\u00e4 niin esihenkil\u00f6ilt\u00e4, ty\u00f6ntekij\u00f6ilt\u00e4 kuin organisaation hallinnolta uudenlaisia ty\u00f6n koordinointimenetelmi\u00e4 ja -taitoja sek\u00e4 valmiutta k\u00e4ytt\u00e4\u00e4 digitaalisia ty\u00f6kaluja. Ty\u00f6n lis\u00e4\u00e4ntyv\u00e4 itseohjautuvuus ja tarve uusien digitaalisten ty\u00f6kalujen omaksumiseen aiheuttavat lis\u00e4kuormitusta yritysten henkil\u00f6st\u00f6n ja johdon parissa, mik\u00e4 heijastuu muun muassa ty\u00f6n imun kokemukseen ja hyvinvointiin ja siten tuottavuuteen. Digitalisaation hy\u00f6tyjen varmistamiseksi ja kuormituksen hallitsemiseksi on taattava teknologioiden yhteensopivuus ja k\u00e4ytt\u00e4jien riitt\u00e4v\u00e4t taidot, jotta digitaalisia ty\u00f6kaluja voidaan k\u00e4ytt\u00e4\u00e4 t\u00e4ysipainoisesti.<\/p>\n<p>DigiPaikka -hankkeella ratkaistaan et\u00e4- ja paikkariippumattoman ty\u00f6n koordinaatioon liittyvi\u00e4 ongelmia ottamalla k\u00e4ytt\u00f6\u00f6n soveltuvia digitaalisia ty\u00f6kaluja, tehostamalla niiden k\u00e4ytt\u00f6\u00e4 sek\u00e4 muovaamalla asenneilmastoa paikkariippumatonta ty\u00f6t\u00e4 ja digitaalisia ty\u00f6kaluja kohtaan mikro- ja pk-yrityksiss\u00e4 ja yhdistyksiss\u00e4. Ty\u00f6n koordinaatiota kehitt\u00e4m\u00e4ll\u00e4 haetaan ratkaisuja ty\u00f6voiman saatavuuden ja sitouttamisen haasteisiin, ty\u00f6hyvinvointiin ja ty\u00f6n tuottavuuteen.<\/p>\n<p>DigiPaikka -hanke tekee yhteisty\u00f6t\u00e4 Parempi ty\u00f6el\u00e4m\u00e4! valtakunnallisen ty\u00f6el\u00e4m\u00e4n kehitt\u00e4misen koordinaatiohankkeen kanssa.<\/p>\n<p><span style=\"text-decoration: underline\"><strong><a href=\"https:\/\/forms.office.com\/pages\/responsepage.aspx?id=FebKrBeNpUy_xcjXmcLcLtXKhHxj0RlEkpjSow8sDy5UMzA3WDNaVVVQRktQUVBSSFZBTlVIUEk4SS4u\" target=\"_blank\" rel=\"noopener\">Kiinnostuitko? Tule mukaan kehitt\u00e4m\u00e4\u00e4n organisaatiosi \/ omaa digiosaamista ja et\u00e4ty\u00f6n koordinaatiota!<\/a><\/strong><\/span><br \/>\n<a href=\"https:\/\/forms.office.com\/pages\/responsepage.aspx?id=FebKrBeNpUy_xcjXmcLcLtXKhHxj0RlEkpjSow8sDy5UMzA3WDNaVVVQRktQUVBSSFZBTlVIUEk4SS4u\" target=\"_blank\" rel=\"noopener\"><span style=\"text-decoration: underline\"><strong>J\u00e4t\u00e4 yhteystietosi, pid\u00e4mme sinut ajan tasalla DigiPaikka-hankkeen tapahtumista.<\/strong><\/span><\/a><\/p>\n<p><strong>Tavoitteet<\/strong><\/p>\n<ul>\n<li>Ratkaista paikkariippumattoman ty\u00f6n koordinaatio-ongelmia organisaatioissa<\/li>\n<li>Tukea ja kehitt\u00e4\u00e4 et\u00e4- ja paikkariippumattoman ty\u00f6n edellytyksi\u00e4<\/li>\n<li>Kehitt\u00e4\u00e4 organisaatioiden digiosaamista sek\u00e4 et\u00e4ty\u00f6n koordinaatiota<\/li>\n<li>Parantaa ty\u00f6voiman saatavuutta ja sitouttamista sek\u00e4 ty\u00f6hyvinvointia ja ty\u00f6n tuottavuutta<\/li>\n<\/ul>\n<p>&nbsp;<\/p>\n<p><strong>Keskeiset toimenpiteet<\/strong><\/p>\n<ul>\n<li>Kartoitetaan organisaatioiden valmiudet paikkariippumattomaan ty\u00f6h\u00f6n<\/li>\n<li>Tarjotaan ty\u00f6pajoja, valmennuksia ja laitekokeiluja digikyvykkyyden kehitt\u00e4miseksi<\/li>\n<li>Lis\u00e4t\u00e4\u00e4n valmiuksia uudenlaisten digitaalisten ty\u00f6kalujen k\u00e4yt\u00f6ss\u00e4 sek\u00e4 et\u00e4- ja paikkariippumattoman ty\u00f6n hy\u00f6dynt\u00e4misess\u00e4<\/li>\n<\/ul>\n<p>&nbsp;<\/p>\n<p><strong>Tulokset<\/strong><\/p>\n<ul>\n<li>Tuottaa tietoa organisaatioiden valmiuksista ja kyvykkyyksist\u00e4 et\u00e4- ja paikkariippumattoman ty\u00f6n koordinaatioon ja digitaalisten ty\u00f6kalujen hy\u00f6dynt\u00e4misest\u00e4 sek\u00e4 itseopiskelumateriaalia digikyvykkyyksien kehitt\u00e4miseksi<\/li>\n<li>Tuottaa tiekarttaty\u00f6kalun organisaatioille paikkariippumattoman ty\u00f6n tehokkaaseen hy\u00f6dynt\u00e4miseen<\/li>\n<li>Lis\u00e4\u00e4 organisaatioissa ty\u00f6hyvinvointia ja tuottavuutta sek\u00e4 muutoskyvykkyytt\u00e4<\/li>\n<\/ul>\n<p>&nbsp;<\/p>\n<p>DigiPaikka muiden toteuttajien sivuilla:<br \/>\n<a href=\"https:\/\/net.centria.fi\/hanke\/digipaikka\/\" target=\"_blank\" rel=\"noopener\">Centria-ammattikorkeakoulu Oy<\/a><br \/>\n<a href=\"https:\/\/www.chydenius.fi\/fi\/kauppatieteet\/tutkimus-ja-kehittaminen\/digipaikka\" target=\"_blank\" rel=\"noopener\">Jyv\u00e4skyl\u00e4n yliopisto, Kokkolan yliopistokeskus Chydenius<\/a><\/p>\n<p>Lis\u00e4tietoja:<br \/>\nTutkijatohtori <a href=\"https:\/\/www.uwasa.fi\/fi\/henkilo\/2741855\" target=\"_blank\" rel=\"noopener\">Aki Lehtivuori<\/a>, Vaasan yliopisto<\/p>\n","protected":false},"excerpt":{"rendered":"<p>Digitaaliset ty\u00f6kalut et\u00e4- ja paikkariippumattoman ty\u00f6n koordinaatiossa (DigiPaikka) Toteutusaika: 1.1.2024 \u2013 31.12.2026 Toiminta-alue: Kansallinen Kohderyhm\u00e4: Et\u00e4- ja paikkariippumatonta ty\u00f6t\u00e4 hy\u00f6dynt\u00e4v\u00e4t tai siit\u00e4 kiinnostuneet mikro- ja pk-yritykset ja yhdistykset, niiden henkil\u00f6kunta, ty\u00f6ntekij\u00e4t ja johtajat. Toteuttajat: Vaasan yliopisto, Jyv\u00e4skyl\u00e4n yliopisto; Kokkolan yliopistokeskus Chydenius; Centria-ammattikorkeakoulu; Rahoitus: Euroopan unionin osarahoittama. Ryhm\u00e4hankkeen kokonaisbudjetti on 600 483 \u20ac, josta EU osarahoituksen [&hellip;]<\/p>\n","protected":false},"author":533,"featured_media":0,"parent":0,"menu_order":0,"comment_status":"closed","ping_status":"closed","template":"","meta":{"_acf_changed":false,"footnotes":""},"class_list":["post-46","page","type-page","status-publish","hentry"],"acf":[],"_links":{"self":[{"href":"https:\/\/sites.uwasa.fi\/digipaikka2\/wp-json\/wp\/v2\/pages\/46"}],"collection":[{"href":"https:\/\/sites.uwasa.fi\/digipaikka2\/wp-json\/wp\/v2\/pages"}],"about":[{"href":"https:\/\/sites.uwasa.fi\/digipaikka2\/wp-json\/wp\/v2\/types\/page"}],"author":[{"embeddable":true,"href":"https:\/\/sites.uwasa.fi\/digipaikka2\/wp-json\/wp\/v2\/users\/533"}],"replies":[{"embeddable":true,"href":"https:\/\/sites.uwasa.fi\/digipaikka2\/wp-json\/wp\/v2\/comments?post=46"}],"version-history":[{"count":16,"href":"https:\/\/sites.uwasa.fi\/digipaikka2\/wp-json\/wp\/v2\/pages\/46\/revisions"}],"predecessor-version":[{"id":85,"href":"https:\/\/sites.uwasa.fi\/digipaikka2\/wp-json\/wp\/v2\/pages\/46\/revisions\/85"}],"wp:attachment":[{"href":"https:\/\/sites.uwasa.fi\/digipaikka2\/wp-json\/wp\/v2\/media?parent=46"}],"curies":[{"name":"wp","href":"https:\/\/api.w.org\/{rel}","templated":true}]}}