{"id":38,"date":"2024-03-13T08:57:13","date_gmt":"2024-03-13T06:57:13","guid":{"rendered":"https:\/\/sites.uwasa.fi\/digipaikka2\/?page_id=38"},"modified":"2024-03-26T13:07:14","modified_gmt":"2024-03-26T11:07:14","slug":"tiekarttatyokalu-paikkariippumattomaan-tyohon","status":"publish","type":"page","link":"https:\/\/sites.uwasa.fi\/digipaikka2\/tiekarttatyokalu-paikkariippumattomaan-tyohon\/","title":{"rendered":"Tiekarttaty\u00f6kalu paikkariippumattomaan ty\u00f6h\u00f6n"},"content":{"rendered":"<p>Tulossa digitaalinen tiekarttaty\u00f6kalu, jonka avulla voi arvioida oman organisaation\/yksil\u00f6n kyvykkyytt\u00e4 paikkariippumattoman ty\u00f6n hy\u00f6dynt\u00e4misess\u00e4 ja hahmottaa potentiaalisia kehitystoimenpiteit\u00e4 toiminnan kehitt\u00e4miseksi.<\/p>\n<p>Kysy lis\u00e4tietoja:<br \/>\nTutkijatohtori Aki Lehtivuori, Vaasan yliopisto<br \/>\naki.lehtivuori@uwasa.fi<\/p>\n","protected":false},"excerpt":{"rendered":"<p>Tulossa digitaalinen tiekarttaty\u00f6kalu, jonka avulla voi arvioida oman organisaation\/yksil\u00f6n kyvykkyytt\u00e4 paikkariippumattoman ty\u00f6n hy\u00f6dynt\u00e4misess\u00e4 ja hahmottaa potentiaalisia kehitystoimenpiteit\u00e4 toiminnan kehitt\u00e4miseksi. Kysy lis\u00e4tietoja: Tutkijatohtori Aki Lehtivuori, Vaasan yliopisto aki.lehtivuori@uwasa.fi<\/p>\n","protected":false},"author":533,"featured_media":0,"parent":0,"menu_order":0,"comment_status":"closed","ping_status":"closed","template":"","meta":{"_acf_changed":false,"footnotes":""},"class_list":["post-38","page","type-page","status-publish","hentry"],"acf":[],"_links":{"self":[{"href":"https:\/\/sites.uwasa.fi\/digipaikka2\/wp-json\/wp\/v2\/pages\/38"}],"collection":[{"href":"https:\/\/sites.uwasa.fi\/digipaikka2\/wp-json\/wp\/v2\/pages"}],"about":[{"href":"https:\/\/sites.uwasa.fi\/digipaikka2\/wp-json\/wp\/v2\/types\/page"}],"author":[{"embeddable":true,"href":"https:\/\/sites.uwasa.fi\/digipaikka2\/wp-json\/wp\/v2\/users\/533"}],"replies":[{"embeddable":true,"href":"https:\/\/sites.uwasa.fi\/digipaikka2\/wp-json\/wp\/v2\/comments?post=38"}],"version-history":[{"count":2,"href":"https:\/\/sites.uwasa.fi\/digipaikka2\/wp-json\/wp\/v2\/pages\/38\/revisions"}],"predecessor-version":[{"id":54,"href":"https:\/\/sites.uwasa.fi\/digipaikka2\/wp-json\/wp\/v2\/pages\/38\/revisions\/54"}],"wp:attachment":[{"href":"https:\/\/sites.uwasa.fi\/digipaikka2\/wp-json\/wp\/v2\/media?parent=38"}],"curies":[{"name":"wp","href":"https:\/\/api.w.org\/{rel}","templated":true}]}}